{"id":993320,"date":"2025-08-06T21:20:33","date_gmt":"2025-08-06T19:20:33","guid":{"rendered":"https:\/\/www.yoschimoto.com\/polish-fashion-designer\/?post_type=product&#038;p=993320"},"modified":"2025-08-18T13:08:01","modified_gmt":"2025-08-18T11:08:01","slug":"bluzka-oversize-mai-houndstooth-check-copy","status":"publish","type":"product","link":"https:\/\/www.yoschimoto.com\/polish-fashion-designer\/pl\/produkt\/bluzka-oversize-mai-houndstooth-check-copy\/","title":{"rendered":"Satynowa koszula MAI Golden Brown"},"content":{"rendered":"<div class=\"vgblk-rw-wrapper limit-wrapper\">\n<p class=\"Normalny tm5\">MAI Golden Brown<\/p>\n<p class=\"Normalny tm5\">Przedstawiamy bluzk\u0119 Mai Golden Brown, wykonan\u0105 z wysokiej jako\u015bci wiskozy o pi\u0119knym, satynowym po\u0142ysku.<\/p>\n<p class=\"Normalny tm5\">Ta bluzka posiada lu\u017any, lej\u0105cy kr\u00f3j, kt\u00f3ry pi\u0119knie uk\u0142ada si\u0119 na ciele, dodaj\u0105c odrobiny stylu.<\/p>\n<p class=\"Normalny tm5\">Tkanina pi\u0119knie pracuje w ruchu, dzi\u0119ki czemu idealnie nadaje si\u0119 zar\u00f3wno na co dzie\u0144, jak i na eleganckie okazje.<\/p>\n<p class=\"Normalny tm5\">Bluzka ma pi\u0119knie marszczone r\u0119kawy z elastycznymi mankietami, dzi\u0119ki czemu mo\u017cna j\u0105 nosi\u0107 lu\u017ano na nadgarstkach lub wy\u017cej na przedramionach, aby uzyska\u0107 indywidualny wygl\u0105d.<\/p>\n<p class=\"Normalny tm5\">Dost\u0119pna w jednym rozmiarze, aby zapewni\u0107 dopasowanie do r\u00f3\u017cnych typ\u00f3w sylwetki.<\/p>\n<p class=\"Normalny tm5\">\n<\/div>\n<p><!-- .vgblk-rw-wrapper --><\/p>\n","protected":false},"excerpt":{"rendered":"<p class=\"Normalny tm5\">Wymiary:<\/p>\n<p class=\"Normalny tm5\">szeroko\u015b\u0107 (mierzona na p\u0142asko): 65 cm<\/p>\n<p class=\"Normalny tm5\">d\u0142ugo\u015b\u0107: 61 cm<\/p>\n<p class=\"Normalny tm5\">r\u0119kaw od ramienia: ok. 75 cm<\/p>\n<p class=\"Normalny tm5\">R\u0119kawy s\u0105 d\u0142u\u017csze k\u0142ad\u0105c si\u0119 nadgarstkach, co daje efekt \u201ebufki&#8221;<\/p>\n<p class=\"Normalny tm5\">Sk\u0142ad:<\/p>\n<p class=\"Normalny tm5\">100% wiskoza<\/p>\n<p class=\"Normalny tm5\">Wzboga\u0107 swoj\u0105 garderob\u0119 o bluzk\u0119 Mai Golden Brown &#8211; wszechstronny element, kt\u00f3ry p\u0142ynnie \u0142\u0105czy elegancj\u0119 i wygod\u0119, idealny do ka\u017cdej modnej kolekcji.<\/p>\n<p class=\"Normalny\">\n","protected":false},"featured_media":993322,"template":"","meta":{"om_disable_all_campaigns":false,"inline_featured_image":false,"_mi_skip_tracking":false,"_monsterinsights_sitenote_active":false,"_monsterinsights_sitenote_note":"","_monsterinsights_sitenote_category":0,"_uf_show_specific_survey":0,"_uf_disable_surveys":false},"product_brand":[],"product_cat":[431,551,418,430,412],"product_tag":[559,436,453,469],"class_list":{"0":"post-993320","1":"product","2":"type-product","3":"status-publish","4":"has-post-thumbnail","6":"product_cat-koszule","7":"product_cat-koszule-i-topy-pl-2","8":"product_cat-koszule-i-topy","9":"product_cat-koszule-i-topy-pl","10":"product_cat-ready-to-wear-pl","11":"product_tag-bluzka-z-wiskozy","12":"product_tag-koszula-oversize","13":"product_tag-satynowa-koszula","14":"product_tag-wiskozowa-koszula","16":"first","17":"instock","18":"taxable","19":"shipping-taxable","20":"purchasable","21":"product-type-simple"},"yoast_head":"<!-- This site is optimized with the Yoast SEO plugin v24.5 - https:\/\/yoast.com\/wordpress\/plugins\/seo\/ -->\n<title>Satynowa koszula MAI Golden Brown - YOSCHIMOTO | High Fashion Store<\/title>\n<meta name=\"description\" content=\"Odkryj bluzk\u0119 Mai Golden Brown, wykonan\u0105 z wysokiej jako\u015bci wiskozy o satynowym wyko\u0144czeniu. Ten lu\u017any, zwiewny top ma marszczone r\u0119kawy z elastycznymi mankietami, kt\u00f3re zapewniaj\u0105 wszechstronno\u015b\u0107 stylizacji. Dost\u0119pna w rozmiarze one size. Idealna do dodania elegancji i stylu do swojej garderoby.\" \/>\n<meta name=\"robots\" content=\"index, follow, max-snippet:-1, max-image-preview:large, max-video-preview:-1\" \/>\n<link rel=\"canonical\" href=\"https:\/\/www.yoschimoto.com\/polish-fashion-designer\/pl\/produkt\/bluzka-oversize-mai-houndstooth-check-copy\/\" \/>\n<meta property=\"og:locale\" content=\"pl_PL\" \/>\n<meta property=\"og:type\" content=\"article\" \/>\n<meta property=\"og:title\" content=\"Satynowa koszula MAI Golden Brown - YOSCHIMOTO | High Fashion Store\" \/>\n<meta property=\"og:description\" content=\"Odkryj bluzk\u0119 Mai Golden Brown, wykonan\u0105 z wysokiej jako\u015bci wiskozy o satynowym wyko\u0144czeniu. Ten lu\u017any, zwiewny top ma marszczone r\u0119kawy z elastycznymi mankietami, kt\u00f3re zapewniaj\u0105 wszechstronno\u015b\u0107 stylizacji. Dost\u0119pna w rozmiarze one size. Idealna do dodania elegancji i stylu do swojej garderoby.\" \/>\n<meta property=\"og:url\" content=\"https:\/\/www.yoschimoto.com\/polish-fashion-designer\/pl\/produkt\/bluzka-oversize-mai-houndstooth-check-copy\/\" \/>\n<meta property=\"og:site_name\" content=\"YOSCHIMOTO | High Fashion Store\" \/>\n<meta property=\"article:modified_time\" content=\"2025-08-18T11:08:01+00:00\" \/>\n<meta property=\"og:image\" content=\"https:\/\/www.yoschimoto.com\/polish-fashion-designer\/wp-content\/uploads\/2025\/08\/MAI-Bluzka-Golden-Brown-1.jpg\" \/>\n\t<meta property=\"og:image:width\" content=\"1707\" \/>\n\t<meta property=\"og:image:height\" content=\"2560\" \/>\n\t<meta property=\"og:image:type\" content=\"image\/jpeg\" \/>\n<meta name=\"twitter:card\" content=\"summary_large_image\" \/>\n<meta name=\"twitter:label1\" content=\"Cena\" \/>\n\t<meta name=\"twitter:data1\" content=\"429,00&nbsp;&#122;&#322;\" \/>\n\t<meta name=\"twitter:label2\" content=\"Dost\u0119pno\u015b\u0107\" \/>\n\t<meta name=\"twitter:data2\" content=\"Dost\u0119pny\" \/>\n<script type=\"application\/ld+json\" class=\"yoast-schema-graph\">{\"@context\":\"https:\/\/schema.org\",\"@graph\":[{\"@type\":\"WebPage\",\"@id\":\"https:\/\/www.yoschimoto.com\/polish-fashion-designer\/pl\/produkt\/bluzka-oversize-mai-houndstooth-check-copy\/\",\"url\":\"https:\/\/www.yoschimoto.com\/polish-fashion-designer\/pl\/produkt\/bluzka-oversize-mai-houndstooth-check-copy\/\",\"name\":\"Satynowa koszula MAI Golden Brown - YOSCHIMOTO | High Fashion Store\",\"isPartOf\":{\"@id\":\"https:\/\/www.yoschimoto.com\/polish-fashion-designer\/pl\/#website\"},\"primaryImageOfPage\":{\"@id\":\"https:\/\/www.yoschimoto.com\/polish-fashion-designer\/pl\/produkt\/bluzka-oversize-mai-houndstooth-check-copy\/#primaryimage\"},\"image\":{\"@id\":\"https:\/\/www.yoschimoto.com\/polish-fashion-designer\/pl\/produkt\/bluzka-oversize-mai-houndstooth-check-copy\/#primaryimage\"},\"thumbnailUrl\":\"https:\/\/www.yoschimoto.com\/polish-fashion-designer\/wp-content\/uploads\/2025\/08\/MAI-Bluzka-Golden-Brown-1.jpg\",\"datePublished\":\"2025-08-06T19:20:33+00:00\",\"dateModified\":\"2025-08-18T11:08:01+00:00\",\"description\":\"Odkryj bluzk\u0119 Mai Golden Brown, wykonan\u0105 z wysokiej jako\u015bci wiskozy o satynowym wyko\u0144czeniu. Ten lu\u017any, zwiewny top ma marszczone r\u0119kawy z elastycznymi mankietami, kt\u00f3re zapewniaj\u0105 wszechstronno\u015b\u0107 stylizacji. Dost\u0119pna w rozmiarze one size. Idealna do dodania elegancji i stylu do swojej garderoby.\",\"breadcrumb\":{\"@id\":\"https:\/\/www.yoschimoto.com\/polish-fashion-designer\/pl\/produkt\/bluzka-oversize-mai-houndstooth-check-copy\/#breadcrumb\"},\"inLanguage\":\"pl-PL\",\"potentialAction\":[{\"@type\":\"ReadAction\",\"target\":[\"https:\/\/www.yoschimoto.com\/polish-fashion-designer\/pl\/produkt\/bluzka-oversize-mai-houndstooth-check-copy\/\"]}]},{\"@type\":\"ImageObject\",\"inLanguage\":\"pl-PL\",\"@id\":\"https:\/\/www.yoschimoto.com\/polish-fashion-designer\/pl\/produkt\/bluzka-oversize-mai-houndstooth-check-copy\/#primaryimage\",\"url\":\"https:\/\/www.yoschimoto.com\/polish-fashion-designer\/wp-content\/uploads\/2025\/08\/MAI-Bluzka-Golden-Brown-1.jpg\",\"contentUrl\":\"https:\/\/www.yoschimoto.com\/polish-fashion-designer\/wp-content\/uploads\/2025\/08\/MAI-Bluzka-Golden-Brown-1.jpg\",\"width\":1707,\"height\":2560},{\"@type\":\"BreadcrumbList\",\"@id\":\"https:\/\/www.yoschimoto.com\/polish-fashion-designer\/pl\/produkt\/bluzka-oversize-mai-houndstooth-check-copy\/#breadcrumb\",\"itemListElement\":[{\"@type\":\"ListItem\",\"position\":1,\"name\":\"Home\",\"item\":\"https:\/\/www.yoschimoto.com\/polish-fashion-designer\/pl\/polska-projektantka-mody-od-kimona-po-wieceja\/\"},{\"@type\":\"ListItem\",\"position\":2,\"name\":\"Sklep\",\"item\":\"https:\/\/www.yoschimoto.com\/polish-fashion-designer\/pl\/sklep\/\"},{\"@type\":\"ListItem\",\"position\":3,\"name\":\"Satynowa koszula MAI Golden Brown\"}]},{\"@type\":\"WebSite\",\"@id\":\"https:\/\/www.yoschimoto.com\/polish-fashion-designer\/pl\/#website\",\"url\":\"https:\/\/www.yoschimoto.com\/polish-fashion-designer\/pl\/\",\"name\":\"YOSCHIMOTO | High Fashion Store\",\"description\":\"Polish Fashion Designer\",\"publisher\":{\"@id\":\"https:\/\/www.yoschimoto.com\/polish-fashion-designer\/pl\/#organization\"},\"potentialAction\":[{\"@type\":\"SearchAction\",\"target\":{\"@type\":\"EntryPoint\",\"urlTemplate\":\"https:\/\/www.yoschimoto.com\/polish-fashion-designer\/pl\/?s={search_term_string}\"},\"query-input\":{\"@type\":\"PropertyValueSpecification\",\"valueRequired\":true,\"valueName\":\"search_term_string\"}}],\"inLanguage\":\"pl-PL\"},{\"@type\":\"Organization\",\"@id\":\"https:\/\/www.yoschimoto.com\/polish-fashion-designer\/pl\/#organization\",\"name\":\"YOSCHIMOTO | High Fashion Store\",\"url\":\"https:\/\/www.yoschimoto.com\/polish-fashion-designer\/pl\/\",\"logo\":{\"@type\":\"ImageObject\",\"inLanguage\":\"pl-PL\",\"@id\":\"https:\/\/www.yoschimoto.com\/polish-fashion-designer\/pl\/#\/schema\/logo\/image\/\",\"url\":\"https:\/\/www.yoschimoto.com\/polish-fashion-designer\/wp-content\/uploads\/2025\/03\/YOSCHIMOTO-high-fashion-clothing-store.svg\",\"contentUrl\":\"https:\/\/www.yoschimoto.com\/polish-fashion-designer\/wp-content\/uploads\/2025\/03\/YOSCHIMOTO-high-fashion-clothing-store.svg\",\"width\":350,\"height\":100,\"caption\":\"YOSCHIMOTO | High Fashion Store\"},\"image\":{\"@id\":\"https:\/\/www.yoschimoto.com\/polish-fashion-designer\/pl\/#\/schema\/logo\/image\/\"}}]}<\/script>\n<meta property=\"product:price:amount\" content=\"429.00\" \/>\n<meta property=\"product:price:currency\" content=\"PLN\" \/>\n<meta property=\"og:availability\" content=\"instock\" \/>\n<meta property=\"product:availability\" content=\"instock\" \/>\n<meta property=\"product:condition\" content=\"new\" \/>\n<!-- \/ Yoast SEO plugin. -->","yoast_head_json":{"title":"Satynowa koszula MAI Golden Brown - YOSCHIMOTO | High Fashion Store","description":"Odkryj bluzk\u0119 Mai Golden Brown, wykonan\u0105 z wysokiej jako\u015bci wiskozy o satynowym wyko\u0144czeniu. Ten lu\u017any, zwiewny top ma marszczone r\u0119kawy z elastycznymi mankietami, kt\u00f3re zapewniaj\u0105 wszechstronno\u015b\u0107 stylizacji. Dost\u0119pna w rozmiarze one size. Idealna do dodania elegancji i stylu do swojej garderoby.","robots":{"index":"index","follow":"follow","max-snippet":"max-snippet:-1","max-image-preview":"max-image-preview:large","max-video-preview":"max-video-preview:-1"},"canonical":"https:\/\/www.yoschimoto.com\/polish-fashion-designer\/pl\/produkt\/bluzka-oversize-mai-houndstooth-check-copy\/","og_locale":"pl_PL","og_type":"article","og_title":"Satynowa koszula MAI Golden Brown - YOSCHIMOTO | High Fashion Store","og_description":"Odkryj bluzk\u0119 Mai Golden Brown, wykonan\u0105 z wysokiej jako\u015bci wiskozy o satynowym wyko\u0144czeniu. Ten lu\u017any, zwiewny top ma marszczone r\u0119kawy z elastycznymi mankietami, kt\u00f3re zapewniaj\u0105 wszechstronno\u015b\u0107 stylizacji. Dost\u0119pna w rozmiarze one size. Idealna do dodania elegancji i stylu do swojej garderoby.","og_url":"https:\/\/www.yoschimoto.com\/polish-fashion-designer\/pl\/produkt\/bluzka-oversize-mai-houndstooth-check-copy\/","og_site_name":"YOSCHIMOTO | High Fashion Store","article_modified_time":"2025-08-18T11:08:01+00:00","og_image":[{"width":1707,"height":2560,"url":"https:\/\/www.yoschimoto.com\/polish-fashion-designer\/wp-content\/uploads\/2025\/08\/MAI-Bluzka-Golden-Brown-1.jpg","type":"image\/jpeg"}],"twitter_card":"summary_large_image","twitter_misc":{"Cena":"429,00&nbsp;&#122;&#322;","Dost\u0119pno\u015b\u0107":"Dost\u0119pny"},"schema":{"@context":"https:\/\/schema.org","@graph":[{"@type":"WebPage","@id":"https:\/\/www.yoschimoto.com\/polish-fashion-designer\/pl\/produkt\/bluzka-oversize-mai-houndstooth-check-copy\/","url":"https:\/\/www.yoschimoto.com\/polish-fashion-designer\/pl\/produkt\/bluzka-oversize-mai-houndstooth-check-copy\/","name":"Satynowa koszula MAI Golden Brown - YOSCHIMOTO | High Fashion Store","isPartOf":{"@id":"https:\/\/www.yoschimoto.com\/polish-fashion-designer\/pl\/#website"},"primaryImageOfPage":{"@id":"https:\/\/www.yoschimoto.com\/polish-fashion-designer\/pl\/produkt\/bluzka-oversize-mai-houndstooth-check-copy\/#primaryimage"},"image":{"@id":"https:\/\/www.yoschimoto.com\/polish-fashion-designer\/pl\/produkt\/bluzka-oversize-mai-houndstooth-check-copy\/#primaryimage"},"thumbnailUrl":"https:\/\/www.yoschimoto.com\/polish-fashion-designer\/wp-content\/uploads\/2025\/08\/MAI-Bluzka-Golden-Brown-1.jpg","datePublished":"2025-08-06T19:20:33+00:00","dateModified":"2025-08-18T11:08:01+00:00","description":"Odkryj bluzk\u0119 Mai Golden Brown, wykonan\u0105 z wysokiej jako\u015bci wiskozy o satynowym wyko\u0144czeniu. Ten lu\u017any, zwiewny top ma marszczone r\u0119kawy z elastycznymi mankietami, kt\u00f3re zapewniaj\u0105 wszechstronno\u015b\u0107 stylizacji. Dost\u0119pna w rozmiarze one size. Idealna do dodania elegancji i stylu do swojej garderoby.","breadcrumb":{"@id":"https:\/\/www.yoschimoto.com\/polish-fashion-designer\/pl\/produkt\/bluzka-oversize-mai-houndstooth-check-copy\/#breadcrumb"},"inLanguage":"pl-PL","potentialAction":[{"@type":"ReadAction","target":["https:\/\/www.yoschimoto.com\/polish-fashion-designer\/pl\/produkt\/bluzka-oversize-mai-houndstooth-check-copy\/"]}]},{"@type":"ImageObject","inLanguage":"pl-PL","@id":"https:\/\/www.yoschimoto.com\/polish-fashion-designer\/pl\/produkt\/bluzka-oversize-mai-houndstooth-check-copy\/#primaryimage","url":"https:\/\/www.yoschimoto.com\/polish-fashion-designer\/wp-content\/uploads\/2025\/08\/MAI-Bluzka-Golden-Brown-1.jpg","contentUrl":"https:\/\/www.yoschimoto.com\/polish-fashion-designer\/wp-content\/uploads\/2025\/08\/MAI-Bluzka-Golden-Brown-1.jpg","width":1707,"height":2560},{"@type":"BreadcrumbList","@id":"https:\/\/www.yoschimoto.com\/polish-fashion-designer\/pl\/produkt\/bluzka-oversize-mai-houndstooth-check-copy\/#breadcrumb","itemListElement":[{"@type":"ListItem","position":1,"name":"Home","item":"https:\/\/www.yoschimoto.com\/polish-fashion-designer\/pl\/polska-projektantka-mody-od-kimona-po-wieceja\/"},{"@type":"ListItem","position":2,"name":"Sklep","item":"https:\/\/www.yoschimoto.com\/polish-fashion-designer\/pl\/sklep\/"},{"@type":"ListItem","position":3,"name":"Satynowa koszula MAI Golden Brown"}]},{"@type":"WebSite","@id":"https:\/\/www.yoschimoto.com\/polish-fashion-designer\/pl\/#website","url":"https:\/\/www.yoschimoto.com\/polish-fashion-designer\/pl\/","name":"YOSCHIMOTO | High Fashion Store","description":"Polish Fashion Designer","publisher":{"@id":"https:\/\/www.yoschimoto.com\/polish-fashion-designer\/pl\/#organization"},"potentialAction":[{"@type":"SearchAction","target":{"@type":"EntryPoint","urlTemplate":"https:\/\/www.yoschimoto.com\/polish-fashion-designer\/pl\/?s={search_term_string}"},"query-input":{"@type":"PropertyValueSpecification","valueRequired":true,"valueName":"search_term_string"}}],"inLanguage":"pl-PL"},{"@type":"Organization","@id":"https:\/\/www.yoschimoto.com\/polish-fashion-designer\/pl\/#organization","name":"YOSCHIMOTO | High Fashion Store","url":"https:\/\/www.yoschimoto.com\/polish-fashion-designer\/pl\/","logo":{"@type":"ImageObject","inLanguage":"pl-PL","@id":"https:\/\/www.yoschimoto.com\/polish-fashion-designer\/pl\/#\/schema\/logo\/image\/","url":"https:\/\/www.yoschimoto.com\/polish-fashion-designer\/wp-content\/uploads\/2025\/03\/YOSCHIMOTO-high-fashion-clothing-store.svg","contentUrl":"https:\/\/www.yoschimoto.com\/polish-fashion-designer\/wp-content\/uploads\/2025\/03\/YOSCHIMOTO-high-fashion-clothing-store.svg","width":350,"height":100,"caption":"YOSCHIMOTO | High Fashion Store"},"image":{"@id":"https:\/\/www.yoschimoto.com\/polish-fashion-designer\/pl\/#\/schema\/logo\/image\/"}}]},"product_price_amount":"429.00","product_price_currency":"PLN","og_availability":"instock","product_availability":"instock","product_condition":"new"},"_links":{"self":[{"href":"https:\/\/www.yoschimoto.com\/polish-fashion-designer\/pl\/wp-json\/wp\/v2\/product\/993320","targetHints":{"allow":["GET"]}}],"collection":[{"href":"https:\/\/www.yoschimoto.com\/polish-fashion-designer\/pl\/wp-json\/wp\/v2\/product"}],"about":[{"href":"https:\/\/www.yoschimoto.com\/polish-fashion-designer\/pl\/wp-json\/wp\/v2\/types\/product"}],"wp:featuredmedia":[{"embeddable":true,"href":"https:\/\/www.yoschimoto.com\/polish-fashion-designer\/pl\/wp-json\/wp\/v2\/media\/993322"}],"wp:attachment":[{"href":"https:\/\/www.yoschimoto.com\/polish-fashion-designer\/pl\/wp-json\/wp\/v2\/media?parent=993320"}],"wp:term":[{"taxonomy":"product_brand","embeddable":true,"href":"https:\/\/www.yoschimoto.com\/polish-fashion-designer\/pl\/wp-json\/wp\/v2\/product_brand?post=993320"},{"taxonomy":"product_cat","embeddable":true,"href":"https:\/\/www.yoschimoto.com\/polish-fashion-designer\/pl\/wp-json\/wp\/v2\/product_cat?post=993320"},{"taxonomy":"product_tag","embeddable":true,"href":"https:\/\/www.yoschimoto.com\/polish-fashion-designer\/pl\/wp-json\/wp\/v2\/product_tag?post=993320"}],"curies":[{"name":"wp","href":"https:\/\/api.w.org\/{rel}","templated":true}]}}