{"id":993293,"date":"2025-07-11T15:45:24","date_gmt":"2025-07-11T13:45:24","guid":{"rendered":"https:\/\/www.yoschimoto.com\/polish-fashion-designer\/?post_type=product&#038;p=993293"},"modified":"2026-03-16T14:42:50","modified_gmt":"2026-03-16T13:42:50","slug":"sukienka-maxi-maiko-fall-leaves-copy-copy","status":"publish","type":"product","link":"https:\/\/www.yoschimoto.com\/polish-fashion-designer\/pl\/produkt\/sukienka-maxi-maiko-fall-leaves-copy-copy\/","title":{"rendered":"Sukienka maxi MAIKO Fuchsia"},"content":{"rendered":"<div class=\"vgblk-rw-wrapper limit-wrapper\">\n<p class=\"Normalny tm5\">Sukienka maxi Maiko Fuchsia<\/p>\n<p class=\"Normalny tm5\">Maiko Fuchsia to sukienka o d\u0142ugo\u015bci maxi i lu\u017anym kroju oversize. Wykonana z satyny wiskozowej w pi\u0119knym odcieniu fuksji.<\/p>\n<p class=\"Normalny tm5\">Elegancki materia\u0142: Satynowy materia\u0142 pi\u0119knie si\u0119 uk\u0142ada, zwi\u0119kszaj\u0105c swobod\u0119 ruch\u00f3w, jednocze\u015bnie dodaj\u0105c sukience lekko\u015bci i podkre\u015blaj\u0105c stylowe mankiety.<\/p>\n<p class=\"Normalny tm5\">Wszechstronny design: Z przodu znajduj\u0105 si\u0119 sznurki \u015bci\u0105gaj\u0105ce, kt\u00f3re pozwalaj\u0105 nosi\u0107 go swobodnie lub zawi\u0105za\u0107 z ty\u0142u, aby uzyska\u0107 bardziej wyrazisty kszta\u0142t.<\/p>\n<p class=\"Normalny tm5\">Szykowne cechy: Zawiera &#8222;rozci\u0119ty&#8221; dekolt i obszerne r\u0119kawy wyko\u0144czone eleganckimi mankietami.<\/p>\n<p class=\"Normalny tm5\">Regulowane mankiety: Mankiety s\u0105 elastyczne, dzi\u0119ki czemu mog\u0105 lu\u017ano opiera\u0107 si\u0119 na nadgarstku lub wygodnie le\u017ce\u0107 na przedramionach.<\/p>\n<p class=\"Normalny tm5\">Oddychaj\u0105ca i wygodna: Sukienka nie ma podszewki, dzi\u0119ki czemu jest lekka w dotyku.<\/p>\n<p class=\"Normalny tm5\">Dost\u0119pny rozmiar: One Size Fits All<\/p>\n<p class=\"Normalny\">\n<\/div>\n<p><!-- .vgblk-rw-wrapper --><\/p>\n","protected":false},"excerpt":{"rendered":"<p class=\"Normalny tm5\">Wymiary:<\/p>\n<p class=\"Normalny tm5\">&#8211; Biust (szeroko\u015b\u0107): 65 cm<\/p>\n<p class=\"Normalny tm5\">&#8211; Biodra (szeroko\u015b\u0107): 65 cm<\/p>\n<p class=\"Normalny tm5\">&#8211; D\u0142ugo\u015b\u0107: 147 cm<\/p>\n<p class=\"Normalny tm5\">&#8211; R\u0119kaw od ramienia (\u0142\u0105cznie z mankietem): 75 cm<\/p>\n<p class=\"Normalny tm5\">Design Detail: R\u0119kawy s\u0105 d\u0142u\u017csze, aby stworzy\u0107 efekt &#8222;puffy&#8221; na nadgarstkach.<\/p>\n<p class=\"Normalny tm5\">Sk\u0142ad:<\/p>\n<p class=\"Normalny tm5\">&#8211; 100% wiskoza<\/p>\n<p class=\"Normalny tm5\">Modelka ma na sobie rozmiar 38 i mierzy 173 cm wzrostu.<\/p>\n<p class=\"Normalny tm5\">  Dodaj sukienk\u0119 Maiko Fuchsia do swojej kolekcji, aby uzyska\u0107 odrobin\u0119 elegancji i wszechstronno\u015bci!<\/p>\n","protected":false},"featured_media":993295,"template":"","meta":{"om_disable_all_campaigns":false,"inline_featured_image":false,"_mi_skip_tracking":false,"_monsterinsights_sitenote_active":false,"_monsterinsights_sitenote_note":"","_monsterinsights_sitenote_category":0,"_uf_show_specific_survey":0,"_uf_disable_surveys":false},"product_brand":[],"product_cat":[412,424,503,426],"product_tag":[451,505,504,506],"class_list":{"0":"post-993293","1":"product","2":"type-product","3":"status-publish","4":"has-post-thumbnail","6":"product_cat-ready-to-wear-pl","7":"product_cat-sukienki","8":"product_cat-sukienki-maxi","9":"product_cat-sukienki-na-co-dzien","10":"product_tag-maiko-dress-pl","11":"product_tag-roslinny-print","12":"product_tag-sukienka-maxi","13":"product_tag-sukienka-oversize","15":"first","16":"instock","17":"taxable","18":"shipping-taxable","19":"purchasable","20":"product-type-simple"},"yoast_head":"<!-- This site is optimized with the Yoast SEO plugin v24.5 - https:\/\/yoast.com\/wordpress\/plugins\/seo\/ -->\n<title>Sukienka maxi MAIKO Fuchsia - YOSCHIMOTO | High Fashion Store<\/title>\n<meta name=\"description\" content=\"Odkryj sukienk\u0119 Maiko Fuchsia o kroju oversize z wiskozowej satyny w r\u00f3\u017cowym odcieniu. Ta elegancka sukienka ma &quot;p\u0119kni\u0119ty&quot; dekolt, obszerne r\u0119kawy z elastycznymi mankietami i przednie sznureczki do \u015bci\u0105gania, zapewniaj\u0105ce wszechstronno\u015b\u0107 stylizacji. Dost\u0119pna w jednym rozmiarze. Idealna, aby doda\u0107 odrobin\u0119 elegancji do swojej garderoby!\" \/>\n<meta name=\"robots\" content=\"index, follow, max-snippet:-1, max-image-preview:large, max-video-preview:-1\" \/>\n<link rel=\"canonical\" href=\"https:\/\/www.yoschimoto.com\/polish-fashion-designer\/pl\/produkt\/sukienka-maxi-maiko-fall-leaves-copy-copy\/\" \/>\n<meta property=\"og:locale\" content=\"pl_PL\" \/>\n<meta property=\"og:type\" content=\"article\" \/>\n<meta property=\"og:title\" content=\"Sukienka maxi MAIKO Fuchsia - YOSCHIMOTO | High Fashion Store\" \/>\n<meta property=\"og:description\" content=\"Odkryj sukienk\u0119 Maiko Fuchsia o kroju oversize z wiskozowej satyny w r\u00f3\u017cowym odcieniu. Ta elegancka sukienka ma &quot;p\u0119kni\u0119ty&quot; dekolt, obszerne r\u0119kawy z elastycznymi mankietami i przednie sznureczki do \u015bci\u0105gania, zapewniaj\u0105ce wszechstronno\u015b\u0107 stylizacji. Dost\u0119pna w jednym rozmiarze. Idealna, aby doda\u0107 odrobin\u0119 elegancji do swojej garderoby!\" \/>\n<meta property=\"og:url\" content=\"https:\/\/www.yoschimoto.com\/polish-fashion-designer\/pl\/produkt\/sukienka-maxi-maiko-fall-leaves-copy-copy\/\" \/>\n<meta property=\"og:site_name\" content=\"YOSCHIMOTO | High Fashion Store\" \/>\n<meta property=\"article:modified_time\" content=\"2026-03-16T13:42:50+00:00\" \/>\n<meta property=\"og:image\" content=\"https:\/\/www.yoschimoto.com\/polish-fashion-designer\/wp-content\/uploads\/2025\/07\/maiko-fuchsia-maxi-dress-1-scaled-e1752242105457.jpg\" \/>\n\t<meta property=\"og:image:width\" content=\"1707\" \/>\n\t<meta property=\"og:image:height\" content=\"2560\" \/>\n\t<meta property=\"og:image:type\" content=\"image\/jpeg\" \/>\n<meta name=\"twitter:card\" content=\"summary_large_image\" \/>\n<meta name=\"twitter:label1\" content=\"Cena\" \/>\n\t<meta name=\"twitter:data1\" content=\"529,00&nbsp;&#122;&#322;\" \/>\n\t<meta name=\"twitter:label2\" content=\"Dost\u0119pno\u015b\u0107\" \/>\n\t<meta name=\"twitter:data2\" content=\"Dost\u0119pny\" \/>\n<script type=\"application\/ld+json\" class=\"yoast-schema-graph\">{\"@context\":\"https:\/\/schema.org\",\"@graph\":[{\"@type\":\"WebPage\",\"@id\":\"https:\/\/www.yoschimoto.com\/polish-fashion-designer\/pl\/produkt\/sukienka-maxi-maiko-fall-leaves-copy-copy\/\",\"url\":\"https:\/\/www.yoschimoto.com\/polish-fashion-designer\/pl\/produkt\/sukienka-maxi-maiko-fall-leaves-copy-copy\/\",\"name\":\"Sukienka maxi MAIKO Fuchsia - YOSCHIMOTO | High Fashion Store\",\"isPartOf\":{\"@id\":\"https:\/\/www.yoschimoto.com\/polish-fashion-designer\/pl\/#website\"},\"primaryImageOfPage\":{\"@id\":\"https:\/\/www.yoschimoto.com\/polish-fashion-designer\/pl\/produkt\/sukienka-maxi-maiko-fall-leaves-copy-copy\/#primaryimage\"},\"image\":{\"@id\":\"https:\/\/www.yoschimoto.com\/polish-fashion-designer\/pl\/produkt\/sukienka-maxi-maiko-fall-leaves-copy-copy\/#primaryimage\"},\"thumbnailUrl\":\"https:\/\/www.yoschimoto.com\/polish-fashion-designer\/wp-content\/uploads\/2025\/07\/maiko-fuchsia-maxi-dress-1-scaled-e1752242105457.jpg\",\"datePublished\":\"2025-07-11T13:45:24+00:00\",\"dateModified\":\"2026-03-16T13:42:50+00:00\",\"description\":\"Odkryj sukienk\u0119 Maiko Fuchsia o kroju oversize z wiskozowej satyny w r\u00f3\u017cowym odcieniu. Ta elegancka sukienka ma \\\"p\u0119kni\u0119ty\\\" dekolt, obszerne r\u0119kawy z elastycznymi mankietami i przednie sznureczki do \u015bci\u0105gania, zapewniaj\u0105ce wszechstronno\u015b\u0107 stylizacji. Dost\u0119pna w jednym rozmiarze. Idealna, aby doda\u0107 odrobin\u0119 elegancji do swojej garderoby!\",\"breadcrumb\":{\"@id\":\"https:\/\/www.yoschimoto.com\/polish-fashion-designer\/pl\/produkt\/sukienka-maxi-maiko-fall-leaves-copy-copy\/#breadcrumb\"},\"inLanguage\":\"pl-PL\",\"potentialAction\":[{\"@type\":\"ReadAction\",\"target\":[\"https:\/\/www.yoschimoto.com\/polish-fashion-designer\/pl\/produkt\/sukienka-maxi-maiko-fall-leaves-copy-copy\/\"]}]},{\"@type\":\"ImageObject\",\"inLanguage\":\"pl-PL\",\"@id\":\"https:\/\/www.yoschimoto.com\/polish-fashion-designer\/pl\/produkt\/sukienka-maxi-maiko-fall-leaves-copy-copy\/#primaryimage\",\"url\":\"https:\/\/www.yoschimoto.com\/polish-fashion-designer\/wp-content\/uploads\/2025\/07\/maiko-fuchsia-maxi-dress-1-scaled-e1752242105457.jpg\",\"contentUrl\":\"https:\/\/www.yoschimoto.com\/polish-fashion-designer\/wp-content\/uploads\/2025\/07\/maiko-fuchsia-maxi-dress-1-scaled-e1752242105457.jpg\",\"width\":1707,\"height\":2560},{\"@type\":\"BreadcrumbList\",\"@id\":\"https:\/\/www.yoschimoto.com\/polish-fashion-designer\/pl\/produkt\/sukienka-maxi-maiko-fall-leaves-copy-copy\/#breadcrumb\",\"itemListElement\":[{\"@type\":\"ListItem\",\"position\":1,\"name\":\"Home\",\"item\":\"https:\/\/www.yoschimoto.com\/polish-fashion-designer\/pl\/polska-projektantka-mody-od-kimona-po-wieceja\/\"},{\"@type\":\"ListItem\",\"position\":2,\"name\":\"Sklep\",\"item\":\"https:\/\/www.yoschimoto.com\/polish-fashion-designer\/pl\/sklep\/\"},{\"@type\":\"ListItem\",\"position\":3,\"name\":\"Sukienka maxi MAIKO Fuchsia\"}]},{\"@type\":\"WebSite\",\"@id\":\"https:\/\/www.yoschimoto.com\/polish-fashion-designer\/pl\/#website\",\"url\":\"https:\/\/www.yoschimoto.com\/polish-fashion-designer\/pl\/\",\"name\":\"YOSCHIMOTO | High Fashion Store\",\"description\":\"Polish Fashion Designer\",\"publisher\":{\"@id\":\"https:\/\/www.yoschimoto.com\/polish-fashion-designer\/pl\/#organization\"},\"potentialAction\":[{\"@type\":\"SearchAction\",\"target\":{\"@type\":\"EntryPoint\",\"urlTemplate\":\"https:\/\/www.yoschimoto.com\/polish-fashion-designer\/pl\/?s={search_term_string}\"},\"query-input\":{\"@type\":\"PropertyValueSpecification\",\"valueRequired\":true,\"valueName\":\"search_term_string\"}}],\"inLanguage\":\"pl-PL\"},{\"@type\":\"Organization\",\"@id\":\"https:\/\/www.yoschimoto.com\/polish-fashion-designer\/pl\/#organization\",\"name\":\"YOSCHIMOTO | High Fashion Store\",\"url\":\"https:\/\/www.yoschimoto.com\/polish-fashion-designer\/pl\/\",\"logo\":{\"@type\":\"ImageObject\",\"inLanguage\":\"pl-PL\",\"@id\":\"https:\/\/www.yoschimoto.com\/polish-fashion-designer\/pl\/#\/schema\/logo\/image\/\",\"url\":\"https:\/\/www.yoschimoto.com\/polish-fashion-designer\/wp-content\/uploads\/2025\/03\/YOSCHIMOTO-high-fashion-clothing-store.svg\",\"contentUrl\":\"https:\/\/www.yoschimoto.com\/polish-fashion-designer\/wp-content\/uploads\/2025\/03\/YOSCHIMOTO-high-fashion-clothing-store.svg\",\"width\":350,\"height\":100,\"caption\":\"YOSCHIMOTO | High Fashion Store\"},\"image\":{\"@id\":\"https:\/\/www.yoschimoto.com\/polish-fashion-designer\/pl\/#\/schema\/logo\/image\/\"}}]}<\/script>\n<meta property=\"product:price:amount\" content=\"529.00\" \/>\n<meta property=\"product:price:currency\" content=\"PLN\" \/>\n<meta property=\"og:availability\" content=\"instock\" \/>\n<meta property=\"product:availability\" content=\"instock\" \/>\n<meta property=\"product:condition\" content=\"new\" \/>\n<!-- \/ Yoast SEO plugin. -->","yoast_head_json":{"title":"Sukienka maxi MAIKO Fuchsia - YOSCHIMOTO | High Fashion Store","description":"Odkryj sukienk\u0119 Maiko Fuchsia o kroju oversize z wiskozowej satyny w r\u00f3\u017cowym odcieniu. Ta elegancka sukienka ma \"p\u0119kni\u0119ty\" dekolt, obszerne r\u0119kawy z elastycznymi mankietami i przednie sznureczki do \u015bci\u0105gania, zapewniaj\u0105ce wszechstronno\u015b\u0107 stylizacji. Dost\u0119pna w jednym rozmiarze. Idealna, aby doda\u0107 odrobin\u0119 elegancji do swojej garderoby!","robots":{"index":"index","follow":"follow","max-snippet":"max-snippet:-1","max-image-preview":"max-image-preview:large","max-video-preview":"max-video-preview:-1"},"canonical":"https:\/\/www.yoschimoto.com\/polish-fashion-designer\/pl\/produkt\/sukienka-maxi-maiko-fall-leaves-copy-copy\/","og_locale":"pl_PL","og_type":"article","og_title":"Sukienka maxi MAIKO Fuchsia - YOSCHIMOTO | High Fashion Store","og_description":"Odkryj sukienk\u0119 Maiko Fuchsia o kroju oversize z wiskozowej satyny w r\u00f3\u017cowym odcieniu. Ta elegancka sukienka ma \"p\u0119kni\u0119ty\" dekolt, obszerne r\u0119kawy z elastycznymi mankietami i przednie sznureczki do \u015bci\u0105gania, zapewniaj\u0105ce wszechstronno\u015b\u0107 stylizacji. Dost\u0119pna w jednym rozmiarze. Idealna, aby doda\u0107 odrobin\u0119 elegancji do swojej garderoby!","og_url":"https:\/\/www.yoschimoto.com\/polish-fashion-designer\/pl\/produkt\/sukienka-maxi-maiko-fall-leaves-copy-copy\/","og_site_name":"YOSCHIMOTO | High Fashion Store","article_modified_time":"2026-03-16T13:42:50+00:00","og_image":[{"width":1707,"height":2560,"url":"https:\/\/www.yoschimoto.com\/polish-fashion-designer\/wp-content\/uploads\/2025\/07\/maiko-fuchsia-maxi-dress-1-scaled-e1752242105457.jpg","type":"image\/jpeg"}],"twitter_card":"summary_large_image","twitter_misc":{"Cena":"529,00&nbsp;&#122;&#322;","Dost\u0119pno\u015b\u0107":"Dost\u0119pny"},"schema":{"@context":"https:\/\/schema.org","@graph":[{"@type":"WebPage","@id":"https:\/\/www.yoschimoto.com\/polish-fashion-designer\/pl\/produkt\/sukienka-maxi-maiko-fall-leaves-copy-copy\/","url":"https:\/\/www.yoschimoto.com\/polish-fashion-designer\/pl\/produkt\/sukienka-maxi-maiko-fall-leaves-copy-copy\/","name":"Sukienka maxi MAIKO Fuchsia - YOSCHIMOTO | High Fashion Store","isPartOf":{"@id":"https:\/\/www.yoschimoto.com\/polish-fashion-designer\/pl\/#website"},"primaryImageOfPage":{"@id":"https:\/\/www.yoschimoto.com\/polish-fashion-designer\/pl\/produkt\/sukienka-maxi-maiko-fall-leaves-copy-copy\/#primaryimage"},"image":{"@id":"https:\/\/www.yoschimoto.com\/polish-fashion-designer\/pl\/produkt\/sukienka-maxi-maiko-fall-leaves-copy-copy\/#primaryimage"},"thumbnailUrl":"https:\/\/www.yoschimoto.com\/polish-fashion-designer\/wp-content\/uploads\/2025\/07\/maiko-fuchsia-maxi-dress-1-scaled-e1752242105457.jpg","datePublished":"2025-07-11T13:45:24+00:00","dateModified":"2026-03-16T13:42:50+00:00","description":"Odkryj sukienk\u0119 Maiko Fuchsia o kroju oversize z wiskozowej satyny w r\u00f3\u017cowym odcieniu. Ta elegancka sukienka ma \"p\u0119kni\u0119ty\" dekolt, obszerne r\u0119kawy z elastycznymi mankietami i przednie sznureczki do \u015bci\u0105gania, zapewniaj\u0105ce wszechstronno\u015b\u0107 stylizacji. Dost\u0119pna w jednym rozmiarze. Idealna, aby doda\u0107 odrobin\u0119 elegancji do swojej garderoby!","breadcrumb":{"@id":"https:\/\/www.yoschimoto.com\/polish-fashion-designer\/pl\/produkt\/sukienka-maxi-maiko-fall-leaves-copy-copy\/#breadcrumb"},"inLanguage":"pl-PL","potentialAction":[{"@type":"ReadAction","target":["https:\/\/www.yoschimoto.com\/polish-fashion-designer\/pl\/produkt\/sukienka-maxi-maiko-fall-leaves-copy-copy\/"]}]},{"@type":"ImageObject","inLanguage":"pl-PL","@id":"https:\/\/www.yoschimoto.com\/polish-fashion-designer\/pl\/produkt\/sukienka-maxi-maiko-fall-leaves-copy-copy\/#primaryimage","url":"https:\/\/www.yoschimoto.com\/polish-fashion-designer\/wp-content\/uploads\/2025\/07\/maiko-fuchsia-maxi-dress-1-scaled-e1752242105457.jpg","contentUrl":"https:\/\/www.yoschimoto.com\/polish-fashion-designer\/wp-content\/uploads\/2025\/07\/maiko-fuchsia-maxi-dress-1-scaled-e1752242105457.jpg","width":1707,"height":2560},{"@type":"BreadcrumbList","@id":"https:\/\/www.yoschimoto.com\/polish-fashion-designer\/pl\/produkt\/sukienka-maxi-maiko-fall-leaves-copy-copy\/#breadcrumb","itemListElement":[{"@type":"ListItem","position":1,"name":"Home","item":"https:\/\/www.yoschimoto.com\/polish-fashion-designer\/pl\/polska-projektantka-mody-od-kimona-po-wieceja\/"},{"@type":"ListItem","position":2,"name":"Sklep","item":"https:\/\/www.yoschimoto.com\/polish-fashion-designer\/pl\/sklep\/"},{"@type":"ListItem","position":3,"name":"Sukienka maxi MAIKO Fuchsia"}]},{"@type":"WebSite","@id":"https:\/\/www.yoschimoto.com\/polish-fashion-designer\/pl\/#website","url":"https:\/\/www.yoschimoto.com\/polish-fashion-designer\/pl\/","name":"YOSCHIMOTO | High Fashion Store","description":"Polish Fashion Designer","publisher":{"@id":"https:\/\/www.yoschimoto.com\/polish-fashion-designer\/pl\/#organization"},"potentialAction":[{"@type":"SearchAction","target":{"@type":"EntryPoint","urlTemplate":"https:\/\/www.yoschimoto.com\/polish-fashion-designer\/pl\/?s={search_term_string}"},"query-input":{"@type":"PropertyValueSpecification","valueRequired":true,"valueName":"search_term_string"}}],"inLanguage":"pl-PL"},{"@type":"Organization","@id":"https:\/\/www.yoschimoto.com\/polish-fashion-designer\/pl\/#organization","name":"YOSCHIMOTO | High Fashion Store","url":"https:\/\/www.yoschimoto.com\/polish-fashion-designer\/pl\/","logo":{"@type":"ImageObject","inLanguage":"pl-PL","@id":"https:\/\/www.yoschimoto.com\/polish-fashion-designer\/pl\/#\/schema\/logo\/image\/","url":"https:\/\/www.yoschimoto.com\/polish-fashion-designer\/wp-content\/uploads\/2025\/03\/YOSCHIMOTO-high-fashion-clothing-store.svg","contentUrl":"https:\/\/www.yoschimoto.com\/polish-fashion-designer\/wp-content\/uploads\/2025\/03\/YOSCHIMOTO-high-fashion-clothing-store.svg","width":350,"height":100,"caption":"YOSCHIMOTO | High Fashion Store"},"image":{"@id":"https:\/\/www.yoschimoto.com\/polish-fashion-designer\/pl\/#\/schema\/logo\/image\/"}}]},"product_price_amount":"529.00","product_price_currency":"PLN","og_availability":"instock","product_availability":"instock","product_condition":"new"},"_links":{"self":[{"href":"https:\/\/www.yoschimoto.com\/polish-fashion-designer\/pl\/wp-json\/wp\/v2\/product\/993293","targetHints":{"allow":["GET"]}}],"collection":[{"href":"https:\/\/www.yoschimoto.com\/polish-fashion-designer\/pl\/wp-json\/wp\/v2\/product"}],"about":[{"href":"https:\/\/www.yoschimoto.com\/polish-fashion-designer\/pl\/wp-json\/wp\/v2\/types\/product"}],"wp:featuredmedia":[{"embeddable":true,"href":"https:\/\/www.yoschimoto.com\/polish-fashion-designer\/pl\/wp-json\/wp\/v2\/media\/993295"}],"wp:attachment":[{"href":"https:\/\/www.yoschimoto.com\/polish-fashion-designer\/pl\/wp-json\/wp\/v2\/media?parent=993293"}],"wp:term":[{"taxonomy":"product_brand","embeddable":true,"href":"https:\/\/www.yoschimoto.com\/polish-fashion-designer\/pl\/wp-json\/wp\/v2\/product_brand?post=993293"},{"taxonomy":"product_cat","embeddable":true,"href":"https:\/\/www.yoschimoto.com\/polish-fashion-designer\/pl\/wp-json\/wp\/v2\/product_cat?post=993293"},{"taxonomy":"product_tag","embeddable":true,"href":"https:\/\/www.yoschimoto.com\/polish-fashion-designer\/pl\/wp-json\/wp\/v2\/product_tag?post=993293"}],"curies":[{"name":"wp","href":"https:\/\/api.w.org\/{rel}","templated":true}]}}