{"id":992967,"date":"2025-05-22T22:10:09","date_gmt":"2025-05-22T20:10:09","guid":{"rendered":"https:\/\/www.yoschimoto.com\/polish-fashion-designer\/product\/kimono-akiko-crema-meringa\/"},"modified":"2025-05-22T22:10:09","modified_gmt":"2025-05-22T20:10:09","slug":"kimono-akiko-crema-meringa","status":"publish","type":"product","link":"https:\/\/www.yoschimoto.com\/polish-fashion-designer\/pl\/produkt\/kimono-akiko-crema-meringa\/","title":{"rendered":"Kimono AKIKO Crema Meringa"},"content":{"rendered":"<div class=\"vgblk-rw-wrapper limit-wrapper\">\n<p class=\"Normalny tm5\">Kimono AKIKO Crema Meringa<\/p>\n<p class=\"Normalny tm5\">Przedstawiamy kimono AKIKO Crema Meringa, wykonane z wiosenno-letniej mieszanki lnu i wiskozy o szantungowej fakturze.<\/p>\n<p class=\"Normalny tm5\">Elegancki kolor: ch\u0142odny be\u017cowy odcie\u0144 z subteln\u0105 nut\u0105 brzoskwiniowego r\u00f3\u017cu, przypominaj\u0105cy s\u0142odk\u0105 bez\u0119.<\/p>\n<p class=\"Normalny tm5\">Sezonowa wszechstronno\u015b\u0107: Chocia\u017c \u201eAkiko\u201d oznacza po japo\u0144sku \u201ejesienne dziecko\u201d, to kimono s\u0142u\u017cy jako idealne okrycie wierzchnie na wiosn\u0119.<\/p>\n<p class=\"Normalny tm5\">Kopertowy kr\u00f3j: Kimono jest zakladane kopertowo i wi\u0105zane w talii szerokim pasem.<\/p>\n<p class=\"Normalny tm5\">Fukcjonalno\u015b\u0107: dla wygody posiada kieszenie w szwach bocznych.<\/p>\n<p class=\"Normalny tm5\">Wyko\u0144czenie wn\u0119trza: Wyko\u0144czone od wewn\u0105trz bawe\u0142nianym wi\u0105zaniem w naturalnym kolorze.<\/p>\n<p class=\"Normalny tm5\">Dost\u0119pne rozmiary:<\/p>\n<p class=\"Normalny tm5\">&#8211; S, M<\/p>\n<\/div>\n<p><!-- .vgblk-rw-wrapper --><\/p>\n","protected":false},"excerpt":{"rendered":"<p>Wymiary:<\/p>\n<p>&nbsp;<\/p>\n<p class=\"Normalny tm5\">S:<\/p>\n<p class=\"Normalny tm5\">szeroko\u015b\u0107: 57 cm<\/p>\n<p class=\"Normalny tm5\">d\u0142ugo\u015b\u0107: 66 cm<\/p>\n<p class=\"Normalny tm5\">M:<\/p>\n<p class=\"Normalny tm5\">szeroko\u015b\u0107: 66 cm<\/p>\n<p class=\"Normalny tm5\">d\u0142ugo\u015b\u0107:70 cm<\/p>\n<p class=\"Normalny tm5\">Cechy konstrukcyjne: R\u0119kawy mo\u017cna regulowa\u0107, wywijaj\u0105c mankiety.<\/p>\n<p class=\"Normalny tm5\">Sk\u0142ad:<\/p>\n<p class=\"Normalny tm5\">&#8211; 50% len, 50% wiskoza<\/p>\n<p>Mo\u017cna pra\u0107 w pralce.<\/p>\n<p class=\"Normalny tm5\">Dodaj do swojej garderoby kimono AKIKO Crema Meringa, aby uzyska\u0107 odrobin\u0119 elegancji i wszechstronno\u015bci, idealne na wiosenn\u0105 pogod\u0119 przej\u015bciow\u0105.<\/p>\n<p class=\"Normalny\">\n","protected":false},"featured_media":992960,"template":"","meta":{"om_disable_all_campaigns":false,"inline_featured_image":false,"_mi_skip_tracking":false,"_monsterinsights_sitenote_active":false,"_monsterinsights_sitenote_note":"","_monsterinsights_sitenote_category":0,"_uf_show_specific_survey":0,"_uf_disable_surveys":false},"product_brand":[],"product_cat":[414,413,475,412],"product_tag":[540,470,541,488],"class_list":{"0":"post-992967","1":"product","2":"type-product","3":"status-publish","4":"has-post-thumbnail","6":"product_cat-kimona-pl","7":"product_cat-kimona-i-zakiety","8":"product_cat-okrycia-wierzchnie","9":"product_cat-ready-to-wear-pl","10":"product_tag-akiko-pl","11":"product_tag-kimono-pl","12":"product_tag-kimono-akiko","13":"product_tag-kremowe-kimono","15":"first","16":"instock","17":"taxable","18":"shipping-taxable","19":"purchasable","20":"product-type-variable"},"yoast_head":"<!-- This site is optimized with the Yoast SEO plugin v24.5 - https:\/\/yoast.com\/wordpress\/plugins\/seo\/ -->\n<title>Kimono AKIKO Crema Meringa - YOSCHIMOTO | High Fashion Store<\/title>\n<meta name=\"description\" content=\"Odkryj kimono AKIKO Crema Meringa, wykonane z mieszanki lnu i wiskozy o fakturze szantungu. Ch\u0142odny be\u017c z nut\u0105 brzoskwiniowego r\u00f3\u017cu, to kimono z szerokim pasem jest idealne na wiosn\u0119. Posiada boczne kieszenie i wi\u0105zanie szerokim pasem. Dost\u0119pne w rozmiarach XS\/S, M, L\/XL. Eleganckie i wszechstronne! Mo\u017cliwo\u015b\u0107 prania w pralce.\" \/>\n<meta name=\"robots\" content=\"index, follow, max-snippet:-1, max-image-preview:large, max-video-preview:-1\" \/>\n<link rel=\"canonical\" href=\"https:\/\/www.yoschimoto.com\/polish-fashion-designer\/pl\/produkt\/kimono-akiko-crema-meringa\/\" \/>\n<meta property=\"og:locale\" content=\"pl_PL\" \/>\n<meta property=\"og:type\" content=\"article\" \/>\n<meta property=\"og:title\" content=\"Kimono AKIKO Crema Meringa - YOSCHIMOTO | High Fashion Store\" \/>\n<meta property=\"og:description\" content=\"Odkryj kimono AKIKO Crema Meringa, wykonane z mieszanki lnu i wiskozy o fakturze szantungu. Ch\u0142odny be\u017c z nut\u0105 brzoskwiniowego r\u00f3\u017cu, to kimono z szerokim pasem jest idealne na wiosn\u0119. Posiada boczne kieszenie i wi\u0105zanie szerokim pasem. Dost\u0119pne w rozmiarach XS\/S, M, L\/XL. Eleganckie i wszechstronne! Mo\u017cliwo\u015b\u0107 prania w pralce.\" \/>\n<meta property=\"og:url\" content=\"https:\/\/www.yoschimoto.com\/polish-fashion-designer\/pl\/produkt\/kimono-akiko-crema-meringa\/\" \/>\n<meta property=\"og:site_name\" content=\"YOSCHIMOTO | High Fashion Store\" \/>\n<meta property=\"og:image\" content=\"https:\/\/www.yoschimoto.com\/polish-fashion-designer\/wp-content\/uploads\/2025\/05\/akiko-crema-meringa-kimono-2-scaled.jpg\" \/>\n\t<meta property=\"og:image:width\" content=\"1707\" \/>\n\t<meta property=\"og:image:height\" content=\"2560\" \/>\n\t<meta property=\"og:image:type\" content=\"image\/jpeg\" \/>\n<meta name=\"twitter:card\" content=\"summary_large_image\" \/>\n<meta name=\"twitter:label1\" content=\"Dost\u0119pno\u015b\u0107\" \/>\n\t<meta name=\"twitter:data1\" content=\"Dost\u0119pny\" \/>\n<script type=\"application\/ld+json\" class=\"yoast-schema-graph\">{\"@context\":\"https:\/\/schema.org\",\"@graph\":[{\"@type\":\"WebPage\",\"@id\":\"https:\/\/www.yoschimoto.com\/polish-fashion-designer\/pl\/produkt\/kimono-akiko-crema-meringa\/\",\"url\":\"https:\/\/www.yoschimoto.com\/polish-fashion-designer\/pl\/produkt\/kimono-akiko-crema-meringa\/\",\"name\":\"Kimono AKIKO Crema Meringa - YOSCHIMOTO | High Fashion Store\",\"isPartOf\":{\"@id\":\"https:\/\/www.yoschimoto.com\/polish-fashion-designer\/pl\/#website\"},\"primaryImageOfPage\":{\"@id\":\"https:\/\/www.yoschimoto.com\/polish-fashion-designer\/pl\/produkt\/kimono-akiko-crema-meringa\/#primaryimage\"},\"image\":{\"@id\":\"https:\/\/www.yoschimoto.com\/polish-fashion-designer\/pl\/produkt\/kimono-akiko-crema-meringa\/#primaryimage\"},\"thumbnailUrl\":\"https:\/\/www.yoschimoto.com\/polish-fashion-designer\/wp-content\/uploads\/2025\/05\/akiko-crema-meringa-kimono-2-scaled.jpg\",\"datePublished\":\"2025-05-22T20:10:09+00:00\",\"description\":\"Odkryj kimono AKIKO Crema Meringa, wykonane z mieszanki lnu i wiskozy o fakturze szantungu. Ch\u0142odny be\u017c z nut\u0105 brzoskwiniowego r\u00f3\u017cu, to kimono z szerokim pasem jest idealne na wiosn\u0119. Posiada boczne kieszenie i wi\u0105zanie szerokim pasem. Dost\u0119pne w rozmiarach XS\/S, M, L\/XL. Eleganckie i wszechstronne! Mo\u017cliwo\u015b\u0107 prania w pralce.\",\"breadcrumb\":{\"@id\":\"https:\/\/www.yoschimoto.com\/polish-fashion-designer\/pl\/produkt\/kimono-akiko-crema-meringa\/#breadcrumb\"},\"inLanguage\":\"pl-PL\",\"potentialAction\":[{\"@type\":\"ReadAction\",\"target\":[\"https:\/\/www.yoschimoto.com\/polish-fashion-designer\/pl\/produkt\/kimono-akiko-crema-meringa\/\"]}]},{\"@type\":\"ImageObject\",\"inLanguage\":\"pl-PL\",\"@id\":\"https:\/\/www.yoschimoto.com\/polish-fashion-designer\/pl\/produkt\/kimono-akiko-crema-meringa\/#primaryimage\",\"url\":\"https:\/\/www.yoschimoto.com\/polish-fashion-designer\/wp-content\/uploads\/2025\/05\/akiko-crema-meringa-kimono-2-scaled.jpg\",\"contentUrl\":\"https:\/\/www.yoschimoto.com\/polish-fashion-designer\/wp-content\/uploads\/2025\/05\/akiko-crema-meringa-kimono-2-scaled.jpg\",\"width\":1707,\"height\":2560},{\"@type\":\"BreadcrumbList\",\"@id\":\"https:\/\/www.yoschimoto.com\/polish-fashion-designer\/pl\/produkt\/kimono-akiko-crema-meringa\/#breadcrumb\",\"itemListElement\":[{\"@type\":\"ListItem\",\"position\":1,\"name\":\"Home\",\"item\":\"https:\/\/www.yoschimoto.com\/polish-fashion-designer\/pl\/polska-projektantka-mody-od-kimona-po-wieceja\/\"},{\"@type\":\"ListItem\",\"position\":2,\"name\":\"Sklep\",\"item\":\"https:\/\/www.yoschimoto.com\/polish-fashion-designer\/pl\/sklep\/\"},{\"@type\":\"ListItem\",\"position\":3,\"name\":\"Kimono AKIKO Crema Meringa\"}]},{\"@type\":\"WebSite\",\"@id\":\"https:\/\/www.yoschimoto.com\/polish-fashion-designer\/pl\/#website\",\"url\":\"https:\/\/www.yoschimoto.com\/polish-fashion-designer\/pl\/\",\"name\":\"YOSCHIMOTO | High Fashion Store\",\"description\":\"Polish Fashion Designer\",\"publisher\":{\"@id\":\"https:\/\/www.yoschimoto.com\/polish-fashion-designer\/pl\/#organization\"},\"potentialAction\":[{\"@type\":\"SearchAction\",\"target\":{\"@type\":\"EntryPoint\",\"urlTemplate\":\"https:\/\/www.yoschimoto.com\/polish-fashion-designer\/pl\/?s={search_term_string}\"},\"query-input\":{\"@type\":\"PropertyValueSpecification\",\"valueRequired\":true,\"valueName\":\"search_term_string\"}}],\"inLanguage\":\"pl-PL\"},{\"@type\":\"Organization\",\"@id\":\"https:\/\/www.yoschimoto.com\/polish-fashion-designer\/pl\/#organization\",\"name\":\"YOSCHIMOTO | High Fashion Store\",\"url\":\"https:\/\/www.yoschimoto.com\/polish-fashion-designer\/pl\/\",\"logo\":{\"@type\":\"ImageObject\",\"inLanguage\":\"pl-PL\",\"@id\":\"https:\/\/www.yoschimoto.com\/polish-fashion-designer\/pl\/#\/schema\/logo\/image\/\",\"url\":\"https:\/\/www.yoschimoto.com\/polish-fashion-designer\/wp-content\/uploads\/2025\/03\/YOSCHIMOTO-high-fashion-clothing-store.svg\",\"contentUrl\":\"https:\/\/www.yoschimoto.com\/polish-fashion-designer\/wp-content\/uploads\/2025\/03\/YOSCHIMOTO-high-fashion-clothing-store.svg\",\"width\":350,\"height\":100,\"caption\":\"YOSCHIMOTO | High Fashion Store\"},\"image\":{\"@id\":\"https:\/\/www.yoschimoto.com\/polish-fashion-designer\/pl\/#\/schema\/logo\/image\/\"}}]}<\/script>\n<meta property=\"og:availability\" content=\"instock\" \/>\n<meta property=\"product:availability\" content=\"instock\" \/>\n<meta property=\"product:condition\" content=\"new\" \/>\n<!-- \/ Yoast SEO plugin. -->","yoast_head_json":{"title":"Kimono AKIKO Crema Meringa - YOSCHIMOTO | High Fashion Store","description":"Odkryj kimono AKIKO Crema Meringa, wykonane z mieszanki lnu i wiskozy o fakturze szantungu. Ch\u0142odny be\u017c z nut\u0105 brzoskwiniowego r\u00f3\u017cu, to kimono z szerokim pasem jest idealne na wiosn\u0119. Posiada boczne kieszenie i wi\u0105zanie szerokim pasem. Dost\u0119pne w rozmiarach XS\/S, M, L\/XL. Eleganckie i wszechstronne! Mo\u017cliwo\u015b\u0107 prania w pralce.","robots":{"index":"index","follow":"follow","max-snippet":"max-snippet:-1","max-image-preview":"max-image-preview:large","max-video-preview":"max-video-preview:-1"},"canonical":"https:\/\/www.yoschimoto.com\/polish-fashion-designer\/pl\/produkt\/kimono-akiko-crema-meringa\/","og_locale":"pl_PL","og_type":"article","og_title":"Kimono AKIKO Crema Meringa - YOSCHIMOTO | High Fashion Store","og_description":"Odkryj kimono AKIKO Crema Meringa, wykonane z mieszanki lnu i wiskozy o fakturze szantungu. Ch\u0142odny be\u017c z nut\u0105 brzoskwiniowego r\u00f3\u017cu, to kimono z szerokim pasem jest idealne na wiosn\u0119. Posiada boczne kieszenie i wi\u0105zanie szerokim pasem. Dost\u0119pne w rozmiarach XS\/S, M, L\/XL. Eleganckie i wszechstronne! Mo\u017cliwo\u015b\u0107 prania w pralce.","og_url":"https:\/\/www.yoschimoto.com\/polish-fashion-designer\/pl\/produkt\/kimono-akiko-crema-meringa\/","og_site_name":"YOSCHIMOTO | High Fashion Store","og_image":[{"width":1707,"height":2560,"url":"https:\/\/www.yoschimoto.com\/polish-fashion-designer\/wp-content\/uploads\/2025\/05\/akiko-crema-meringa-kimono-2-scaled.jpg","type":"image\/jpeg"}],"twitter_card":"summary_large_image","twitter_misc":{"Dost\u0119pno\u015b\u0107":"Dost\u0119pny"},"schema":{"@context":"https:\/\/schema.org","@graph":[{"@type":"WebPage","@id":"https:\/\/www.yoschimoto.com\/polish-fashion-designer\/pl\/produkt\/kimono-akiko-crema-meringa\/","url":"https:\/\/www.yoschimoto.com\/polish-fashion-designer\/pl\/produkt\/kimono-akiko-crema-meringa\/","name":"Kimono AKIKO Crema Meringa - YOSCHIMOTO | High Fashion Store","isPartOf":{"@id":"https:\/\/www.yoschimoto.com\/polish-fashion-designer\/pl\/#website"},"primaryImageOfPage":{"@id":"https:\/\/www.yoschimoto.com\/polish-fashion-designer\/pl\/produkt\/kimono-akiko-crema-meringa\/#primaryimage"},"image":{"@id":"https:\/\/www.yoschimoto.com\/polish-fashion-designer\/pl\/produkt\/kimono-akiko-crema-meringa\/#primaryimage"},"thumbnailUrl":"https:\/\/www.yoschimoto.com\/polish-fashion-designer\/wp-content\/uploads\/2025\/05\/akiko-crema-meringa-kimono-2-scaled.jpg","datePublished":"2025-05-22T20:10:09+00:00","description":"Odkryj kimono AKIKO Crema Meringa, wykonane z mieszanki lnu i wiskozy o fakturze szantungu. Ch\u0142odny be\u017c z nut\u0105 brzoskwiniowego r\u00f3\u017cu, to kimono z szerokim pasem jest idealne na wiosn\u0119. Posiada boczne kieszenie i wi\u0105zanie szerokim pasem. Dost\u0119pne w rozmiarach XS\/S, M, L\/XL. Eleganckie i wszechstronne! Mo\u017cliwo\u015b\u0107 prania w pralce.","breadcrumb":{"@id":"https:\/\/www.yoschimoto.com\/polish-fashion-designer\/pl\/produkt\/kimono-akiko-crema-meringa\/#breadcrumb"},"inLanguage":"pl-PL","potentialAction":[{"@type":"ReadAction","target":["https:\/\/www.yoschimoto.com\/polish-fashion-designer\/pl\/produkt\/kimono-akiko-crema-meringa\/"]}]},{"@type":"ImageObject","inLanguage":"pl-PL","@id":"https:\/\/www.yoschimoto.com\/polish-fashion-designer\/pl\/produkt\/kimono-akiko-crema-meringa\/#primaryimage","url":"https:\/\/www.yoschimoto.com\/polish-fashion-designer\/wp-content\/uploads\/2025\/05\/akiko-crema-meringa-kimono-2-scaled.jpg","contentUrl":"https:\/\/www.yoschimoto.com\/polish-fashion-designer\/wp-content\/uploads\/2025\/05\/akiko-crema-meringa-kimono-2-scaled.jpg","width":1707,"height":2560},{"@type":"BreadcrumbList","@id":"https:\/\/www.yoschimoto.com\/polish-fashion-designer\/pl\/produkt\/kimono-akiko-crema-meringa\/#breadcrumb","itemListElement":[{"@type":"ListItem","position":1,"name":"Home","item":"https:\/\/www.yoschimoto.com\/polish-fashion-designer\/pl\/polska-projektantka-mody-od-kimona-po-wieceja\/"},{"@type":"ListItem","position":2,"name":"Sklep","item":"https:\/\/www.yoschimoto.com\/polish-fashion-designer\/pl\/sklep\/"},{"@type":"ListItem","position":3,"name":"Kimono AKIKO Crema Meringa"}]},{"@type":"WebSite","@id":"https:\/\/www.yoschimoto.com\/polish-fashion-designer\/pl\/#website","url":"https:\/\/www.yoschimoto.com\/polish-fashion-designer\/pl\/","name":"YOSCHIMOTO | High Fashion Store","description":"Polish Fashion Designer","publisher":{"@id":"https:\/\/www.yoschimoto.com\/polish-fashion-designer\/pl\/#organization"},"potentialAction":[{"@type":"SearchAction","target":{"@type":"EntryPoint","urlTemplate":"https:\/\/www.yoschimoto.com\/polish-fashion-designer\/pl\/?s={search_term_string}"},"query-input":{"@type":"PropertyValueSpecification","valueRequired":true,"valueName":"search_term_string"}}],"inLanguage":"pl-PL"},{"@type":"Organization","@id":"https:\/\/www.yoschimoto.com\/polish-fashion-designer\/pl\/#organization","name":"YOSCHIMOTO | High Fashion Store","url":"https:\/\/www.yoschimoto.com\/polish-fashion-designer\/pl\/","logo":{"@type":"ImageObject","inLanguage":"pl-PL","@id":"https:\/\/www.yoschimoto.com\/polish-fashion-designer\/pl\/#\/schema\/logo\/image\/","url":"https:\/\/www.yoschimoto.com\/polish-fashion-designer\/wp-content\/uploads\/2025\/03\/YOSCHIMOTO-high-fashion-clothing-store.svg","contentUrl":"https:\/\/www.yoschimoto.com\/polish-fashion-designer\/wp-content\/uploads\/2025\/03\/YOSCHIMOTO-high-fashion-clothing-store.svg","width":350,"height":100,"caption":"YOSCHIMOTO | High Fashion Store"},"image":{"@id":"https:\/\/www.yoschimoto.com\/polish-fashion-designer\/pl\/#\/schema\/logo\/image\/"}}]},"og_availability":"instock","product_availability":"instock","product_condition":"new"},"_links":{"self":[{"href":"https:\/\/www.yoschimoto.com\/polish-fashion-designer\/pl\/wp-json\/wp\/v2\/product\/992967","targetHints":{"allow":["GET"]}}],"collection":[{"href":"https:\/\/www.yoschimoto.com\/polish-fashion-designer\/pl\/wp-json\/wp\/v2\/product"}],"about":[{"href":"https:\/\/www.yoschimoto.com\/polish-fashion-designer\/pl\/wp-json\/wp\/v2\/types\/product"}],"wp:featuredmedia":[{"embeddable":true,"href":"https:\/\/www.yoschimoto.com\/polish-fashion-designer\/pl\/wp-json\/wp\/v2\/media\/992960"}],"wp:attachment":[{"href":"https:\/\/www.yoschimoto.com\/polish-fashion-designer\/pl\/wp-json\/wp\/v2\/media?parent=992967"}],"wp:term":[{"taxonomy":"product_brand","embeddable":true,"href":"https:\/\/www.yoschimoto.com\/polish-fashion-designer\/pl\/wp-json\/wp\/v2\/product_brand?post=992967"},{"taxonomy":"product_cat","embeddable":true,"href":"https:\/\/www.yoschimoto.com\/polish-fashion-designer\/pl\/wp-json\/wp\/v2\/product_cat?post=992967"},{"taxonomy":"product_tag","embeddable":true,"href":"https:\/\/www.yoschimoto.com\/polish-fashion-designer\/pl\/wp-json\/wp\/v2\/product_tag?post=992967"}],"curies":[{"name":"wp","href":"https:\/\/api.w.org\/{rel}","templated":true}]}}