{"id":992669,"date":"2024-10-22T20:36:30","date_gmt":"2024-10-22T18:36:30","guid":{"rendered":"https:\/\/www.yoschimoto.com\/polish-fashion-designer\/product\/kimono-saori-black-waves\/"},"modified":"2024-10-22T20:36:30","modified_gmt":"2024-10-22T18:36:30","slug":"kimono-saori-black-waves","status":"publish","type":"product","link":"https:\/\/www.yoschimoto.com\/polish-fashion-designer\/pl\/produkt\/kimono-saori-black-waves\/","title":{"rendered":"kimono SAORI Black Waves"},"content":{"rendered":"<div class=\"vgblk-rw-wrapper limit-wrapper\">\n<p class=\"Normalny tm5\">kimono SAORI Black Waves<\/p>\n<p class=\"Normalny tm5\">Przedstawiamy SAORI Kimono, d\u0142u\u017csz\u0105 wersj\u0119 SAORINI, zaprojektowan\u0105 z my\u015bl\u0105 o efektownym i wyrafinowanym looku.<\/p>\n<p class=\"Normalny tm5\">Elegancki design: Wykonane z lej\u0105cej tkaniny wiskozowej z czarno-bia\u0142ym wzorem fali dla uzyskania przyci\u0105gaj\u0105cego wzrok efektu.<\/p>\n<p class=\"Normalny tm5\">Uniwersalny fason: Posiada boczne wi\u0105zania, kt\u00f3re pozwalaj\u0105 na wiele opcji stylizacji &#8211; wi\u0105zanie z ty\u0142u, z przodu lub owini\u0119cie wok\u00f3\u0142, aby uzyska\u0107 niestandardowy wygl\u0105d.<\/p>\n<p class=\"Normalny tm5\">Eleganckie detale: R\u0119kawy s\u0105 wyko\u0144czone mankietami, kt\u00f3re dodaj\u0105 ca\u0142o\u015bci obj\u0119to\u015bci, poprawiaj\u0105c uk\u0142adanie si\u0119 i dopasowanie kimona.<\/p>\n<p class=\"Normalny tm5\">Funkcjonalne kieszenie: Wygodne kieszenie w szwach bocznych na wysoko\u015bci bioder zapewniaj\u0105 dodatkow\u0105 funkcjonalno\u015b\u0107.<\/p>\n<p class=\"Normalny tm5\">Dost\u0119pne rozmiary:<\/p>\n<p class=\"Normalny tm5\">&#8211; XS\/S, M, oraz L\/XL<\/p>\n<p class=\"Normalny\">\n<\/div>\n<p><!-- .vgblk-rw-wrapper --><\/p>\n","protected":false},"excerpt":{"rendered":"<p class=\"Normalny tm5\">Wymiary:<\/p>\n<p class=\"Normalny tm5\">XS\/S:<\/p>\n<p class=\"Normalny tm5\">szeroko\u015b\u0107: 55 cm<\/p>\n<p class=\"Normalny tm5\">d\u0142ugo\u015b\u0107: 125 cm<\/p>\n<p class=\"Normalny tm5\">r\u0119kaw mierzony od szyi: 65 cm<\/p>\n<p class=\"Normalny tm5\">M:<\/p>\n<p class=\"Normalny tm5\">szeroko\u015b\u0107: 62 cm<\/p>\n<p class=\"Normalny tm5\">d\u0142ugo\u015b\u0107: 125 cm<\/p>\n<p class=\"Normalny tm5\">r\u0119kaw mierzony od szyi: 66 cm<\/p>\n<p class=\"Normalny tm5\">L\/XL:<\/p>\n<p class=\"Normalny tm5\">szeroko\u015b\u0107: 68 cm<\/p>\n<p class=\"Normalny tm5\">d\u0142ugo\u015b\u0107: 125 cm<\/p>\n<p class=\"Normalny tm5\">r\u0119kaw mierzony od szyi: 68 cm<\/p>\n<p class=\"Normalny tm5\">Modelka ma na sobie rozmiar M, pasuj\u0105cy do sylwetki w rozmiarze 38 o wymiarach 92-75-98 cm i wzro\u015bcie 175 cm.<\/p>\n<p class=\"Normalny tm5\">Sk\u0142ad:<\/p>\n<p class=\"Normalny tm5\">&#8211; 100% wiskoza<\/p>\n<p class=\"Normalny tm5\">Kimono SAORI w kolorze Black Waves to idealny dodatek do ka\u017cdej garderoby, kt\u00f3ry doda jej elegancji i r\u00f3\u017cnorodno\u015bci.<\/p>\n<p class=\"Normalny\">\n","protected":false},"featured_media":991178,"template":"","meta":{"om_disable_all_campaigns":false,"inline_featured_image":false,"_mi_skip_tracking":false,"_monsterinsights_sitenote_active":false,"_monsterinsights_sitenote_note":"","_monsterinsights_sitenote_category":0,"_uf_show_specific_survey":0,"_uf_disable_surveys":false},"product_brand":[],"product_cat":[414,413,412],"product_tag":[501,470,500,450],"class_list":{"0":"post-992669","1":"product","2":"type-product","3":"status-publish","4":"has-post-thumbnail","6":"product_cat-kimona-pl","7":"product_cat-kimona-i-zakiety","8":"product_cat-ready-to-wear-pl","9":"product_tag-czarno-bialy","10":"product_tag-kimono-pl","11":"product_tag-kimono-saori","12":"product_tag-wiskoza","14":"first","15":"instock","16":"taxable","17":"shipping-taxable","18":"purchasable","19":"product-type-variable"},"yoast_head":"<!-- This site is optimized with the Yoast SEO plugin v24.5 - https:\/\/yoast.com\/wordpress\/plugins\/seo\/ -->\n<title>kimono SAORI Black Waves - YOSCHIMOTO | High Fashion Store<\/title>\n<meta name=\"description\" content=\"Poznaj kimono SAORI w kolorze Black Waves, wykonane z lej\u0105cej wiskozy z czarno-bia\u0142ym wzorem w fale. Posiada wszechstronne wi\u0105zania dla wielu opcji stylizacji, r\u0119kawy z mankietami i funkcjonalne kieszenie boczne. Dost\u0119pny w rozmiarach XS\/S, M, oraz L\/XL. Idealny do dodania elegancji i wyrafinowania do ka\u017cdego looku!\" \/>\n<meta name=\"robots\" content=\"index, follow, max-snippet:-1, max-image-preview:large, max-video-preview:-1\" \/>\n<link rel=\"canonical\" href=\"https:\/\/www.yoschimoto.com\/polish-fashion-designer\/pl\/produkt\/kimono-saori-black-waves\/\" \/>\n<meta property=\"og:locale\" content=\"pl_PL\" \/>\n<meta property=\"og:type\" content=\"article\" \/>\n<meta property=\"og:title\" content=\"kimono SAORI Black Waves - YOSCHIMOTO | High Fashion Store\" \/>\n<meta property=\"og:description\" content=\"Poznaj kimono SAORI w kolorze Black Waves, wykonane z lej\u0105cej wiskozy z czarno-bia\u0142ym wzorem w fale. Posiada wszechstronne wi\u0105zania dla wielu opcji stylizacji, r\u0119kawy z mankietami i funkcjonalne kieszenie boczne. Dost\u0119pny w rozmiarach XS\/S, M, oraz L\/XL. Idealny do dodania elegancji i wyrafinowania do ka\u017cdego looku!\" \/>\n<meta property=\"og:url\" content=\"https:\/\/www.yoschimoto.com\/polish-fashion-designer\/pl\/produkt\/kimono-saori-black-waves\/\" \/>\n<meta property=\"og:site_name\" content=\"YOSCHIMOTO | High Fashion Store\" \/>\n<meta property=\"og:image\" content=\"https:\/\/www.yoschimoto.com\/polish-fashion-designer\/wp-content\/uploads\/2024\/10\/SAORI-Black-Waves-7-scaled.jpg\" \/>\n\t<meta property=\"og:image:width\" content=\"1707\" \/>\n\t<meta property=\"og:image:height\" content=\"2560\" \/>\n\t<meta property=\"og:image:type\" content=\"image\/jpeg\" \/>\n<meta name=\"twitter:card\" content=\"summary_large_image\" \/>\n<meta name=\"twitter:label1\" content=\"Dost\u0119pno\u015b\u0107\" \/>\n\t<meta name=\"twitter:data1\" content=\"Dost\u0119pny\" \/>\n<script type=\"application\/ld+json\" class=\"yoast-schema-graph\">{\"@context\":\"https:\/\/schema.org\",\"@graph\":[{\"@type\":\"WebPage\",\"@id\":\"https:\/\/www.yoschimoto.com\/polish-fashion-designer\/pl\/produkt\/kimono-saori-black-waves\/\",\"url\":\"https:\/\/www.yoschimoto.com\/polish-fashion-designer\/pl\/produkt\/kimono-saori-black-waves\/\",\"name\":\"kimono SAORI Black Waves - YOSCHIMOTO | High Fashion Store\",\"isPartOf\":{\"@id\":\"https:\/\/www.yoschimoto.com\/polish-fashion-designer\/pl\/#website\"},\"primaryImageOfPage\":{\"@id\":\"https:\/\/www.yoschimoto.com\/polish-fashion-designer\/pl\/produkt\/kimono-saori-black-waves\/#primaryimage\"},\"image\":{\"@id\":\"https:\/\/www.yoschimoto.com\/polish-fashion-designer\/pl\/produkt\/kimono-saori-black-waves\/#primaryimage\"},\"thumbnailUrl\":\"https:\/\/www.yoschimoto.com\/polish-fashion-designer\/wp-content\/uploads\/2024\/10\/SAORI-Black-Waves-7-scaled.jpg\",\"datePublished\":\"2024-10-22T18:36:30+00:00\",\"description\":\"Poznaj kimono SAORI w kolorze Black Waves, wykonane z lej\u0105cej wiskozy z czarno-bia\u0142ym wzorem w fale. Posiada wszechstronne wi\u0105zania dla wielu opcji stylizacji, r\u0119kawy z mankietami i funkcjonalne kieszenie boczne. Dost\u0119pny w rozmiarach XS\/S, M, oraz L\/XL. Idealny do dodania elegancji i wyrafinowania do ka\u017cdego looku!\",\"breadcrumb\":{\"@id\":\"https:\/\/www.yoschimoto.com\/polish-fashion-designer\/pl\/produkt\/kimono-saori-black-waves\/#breadcrumb\"},\"inLanguage\":\"pl-PL\",\"potentialAction\":[{\"@type\":\"ReadAction\",\"target\":[\"https:\/\/www.yoschimoto.com\/polish-fashion-designer\/pl\/produkt\/kimono-saori-black-waves\/\"]}]},{\"@type\":\"ImageObject\",\"inLanguage\":\"pl-PL\",\"@id\":\"https:\/\/www.yoschimoto.com\/polish-fashion-designer\/pl\/produkt\/kimono-saori-black-waves\/#primaryimage\",\"url\":\"https:\/\/www.yoschimoto.com\/polish-fashion-designer\/wp-content\/uploads\/2024\/10\/SAORI-Black-Waves-7-scaled.jpg\",\"contentUrl\":\"https:\/\/www.yoschimoto.com\/polish-fashion-designer\/wp-content\/uploads\/2024\/10\/SAORI-Black-Waves-7-scaled.jpg\",\"width\":1707,\"height\":2560},{\"@type\":\"BreadcrumbList\",\"@id\":\"https:\/\/www.yoschimoto.com\/polish-fashion-designer\/pl\/produkt\/kimono-saori-black-waves\/#breadcrumb\",\"itemListElement\":[{\"@type\":\"ListItem\",\"position\":1,\"name\":\"Home\",\"item\":\"https:\/\/www.yoschimoto.com\/polish-fashion-designer\/pl\/polska-projektantka-mody-od-kimona-po-wieceja\/\"},{\"@type\":\"ListItem\",\"position\":2,\"name\":\"Sklep\",\"item\":\"https:\/\/www.yoschimoto.com\/polish-fashion-designer\/pl\/sklep\/\"},{\"@type\":\"ListItem\",\"position\":3,\"name\":\"kimono SAORI Black Waves\"}]},{\"@type\":\"WebSite\",\"@id\":\"https:\/\/www.yoschimoto.com\/polish-fashion-designer\/pl\/#website\",\"url\":\"https:\/\/www.yoschimoto.com\/polish-fashion-designer\/pl\/\",\"name\":\"YOSCHIMOTO | High Fashion Store\",\"description\":\"Polish Fashion Designer\",\"publisher\":{\"@id\":\"https:\/\/www.yoschimoto.com\/polish-fashion-designer\/pl\/#organization\"},\"potentialAction\":[{\"@type\":\"SearchAction\",\"target\":{\"@type\":\"EntryPoint\",\"urlTemplate\":\"https:\/\/www.yoschimoto.com\/polish-fashion-designer\/pl\/?s={search_term_string}\"},\"query-input\":{\"@type\":\"PropertyValueSpecification\",\"valueRequired\":true,\"valueName\":\"search_term_string\"}}],\"inLanguage\":\"pl-PL\"},{\"@type\":\"Organization\",\"@id\":\"https:\/\/www.yoschimoto.com\/polish-fashion-designer\/pl\/#organization\",\"name\":\"YOSCHIMOTO | High Fashion Store\",\"url\":\"https:\/\/www.yoschimoto.com\/polish-fashion-designer\/pl\/\",\"logo\":{\"@type\":\"ImageObject\",\"inLanguage\":\"pl-PL\",\"@id\":\"https:\/\/www.yoschimoto.com\/polish-fashion-designer\/pl\/#\/schema\/logo\/image\/\",\"url\":\"https:\/\/www.yoschimoto.com\/polish-fashion-designer\/wp-content\/uploads\/2025\/03\/YOSCHIMOTO-high-fashion-clothing-store.svg\",\"contentUrl\":\"https:\/\/www.yoschimoto.com\/polish-fashion-designer\/wp-content\/uploads\/2025\/03\/YOSCHIMOTO-high-fashion-clothing-store.svg\",\"width\":350,\"height\":100,\"caption\":\"YOSCHIMOTO | High Fashion Store\"},\"image\":{\"@id\":\"https:\/\/www.yoschimoto.com\/polish-fashion-designer\/pl\/#\/schema\/logo\/image\/\"}}]}<\/script>\n<meta property=\"og:availability\" content=\"instock\" \/>\n<meta property=\"product:availability\" content=\"instock\" \/>\n<meta property=\"product:condition\" content=\"new\" \/>\n<!-- \/ Yoast SEO plugin. -->","yoast_head_json":{"title":"kimono SAORI Black Waves - YOSCHIMOTO | High Fashion Store","description":"Poznaj kimono SAORI w kolorze Black Waves, wykonane z lej\u0105cej wiskozy z czarno-bia\u0142ym wzorem w fale. Posiada wszechstronne wi\u0105zania dla wielu opcji stylizacji, r\u0119kawy z mankietami i funkcjonalne kieszenie boczne. Dost\u0119pny w rozmiarach XS\/S, M, oraz L\/XL. Idealny do dodania elegancji i wyrafinowania do ka\u017cdego looku!","robots":{"index":"index","follow":"follow","max-snippet":"max-snippet:-1","max-image-preview":"max-image-preview:large","max-video-preview":"max-video-preview:-1"},"canonical":"https:\/\/www.yoschimoto.com\/polish-fashion-designer\/pl\/produkt\/kimono-saori-black-waves\/","og_locale":"pl_PL","og_type":"article","og_title":"kimono SAORI Black Waves - YOSCHIMOTO | High Fashion Store","og_description":"Poznaj kimono SAORI w kolorze Black Waves, wykonane z lej\u0105cej wiskozy z czarno-bia\u0142ym wzorem w fale. Posiada wszechstronne wi\u0105zania dla wielu opcji stylizacji, r\u0119kawy z mankietami i funkcjonalne kieszenie boczne. Dost\u0119pny w rozmiarach XS\/S, M, oraz L\/XL. Idealny do dodania elegancji i wyrafinowania do ka\u017cdego looku!","og_url":"https:\/\/www.yoschimoto.com\/polish-fashion-designer\/pl\/produkt\/kimono-saori-black-waves\/","og_site_name":"YOSCHIMOTO | High Fashion Store","og_image":[{"width":1707,"height":2560,"url":"https:\/\/www.yoschimoto.com\/polish-fashion-designer\/wp-content\/uploads\/2024\/10\/SAORI-Black-Waves-7-scaled.jpg","type":"image\/jpeg"}],"twitter_card":"summary_large_image","twitter_misc":{"Dost\u0119pno\u015b\u0107":"Dost\u0119pny"},"schema":{"@context":"https:\/\/schema.org","@graph":[{"@type":"WebPage","@id":"https:\/\/www.yoschimoto.com\/polish-fashion-designer\/pl\/produkt\/kimono-saori-black-waves\/","url":"https:\/\/www.yoschimoto.com\/polish-fashion-designer\/pl\/produkt\/kimono-saori-black-waves\/","name":"kimono SAORI Black Waves - YOSCHIMOTO | High Fashion Store","isPartOf":{"@id":"https:\/\/www.yoschimoto.com\/polish-fashion-designer\/pl\/#website"},"primaryImageOfPage":{"@id":"https:\/\/www.yoschimoto.com\/polish-fashion-designer\/pl\/produkt\/kimono-saori-black-waves\/#primaryimage"},"image":{"@id":"https:\/\/www.yoschimoto.com\/polish-fashion-designer\/pl\/produkt\/kimono-saori-black-waves\/#primaryimage"},"thumbnailUrl":"https:\/\/www.yoschimoto.com\/polish-fashion-designer\/wp-content\/uploads\/2024\/10\/SAORI-Black-Waves-7-scaled.jpg","datePublished":"2024-10-22T18:36:30+00:00","description":"Poznaj kimono SAORI w kolorze Black Waves, wykonane z lej\u0105cej wiskozy z czarno-bia\u0142ym wzorem w fale. Posiada wszechstronne wi\u0105zania dla wielu opcji stylizacji, r\u0119kawy z mankietami i funkcjonalne kieszenie boczne. Dost\u0119pny w rozmiarach XS\/S, M, oraz L\/XL. Idealny do dodania elegancji i wyrafinowania do ka\u017cdego looku!","breadcrumb":{"@id":"https:\/\/www.yoschimoto.com\/polish-fashion-designer\/pl\/produkt\/kimono-saori-black-waves\/#breadcrumb"},"inLanguage":"pl-PL","potentialAction":[{"@type":"ReadAction","target":["https:\/\/www.yoschimoto.com\/polish-fashion-designer\/pl\/produkt\/kimono-saori-black-waves\/"]}]},{"@type":"ImageObject","inLanguage":"pl-PL","@id":"https:\/\/www.yoschimoto.com\/polish-fashion-designer\/pl\/produkt\/kimono-saori-black-waves\/#primaryimage","url":"https:\/\/www.yoschimoto.com\/polish-fashion-designer\/wp-content\/uploads\/2024\/10\/SAORI-Black-Waves-7-scaled.jpg","contentUrl":"https:\/\/www.yoschimoto.com\/polish-fashion-designer\/wp-content\/uploads\/2024\/10\/SAORI-Black-Waves-7-scaled.jpg","width":1707,"height":2560},{"@type":"BreadcrumbList","@id":"https:\/\/www.yoschimoto.com\/polish-fashion-designer\/pl\/produkt\/kimono-saori-black-waves\/#breadcrumb","itemListElement":[{"@type":"ListItem","position":1,"name":"Home","item":"https:\/\/www.yoschimoto.com\/polish-fashion-designer\/pl\/polska-projektantka-mody-od-kimona-po-wieceja\/"},{"@type":"ListItem","position":2,"name":"Sklep","item":"https:\/\/www.yoschimoto.com\/polish-fashion-designer\/pl\/sklep\/"},{"@type":"ListItem","position":3,"name":"kimono SAORI Black Waves"}]},{"@type":"WebSite","@id":"https:\/\/www.yoschimoto.com\/polish-fashion-designer\/pl\/#website","url":"https:\/\/www.yoschimoto.com\/polish-fashion-designer\/pl\/","name":"YOSCHIMOTO | High Fashion Store","description":"Polish Fashion Designer","publisher":{"@id":"https:\/\/www.yoschimoto.com\/polish-fashion-designer\/pl\/#organization"},"potentialAction":[{"@type":"SearchAction","target":{"@type":"EntryPoint","urlTemplate":"https:\/\/www.yoschimoto.com\/polish-fashion-designer\/pl\/?s={search_term_string}"},"query-input":{"@type":"PropertyValueSpecification","valueRequired":true,"valueName":"search_term_string"}}],"inLanguage":"pl-PL"},{"@type":"Organization","@id":"https:\/\/www.yoschimoto.com\/polish-fashion-designer\/pl\/#organization","name":"YOSCHIMOTO | High Fashion Store","url":"https:\/\/www.yoschimoto.com\/polish-fashion-designer\/pl\/","logo":{"@type":"ImageObject","inLanguage":"pl-PL","@id":"https:\/\/www.yoschimoto.com\/polish-fashion-designer\/pl\/#\/schema\/logo\/image\/","url":"https:\/\/www.yoschimoto.com\/polish-fashion-designer\/wp-content\/uploads\/2025\/03\/YOSCHIMOTO-high-fashion-clothing-store.svg","contentUrl":"https:\/\/www.yoschimoto.com\/polish-fashion-designer\/wp-content\/uploads\/2025\/03\/YOSCHIMOTO-high-fashion-clothing-store.svg","width":350,"height":100,"caption":"YOSCHIMOTO | High Fashion Store"},"image":{"@id":"https:\/\/www.yoschimoto.com\/polish-fashion-designer\/pl\/#\/schema\/logo\/image\/"}}]},"og_availability":"instock","product_availability":"instock","product_condition":"new"},"_links":{"self":[{"href":"https:\/\/www.yoschimoto.com\/polish-fashion-designer\/pl\/wp-json\/wp\/v2\/product\/992669","targetHints":{"allow":["GET"]}}],"collection":[{"href":"https:\/\/www.yoschimoto.com\/polish-fashion-designer\/pl\/wp-json\/wp\/v2\/product"}],"about":[{"href":"https:\/\/www.yoschimoto.com\/polish-fashion-designer\/pl\/wp-json\/wp\/v2\/types\/product"}],"wp:featuredmedia":[{"embeddable":true,"href":"https:\/\/www.yoschimoto.com\/polish-fashion-designer\/pl\/wp-json\/wp\/v2\/media\/991178"}],"wp:attachment":[{"href":"https:\/\/www.yoschimoto.com\/polish-fashion-designer\/pl\/wp-json\/wp\/v2\/media?parent=992669"}],"wp:term":[{"taxonomy":"product_brand","embeddable":true,"href":"https:\/\/www.yoschimoto.com\/polish-fashion-designer\/pl\/wp-json\/wp\/v2\/product_brand?post=992669"},{"taxonomy":"product_cat","embeddable":true,"href":"https:\/\/www.yoschimoto.com\/polish-fashion-designer\/pl\/wp-json\/wp\/v2\/product_cat?post=992669"},{"taxonomy":"product_tag","embeddable":true,"href":"https:\/\/www.yoschimoto.com\/polish-fashion-designer\/pl\/wp-json\/wp\/v2\/product_tag?post=992669"}],"curies":[{"name":"wp","href":"https:\/\/api.w.org\/{rel}","templated":true}]}}