{"id":992559,"date":"2024-10-22T20:22:36","date_gmt":"2024-10-22T18:22:36","guid":{"rendered":"https:\/\/www.yoschimoto.com\/polish-fashion-designer\/product\/kimono-saorini-baby-beige\/"},"modified":"2024-10-22T20:22:36","modified_gmt":"2024-10-22T18:22:36","slug":"kimono-saorini-baby-beige","status":"publish","type":"product","link":"https:\/\/www.yoschimoto.com\/polish-fashion-designer\/pl\/produkt\/kimono-saorini-baby-beige\/","title":{"rendered":"kimono SAORINI Baby Beige"},"content":{"rendered":"<div class=\"vgblk-rw-wrapper limit-wrapper\">\n<p class=\"Normalny tm5\">kimono SAORINI Baby Beige<\/p>\n<p class=\"Normalny tm5\">Przedstawiamy kimono SAORINI, kr\u00f3tsz\u0105 wersj\u0119 kimona SAORI, idealn\u0105 do stylowego nak\u0142adania warstw.<\/p>\n<p class=\"Normalny tm5\">Elegancki materia\u0142: Wykonany z wiskozy o subtelnym po\u0142ysku, kolor Baby Beige oferuje delikatn\u0105 nut\u0119 r\u00f3\u017cu dla wyrafinowanego wygl\u0105du.<\/p>\n<p class=\"Normalny tm5\">Strukturalny design: Nieco grubszy, ch\u0142odny materia\u0142 pi\u0119knie si\u0119 uk\u0142ada i zachowuje sw\u00f3j kszta\u0142t.<\/p>\n<p class=\"Normalny tm5\">Wszechstronne wi\u0105zanie: Posiada boczne wi\u0105zania, kt\u00f3re mo\u017cna zawi\u0105za\u0107 na wiele sposob\u00f3w &#8211; z ty\u0142u, z przodu lub w formie owini\u0119cia, aby uzyska\u0107 inny wygl\u0105d.<\/p>\n<p class=\"Normalny tm5\">Stylowe detale: R\u0119kawy s\u0105 wyko\u0144czone mankietami, kt\u00f3re dodaj\u0105 lekko\u015bci, poprawiaj\u0105c drapowanie i dopasowanie.<\/p>\n<p class=\"Normalny tm5\">Cechy praktyczne: Wygodne kieszenie w szwach bocznych na wysoko\u015bci bioder.<\/p>\n<p class=\"Normalny tm5\">Dost\u0119pne rozmiary:<br \/>\n&#8211; XS\/S, M, oraz L\/XL<\/p>\n<\/div>\n<p><!-- .vgblk-rw-wrapper --><\/p>\n","protected":false},"excerpt":{"rendered":"<p class=\"Normalny tm5\">XS\/S:<\/p>\n<p class=\"Normalny tm5\">szeroko\u015b\u0107: 55 cm<\/p>\n<p class=\"Normalny tm5\">d\u0142ugo\u015b\u0107: 92 cm<\/p>\n<p class=\"Normalny tm5\">r\u0119kaw mierzony od szyi: 65 cm<\/p>\n<p class=\"Normalny tm5\">M:<\/p>\n<p class=\"Normalny tm5\">szeroko\u015b\u0107: 62 cm<\/p>\n<p class=\"Normalny tm5\">d\u0142ugo\u015b\u0107: 92 cm<\/p>\n<p class=\"Normalny tm5\">r\u0119kaw mierzony od szyi: 66 cm<\/p>\n<p class=\"Normalny tm5\">L\/XL:<\/p>\n<p class=\"Normalny tm5\">szeroko\u015b\u0107: 68 cm<\/p>\n<p class=\"Normalny tm5\">d\u0142ugo\u015b\u0107: 92 cm<\/p>\n<p class=\"Normalny tm5\">r\u0119kaw mierzony od szyi: 68 cm<\/p>\n<p class=\"Normalny tm5\">Modelka ma na sobie rozmiar M, pasuj\u0105cy do sylwetki w rozmiarze 38 o wymiarach 92-75-98 cm i wzro\u015bcie 175 cm.<\/p>\n<p class=\"Normalny tm5\">Sk\u0142ad:<br \/>\n&#8211; 100% wiskoza<\/p>\n<p class=\"Normalny tm5\">Wzboga\u0107 swoj\u0105 garderob\u0119 o kimono SAORINI w kolorze Baby Beige, oferuj\u0105ce elegancj\u0119 i wszechstronno\u015b\u0107 na ka\u017cd\u0105 okazj\u0119.<\/p>\n","protected":false},"featured_media":991137,"template":"","meta":{"om_disable_all_campaigns":false,"inline_featured_image":false,"_mi_skip_tracking":false,"_monsterinsights_sitenote_active":false,"_monsterinsights_sitenote_note":"","_monsterinsights_sitenote_category":0,"_uf_show_specific_survey":0,"_uf_disable_surveys":false},"product_brand":[],"product_cat":[414,413,412],"product_tag":[484,488,483,450],"class_list":{"0":"post-992559","1":"product","2":"type-product","3":"status-publish","4":"has-post-thumbnail","6":"product_cat-kimona-pl","7":"product_cat-kimona-i-zakiety","8":"product_cat-ready-to-wear-pl","9":"product_tag-kimono-saorini","10":"product_tag-kremowe-kimono","11":"product_tag-krotkie-kimono","12":"product_tag-wiskoza","14":"first","15":"instock","16":"taxable","17":"shipping-taxable","18":"purchasable","19":"product-type-variable"},"yoast_head":"<!-- This site is optimized with the Yoast SEO plugin v24.5 - https:\/\/yoast.com\/wordpress\/plugins\/seo\/ -->\n<title>kimono SAORINI Baby Beige - YOSCHIMOTO | High Fashion Store<\/title>\n<meta name=\"description\" content=\"Odkryj kimono SAORINI w kolorze Baby Beige, uniwersalny i elegancki model wykonany z subtelnie po\u0142yskuj\u0105cej wiskozy. Dzi\u0119ki wszechstronnym wi\u0105zaniom do stylizacji, r\u0119kawom z mankietami i wygodnym kieszeniom, to kimono oferuje zar\u00f3wno styl, jak i funkcjonalno\u015b\u0107. Dost\u0119pny w rozmiarach XS\/S, M, oraz L\/XL. Idealne do podkr\u0119cenia ka\u017cdego zestawu!\" \/>\n<meta name=\"robots\" content=\"index, follow, max-snippet:-1, max-image-preview:large, max-video-preview:-1\" \/>\n<link rel=\"canonical\" href=\"https:\/\/www.yoschimoto.com\/polish-fashion-designer\/pl\/produkt\/kimono-saorini-baby-beige\/\" \/>\n<meta property=\"og:locale\" content=\"pl_PL\" \/>\n<meta property=\"og:type\" content=\"article\" \/>\n<meta property=\"og:title\" content=\"kimono SAORINI Baby Beige - YOSCHIMOTO | High Fashion Store\" \/>\n<meta property=\"og:description\" content=\"Odkryj kimono SAORINI w kolorze Baby Beige, uniwersalny i elegancki model wykonany z subtelnie po\u0142yskuj\u0105cej wiskozy. Dzi\u0119ki wszechstronnym wi\u0105zaniom do stylizacji, r\u0119kawom z mankietami i wygodnym kieszeniom, to kimono oferuje zar\u00f3wno styl, jak i funkcjonalno\u015b\u0107. Dost\u0119pny w rozmiarach XS\/S, M, oraz L\/XL. Idealne do podkr\u0119cenia ka\u017cdego zestawu!\" \/>\n<meta property=\"og:url\" content=\"https:\/\/www.yoschimoto.com\/polish-fashion-designer\/pl\/produkt\/kimono-saorini-baby-beige\/\" \/>\n<meta property=\"og:site_name\" content=\"YOSCHIMOTO | High Fashion Store\" \/>\n<meta property=\"og:image\" content=\"https:\/\/www.yoschimoto.com\/polish-fashion-designer\/wp-content\/uploads\/2024\/10\/SAORINI-Baby-Beige-4-scaled.jpg\" \/>\n\t<meta property=\"og:image:width\" content=\"1707\" \/>\n\t<meta property=\"og:image:height\" content=\"2560\" \/>\n\t<meta property=\"og:image:type\" content=\"image\/jpeg\" \/>\n<meta name=\"twitter:card\" content=\"summary_large_image\" \/>\n<meta name=\"twitter:label1\" content=\"Dost\u0119pno\u015b\u0107\" \/>\n\t<meta name=\"twitter:data1\" content=\"Dost\u0119pny\" \/>\n<script type=\"application\/ld+json\" class=\"yoast-schema-graph\">{\"@context\":\"https:\/\/schema.org\",\"@graph\":[{\"@type\":\"WebPage\",\"@id\":\"https:\/\/www.yoschimoto.com\/polish-fashion-designer\/pl\/produkt\/kimono-saorini-baby-beige\/\",\"url\":\"https:\/\/www.yoschimoto.com\/polish-fashion-designer\/pl\/produkt\/kimono-saorini-baby-beige\/\",\"name\":\"kimono SAORINI Baby Beige - YOSCHIMOTO | High Fashion Store\",\"isPartOf\":{\"@id\":\"https:\/\/www.yoschimoto.com\/polish-fashion-designer\/pl\/#website\"},\"primaryImageOfPage\":{\"@id\":\"https:\/\/www.yoschimoto.com\/polish-fashion-designer\/pl\/produkt\/kimono-saorini-baby-beige\/#primaryimage\"},\"image\":{\"@id\":\"https:\/\/www.yoschimoto.com\/polish-fashion-designer\/pl\/produkt\/kimono-saorini-baby-beige\/#primaryimage\"},\"thumbnailUrl\":\"https:\/\/www.yoschimoto.com\/polish-fashion-designer\/wp-content\/uploads\/2024\/10\/SAORINI-Baby-Beige-4-scaled.jpg\",\"datePublished\":\"2024-10-22T18:22:36+00:00\",\"description\":\"Odkryj kimono SAORINI w kolorze Baby Beige, uniwersalny i elegancki model wykonany z subtelnie po\u0142yskuj\u0105cej wiskozy. Dzi\u0119ki wszechstronnym wi\u0105zaniom do stylizacji, r\u0119kawom z mankietami i wygodnym kieszeniom, to kimono oferuje zar\u00f3wno styl, jak i funkcjonalno\u015b\u0107. Dost\u0119pny w rozmiarach XS\/S, M, oraz L\/XL. Idealne do podkr\u0119cenia ka\u017cdego zestawu!\",\"breadcrumb\":{\"@id\":\"https:\/\/www.yoschimoto.com\/polish-fashion-designer\/pl\/produkt\/kimono-saorini-baby-beige\/#breadcrumb\"},\"inLanguage\":\"pl-PL\",\"potentialAction\":[{\"@type\":\"ReadAction\",\"target\":[\"https:\/\/www.yoschimoto.com\/polish-fashion-designer\/pl\/produkt\/kimono-saorini-baby-beige\/\"]}]},{\"@type\":\"ImageObject\",\"inLanguage\":\"pl-PL\",\"@id\":\"https:\/\/www.yoschimoto.com\/polish-fashion-designer\/pl\/produkt\/kimono-saorini-baby-beige\/#primaryimage\",\"url\":\"https:\/\/www.yoschimoto.com\/polish-fashion-designer\/wp-content\/uploads\/2024\/10\/SAORINI-Baby-Beige-4-scaled.jpg\",\"contentUrl\":\"https:\/\/www.yoschimoto.com\/polish-fashion-designer\/wp-content\/uploads\/2024\/10\/SAORINI-Baby-Beige-4-scaled.jpg\",\"width\":1707,\"height\":2560},{\"@type\":\"BreadcrumbList\",\"@id\":\"https:\/\/www.yoschimoto.com\/polish-fashion-designer\/pl\/produkt\/kimono-saorini-baby-beige\/#breadcrumb\",\"itemListElement\":[{\"@type\":\"ListItem\",\"position\":1,\"name\":\"Home\",\"item\":\"https:\/\/www.yoschimoto.com\/polish-fashion-designer\/pl\/polska-projektantka-mody-od-kimona-po-wieceja\/\"},{\"@type\":\"ListItem\",\"position\":2,\"name\":\"Sklep\",\"item\":\"https:\/\/www.yoschimoto.com\/polish-fashion-designer\/pl\/sklep\/\"},{\"@type\":\"ListItem\",\"position\":3,\"name\":\"kimono SAORINI Baby Beige\"}]},{\"@type\":\"WebSite\",\"@id\":\"https:\/\/www.yoschimoto.com\/polish-fashion-designer\/pl\/#website\",\"url\":\"https:\/\/www.yoschimoto.com\/polish-fashion-designer\/pl\/\",\"name\":\"YOSCHIMOTO | High Fashion Store\",\"description\":\"Polish Fashion Designer\",\"publisher\":{\"@id\":\"https:\/\/www.yoschimoto.com\/polish-fashion-designer\/pl\/#organization\"},\"potentialAction\":[{\"@type\":\"SearchAction\",\"target\":{\"@type\":\"EntryPoint\",\"urlTemplate\":\"https:\/\/www.yoschimoto.com\/polish-fashion-designer\/pl\/?s={search_term_string}\"},\"query-input\":{\"@type\":\"PropertyValueSpecification\",\"valueRequired\":true,\"valueName\":\"search_term_string\"}}],\"inLanguage\":\"pl-PL\"},{\"@type\":\"Organization\",\"@id\":\"https:\/\/www.yoschimoto.com\/polish-fashion-designer\/pl\/#organization\",\"name\":\"YOSCHIMOTO | High Fashion Store\",\"url\":\"https:\/\/www.yoschimoto.com\/polish-fashion-designer\/pl\/\",\"logo\":{\"@type\":\"ImageObject\",\"inLanguage\":\"pl-PL\",\"@id\":\"https:\/\/www.yoschimoto.com\/polish-fashion-designer\/pl\/#\/schema\/logo\/image\/\",\"url\":\"https:\/\/www.yoschimoto.com\/polish-fashion-designer\/wp-content\/uploads\/2025\/03\/YOSCHIMOTO-high-fashion-clothing-store.svg\",\"contentUrl\":\"https:\/\/www.yoschimoto.com\/polish-fashion-designer\/wp-content\/uploads\/2025\/03\/YOSCHIMOTO-high-fashion-clothing-store.svg\",\"width\":350,\"height\":100,\"caption\":\"YOSCHIMOTO | High Fashion Store\"},\"image\":{\"@id\":\"https:\/\/www.yoschimoto.com\/polish-fashion-designer\/pl\/#\/schema\/logo\/image\/\"}}]}<\/script>\n<meta property=\"og:availability\" content=\"instock\" \/>\n<meta property=\"product:availability\" content=\"instock\" \/>\n<meta property=\"product:condition\" content=\"new\" \/>\n<!-- \/ Yoast SEO plugin. -->","yoast_head_json":{"title":"kimono SAORINI Baby Beige - YOSCHIMOTO | High Fashion Store","description":"Odkryj kimono SAORINI w kolorze Baby Beige, uniwersalny i elegancki model wykonany z subtelnie po\u0142yskuj\u0105cej wiskozy. Dzi\u0119ki wszechstronnym wi\u0105zaniom do stylizacji, r\u0119kawom z mankietami i wygodnym kieszeniom, to kimono oferuje zar\u00f3wno styl, jak i funkcjonalno\u015b\u0107. Dost\u0119pny w rozmiarach XS\/S, M, oraz L\/XL. Idealne do podkr\u0119cenia ka\u017cdego zestawu!","robots":{"index":"index","follow":"follow","max-snippet":"max-snippet:-1","max-image-preview":"max-image-preview:large","max-video-preview":"max-video-preview:-1"},"canonical":"https:\/\/www.yoschimoto.com\/polish-fashion-designer\/pl\/produkt\/kimono-saorini-baby-beige\/","og_locale":"pl_PL","og_type":"article","og_title":"kimono SAORINI Baby Beige - YOSCHIMOTO | High Fashion Store","og_description":"Odkryj kimono SAORINI w kolorze Baby Beige, uniwersalny i elegancki model wykonany z subtelnie po\u0142yskuj\u0105cej wiskozy. Dzi\u0119ki wszechstronnym wi\u0105zaniom do stylizacji, r\u0119kawom z mankietami i wygodnym kieszeniom, to kimono oferuje zar\u00f3wno styl, jak i funkcjonalno\u015b\u0107. Dost\u0119pny w rozmiarach XS\/S, M, oraz L\/XL. Idealne do podkr\u0119cenia ka\u017cdego zestawu!","og_url":"https:\/\/www.yoschimoto.com\/polish-fashion-designer\/pl\/produkt\/kimono-saorini-baby-beige\/","og_site_name":"YOSCHIMOTO | High Fashion Store","og_image":[{"width":1707,"height":2560,"url":"https:\/\/www.yoschimoto.com\/polish-fashion-designer\/wp-content\/uploads\/2024\/10\/SAORINI-Baby-Beige-4-scaled.jpg","type":"image\/jpeg"}],"twitter_card":"summary_large_image","twitter_misc":{"Dost\u0119pno\u015b\u0107":"Dost\u0119pny"},"schema":{"@context":"https:\/\/schema.org","@graph":[{"@type":"WebPage","@id":"https:\/\/www.yoschimoto.com\/polish-fashion-designer\/pl\/produkt\/kimono-saorini-baby-beige\/","url":"https:\/\/www.yoschimoto.com\/polish-fashion-designer\/pl\/produkt\/kimono-saorini-baby-beige\/","name":"kimono SAORINI Baby Beige - YOSCHIMOTO | High Fashion Store","isPartOf":{"@id":"https:\/\/www.yoschimoto.com\/polish-fashion-designer\/pl\/#website"},"primaryImageOfPage":{"@id":"https:\/\/www.yoschimoto.com\/polish-fashion-designer\/pl\/produkt\/kimono-saorini-baby-beige\/#primaryimage"},"image":{"@id":"https:\/\/www.yoschimoto.com\/polish-fashion-designer\/pl\/produkt\/kimono-saorini-baby-beige\/#primaryimage"},"thumbnailUrl":"https:\/\/www.yoschimoto.com\/polish-fashion-designer\/wp-content\/uploads\/2024\/10\/SAORINI-Baby-Beige-4-scaled.jpg","datePublished":"2024-10-22T18:22:36+00:00","description":"Odkryj kimono SAORINI w kolorze Baby Beige, uniwersalny i elegancki model wykonany z subtelnie po\u0142yskuj\u0105cej wiskozy. Dzi\u0119ki wszechstronnym wi\u0105zaniom do stylizacji, r\u0119kawom z mankietami i wygodnym kieszeniom, to kimono oferuje zar\u00f3wno styl, jak i funkcjonalno\u015b\u0107. Dost\u0119pny w rozmiarach XS\/S, M, oraz L\/XL. Idealne do podkr\u0119cenia ka\u017cdego zestawu!","breadcrumb":{"@id":"https:\/\/www.yoschimoto.com\/polish-fashion-designer\/pl\/produkt\/kimono-saorini-baby-beige\/#breadcrumb"},"inLanguage":"pl-PL","potentialAction":[{"@type":"ReadAction","target":["https:\/\/www.yoschimoto.com\/polish-fashion-designer\/pl\/produkt\/kimono-saorini-baby-beige\/"]}]},{"@type":"ImageObject","inLanguage":"pl-PL","@id":"https:\/\/www.yoschimoto.com\/polish-fashion-designer\/pl\/produkt\/kimono-saorini-baby-beige\/#primaryimage","url":"https:\/\/www.yoschimoto.com\/polish-fashion-designer\/wp-content\/uploads\/2024\/10\/SAORINI-Baby-Beige-4-scaled.jpg","contentUrl":"https:\/\/www.yoschimoto.com\/polish-fashion-designer\/wp-content\/uploads\/2024\/10\/SAORINI-Baby-Beige-4-scaled.jpg","width":1707,"height":2560},{"@type":"BreadcrumbList","@id":"https:\/\/www.yoschimoto.com\/polish-fashion-designer\/pl\/produkt\/kimono-saorini-baby-beige\/#breadcrumb","itemListElement":[{"@type":"ListItem","position":1,"name":"Home","item":"https:\/\/www.yoschimoto.com\/polish-fashion-designer\/pl\/polska-projektantka-mody-od-kimona-po-wieceja\/"},{"@type":"ListItem","position":2,"name":"Sklep","item":"https:\/\/www.yoschimoto.com\/polish-fashion-designer\/pl\/sklep\/"},{"@type":"ListItem","position":3,"name":"kimono SAORINI Baby Beige"}]},{"@type":"WebSite","@id":"https:\/\/www.yoschimoto.com\/polish-fashion-designer\/pl\/#website","url":"https:\/\/www.yoschimoto.com\/polish-fashion-designer\/pl\/","name":"YOSCHIMOTO | High Fashion Store","description":"Polish Fashion Designer","publisher":{"@id":"https:\/\/www.yoschimoto.com\/polish-fashion-designer\/pl\/#organization"},"potentialAction":[{"@type":"SearchAction","target":{"@type":"EntryPoint","urlTemplate":"https:\/\/www.yoschimoto.com\/polish-fashion-designer\/pl\/?s={search_term_string}"},"query-input":{"@type":"PropertyValueSpecification","valueRequired":true,"valueName":"search_term_string"}}],"inLanguage":"pl-PL"},{"@type":"Organization","@id":"https:\/\/www.yoschimoto.com\/polish-fashion-designer\/pl\/#organization","name":"YOSCHIMOTO | High Fashion Store","url":"https:\/\/www.yoschimoto.com\/polish-fashion-designer\/pl\/","logo":{"@type":"ImageObject","inLanguage":"pl-PL","@id":"https:\/\/www.yoschimoto.com\/polish-fashion-designer\/pl\/#\/schema\/logo\/image\/","url":"https:\/\/www.yoschimoto.com\/polish-fashion-designer\/wp-content\/uploads\/2025\/03\/YOSCHIMOTO-high-fashion-clothing-store.svg","contentUrl":"https:\/\/www.yoschimoto.com\/polish-fashion-designer\/wp-content\/uploads\/2025\/03\/YOSCHIMOTO-high-fashion-clothing-store.svg","width":350,"height":100,"caption":"YOSCHIMOTO | High Fashion Store"},"image":{"@id":"https:\/\/www.yoschimoto.com\/polish-fashion-designer\/pl\/#\/schema\/logo\/image\/"}}]},"og_availability":"instock","product_availability":"instock","product_condition":"new"},"_links":{"self":[{"href":"https:\/\/www.yoschimoto.com\/polish-fashion-designer\/pl\/wp-json\/wp\/v2\/product\/992559","targetHints":{"allow":["GET"]}}],"collection":[{"href":"https:\/\/www.yoschimoto.com\/polish-fashion-designer\/pl\/wp-json\/wp\/v2\/product"}],"about":[{"href":"https:\/\/www.yoschimoto.com\/polish-fashion-designer\/pl\/wp-json\/wp\/v2\/types\/product"}],"wp:featuredmedia":[{"embeddable":true,"href":"https:\/\/www.yoschimoto.com\/polish-fashion-designer\/pl\/wp-json\/wp\/v2\/media\/991137"}],"wp:attachment":[{"href":"https:\/\/www.yoschimoto.com\/polish-fashion-designer\/pl\/wp-json\/wp\/v2\/media?parent=992559"}],"wp:term":[{"taxonomy":"product_brand","embeddable":true,"href":"https:\/\/www.yoschimoto.com\/polish-fashion-designer\/pl\/wp-json\/wp\/v2\/product_brand?post=992559"},{"taxonomy":"product_cat","embeddable":true,"href":"https:\/\/www.yoschimoto.com\/polish-fashion-designer\/pl\/wp-json\/wp\/v2\/product_cat?post=992559"},{"taxonomy":"product_tag","embeddable":true,"href":"https:\/\/www.yoschimoto.com\/polish-fashion-designer\/pl\/wp-json\/wp\/v2\/product_tag?post=992559"}],"curies":[{"name":"wp","href":"https:\/\/api.w.org\/{rel}","templated":true}]}}