{"id":992490,"date":"2024-10-21T19:59:15","date_gmt":"2024-10-21T17:59:15","guid":{"rendered":"https:\/\/www.yoschimoto.com\/polish-fashion-designer\/product\/kurtka-nao-chocolate-glaze\/"},"modified":"2024-10-21T19:59:15","modified_gmt":"2024-10-21T17:59:15","slug":"kurtka-nao-chocolate-glaze","status":"publish","type":"product","link":"https:\/\/www.yoschimoto.com\/polish-fashion-designer\/pl\/produkt\/kurtka-nao-chocolate-glaze\/","title":{"rendered":"kurtka NAO Chocolate Glaze"},"content":{"rendered":"<div class=\"vgblk-rw-wrapper limit-wrapper\">\n<p class=\"Normalny tm5\">kurtka NAO Chocolate Glaze<\/p>\n<p class=\"Normalny tm5\">Przedstawiamy kurtk\u0119 NAO, charakteryzuj\u0105c\u0105 si\u0119 prostym, ale efektownym prostym krojem z efektownym, oversize&#8217;owym efektem dzi\u0119ki unikalnemu plisowanemu detalowi z ty\u0142u kurtki.<\/p>\n<p class=\"Normalny tm5\">Elegancki design: Raglanowe r\u0119kawy zako\u0144czone ozdobnymi mankietami w nadgarstkach zapewniaj\u0105 wyrafinowany wygl\u0105d.<\/p>\n<p class=\"Normalny tm5\">Klasyczne elementy: Posiada wywini\u0119ty ko\u0142nierz przypominaj\u0105cy klasyczny trencz, z otwartym przodem zapewniaj\u0105cym swobodny styl.<\/p>\n<p class=\"Normalny tm5\">Wewn\u0119trzne wyko\u0144czenie: Wyko\u0144czona stylowym wi\u0105zaniem od wewn\u0105trz, nadaj\u0105cym jej wyrafinowany wygl\u0105d.<\/p>\n<p class=\"Normalny tm5\">Wyj\u0105tkowy materia\u0142: Wersja Chocolate Glaze jest wykonana z br\u0105zowego laminowanego lnu, oferuj\u0105cego subtelny, ale efektowny po\u0142ysk.<\/p>\n<p class=\"Normalny tm5\">Ta limitowana seria kurtek NAO Chocolate Glaze Jacket zosta\u0142a wyprodukowana w zaledwie kilku egzemplarzach, co czyni j\u0105 wyj\u0105tkowym dodatkiem do Twojej garderoby.<\/p>\n<p class=\"Normalny tm5\">Dodaj odrobin\u0119 elegancji i wyj\u0105tkowo\u015bci dzi\u0119ki kurtce NAO.<\/p>\n<p class=\"Normalny tm5\">Dost\u0119pna w rozmiarze ONE SIZE.<\/p>\n<p>&nbsp;<\/p><\/div>\n<p><!-- .vgblk-rw-wrapper --><\/p>\n","protected":false},"excerpt":{"rendered":"<p class=\"Normalny tm5\">Wymiary:<\/p>\n<p class=\"Normalny tm5\"><strong><span class=\"tm6\"> <\/span><\/strong><\/p>\n<p class=\"Normalny tm5\">szeroko\u015b\u0107: 58 cm<\/p>\n<p class=\"Normalny tm5\">d\u0142ugo\u015b\u0107: 50 cm<\/p>\n<p class=\"Normalny tm5\">r\u0119kaw od ramienia: 60 cm<\/p>\n<p class=\"Normalny tm5\">Materia\u0142: 100% wiskoza<\/p>\n<p class=\"Normalny tm5\">Rekomendowane pranie chemiczne<\/p>\n","protected":false},"featured_media":991010,"template":"","meta":{"om_disable_all_campaigns":false,"inline_featured_image":false,"_mi_skip_tracking":false,"_monsterinsights_sitenote_active":false,"_monsterinsights_sitenote_note":"","_monsterinsights_sitenote_category":0,"_uf_show_specific_survey":0,"_uf_disable_surveys":false},"product_brand":[],"product_cat":[462,414,413,475,412],"product_tag":[470,476,477,478,422],"class_list":{"0":"post-992490","1":"product","2":"type-product","3":"status-publish","4":"has-post-thumbnail","6":"product_cat-day-and-night-pl","7":"product_cat-kimona-pl","8":"product_cat-kimona-i-zakiety","9":"product_cat-okrycia-wierzchnie","10":"product_cat-ready-to-wear-pl","11":"product_tag-kimono-pl","12":"product_tag-kimonowy-zakiet","13":"product_tag-kolekcja-eunoia","14":"product_tag-kolekcja-limitowana","15":"product_tag-zakard","17":"first","18":"instock","19":"taxable","20":"shipping-taxable","21":"purchasable","22":"product-type-simple"},"yoast_head":"<!-- This site is optimized with the Yoast SEO plugin v24.5 - https:\/\/yoast.com\/wordpress\/plugins\/seo\/ -->\n<title>kurtka NAO Chocolate Glaze - YOSCHIMOTO | High Fashion Store<\/title>\n<meta name=\"description\" content=\"Odkryj edycj\u0119 kurtki NAO w kolorze czekoladowym, charakteryzuj\u0105c\u0105 si\u0119 prostym krojem z efektown\u0105 plis\u0105 dla efektu oversize. Wykonana z br\u0105zowego laminowanego lnu dla subtelnego po\u0142ysku, ma raglanowe r\u0119kawy z ozdobnymi mankietami i klasyczny ko\u0142nierz w stylu trencza. Dodaj elegancji i ekskluzywno\u015bci do swojej garderoby!\" \/>\n<meta name=\"robots\" content=\"index, follow, max-snippet:-1, max-image-preview:large, max-video-preview:-1\" \/>\n<link rel=\"canonical\" href=\"https:\/\/www.yoschimoto.com\/polish-fashion-designer\/pl\/produkt\/kurtka-nao-chocolate-glaze\/\" \/>\n<meta property=\"og:locale\" content=\"pl_PL\" \/>\n<meta property=\"og:type\" content=\"article\" \/>\n<meta property=\"og:title\" content=\"kurtka NAO Chocolate Glaze - YOSCHIMOTO | High Fashion Store\" \/>\n<meta property=\"og:description\" content=\"Odkryj edycj\u0119 kurtki NAO w kolorze czekoladowym, charakteryzuj\u0105c\u0105 si\u0119 prostym krojem z efektown\u0105 plis\u0105 dla efektu oversize. Wykonana z br\u0105zowego laminowanego lnu dla subtelnego po\u0142ysku, ma raglanowe r\u0119kawy z ozdobnymi mankietami i klasyczny ko\u0142nierz w stylu trencza. Dodaj elegancji i ekskluzywno\u015bci do swojej garderoby!\" \/>\n<meta property=\"og:url\" content=\"https:\/\/www.yoschimoto.com\/polish-fashion-designer\/pl\/produkt\/kurtka-nao-chocolate-glaze\/\" \/>\n<meta property=\"og:site_name\" content=\"YOSCHIMOTO | High Fashion Store\" \/>\n<meta property=\"og:image\" content=\"https:\/\/www.yoschimoto.com\/polish-fashion-designer\/wp-content\/uploads\/2024\/10\/NAO-Chocolate-Glaze-jacket-1.jpg\" \/>\n\t<meta property=\"og:image:width\" content=\"1707\" \/>\n\t<meta property=\"og:image:height\" content=\"2560\" \/>\n\t<meta property=\"og:image:type\" content=\"image\/jpeg\" \/>\n<meta name=\"twitter:card\" content=\"summary_large_image\" \/>\n<meta name=\"twitter:label1\" content=\"Cena\" \/>\n\t<meta name=\"twitter:data1\" content=\"639,00&nbsp;&#122;&#322;\" \/>\n\t<meta name=\"twitter:label2\" content=\"Dost\u0119pno\u015b\u0107\" \/>\n\t<meta name=\"twitter:data2\" content=\"Dost\u0119pny\" \/>\n<script type=\"application\/ld+json\" class=\"yoast-schema-graph\">{\"@context\":\"https:\/\/schema.org\",\"@graph\":[{\"@type\":\"WebPage\",\"@id\":\"https:\/\/www.yoschimoto.com\/polish-fashion-designer\/pl\/produkt\/kurtka-nao-chocolate-glaze\/\",\"url\":\"https:\/\/www.yoschimoto.com\/polish-fashion-designer\/pl\/produkt\/kurtka-nao-chocolate-glaze\/\",\"name\":\"kurtka NAO Chocolate Glaze - YOSCHIMOTO | High Fashion Store\",\"isPartOf\":{\"@id\":\"https:\/\/www.yoschimoto.com\/polish-fashion-designer\/pl\/#website\"},\"primaryImageOfPage\":{\"@id\":\"https:\/\/www.yoschimoto.com\/polish-fashion-designer\/pl\/produkt\/kurtka-nao-chocolate-glaze\/#primaryimage\"},\"image\":{\"@id\":\"https:\/\/www.yoschimoto.com\/polish-fashion-designer\/pl\/produkt\/kurtka-nao-chocolate-glaze\/#primaryimage\"},\"thumbnailUrl\":\"https:\/\/www.yoschimoto.com\/polish-fashion-designer\/wp-content\/uploads\/2024\/10\/NAO-Chocolate-Glaze-jacket-1.jpg\",\"datePublished\":\"2024-10-21T17:59:15+00:00\",\"description\":\"Odkryj edycj\u0119 kurtki NAO w kolorze czekoladowym, charakteryzuj\u0105c\u0105 si\u0119 prostym krojem z efektown\u0105 plis\u0105 dla efektu oversize. Wykonana z br\u0105zowego laminowanego lnu dla subtelnego po\u0142ysku, ma raglanowe r\u0119kawy z ozdobnymi mankietami i klasyczny ko\u0142nierz w stylu trencza. Dodaj elegancji i ekskluzywno\u015bci do swojej garderoby!\",\"breadcrumb\":{\"@id\":\"https:\/\/www.yoschimoto.com\/polish-fashion-designer\/pl\/produkt\/kurtka-nao-chocolate-glaze\/#breadcrumb\"},\"inLanguage\":\"pl-PL\",\"potentialAction\":[{\"@type\":\"ReadAction\",\"target\":[\"https:\/\/www.yoschimoto.com\/polish-fashion-designer\/pl\/produkt\/kurtka-nao-chocolate-glaze\/\"]}]},{\"@type\":\"ImageObject\",\"inLanguage\":\"pl-PL\",\"@id\":\"https:\/\/www.yoschimoto.com\/polish-fashion-designer\/pl\/produkt\/kurtka-nao-chocolate-glaze\/#primaryimage\",\"url\":\"https:\/\/www.yoschimoto.com\/polish-fashion-designer\/wp-content\/uploads\/2024\/10\/NAO-Chocolate-Glaze-jacket-1.jpg\",\"contentUrl\":\"https:\/\/www.yoschimoto.com\/polish-fashion-designer\/wp-content\/uploads\/2024\/10\/NAO-Chocolate-Glaze-jacket-1.jpg\",\"width\":1707,\"height\":2560},{\"@type\":\"BreadcrumbList\",\"@id\":\"https:\/\/www.yoschimoto.com\/polish-fashion-designer\/pl\/produkt\/kurtka-nao-chocolate-glaze\/#breadcrumb\",\"itemListElement\":[{\"@type\":\"ListItem\",\"position\":1,\"name\":\"Home\",\"item\":\"https:\/\/www.yoschimoto.com\/polish-fashion-designer\/pl\/polska-projektantka-mody-od-kimona-po-wieceja\/\"},{\"@type\":\"ListItem\",\"position\":2,\"name\":\"Sklep\",\"item\":\"https:\/\/www.yoschimoto.com\/polish-fashion-designer\/pl\/sklep\/\"},{\"@type\":\"ListItem\",\"position\":3,\"name\":\"kurtka NAO Chocolate Glaze\"}]},{\"@type\":\"WebSite\",\"@id\":\"https:\/\/www.yoschimoto.com\/polish-fashion-designer\/pl\/#website\",\"url\":\"https:\/\/www.yoschimoto.com\/polish-fashion-designer\/pl\/\",\"name\":\"YOSCHIMOTO | High Fashion Store\",\"description\":\"Polish Fashion Designer\",\"publisher\":{\"@id\":\"https:\/\/www.yoschimoto.com\/polish-fashion-designer\/pl\/#organization\"},\"potentialAction\":[{\"@type\":\"SearchAction\",\"target\":{\"@type\":\"EntryPoint\",\"urlTemplate\":\"https:\/\/www.yoschimoto.com\/polish-fashion-designer\/pl\/?s={search_term_string}\"},\"query-input\":{\"@type\":\"PropertyValueSpecification\",\"valueRequired\":true,\"valueName\":\"search_term_string\"}}],\"inLanguage\":\"pl-PL\"},{\"@type\":\"Organization\",\"@id\":\"https:\/\/www.yoschimoto.com\/polish-fashion-designer\/pl\/#organization\",\"name\":\"YOSCHIMOTO | High Fashion Store\",\"url\":\"https:\/\/www.yoschimoto.com\/polish-fashion-designer\/pl\/\",\"logo\":{\"@type\":\"ImageObject\",\"inLanguage\":\"pl-PL\",\"@id\":\"https:\/\/www.yoschimoto.com\/polish-fashion-designer\/pl\/#\/schema\/logo\/image\/\",\"url\":\"https:\/\/www.yoschimoto.com\/polish-fashion-designer\/wp-content\/uploads\/2025\/03\/YOSCHIMOTO-high-fashion-clothing-store.svg\",\"contentUrl\":\"https:\/\/www.yoschimoto.com\/polish-fashion-designer\/wp-content\/uploads\/2025\/03\/YOSCHIMOTO-high-fashion-clothing-store.svg\",\"width\":350,\"height\":100,\"caption\":\"YOSCHIMOTO | High Fashion Store\"},\"image\":{\"@id\":\"https:\/\/www.yoschimoto.com\/polish-fashion-designer\/pl\/#\/schema\/logo\/image\/\"}}]}<\/script>\n<meta property=\"product:price:amount\" content=\"639.00\" \/>\n<meta property=\"product:price:currency\" content=\"PLN\" \/>\n<meta property=\"og:availability\" content=\"instock\" \/>\n<meta property=\"product:availability\" content=\"instock\" \/>\n<meta property=\"product:condition\" content=\"new\" \/>\n<!-- \/ Yoast SEO plugin. -->","yoast_head_json":{"title":"kurtka NAO Chocolate Glaze - YOSCHIMOTO | High Fashion Store","description":"Odkryj edycj\u0119 kurtki NAO w kolorze czekoladowym, charakteryzuj\u0105c\u0105 si\u0119 prostym krojem z efektown\u0105 plis\u0105 dla efektu oversize. Wykonana z br\u0105zowego laminowanego lnu dla subtelnego po\u0142ysku, ma raglanowe r\u0119kawy z ozdobnymi mankietami i klasyczny ko\u0142nierz w stylu trencza. Dodaj elegancji i ekskluzywno\u015bci do swojej garderoby!","robots":{"index":"index","follow":"follow","max-snippet":"max-snippet:-1","max-image-preview":"max-image-preview:large","max-video-preview":"max-video-preview:-1"},"canonical":"https:\/\/www.yoschimoto.com\/polish-fashion-designer\/pl\/produkt\/kurtka-nao-chocolate-glaze\/","og_locale":"pl_PL","og_type":"article","og_title":"kurtka NAO Chocolate Glaze - YOSCHIMOTO | High Fashion Store","og_description":"Odkryj edycj\u0119 kurtki NAO w kolorze czekoladowym, charakteryzuj\u0105c\u0105 si\u0119 prostym krojem z efektown\u0105 plis\u0105 dla efektu oversize. Wykonana z br\u0105zowego laminowanego lnu dla subtelnego po\u0142ysku, ma raglanowe r\u0119kawy z ozdobnymi mankietami i klasyczny ko\u0142nierz w stylu trencza. Dodaj elegancji i ekskluzywno\u015bci do swojej garderoby!","og_url":"https:\/\/www.yoschimoto.com\/polish-fashion-designer\/pl\/produkt\/kurtka-nao-chocolate-glaze\/","og_site_name":"YOSCHIMOTO | High Fashion Store","og_image":[{"width":1707,"height":2560,"url":"https:\/\/www.yoschimoto.com\/polish-fashion-designer\/wp-content\/uploads\/2024\/10\/NAO-Chocolate-Glaze-jacket-1.jpg","type":"image\/jpeg"}],"twitter_card":"summary_large_image","twitter_misc":{"Cena":"639,00&nbsp;&#122;&#322;","Dost\u0119pno\u015b\u0107":"Dost\u0119pny"},"schema":{"@context":"https:\/\/schema.org","@graph":[{"@type":"WebPage","@id":"https:\/\/www.yoschimoto.com\/polish-fashion-designer\/pl\/produkt\/kurtka-nao-chocolate-glaze\/","url":"https:\/\/www.yoschimoto.com\/polish-fashion-designer\/pl\/produkt\/kurtka-nao-chocolate-glaze\/","name":"kurtka NAO Chocolate Glaze - YOSCHIMOTO | High Fashion Store","isPartOf":{"@id":"https:\/\/www.yoschimoto.com\/polish-fashion-designer\/pl\/#website"},"primaryImageOfPage":{"@id":"https:\/\/www.yoschimoto.com\/polish-fashion-designer\/pl\/produkt\/kurtka-nao-chocolate-glaze\/#primaryimage"},"image":{"@id":"https:\/\/www.yoschimoto.com\/polish-fashion-designer\/pl\/produkt\/kurtka-nao-chocolate-glaze\/#primaryimage"},"thumbnailUrl":"https:\/\/www.yoschimoto.com\/polish-fashion-designer\/wp-content\/uploads\/2024\/10\/NAO-Chocolate-Glaze-jacket-1.jpg","datePublished":"2024-10-21T17:59:15+00:00","description":"Odkryj edycj\u0119 kurtki NAO w kolorze czekoladowym, charakteryzuj\u0105c\u0105 si\u0119 prostym krojem z efektown\u0105 plis\u0105 dla efektu oversize. Wykonana z br\u0105zowego laminowanego lnu dla subtelnego po\u0142ysku, ma raglanowe r\u0119kawy z ozdobnymi mankietami i klasyczny ko\u0142nierz w stylu trencza. Dodaj elegancji i ekskluzywno\u015bci do swojej garderoby!","breadcrumb":{"@id":"https:\/\/www.yoschimoto.com\/polish-fashion-designer\/pl\/produkt\/kurtka-nao-chocolate-glaze\/#breadcrumb"},"inLanguage":"pl-PL","potentialAction":[{"@type":"ReadAction","target":["https:\/\/www.yoschimoto.com\/polish-fashion-designer\/pl\/produkt\/kurtka-nao-chocolate-glaze\/"]}]},{"@type":"ImageObject","inLanguage":"pl-PL","@id":"https:\/\/www.yoschimoto.com\/polish-fashion-designer\/pl\/produkt\/kurtka-nao-chocolate-glaze\/#primaryimage","url":"https:\/\/www.yoschimoto.com\/polish-fashion-designer\/wp-content\/uploads\/2024\/10\/NAO-Chocolate-Glaze-jacket-1.jpg","contentUrl":"https:\/\/www.yoschimoto.com\/polish-fashion-designer\/wp-content\/uploads\/2024\/10\/NAO-Chocolate-Glaze-jacket-1.jpg","width":1707,"height":2560},{"@type":"BreadcrumbList","@id":"https:\/\/www.yoschimoto.com\/polish-fashion-designer\/pl\/produkt\/kurtka-nao-chocolate-glaze\/#breadcrumb","itemListElement":[{"@type":"ListItem","position":1,"name":"Home","item":"https:\/\/www.yoschimoto.com\/polish-fashion-designer\/pl\/polska-projektantka-mody-od-kimona-po-wieceja\/"},{"@type":"ListItem","position":2,"name":"Sklep","item":"https:\/\/www.yoschimoto.com\/polish-fashion-designer\/pl\/sklep\/"},{"@type":"ListItem","position":3,"name":"kurtka NAO Chocolate Glaze"}]},{"@type":"WebSite","@id":"https:\/\/www.yoschimoto.com\/polish-fashion-designer\/pl\/#website","url":"https:\/\/www.yoschimoto.com\/polish-fashion-designer\/pl\/","name":"YOSCHIMOTO | High Fashion Store","description":"Polish Fashion Designer","publisher":{"@id":"https:\/\/www.yoschimoto.com\/polish-fashion-designer\/pl\/#organization"},"potentialAction":[{"@type":"SearchAction","target":{"@type":"EntryPoint","urlTemplate":"https:\/\/www.yoschimoto.com\/polish-fashion-designer\/pl\/?s={search_term_string}"},"query-input":{"@type":"PropertyValueSpecification","valueRequired":true,"valueName":"search_term_string"}}],"inLanguage":"pl-PL"},{"@type":"Organization","@id":"https:\/\/www.yoschimoto.com\/polish-fashion-designer\/pl\/#organization","name":"YOSCHIMOTO | High Fashion Store","url":"https:\/\/www.yoschimoto.com\/polish-fashion-designer\/pl\/","logo":{"@type":"ImageObject","inLanguage":"pl-PL","@id":"https:\/\/www.yoschimoto.com\/polish-fashion-designer\/pl\/#\/schema\/logo\/image\/","url":"https:\/\/www.yoschimoto.com\/polish-fashion-designer\/wp-content\/uploads\/2025\/03\/YOSCHIMOTO-high-fashion-clothing-store.svg","contentUrl":"https:\/\/www.yoschimoto.com\/polish-fashion-designer\/wp-content\/uploads\/2025\/03\/YOSCHIMOTO-high-fashion-clothing-store.svg","width":350,"height":100,"caption":"YOSCHIMOTO | High Fashion Store"},"image":{"@id":"https:\/\/www.yoschimoto.com\/polish-fashion-designer\/pl\/#\/schema\/logo\/image\/"}}]},"product_price_amount":"639.00","product_price_currency":"PLN","og_availability":"instock","product_availability":"instock","product_condition":"new"},"_links":{"self":[{"href":"https:\/\/www.yoschimoto.com\/polish-fashion-designer\/pl\/wp-json\/wp\/v2\/product\/992490","targetHints":{"allow":["GET"]}}],"collection":[{"href":"https:\/\/www.yoschimoto.com\/polish-fashion-designer\/pl\/wp-json\/wp\/v2\/product"}],"about":[{"href":"https:\/\/www.yoschimoto.com\/polish-fashion-designer\/pl\/wp-json\/wp\/v2\/types\/product"}],"wp:featuredmedia":[{"embeddable":true,"href":"https:\/\/www.yoschimoto.com\/polish-fashion-designer\/pl\/wp-json\/wp\/v2\/media\/991010"}],"wp:attachment":[{"href":"https:\/\/www.yoschimoto.com\/polish-fashion-designer\/pl\/wp-json\/wp\/v2\/media?parent=992490"}],"wp:term":[{"taxonomy":"product_brand","embeddable":true,"href":"https:\/\/www.yoschimoto.com\/polish-fashion-designer\/pl\/wp-json\/wp\/v2\/product_brand?post=992490"},{"taxonomy":"product_cat","embeddable":true,"href":"https:\/\/www.yoschimoto.com\/polish-fashion-designer\/pl\/wp-json\/wp\/v2\/product_cat?post=992490"},{"taxonomy":"product_tag","embeddable":true,"href":"https:\/\/www.yoschimoto.com\/polish-fashion-designer\/pl\/wp-json\/wp\/v2\/product_tag?post=992490"}],"curies":[{"name":"wp","href":"https:\/\/api.w.org\/{rel}","templated":true}]}}