{"id":992486,"date":"2024-10-05T19:47:49","date_gmt":"2024-10-05T17:47:49","guid":{"rendered":"https:\/\/www.yoschimoto.com\/polish-fashion-designer\/product\/premium-haftowane-kimono-hitomi-champagne-beige\/"},"modified":"2024-10-05T19:47:49","modified_gmt":"2024-10-05T17:47:49","slug":"premium-haftowane-kimono-hitomi-champagne-beige","status":"publish","type":"product","link":"https:\/\/www.yoschimoto.com\/polish-fashion-designer\/pl\/produkt\/premium-haftowane-kimono-hitomi-champagne-beige\/","title":{"rendered":"PREMIUM: haftowane kimono HITOMI Champagne beige"},"content":{"rendered":"<div class=\"vgblk-rw-wrapper limit-wrapper\">\n<p class=\"Normalny tm5\">haftowane kimono HITOMI Premium<\/p>\n<p class=\"Normalny tm5\">Przedstawiamy pi\u0119knie haftowane kimono HITOMI Premium, wykonane z luksusowej mieszanki wiskozy, bawe\u0142ny i jedwabiu.<\/p>\n<p class=\"Normalny tm5\">Szlachetna paleta kolor\u00f3w: Dzi\u0119ki subtelnej i stonowanej kolorystyce w odcieniach szampa\u0144skiego be\u017cu, jasnego be\u017cu i szaro\u015bci, to kimono dodaje odrobin\u0119 wyrafinowania do ka\u017cdego stroju.<\/p>\n<p class=\"Normalny tm5\">Delikatna podszewka: Wyko\u0144czone mi\u0119kk\u0105, przejrzyst\u0105 wiskozow\u0105 podszewk\u0105 dla dodatkowego komfortu i elegancji.<\/p>\n<p class=\"Normalny tm5\">Uniwersalny kr\u00f3j: To kimono jest otwarte z przodu i regulowane za pomoc\u0105 wi\u0105zania, co pozwala na indywidualne dopasowanie.<\/p>\n<p class=\"Normalny tm5\">\nCechy funkcjonalne: Zawiera ukryte kieszenie na biodrach dla dodatkowej wygody.<\/p>\n<p class=\"Normalny\">\n<p class=\"Normalny tm5\">dost\u0119pne rozmiary: ONE SIZE<\/p>\n<p class=\"Normalny\">\n<\/div>\n<p><!-- .vgblk-rw-wrapper --><\/p>\n","protected":false},"excerpt":{"rendered":"<p class=\"Normalny tm5\">Wymiary kimona:<\/p>\n<p class=\"Normalny tm5\">&#8211; szeroko\u015b\u0107: 61 cm<br \/>\n&#8211; d\u0142ugo\u015b\u0107: 67 cm<br \/>\n&#8211; r\u0119kaw mierzony od ramienia: ok. 60 cm (regulowany za pomoc\u0105 zwijanego mankietu)<\/p>\n<p class=\"Normalny tm5\">Sk\u0142ad:<\/p>\n<p class=\"Normalny tm5\">&#8211; 45% wiskoza<br \/>\n&#8211; 35% bawe\u0142na<br \/>\n&#8211; 20% jedwab<\/p>\n<p class=\"Normalny tm5\">Instrukcje dotycz\u0105ce piel\u0119gnacji: Czy\u015bci\u0107 wy\u0142\u0105cznie chemicznie!<\/p>\n<p class=\"Normalny tm5\">Podkre\u015bl sw\u00f3j styl z haftowanym kimonem HITOMI Premium, idealnym do nak\u0142adania na codzienne lub formalne stroje, aby stworzy\u0107 wyrafinowany i elegancki wygl\u0105d.<\/p>\n<p class=\"Normalny\">\n","protected":false},"featured_media":990578,"template":"","meta":{"om_disable_all_campaigns":false,"inline_featured_image":false,"_mi_skip_tracking":false,"_monsterinsights_sitenote_active":false,"_monsterinsights_sitenote_note":"","_monsterinsights_sitenote_category":0,"_uf_show_specific_survey":0,"_uf_disable_surveys":false},"product_brand":[],"product_cat":[462,414,413,412],"product_tag":[471,472,470,473],"class_list":{"0":"post-992486","1":"product","2":"type-product","3":"status-publish","4":"has-post-thumbnail","6":"product_cat-day-and-night-pl","7":"product_cat-kimona-pl","8":"product_cat-kimona-i-zakiety","9":"product_cat-ready-to-wear-pl","10":"product_tag-haft","11":"product_tag-haftowane-kimono","12":"product_tag-kimono-pl","13":"product_tag-kolekcja-premium","15":"first","16":"instock","17":"sale","18":"taxable","19":"shipping-taxable","20":"purchasable","21":"product-type-simple"},"yoast_head":"<!-- This site is optimized with the Yoast SEO plugin v24.5 - https:\/\/yoast.com\/wordpress\/plugins\/seo\/ -->\n<title>PREMIUM: haftowane kimono HITOMI Champagne beige - YOSCHIMOTO | High Fashion Store<\/title>\n<meta name=\"description\" content=\"Odkryj HITOMI Premium Embroidered Kimono, wykonane z luksusowej mieszanki wiskozy, bawe\u0142ny i jedwabiu. To kimono z otwartym przodem, utrzymane w subtelnej kolorystyce szampa\u0144skiego be\u017cu i szaro\u015bci, ma delikatn\u0105 podszewk\u0119 i wygodne kieszenie na biodrach. Rozmiar uniwersalny Wzboga\u0107 swoj\u0105 garderob\u0119 wyrafinowanym stylem! Tylko czyszczenie chemiczne.\" \/>\n<meta name=\"robots\" content=\"index, follow, max-snippet:-1, max-image-preview:large, max-video-preview:-1\" \/>\n<link rel=\"canonical\" href=\"https:\/\/www.yoschimoto.com\/polish-fashion-designer\/pl\/produkt\/premium-haftowane-kimono-hitomi-champagne-beige\/\" \/>\n<meta property=\"og:locale\" content=\"pl_PL\" \/>\n<meta property=\"og:type\" content=\"article\" \/>\n<meta property=\"og:title\" content=\"PREMIUM: haftowane kimono HITOMI Champagne beige - YOSCHIMOTO | High Fashion Store\" \/>\n<meta property=\"og:description\" content=\"Odkryj HITOMI Premium Embroidered Kimono, wykonane z luksusowej mieszanki wiskozy, bawe\u0142ny i jedwabiu. To kimono z otwartym przodem, utrzymane w subtelnej kolorystyce szampa\u0144skiego be\u017cu i szaro\u015bci, ma delikatn\u0105 podszewk\u0119 i wygodne kieszenie na biodrach. Rozmiar uniwersalny Wzboga\u0107 swoj\u0105 garderob\u0119 wyrafinowanym stylem! Tylko czyszczenie chemiczne.\" \/>\n<meta property=\"og:url\" content=\"https:\/\/www.yoschimoto.com\/polish-fashion-designer\/pl\/produkt\/premium-haftowane-kimono-hitomi-champagne-beige\/\" \/>\n<meta property=\"og:site_name\" content=\"YOSCHIMOTO | High Fashion Store\" \/>\n<meta property=\"og:image\" content=\"https:\/\/www.yoschimoto.com\/polish-fashion-designer\/wp-content\/uploads\/2024\/10\/HITOMI-PREMIUM-3-scaled.jpg\" \/>\n\t<meta property=\"og:image:width\" content=\"1707\" \/>\n\t<meta property=\"og:image:height\" content=\"2560\" \/>\n\t<meta property=\"og:image:type\" content=\"image\/jpeg\" \/>\n<meta name=\"twitter:card\" content=\"summary_large_image\" \/>\n<meta name=\"twitter:label1\" content=\"Cena\" \/>\n\t<meta name=\"twitter:data1\" content=\"699,00&nbsp;&#122;&#322;\" \/>\n\t<meta name=\"twitter:label2\" content=\"Dost\u0119pno\u015b\u0107\" \/>\n\t<meta name=\"twitter:data2\" content=\"Dost\u0119pny\" \/>\n<script type=\"application\/ld+json\" class=\"yoast-schema-graph\">{\"@context\":\"https:\/\/schema.org\",\"@graph\":[{\"@type\":\"WebPage\",\"@id\":\"https:\/\/www.yoschimoto.com\/polish-fashion-designer\/pl\/produkt\/premium-haftowane-kimono-hitomi-champagne-beige\/\",\"url\":\"https:\/\/www.yoschimoto.com\/polish-fashion-designer\/pl\/produkt\/premium-haftowane-kimono-hitomi-champagne-beige\/\",\"name\":\"PREMIUM: haftowane kimono HITOMI Champagne beige - YOSCHIMOTO | High Fashion Store\",\"isPartOf\":{\"@id\":\"https:\/\/www.yoschimoto.com\/polish-fashion-designer\/pl\/#website\"},\"primaryImageOfPage\":{\"@id\":\"https:\/\/www.yoschimoto.com\/polish-fashion-designer\/pl\/produkt\/premium-haftowane-kimono-hitomi-champagne-beige\/#primaryimage\"},\"image\":{\"@id\":\"https:\/\/www.yoschimoto.com\/polish-fashion-designer\/pl\/produkt\/premium-haftowane-kimono-hitomi-champagne-beige\/#primaryimage\"},\"thumbnailUrl\":\"https:\/\/www.yoschimoto.com\/polish-fashion-designer\/wp-content\/uploads\/2024\/10\/HITOMI-PREMIUM-3-scaled.jpg\",\"datePublished\":\"2024-10-05T17:47:49+00:00\",\"description\":\"Odkryj HITOMI Premium Embroidered Kimono, wykonane z luksusowej mieszanki wiskozy, bawe\u0142ny i jedwabiu. To kimono z otwartym przodem, utrzymane w subtelnej kolorystyce szampa\u0144skiego be\u017cu i szaro\u015bci, ma delikatn\u0105 podszewk\u0119 i wygodne kieszenie na biodrach. Rozmiar uniwersalny Wzboga\u0107 swoj\u0105 garderob\u0119 wyrafinowanym stylem! Tylko czyszczenie chemiczne.\",\"breadcrumb\":{\"@id\":\"https:\/\/www.yoschimoto.com\/polish-fashion-designer\/pl\/produkt\/premium-haftowane-kimono-hitomi-champagne-beige\/#breadcrumb\"},\"inLanguage\":\"pl-PL\",\"potentialAction\":[{\"@type\":\"ReadAction\",\"target\":[\"https:\/\/www.yoschimoto.com\/polish-fashion-designer\/pl\/produkt\/premium-haftowane-kimono-hitomi-champagne-beige\/\"]}]},{\"@type\":\"ImageObject\",\"inLanguage\":\"pl-PL\",\"@id\":\"https:\/\/www.yoschimoto.com\/polish-fashion-designer\/pl\/produkt\/premium-haftowane-kimono-hitomi-champagne-beige\/#primaryimage\",\"url\":\"https:\/\/www.yoschimoto.com\/polish-fashion-designer\/wp-content\/uploads\/2024\/10\/HITOMI-PREMIUM-3-scaled.jpg\",\"contentUrl\":\"https:\/\/www.yoschimoto.com\/polish-fashion-designer\/wp-content\/uploads\/2024\/10\/HITOMI-PREMIUM-3-scaled.jpg\",\"width\":1707,\"height\":2560},{\"@type\":\"BreadcrumbList\",\"@id\":\"https:\/\/www.yoschimoto.com\/polish-fashion-designer\/pl\/produkt\/premium-haftowane-kimono-hitomi-champagne-beige\/#breadcrumb\",\"itemListElement\":[{\"@type\":\"ListItem\",\"position\":1,\"name\":\"Home\",\"item\":\"https:\/\/www.yoschimoto.com\/polish-fashion-designer\/pl\/polska-projektantka-mody-od-kimona-po-wieceja\/\"},{\"@type\":\"ListItem\",\"position\":2,\"name\":\"Sklep\",\"item\":\"https:\/\/www.yoschimoto.com\/polish-fashion-designer\/pl\/sklep\/\"},{\"@type\":\"ListItem\",\"position\":3,\"name\":\"PREMIUM: haftowane kimono HITOMI Champagne beige\"}]},{\"@type\":\"WebSite\",\"@id\":\"https:\/\/www.yoschimoto.com\/polish-fashion-designer\/pl\/#website\",\"url\":\"https:\/\/www.yoschimoto.com\/polish-fashion-designer\/pl\/\",\"name\":\"YOSCHIMOTO | High Fashion Store\",\"description\":\"Polish Fashion Designer\",\"publisher\":{\"@id\":\"https:\/\/www.yoschimoto.com\/polish-fashion-designer\/pl\/#organization\"},\"potentialAction\":[{\"@type\":\"SearchAction\",\"target\":{\"@type\":\"EntryPoint\",\"urlTemplate\":\"https:\/\/www.yoschimoto.com\/polish-fashion-designer\/pl\/?s={search_term_string}\"},\"query-input\":{\"@type\":\"PropertyValueSpecification\",\"valueRequired\":true,\"valueName\":\"search_term_string\"}}],\"inLanguage\":\"pl-PL\"},{\"@type\":\"Organization\",\"@id\":\"https:\/\/www.yoschimoto.com\/polish-fashion-designer\/pl\/#organization\",\"name\":\"YOSCHIMOTO | High Fashion Store\",\"url\":\"https:\/\/www.yoschimoto.com\/polish-fashion-designer\/pl\/\",\"logo\":{\"@type\":\"ImageObject\",\"inLanguage\":\"pl-PL\",\"@id\":\"https:\/\/www.yoschimoto.com\/polish-fashion-designer\/pl\/#\/schema\/logo\/image\/\",\"url\":\"https:\/\/www.yoschimoto.com\/polish-fashion-designer\/wp-content\/uploads\/2025\/03\/YOSCHIMOTO-high-fashion-clothing-store.svg\",\"contentUrl\":\"https:\/\/www.yoschimoto.com\/polish-fashion-designer\/wp-content\/uploads\/2025\/03\/YOSCHIMOTO-high-fashion-clothing-store.svg\",\"width\":350,\"height\":100,\"caption\":\"YOSCHIMOTO | High Fashion Store\"},\"image\":{\"@id\":\"https:\/\/www.yoschimoto.com\/polish-fashion-designer\/pl\/#\/schema\/logo\/image\/\"}}]}<\/script>\n<meta property=\"product:price:amount\" content=\"699.00\" \/>\n<meta property=\"product:price:currency\" content=\"PLN\" \/>\n<meta property=\"og:availability\" content=\"instock\" \/>\n<meta property=\"product:availability\" content=\"instock\" \/>\n<meta property=\"product:condition\" content=\"new\" \/>\n<!-- \/ Yoast SEO plugin. -->","yoast_head_json":{"title":"PREMIUM: haftowane kimono HITOMI Champagne beige - YOSCHIMOTO | High Fashion Store","description":"Odkryj HITOMI Premium Embroidered Kimono, wykonane z luksusowej mieszanki wiskozy, bawe\u0142ny i jedwabiu. To kimono z otwartym przodem, utrzymane w subtelnej kolorystyce szampa\u0144skiego be\u017cu i szaro\u015bci, ma delikatn\u0105 podszewk\u0119 i wygodne kieszenie na biodrach. Rozmiar uniwersalny Wzboga\u0107 swoj\u0105 garderob\u0119 wyrafinowanym stylem! Tylko czyszczenie chemiczne.","robots":{"index":"index","follow":"follow","max-snippet":"max-snippet:-1","max-image-preview":"max-image-preview:large","max-video-preview":"max-video-preview:-1"},"canonical":"https:\/\/www.yoschimoto.com\/polish-fashion-designer\/pl\/produkt\/premium-haftowane-kimono-hitomi-champagne-beige\/","og_locale":"pl_PL","og_type":"article","og_title":"PREMIUM: haftowane kimono HITOMI Champagne beige - YOSCHIMOTO | High Fashion Store","og_description":"Odkryj HITOMI Premium Embroidered Kimono, wykonane z luksusowej mieszanki wiskozy, bawe\u0142ny i jedwabiu. To kimono z otwartym przodem, utrzymane w subtelnej kolorystyce szampa\u0144skiego be\u017cu i szaro\u015bci, ma delikatn\u0105 podszewk\u0119 i wygodne kieszenie na biodrach. Rozmiar uniwersalny Wzboga\u0107 swoj\u0105 garderob\u0119 wyrafinowanym stylem! Tylko czyszczenie chemiczne.","og_url":"https:\/\/www.yoschimoto.com\/polish-fashion-designer\/pl\/produkt\/premium-haftowane-kimono-hitomi-champagne-beige\/","og_site_name":"YOSCHIMOTO | High Fashion Store","og_image":[{"width":1707,"height":2560,"url":"https:\/\/www.yoschimoto.com\/polish-fashion-designer\/wp-content\/uploads\/2024\/10\/HITOMI-PREMIUM-3-scaled.jpg","type":"image\/jpeg"}],"twitter_card":"summary_large_image","twitter_misc":{"Cena":"699,00&nbsp;&#122;&#322;","Dost\u0119pno\u015b\u0107":"Dost\u0119pny"},"schema":{"@context":"https:\/\/schema.org","@graph":[{"@type":"WebPage","@id":"https:\/\/www.yoschimoto.com\/polish-fashion-designer\/pl\/produkt\/premium-haftowane-kimono-hitomi-champagne-beige\/","url":"https:\/\/www.yoschimoto.com\/polish-fashion-designer\/pl\/produkt\/premium-haftowane-kimono-hitomi-champagne-beige\/","name":"PREMIUM: haftowane kimono HITOMI Champagne beige - YOSCHIMOTO | High Fashion Store","isPartOf":{"@id":"https:\/\/www.yoschimoto.com\/polish-fashion-designer\/pl\/#website"},"primaryImageOfPage":{"@id":"https:\/\/www.yoschimoto.com\/polish-fashion-designer\/pl\/produkt\/premium-haftowane-kimono-hitomi-champagne-beige\/#primaryimage"},"image":{"@id":"https:\/\/www.yoschimoto.com\/polish-fashion-designer\/pl\/produkt\/premium-haftowane-kimono-hitomi-champagne-beige\/#primaryimage"},"thumbnailUrl":"https:\/\/www.yoschimoto.com\/polish-fashion-designer\/wp-content\/uploads\/2024\/10\/HITOMI-PREMIUM-3-scaled.jpg","datePublished":"2024-10-05T17:47:49+00:00","description":"Odkryj HITOMI Premium Embroidered Kimono, wykonane z luksusowej mieszanki wiskozy, bawe\u0142ny i jedwabiu. To kimono z otwartym przodem, utrzymane w subtelnej kolorystyce szampa\u0144skiego be\u017cu i szaro\u015bci, ma delikatn\u0105 podszewk\u0119 i wygodne kieszenie na biodrach. Rozmiar uniwersalny Wzboga\u0107 swoj\u0105 garderob\u0119 wyrafinowanym stylem! Tylko czyszczenie chemiczne.","breadcrumb":{"@id":"https:\/\/www.yoschimoto.com\/polish-fashion-designer\/pl\/produkt\/premium-haftowane-kimono-hitomi-champagne-beige\/#breadcrumb"},"inLanguage":"pl-PL","potentialAction":[{"@type":"ReadAction","target":["https:\/\/www.yoschimoto.com\/polish-fashion-designer\/pl\/produkt\/premium-haftowane-kimono-hitomi-champagne-beige\/"]}]},{"@type":"ImageObject","inLanguage":"pl-PL","@id":"https:\/\/www.yoschimoto.com\/polish-fashion-designer\/pl\/produkt\/premium-haftowane-kimono-hitomi-champagne-beige\/#primaryimage","url":"https:\/\/www.yoschimoto.com\/polish-fashion-designer\/wp-content\/uploads\/2024\/10\/HITOMI-PREMIUM-3-scaled.jpg","contentUrl":"https:\/\/www.yoschimoto.com\/polish-fashion-designer\/wp-content\/uploads\/2024\/10\/HITOMI-PREMIUM-3-scaled.jpg","width":1707,"height":2560},{"@type":"BreadcrumbList","@id":"https:\/\/www.yoschimoto.com\/polish-fashion-designer\/pl\/produkt\/premium-haftowane-kimono-hitomi-champagne-beige\/#breadcrumb","itemListElement":[{"@type":"ListItem","position":1,"name":"Home","item":"https:\/\/www.yoschimoto.com\/polish-fashion-designer\/pl\/polska-projektantka-mody-od-kimona-po-wieceja\/"},{"@type":"ListItem","position":2,"name":"Sklep","item":"https:\/\/www.yoschimoto.com\/polish-fashion-designer\/pl\/sklep\/"},{"@type":"ListItem","position":3,"name":"PREMIUM: haftowane kimono HITOMI Champagne beige"}]},{"@type":"WebSite","@id":"https:\/\/www.yoschimoto.com\/polish-fashion-designer\/pl\/#website","url":"https:\/\/www.yoschimoto.com\/polish-fashion-designer\/pl\/","name":"YOSCHIMOTO | High Fashion Store","description":"Polish Fashion Designer","publisher":{"@id":"https:\/\/www.yoschimoto.com\/polish-fashion-designer\/pl\/#organization"},"potentialAction":[{"@type":"SearchAction","target":{"@type":"EntryPoint","urlTemplate":"https:\/\/www.yoschimoto.com\/polish-fashion-designer\/pl\/?s={search_term_string}"},"query-input":{"@type":"PropertyValueSpecification","valueRequired":true,"valueName":"search_term_string"}}],"inLanguage":"pl-PL"},{"@type":"Organization","@id":"https:\/\/www.yoschimoto.com\/polish-fashion-designer\/pl\/#organization","name":"YOSCHIMOTO | High Fashion Store","url":"https:\/\/www.yoschimoto.com\/polish-fashion-designer\/pl\/","logo":{"@type":"ImageObject","inLanguage":"pl-PL","@id":"https:\/\/www.yoschimoto.com\/polish-fashion-designer\/pl\/#\/schema\/logo\/image\/","url":"https:\/\/www.yoschimoto.com\/polish-fashion-designer\/wp-content\/uploads\/2025\/03\/YOSCHIMOTO-high-fashion-clothing-store.svg","contentUrl":"https:\/\/www.yoschimoto.com\/polish-fashion-designer\/wp-content\/uploads\/2025\/03\/YOSCHIMOTO-high-fashion-clothing-store.svg","width":350,"height":100,"caption":"YOSCHIMOTO | High Fashion Store"},"image":{"@id":"https:\/\/www.yoschimoto.com\/polish-fashion-designer\/pl\/#\/schema\/logo\/image\/"}}]},"product_price_amount":"699.00","product_price_currency":"PLN","og_availability":"instock","product_availability":"instock","product_condition":"new"},"_links":{"self":[{"href":"https:\/\/www.yoschimoto.com\/polish-fashion-designer\/pl\/wp-json\/wp\/v2\/product\/992486","targetHints":{"allow":["GET"]}}],"collection":[{"href":"https:\/\/www.yoschimoto.com\/polish-fashion-designer\/pl\/wp-json\/wp\/v2\/product"}],"about":[{"href":"https:\/\/www.yoschimoto.com\/polish-fashion-designer\/pl\/wp-json\/wp\/v2\/types\/product"}],"wp:featuredmedia":[{"embeddable":true,"href":"https:\/\/www.yoschimoto.com\/polish-fashion-designer\/pl\/wp-json\/wp\/v2\/media\/990578"}],"wp:attachment":[{"href":"https:\/\/www.yoschimoto.com\/polish-fashion-designer\/pl\/wp-json\/wp\/v2\/media?parent=992486"}],"wp:term":[{"taxonomy":"product_brand","embeddable":true,"href":"https:\/\/www.yoschimoto.com\/polish-fashion-designer\/pl\/wp-json\/wp\/v2\/product_brand?post=992486"},{"taxonomy":"product_cat","embeddable":true,"href":"https:\/\/www.yoschimoto.com\/polish-fashion-designer\/pl\/wp-json\/wp\/v2\/product_cat?post=992486"},{"taxonomy":"product_tag","embeddable":true,"href":"https:\/\/www.yoschimoto.com\/polish-fashion-designer\/pl\/wp-json\/wp\/v2\/product_tag?post=992486"}],"curies":[{"name":"wp","href":"https:\/\/api.w.org\/{rel}","templated":true}]}}