{"id":992475,"date":"2024-10-08T22:26:17","date_gmt":"2024-10-08T20:26:17","guid":{"rendered":"https:\/\/www.yoschimoto.com\/polish-fashion-designer\/product\/kimonowa-koszula-eri-tea-rose\/"},"modified":"2024-10-08T22:26:17","modified_gmt":"2024-10-08T20:26:17","slug":"kimonowa-koszula-eri-tea-rose","status":"publish","type":"product","link":"https:\/\/www.yoschimoto.com\/polish-fashion-designer\/pl\/produkt\/kimonowa-koszula-eri-tea-rose\/","title":{"rendered":"kimonowa koszula ERI Tea Rose"},"content":{"rendered":"<div class=\"vgblk-rw-wrapper limit-wrapper\">\n<p class=\"Normalny tm5\">kimonowa bluzka Eri Tea Rose<\/p>\n<p class=\"Normalny tm5\">\n<p class=\"Normalny tm5\">Przedstawiamy bestsellerow\u0105 bluzk\u0119 Eri Kimono w pi\u0119knym odcieniu herbacianej r\u00f3\u017cy.<\/p>\n<p class=\"Normalny tm5\">\n<p class=\"Normalny tm5\">Luksusowy materia\u0142: Wykonana z wysokiej jako\u015bci satyny wiskozowej, ta bluzka ma bardzo subtelny satynowy po\u0142ysk zapewniaj\u0105cy elegancki wygl\u0105d.<\/p>\n<p class=\"Normalny tm5\">\nSwobodny styl kimono: Lu\u017any, lekko kimonowy kr\u00f3j i zawijany prz\u00f3d zapewniaj\u0105 wszechstronno\u015b\u0107 noszenia.<\/p>\n<p class=\"Normalny tm5\">\nWszechstronny fason: Zainspirowany klasycznym topem kimono, ten otulaj\u0105cy kr\u00f3j zapewnia subtelny, drapowany dekolt, kt\u00f3ry mo\u017cna regulowa\u0107 pod k\u0105tem g\u0142\u0119boko\u015bci, szczeg\u00f3lnie w przypadku pe\u0142niejszego biustu.<\/p>\n<p class=\"Normalny tm5\">\nUniwersalne opcje stylizacji: Mo\u017cna j\u0105 nosi\u0107 rozpi\u0119t\u0105, w\u0142o\u017con\u0105 do spodni lub sp\u00f3dnic, lub zawi\u0105zan\u0105 z przodu, aby uzyska\u0107 stylowy wygl\u0105d topu.<\/p>\n<p class=\"Normalny tm5\">\n<p class=\"Normalny tm5\">Dost\u0119pne rozmiary:<\/p>\n<p class=\"Normalny tm5\">\n&#8211; Standard i PETITE (w\u0119\u017cszy i z kr\u00f3tszymi r\u0119kawami, przeznaczony dla oko\u0142o 160 cm wzrostu).<\/p>\n<p class=\"Normalny\">\n<\/div>\n<p><!-- .vgblk-rw-wrapper --><\/p>\n","protected":false},"excerpt":{"rendered":"<p class=\"Normalny tm5\">Wymiary:<\/p>\n<p class=\"Normalny tm5\">\n<p class=\"Normalny tm5\">REGULAR<\/p>\n<p class=\"Normalny tm5\">szeroko\u015b\u0107: 59 cm<\/p>\n<p class=\"Normalny tm5\">d\u0142ugo\u015b\u0107: 61 cm<\/p>\n<p class=\"Normalny tm5\">r\u0119kaw mierzony od szyi: 75 cm<\/p>\n<p class=\"Normalny tm5\">\n<p class=\"Normalny tm5\">PETITE<\/p>\n<p class=\"Normalny tm5\">szeroko\u015b\u0107: 46 cm<\/p>\n<p class=\"Normalny tm5\">d\u0142ugo\u015b\u0107: 60 cm<\/p>\n<p class=\"Normalny tm5\">r\u0119kaw mierzony od szyi: 67 cm<\/p>\n<p class=\"Normalny tm5\">\n<p class=\"Normalny tm5\">Modelka nosi rozmiar M\/38, ma 175 cm wzrostu i jest ubrana w wersj\u0119 REGULAR.<\/p>\n<p class=\"Normalny tm5\">Sk\u0142ad:<br \/>\n&#8211; 100% wiskoza<\/p>\n<p class=\"Normalny tm5\">Wzboga\u0107 swoj\u0105 garderob\u0119 o bluzk\u0119 Eri Kimono w kolorze herbacianej r\u00f3\u017cy, idealn\u0105 do wyrafinowanego i jednocze\u015bnie elastycznego stylu.<\/p>\n","protected":false},"featured_media":990796,"template":"","meta":{"om_disable_all_campaigns":false,"inline_featured_image":false,"_mi_skip_tracking":false,"_monsterinsights_sitenote_active":false,"_monsterinsights_sitenote_note":"","_monsterinsights_sitenote_category":0,"_uf_show_specific_survey":0,"_uf_disable_surveys":false},"product_brand":[],"product_cat":[418,417,412],"product_tag":[421,420,419,423,422],"class_list":{"0":"post-992475","1":"product","2":"type-product","3":"status-publish","4":"has-post-thumbnail","6":"product_cat-koszule-i-topy","7":"product_cat-koszule-kimonowe","8":"product_cat-ready-to-wear-pl","9":"product_tag-cupro-pl","10":"product_tag-kimonowa-bluzka","11":"product_tag-koszula-casualowa","12":"product_tag-luzna-bluzka","13":"product_tag-zakard","15":"first","16":"instock","17":"sale","18":"taxable","19":"shipping-taxable","20":"purchasable","21":"product-type-variable","22":"has-default-attributes"},"yoast_head":"<!-- This site is optimized with the Yoast SEO plugin v24.5 - https:\/\/yoast.com\/wordpress\/plugins\/seo\/ -->\n<title>kimonowa koszula ERI Tea Rose - YOSCHIMOTO | High Fashion Store<\/title>\n<meta name=\"description\" content=\"Odkryj bluzk\u0119 Kimono Eri w pi\u0119knym kolorze herbacianej r\u00f3\u017cy, wykonan\u0105 z wysokiej jako\u015bci wiskozy. Bluzka ma swobodny, kimonowy kr\u00f3j z regulowanym, drapowanym dekoltem dzi\u0119ki czemu oferuje wszechstronne mo\u017cliwo\u015bci stylizacji. Dost\u0119pna w rozmiarach standardowym i petite dla idealnego dopasowania. Podkre\u015bl sw\u00f3j styl elegancj\u0105!\" \/>\n<meta name=\"robots\" content=\"index, follow, max-snippet:-1, max-image-preview:large, max-video-preview:-1\" \/>\n<link rel=\"canonical\" href=\"https:\/\/www.yoschimoto.com\/polish-fashion-designer\/pl\/produkt\/kimonowa-koszula-eri-tea-rose\/\" \/>\n<meta property=\"og:locale\" content=\"pl_PL\" \/>\n<meta property=\"og:type\" content=\"article\" \/>\n<meta property=\"og:title\" content=\"kimonowa koszula ERI Tea Rose - YOSCHIMOTO | High Fashion Store\" \/>\n<meta property=\"og:description\" content=\"Odkryj bluzk\u0119 Kimono Eri w pi\u0119knym kolorze herbacianej r\u00f3\u017cy, wykonan\u0105 z wysokiej jako\u015bci wiskozy. Bluzka ma swobodny, kimonowy kr\u00f3j z regulowanym, drapowanym dekoltem dzi\u0119ki czemu oferuje wszechstronne mo\u017cliwo\u015bci stylizacji. Dost\u0119pna w rozmiarach standardowym i petite dla idealnego dopasowania. Podkre\u015bl sw\u00f3j styl elegancj\u0105!\" \/>\n<meta property=\"og:url\" content=\"https:\/\/www.yoschimoto.com\/polish-fashion-designer\/pl\/produkt\/kimonowa-koszula-eri-tea-rose\/\" \/>\n<meta property=\"og:site_name\" content=\"YOSCHIMOTO | High Fashion Store\" \/>\n<meta property=\"og:image\" content=\"https:\/\/www.yoschimoto.com\/polish-fashion-designer\/wp-content\/uploads\/2024\/10\/ERI-Pink-Rose-4.jpg\" \/>\n\t<meta property=\"og:image:width\" content=\"1707\" \/>\n\t<meta property=\"og:image:height\" content=\"2560\" \/>\n\t<meta property=\"og:image:type\" content=\"image\/jpeg\" \/>\n<meta name=\"twitter:card\" content=\"summary_large_image\" \/>\n<meta name=\"twitter:label1\" content=\"Dost\u0119pno\u015b\u0107\" \/>\n\t<meta name=\"twitter:data1\" content=\"Dost\u0119pny\" \/>\n<script type=\"application\/ld+json\" class=\"yoast-schema-graph\">{\"@context\":\"https:\/\/schema.org\",\"@graph\":[{\"@type\":\"WebPage\",\"@id\":\"https:\/\/www.yoschimoto.com\/polish-fashion-designer\/pl\/produkt\/kimonowa-koszula-eri-tea-rose\/\",\"url\":\"https:\/\/www.yoschimoto.com\/polish-fashion-designer\/pl\/produkt\/kimonowa-koszula-eri-tea-rose\/\",\"name\":\"kimonowa koszula ERI Tea Rose - YOSCHIMOTO | High Fashion Store\",\"isPartOf\":{\"@id\":\"https:\/\/www.yoschimoto.com\/polish-fashion-designer\/pl\/#website\"},\"primaryImageOfPage\":{\"@id\":\"https:\/\/www.yoschimoto.com\/polish-fashion-designer\/pl\/produkt\/kimonowa-koszula-eri-tea-rose\/#primaryimage\"},\"image\":{\"@id\":\"https:\/\/www.yoschimoto.com\/polish-fashion-designer\/pl\/produkt\/kimonowa-koszula-eri-tea-rose\/#primaryimage\"},\"thumbnailUrl\":\"https:\/\/www.yoschimoto.com\/polish-fashion-designer\/wp-content\/uploads\/2024\/10\/ERI-Pink-Rose-4.jpg\",\"datePublished\":\"2024-10-08T20:26:17+00:00\",\"description\":\"Odkryj bluzk\u0119 Kimono Eri w pi\u0119knym kolorze herbacianej r\u00f3\u017cy, wykonan\u0105 z wysokiej jako\u015bci wiskozy. Bluzka ma swobodny, kimonowy kr\u00f3j z regulowanym, drapowanym dekoltem dzi\u0119ki czemu oferuje wszechstronne mo\u017cliwo\u015bci stylizacji. Dost\u0119pna w rozmiarach standardowym i petite dla idealnego dopasowania. Podkre\u015bl sw\u00f3j styl elegancj\u0105!\",\"breadcrumb\":{\"@id\":\"https:\/\/www.yoschimoto.com\/polish-fashion-designer\/pl\/produkt\/kimonowa-koszula-eri-tea-rose\/#breadcrumb\"},\"inLanguage\":\"pl-PL\",\"potentialAction\":[{\"@type\":\"ReadAction\",\"target\":[\"https:\/\/www.yoschimoto.com\/polish-fashion-designer\/pl\/produkt\/kimonowa-koszula-eri-tea-rose\/\"]}]},{\"@type\":\"ImageObject\",\"inLanguage\":\"pl-PL\",\"@id\":\"https:\/\/www.yoschimoto.com\/polish-fashion-designer\/pl\/produkt\/kimonowa-koszula-eri-tea-rose\/#primaryimage\",\"url\":\"https:\/\/www.yoschimoto.com\/polish-fashion-designer\/wp-content\/uploads\/2024\/10\/ERI-Pink-Rose-4.jpg\",\"contentUrl\":\"https:\/\/www.yoschimoto.com\/polish-fashion-designer\/wp-content\/uploads\/2024\/10\/ERI-Pink-Rose-4.jpg\",\"width\":1707,\"height\":2560},{\"@type\":\"BreadcrumbList\",\"@id\":\"https:\/\/www.yoschimoto.com\/polish-fashion-designer\/pl\/produkt\/kimonowa-koszula-eri-tea-rose\/#breadcrumb\",\"itemListElement\":[{\"@type\":\"ListItem\",\"position\":1,\"name\":\"Home\",\"item\":\"https:\/\/www.yoschimoto.com\/polish-fashion-designer\/pl\/polska-projektantka-mody-od-kimona-po-wieceja\/\"},{\"@type\":\"ListItem\",\"position\":2,\"name\":\"Sklep\",\"item\":\"https:\/\/www.yoschimoto.com\/polish-fashion-designer\/pl\/sklep\/\"},{\"@type\":\"ListItem\",\"position\":3,\"name\":\"kimonowa koszula ERI Tea Rose\"}]},{\"@type\":\"WebSite\",\"@id\":\"https:\/\/www.yoschimoto.com\/polish-fashion-designer\/pl\/#website\",\"url\":\"https:\/\/www.yoschimoto.com\/polish-fashion-designer\/pl\/\",\"name\":\"YOSCHIMOTO | High Fashion Store\",\"description\":\"Polish Fashion Designer\",\"publisher\":{\"@id\":\"https:\/\/www.yoschimoto.com\/polish-fashion-designer\/pl\/#organization\"},\"potentialAction\":[{\"@type\":\"SearchAction\",\"target\":{\"@type\":\"EntryPoint\",\"urlTemplate\":\"https:\/\/www.yoschimoto.com\/polish-fashion-designer\/pl\/?s={search_term_string}\"},\"query-input\":{\"@type\":\"PropertyValueSpecification\",\"valueRequired\":true,\"valueName\":\"search_term_string\"}}],\"inLanguage\":\"pl-PL\"},{\"@type\":\"Organization\",\"@id\":\"https:\/\/www.yoschimoto.com\/polish-fashion-designer\/pl\/#organization\",\"name\":\"YOSCHIMOTO | High Fashion Store\",\"url\":\"https:\/\/www.yoschimoto.com\/polish-fashion-designer\/pl\/\",\"logo\":{\"@type\":\"ImageObject\",\"inLanguage\":\"pl-PL\",\"@id\":\"https:\/\/www.yoschimoto.com\/polish-fashion-designer\/pl\/#\/schema\/logo\/image\/\",\"url\":\"https:\/\/www.yoschimoto.com\/polish-fashion-designer\/wp-content\/uploads\/2025\/03\/YOSCHIMOTO-high-fashion-clothing-store.svg\",\"contentUrl\":\"https:\/\/www.yoschimoto.com\/polish-fashion-designer\/wp-content\/uploads\/2025\/03\/YOSCHIMOTO-high-fashion-clothing-store.svg\",\"width\":350,\"height\":100,\"caption\":\"YOSCHIMOTO | High Fashion Store\"},\"image\":{\"@id\":\"https:\/\/www.yoschimoto.com\/polish-fashion-designer\/pl\/#\/schema\/logo\/image\/\"}}]}<\/script>\n<meta property=\"og:availability\" content=\"instock\" \/>\n<meta property=\"product:availability\" content=\"instock\" \/>\n<meta property=\"product:condition\" content=\"new\" \/>\n<!-- \/ Yoast SEO plugin. -->","yoast_head_json":{"title":"kimonowa koszula ERI Tea Rose - YOSCHIMOTO | High Fashion Store","description":"Odkryj bluzk\u0119 Kimono Eri w pi\u0119knym kolorze herbacianej r\u00f3\u017cy, wykonan\u0105 z wysokiej jako\u015bci wiskozy. Bluzka ma swobodny, kimonowy kr\u00f3j z regulowanym, drapowanym dekoltem dzi\u0119ki czemu oferuje wszechstronne mo\u017cliwo\u015bci stylizacji. Dost\u0119pna w rozmiarach standardowym i petite dla idealnego dopasowania. Podkre\u015bl sw\u00f3j styl elegancj\u0105!","robots":{"index":"index","follow":"follow","max-snippet":"max-snippet:-1","max-image-preview":"max-image-preview:large","max-video-preview":"max-video-preview:-1"},"canonical":"https:\/\/www.yoschimoto.com\/polish-fashion-designer\/pl\/produkt\/kimonowa-koszula-eri-tea-rose\/","og_locale":"pl_PL","og_type":"article","og_title":"kimonowa koszula ERI Tea Rose - YOSCHIMOTO | High Fashion Store","og_description":"Odkryj bluzk\u0119 Kimono Eri w pi\u0119knym kolorze herbacianej r\u00f3\u017cy, wykonan\u0105 z wysokiej jako\u015bci wiskozy. Bluzka ma swobodny, kimonowy kr\u00f3j z regulowanym, drapowanym dekoltem dzi\u0119ki czemu oferuje wszechstronne mo\u017cliwo\u015bci stylizacji. Dost\u0119pna w rozmiarach standardowym i petite dla idealnego dopasowania. Podkre\u015bl sw\u00f3j styl elegancj\u0105!","og_url":"https:\/\/www.yoschimoto.com\/polish-fashion-designer\/pl\/produkt\/kimonowa-koszula-eri-tea-rose\/","og_site_name":"YOSCHIMOTO | High Fashion Store","og_image":[{"width":1707,"height":2560,"url":"https:\/\/www.yoschimoto.com\/polish-fashion-designer\/wp-content\/uploads\/2024\/10\/ERI-Pink-Rose-4.jpg","type":"image\/jpeg"}],"twitter_card":"summary_large_image","twitter_misc":{"Dost\u0119pno\u015b\u0107":"Dost\u0119pny"},"schema":{"@context":"https:\/\/schema.org","@graph":[{"@type":"WebPage","@id":"https:\/\/www.yoschimoto.com\/polish-fashion-designer\/pl\/produkt\/kimonowa-koszula-eri-tea-rose\/","url":"https:\/\/www.yoschimoto.com\/polish-fashion-designer\/pl\/produkt\/kimonowa-koszula-eri-tea-rose\/","name":"kimonowa koszula ERI Tea Rose - YOSCHIMOTO | High Fashion Store","isPartOf":{"@id":"https:\/\/www.yoschimoto.com\/polish-fashion-designer\/pl\/#website"},"primaryImageOfPage":{"@id":"https:\/\/www.yoschimoto.com\/polish-fashion-designer\/pl\/produkt\/kimonowa-koszula-eri-tea-rose\/#primaryimage"},"image":{"@id":"https:\/\/www.yoschimoto.com\/polish-fashion-designer\/pl\/produkt\/kimonowa-koszula-eri-tea-rose\/#primaryimage"},"thumbnailUrl":"https:\/\/www.yoschimoto.com\/polish-fashion-designer\/wp-content\/uploads\/2024\/10\/ERI-Pink-Rose-4.jpg","datePublished":"2024-10-08T20:26:17+00:00","description":"Odkryj bluzk\u0119 Kimono Eri w pi\u0119knym kolorze herbacianej r\u00f3\u017cy, wykonan\u0105 z wysokiej jako\u015bci wiskozy. Bluzka ma swobodny, kimonowy kr\u00f3j z regulowanym, drapowanym dekoltem dzi\u0119ki czemu oferuje wszechstronne mo\u017cliwo\u015bci stylizacji. Dost\u0119pna w rozmiarach standardowym i petite dla idealnego dopasowania. Podkre\u015bl sw\u00f3j styl elegancj\u0105!","breadcrumb":{"@id":"https:\/\/www.yoschimoto.com\/polish-fashion-designer\/pl\/produkt\/kimonowa-koszula-eri-tea-rose\/#breadcrumb"},"inLanguage":"pl-PL","potentialAction":[{"@type":"ReadAction","target":["https:\/\/www.yoschimoto.com\/polish-fashion-designer\/pl\/produkt\/kimonowa-koszula-eri-tea-rose\/"]}]},{"@type":"ImageObject","inLanguage":"pl-PL","@id":"https:\/\/www.yoschimoto.com\/polish-fashion-designer\/pl\/produkt\/kimonowa-koszula-eri-tea-rose\/#primaryimage","url":"https:\/\/www.yoschimoto.com\/polish-fashion-designer\/wp-content\/uploads\/2024\/10\/ERI-Pink-Rose-4.jpg","contentUrl":"https:\/\/www.yoschimoto.com\/polish-fashion-designer\/wp-content\/uploads\/2024\/10\/ERI-Pink-Rose-4.jpg","width":1707,"height":2560},{"@type":"BreadcrumbList","@id":"https:\/\/www.yoschimoto.com\/polish-fashion-designer\/pl\/produkt\/kimonowa-koszula-eri-tea-rose\/#breadcrumb","itemListElement":[{"@type":"ListItem","position":1,"name":"Home","item":"https:\/\/www.yoschimoto.com\/polish-fashion-designer\/pl\/polska-projektantka-mody-od-kimona-po-wieceja\/"},{"@type":"ListItem","position":2,"name":"Sklep","item":"https:\/\/www.yoschimoto.com\/polish-fashion-designer\/pl\/sklep\/"},{"@type":"ListItem","position":3,"name":"kimonowa koszula ERI Tea Rose"}]},{"@type":"WebSite","@id":"https:\/\/www.yoschimoto.com\/polish-fashion-designer\/pl\/#website","url":"https:\/\/www.yoschimoto.com\/polish-fashion-designer\/pl\/","name":"YOSCHIMOTO | High Fashion Store","description":"Polish Fashion Designer","publisher":{"@id":"https:\/\/www.yoschimoto.com\/polish-fashion-designer\/pl\/#organization"},"potentialAction":[{"@type":"SearchAction","target":{"@type":"EntryPoint","urlTemplate":"https:\/\/www.yoschimoto.com\/polish-fashion-designer\/pl\/?s={search_term_string}"},"query-input":{"@type":"PropertyValueSpecification","valueRequired":true,"valueName":"search_term_string"}}],"inLanguage":"pl-PL"},{"@type":"Organization","@id":"https:\/\/www.yoschimoto.com\/polish-fashion-designer\/pl\/#organization","name":"YOSCHIMOTO | High Fashion Store","url":"https:\/\/www.yoschimoto.com\/polish-fashion-designer\/pl\/","logo":{"@type":"ImageObject","inLanguage":"pl-PL","@id":"https:\/\/www.yoschimoto.com\/polish-fashion-designer\/pl\/#\/schema\/logo\/image\/","url":"https:\/\/www.yoschimoto.com\/polish-fashion-designer\/wp-content\/uploads\/2025\/03\/YOSCHIMOTO-high-fashion-clothing-store.svg","contentUrl":"https:\/\/www.yoschimoto.com\/polish-fashion-designer\/wp-content\/uploads\/2025\/03\/YOSCHIMOTO-high-fashion-clothing-store.svg","width":350,"height":100,"caption":"YOSCHIMOTO | High Fashion Store"},"image":{"@id":"https:\/\/www.yoschimoto.com\/polish-fashion-designer\/pl\/#\/schema\/logo\/image\/"}}]},"og_availability":"instock","product_availability":"instock","product_condition":"new"},"_links":{"self":[{"href":"https:\/\/www.yoschimoto.com\/polish-fashion-designer\/pl\/wp-json\/wp\/v2\/product\/992475","targetHints":{"allow":["GET"]}}],"collection":[{"href":"https:\/\/www.yoschimoto.com\/polish-fashion-designer\/pl\/wp-json\/wp\/v2\/product"}],"about":[{"href":"https:\/\/www.yoschimoto.com\/polish-fashion-designer\/pl\/wp-json\/wp\/v2\/types\/product"}],"wp:featuredmedia":[{"embeddable":true,"href":"https:\/\/www.yoschimoto.com\/polish-fashion-designer\/pl\/wp-json\/wp\/v2\/media\/990796"}],"wp:attachment":[{"href":"https:\/\/www.yoschimoto.com\/polish-fashion-designer\/pl\/wp-json\/wp\/v2\/media?parent=992475"}],"wp:term":[{"taxonomy":"product_brand","embeddable":true,"href":"https:\/\/www.yoschimoto.com\/polish-fashion-designer\/pl\/wp-json\/wp\/v2\/product_brand?post=992475"},{"taxonomy":"product_cat","embeddable":true,"href":"https:\/\/www.yoschimoto.com\/polish-fashion-designer\/pl\/wp-json\/wp\/v2\/product_cat?post=992475"},{"taxonomy":"product_tag","embeddable":true,"href":"https:\/\/www.yoschimoto.com\/polish-fashion-designer\/pl\/wp-json\/wp\/v2\/product_tag?post=992475"}],"curies":[{"name":"wp","href":"https:\/\/api.w.org\/{rel}","templated":true}]}}