{"id":992466,"date":"2024-10-08T22:59:28","date_gmt":"2024-10-08T20:59:28","guid":{"rendered":"https:\/\/www.yoschimoto.com\/polish-fashion-designer\/product\/bluzka-mai-nuit-noir\/"},"modified":"2024-10-08T22:59:28","modified_gmt":"2024-10-08T20:59:28","slug":"bluzka-mai-nuit-noir","status":"publish","type":"product","link":"https:\/\/www.yoschimoto.com\/polish-fashion-designer\/pl\/produkt\/bluzka-mai-nuit-noir\/","title":{"rendered":"bluzka MAI Nuit Noir"},"content":{"rendered":"<div class=\"vgblk-rw-wrapper limit-wrapper\">\n<p class=\"Normalny tm5\">we\u0142niana bluzka Mai Nuit Noir<\/p>\n<p class=\"Normalny tm5\">\n<p class=\"Normalny tm5\">Przedstawiamy bluzk\u0119 Mai Nuit Noir, idealny wyb\u00f3r na wieczorne wyj\u015bcia.<\/p>\n<p class=\"Normalny tm5\">\n<p class=\"Normalny tm5\">Wszechstronny styl: Idealna do noszenia solo lub warstwowo pod marynark\u0105, aby uzyska\u0107 wyrafinowany wygl\u0105d.<\/p>\n<p class=\"Normalny tm5\">\nKlasyczny kr\u00f3j oversize: Ta bluzka ma lu\u017any, oversizowy kr\u00f3j wykonany z we\u0142ny w subteln\u0105 kratk\u0119.<\/p>\n<p class=\"Normalny tm5\">\nLekko prze\u015bwituj\u0105cy materia\u0142: Tkanina jest lekko przezroczysta, dzi\u0119ki czemu \u015bwietnie pasuje do koronkowej bielizny lub body!<\/p>\n<p class=\"Normalny tm5\">\nBogata czer\u0144: g\u0142\u0119boki odcie\u0144 czerni zapewnia ponadczasowy i elegancki wygl\u0105d.<\/p>\n<p class=\"Normalny tm5\">\nEleganckie detale: Wyj\u0105tkowy &#8222;rozci\u0119ty&#8221; dekolt i obszerne r\u0119kawy zako\u0144czone stylowymi mankietami.<\/p>\n<p class=\"Normalny tm5\">\nRegulowane mankiety: Mankiety s\u0105 elastyczne, dzi\u0119ki czemu r\u0119kawy mog\u0105 naturalnie uk\u0142ada\u0107 si\u0119 na nadgarstkach lub wygodnie spoczywa\u0107 na przedramionach.<\/p>\n<p class=\"Normalny tm5\">\nDopasowany kr\u00f3j: Naturalna elastyczno\u015b\u0107 materia\u0142u pomaga zachowa\u0107 kszta\u0142t bluzki, nadaj\u0105c r\u0119kawom pe\u0142niejszy kszta\u0142t.<\/p>\n<p class=\"Normalny tm5\">\n<p class=\"Normalny tm5\">Dost\u0119pne rozmiary:<\/p>\n<p class=\"Normalny tm5\">\n&#8211; REGULAR, PETITE dost\u0119pny na zam\u00f3wienie (przeznaczony dla os\u00f3b o wzro\u015bcie 160-165 cm).<\/p>\n<\/div>\n<p><!-- .vgblk-rw-wrapper --><\/p>\n","protected":false},"excerpt":{"rendered":"<p class=\"Normalny tm5\">Wymiary:<\/p>\n<p class=\"Normalny tm5\">\n<p class=\"Normalny tm5\">PETITE<\/p>\n<p class=\"Normalny tm5\">szeroko\u015b\u0107: 52 cm<\/p>\n<p class=\"Normalny tm5\">d\u0142ugo\u015b\u0107: 60 cm<\/p>\n<p class=\"Normalny tm5\">r\u0119kawy (z mankietami): 65 cm<\/p>\n<p class=\"Normalny tm5\">\n<p class=\"Normalny tm5\">REGULAR<\/p>\n<p class=\"Normalny tm5\">szeroko\u015b\u0107: 61 cm<\/p>\n<p class=\"Normalny tm5\">d\u0142ugo\u015b\u0107: 61 cm<\/p>\n<p class=\"Normalny tm5\">r\u0119kawy (z mankietami): 75 cm<\/p>\n<p class=\"Normalny tm5\">\n<p class=\"Normalny tm5\">\n<p class=\"Normalny tm5\">Charakterystyczny kr\u00f3j: R\u0119kawy s\u0105 celowo d\u0142u\u017csze, aby stworzy\u0107 efekt \u201epuffy\u201d przy nadgarstkach.<\/p>\n<p class=\"Normalny tm5\">\n<p class=\"Normalny tm5\">Sk\u0142ad:<\/p>\n<p class=\"Normalny tm5\">\n&#8211; 100% we\u0142na<\/p>\n<p class=\"Normalny tm5\">\n<p class=\"Normalny tm5\">Wzboga\u0107 swoj\u0105 wieczorow\u0105 garderob\u0119 o bluzk\u0119 Mai Nuit Noir, \u0142\u0105cz\u0105c\u0105 elegancj\u0119 i wygod\u0119 na ka\u017cd\u0105 okazj\u0119!<\/p>\n","protected":false},"featured_media":990888,"template":"","meta":{"om_disable_all_campaigns":false,"inline_featured_image":false,"_mi_skip_tracking":false,"_monsterinsights_sitenote_active":false,"_monsterinsights_sitenote_note":"","_monsterinsights_sitenote_category":0,"_uf_show_specific_survey":0,"_uf_disable_surveys":false},"product_brand":[],"product_cat":[462,452,431,418,430,412],"product_tag":[455,435,467],"class_list":{"0":"post-992466","1":"product","2":"type-product","3":"status-publish","4":"has-post-thumbnail","6":"product_cat-day-and-night-pl","7":"product_cat-eleganckie-koszule","8":"product_cat-koszule","9":"product_cat-koszule-i-topy","10":"product_cat-koszule-i-topy-pl","11":"product_cat-ready-to-wear-pl","12":"product_tag-elegancka-bluzka","13":"product_tag-koszula-mai","14":"product_tag-welna","16":"first","17":"instock","18":"taxable","19":"shipping-taxable","20":"purchasable","21":"product-type-variable"},"yoast_head":"<!-- This site is optimized with the Yoast SEO plugin v24.5 - https:\/\/yoast.com\/wordpress\/plugins\/seo\/ -->\n<title>bluzka MAI Nuit Noir - YOSCHIMOTO | High Fashion Store<\/title>\n<meta name=\"description\" content=\"Odkryj we\u0142nian\u0105 bluzk\u0119 Mai Nuit Noir, idealn\u0105 na wieczorne wyj\u015bcia. Ta klasyczna bluzka oversize ma subtelny wz\u00f3r w kratk\u0119 i lekko prze\u015bwituj\u0105cy materia\u0142, idealny do noszenia warstwowego lub samodzielnie. Unikalny, rozci\u0119ty dekolt i obszerne r\u0119kawy \u0142\u0105cz\u0105 w sobie elegancj\u0119 i wygod\u0119. Dost\u0119pna w rozmiarze REGULAR i PETITE na zam\u00f3wienie. Podkre\u015bl sw\u00f3j styl!\" \/>\n<meta name=\"robots\" content=\"index, follow, max-snippet:-1, max-image-preview:large, max-video-preview:-1\" \/>\n<link rel=\"canonical\" href=\"https:\/\/www.yoschimoto.com\/polish-fashion-designer\/pl\/produkt\/bluzka-mai-nuit-noir\/\" \/>\n<meta property=\"og:locale\" content=\"pl_PL\" \/>\n<meta property=\"og:type\" content=\"article\" \/>\n<meta property=\"og:title\" content=\"bluzka MAI Nuit Noir - YOSCHIMOTO | High Fashion Store\" \/>\n<meta property=\"og:description\" content=\"Odkryj we\u0142nian\u0105 bluzk\u0119 Mai Nuit Noir, idealn\u0105 na wieczorne wyj\u015bcia. Ta klasyczna bluzka oversize ma subtelny wz\u00f3r w kratk\u0119 i lekko prze\u015bwituj\u0105cy materia\u0142, idealny do noszenia warstwowego lub samodzielnie. Unikalny, rozci\u0119ty dekolt i obszerne r\u0119kawy \u0142\u0105cz\u0105 w sobie elegancj\u0119 i wygod\u0119. Dost\u0119pna w rozmiarze REGULAR i PETITE na zam\u00f3wienie. Podkre\u015bl sw\u00f3j styl!\" \/>\n<meta property=\"og:url\" content=\"https:\/\/www.yoschimoto.com\/polish-fashion-designer\/pl\/produkt\/bluzka-mai-nuit-noir\/\" \/>\n<meta property=\"og:site_name\" content=\"YOSCHIMOTO | High Fashion Store\" \/>\n<meta property=\"og:image\" content=\"https:\/\/www.yoschimoto.com\/polish-fashion-designer\/wp-content\/uploads\/2024\/10\/MAI-Yoru-3.jpg\" \/>\n\t<meta property=\"og:image:width\" content=\"1707\" \/>\n\t<meta property=\"og:image:height\" content=\"2560\" \/>\n\t<meta property=\"og:image:type\" content=\"image\/jpeg\" \/>\n<meta name=\"twitter:card\" content=\"summary_large_image\" \/>\n<meta name=\"twitter:label1\" content=\"Dost\u0119pno\u015b\u0107\" \/>\n\t<meta name=\"twitter:data1\" content=\"Dost\u0119pny\" \/>\n<script type=\"application\/ld+json\" class=\"yoast-schema-graph\">{\"@context\":\"https:\/\/schema.org\",\"@graph\":[{\"@type\":\"WebPage\",\"@id\":\"https:\/\/www.yoschimoto.com\/polish-fashion-designer\/pl\/produkt\/bluzka-mai-nuit-noir\/\",\"url\":\"https:\/\/www.yoschimoto.com\/polish-fashion-designer\/pl\/produkt\/bluzka-mai-nuit-noir\/\",\"name\":\"bluzka MAI Nuit Noir - YOSCHIMOTO | High Fashion Store\",\"isPartOf\":{\"@id\":\"https:\/\/www.yoschimoto.com\/polish-fashion-designer\/pl\/#website\"},\"primaryImageOfPage\":{\"@id\":\"https:\/\/www.yoschimoto.com\/polish-fashion-designer\/pl\/produkt\/bluzka-mai-nuit-noir\/#primaryimage\"},\"image\":{\"@id\":\"https:\/\/www.yoschimoto.com\/polish-fashion-designer\/pl\/produkt\/bluzka-mai-nuit-noir\/#primaryimage\"},\"thumbnailUrl\":\"https:\/\/www.yoschimoto.com\/polish-fashion-designer\/wp-content\/uploads\/2024\/10\/MAI-Yoru-3.jpg\",\"datePublished\":\"2024-10-08T20:59:28+00:00\",\"description\":\"Odkryj we\u0142nian\u0105 bluzk\u0119 Mai Nuit Noir, idealn\u0105 na wieczorne wyj\u015bcia. Ta klasyczna bluzka oversize ma subtelny wz\u00f3r w kratk\u0119 i lekko prze\u015bwituj\u0105cy materia\u0142, idealny do noszenia warstwowego lub samodzielnie. Unikalny, rozci\u0119ty dekolt i obszerne r\u0119kawy \u0142\u0105cz\u0105 w sobie elegancj\u0119 i wygod\u0119. Dost\u0119pna w rozmiarze REGULAR i PETITE na zam\u00f3wienie. Podkre\u015bl sw\u00f3j styl!\",\"breadcrumb\":{\"@id\":\"https:\/\/www.yoschimoto.com\/polish-fashion-designer\/pl\/produkt\/bluzka-mai-nuit-noir\/#breadcrumb\"},\"inLanguage\":\"pl-PL\",\"potentialAction\":[{\"@type\":\"ReadAction\",\"target\":[\"https:\/\/www.yoschimoto.com\/polish-fashion-designer\/pl\/produkt\/bluzka-mai-nuit-noir\/\"]}]},{\"@type\":\"ImageObject\",\"inLanguage\":\"pl-PL\",\"@id\":\"https:\/\/www.yoschimoto.com\/polish-fashion-designer\/pl\/produkt\/bluzka-mai-nuit-noir\/#primaryimage\",\"url\":\"https:\/\/www.yoschimoto.com\/polish-fashion-designer\/wp-content\/uploads\/2024\/10\/MAI-Yoru-3.jpg\",\"contentUrl\":\"https:\/\/www.yoschimoto.com\/polish-fashion-designer\/wp-content\/uploads\/2024\/10\/MAI-Yoru-3.jpg\",\"width\":1707,\"height\":2560},{\"@type\":\"BreadcrumbList\",\"@id\":\"https:\/\/www.yoschimoto.com\/polish-fashion-designer\/pl\/produkt\/bluzka-mai-nuit-noir\/#breadcrumb\",\"itemListElement\":[{\"@type\":\"ListItem\",\"position\":1,\"name\":\"Home\",\"item\":\"https:\/\/www.yoschimoto.com\/polish-fashion-designer\/pl\/polska-projektantka-mody-od-kimona-po-wieceja\/\"},{\"@type\":\"ListItem\",\"position\":2,\"name\":\"Sklep\",\"item\":\"https:\/\/www.yoschimoto.com\/polish-fashion-designer\/pl\/sklep\/\"},{\"@type\":\"ListItem\",\"position\":3,\"name\":\"bluzka MAI Nuit Noir\"}]},{\"@type\":\"WebSite\",\"@id\":\"https:\/\/www.yoschimoto.com\/polish-fashion-designer\/pl\/#website\",\"url\":\"https:\/\/www.yoschimoto.com\/polish-fashion-designer\/pl\/\",\"name\":\"YOSCHIMOTO | High Fashion Store\",\"description\":\"Polish Fashion Designer\",\"publisher\":{\"@id\":\"https:\/\/www.yoschimoto.com\/polish-fashion-designer\/pl\/#organization\"},\"potentialAction\":[{\"@type\":\"SearchAction\",\"target\":{\"@type\":\"EntryPoint\",\"urlTemplate\":\"https:\/\/www.yoschimoto.com\/polish-fashion-designer\/pl\/?s={search_term_string}\"},\"query-input\":{\"@type\":\"PropertyValueSpecification\",\"valueRequired\":true,\"valueName\":\"search_term_string\"}}],\"inLanguage\":\"pl-PL\"},{\"@type\":\"Organization\",\"@id\":\"https:\/\/www.yoschimoto.com\/polish-fashion-designer\/pl\/#organization\",\"name\":\"YOSCHIMOTO | High Fashion Store\",\"url\":\"https:\/\/www.yoschimoto.com\/polish-fashion-designer\/pl\/\",\"logo\":{\"@type\":\"ImageObject\",\"inLanguage\":\"pl-PL\",\"@id\":\"https:\/\/www.yoschimoto.com\/polish-fashion-designer\/pl\/#\/schema\/logo\/image\/\",\"url\":\"https:\/\/www.yoschimoto.com\/polish-fashion-designer\/wp-content\/uploads\/2025\/03\/YOSCHIMOTO-high-fashion-clothing-store.svg\",\"contentUrl\":\"https:\/\/www.yoschimoto.com\/polish-fashion-designer\/wp-content\/uploads\/2025\/03\/YOSCHIMOTO-high-fashion-clothing-store.svg\",\"width\":350,\"height\":100,\"caption\":\"YOSCHIMOTO | High Fashion Store\"},\"image\":{\"@id\":\"https:\/\/www.yoschimoto.com\/polish-fashion-designer\/pl\/#\/schema\/logo\/image\/\"}}]}<\/script>\n<meta property=\"og:availability\" content=\"instock\" \/>\n<meta property=\"product:availability\" content=\"instock\" \/>\n<meta property=\"product:condition\" content=\"new\" \/>\n<!-- \/ Yoast SEO plugin. -->","yoast_head_json":{"title":"bluzka MAI Nuit Noir - YOSCHIMOTO | High Fashion Store","description":"Odkryj we\u0142nian\u0105 bluzk\u0119 Mai Nuit Noir, idealn\u0105 na wieczorne wyj\u015bcia. Ta klasyczna bluzka oversize ma subtelny wz\u00f3r w kratk\u0119 i lekko prze\u015bwituj\u0105cy materia\u0142, idealny do noszenia warstwowego lub samodzielnie. Unikalny, rozci\u0119ty dekolt i obszerne r\u0119kawy \u0142\u0105cz\u0105 w sobie elegancj\u0119 i wygod\u0119. Dost\u0119pna w rozmiarze REGULAR i PETITE na zam\u00f3wienie. Podkre\u015bl sw\u00f3j styl!","robots":{"index":"index","follow":"follow","max-snippet":"max-snippet:-1","max-image-preview":"max-image-preview:large","max-video-preview":"max-video-preview:-1"},"canonical":"https:\/\/www.yoschimoto.com\/polish-fashion-designer\/pl\/produkt\/bluzka-mai-nuit-noir\/","og_locale":"pl_PL","og_type":"article","og_title":"bluzka MAI Nuit Noir - YOSCHIMOTO | High Fashion Store","og_description":"Odkryj we\u0142nian\u0105 bluzk\u0119 Mai Nuit Noir, idealn\u0105 na wieczorne wyj\u015bcia. Ta klasyczna bluzka oversize ma subtelny wz\u00f3r w kratk\u0119 i lekko prze\u015bwituj\u0105cy materia\u0142, idealny do noszenia warstwowego lub samodzielnie. Unikalny, rozci\u0119ty dekolt i obszerne r\u0119kawy \u0142\u0105cz\u0105 w sobie elegancj\u0119 i wygod\u0119. Dost\u0119pna w rozmiarze REGULAR i PETITE na zam\u00f3wienie. Podkre\u015bl sw\u00f3j styl!","og_url":"https:\/\/www.yoschimoto.com\/polish-fashion-designer\/pl\/produkt\/bluzka-mai-nuit-noir\/","og_site_name":"YOSCHIMOTO | High Fashion Store","og_image":[{"width":1707,"height":2560,"url":"https:\/\/www.yoschimoto.com\/polish-fashion-designer\/wp-content\/uploads\/2024\/10\/MAI-Yoru-3.jpg","type":"image\/jpeg"}],"twitter_card":"summary_large_image","twitter_misc":{"Dost\u0119pno\u015b\u0107":"Dost\u0119pny"},"schema":{"@context":"https:\/\/schema.org","@graph":[{"@type":"WebPage","@id":"https:\/\/www.yoschimoto.com\/polish-fashion-designer\/pl\/produkt\/bluzka-mai-nuit-noir\/","url":"https:\/\/www.yoschimoto.com\/polish-fashion-designer\/pl\/produkt\/bluzka-mai-nuit-noir\/","name":"bluzka MAI Nuit Noir - YOSCHIMOTO | High Fashion Store","isPartOf":{"@id":"https:\/\/www.yoschimoto.com\/polish-fashion-designer\/pl\/#website"},"primaryImageOfPage":{"@id":"https:\/\/www.yoschimoto.com\/polish-fashion-designer\/pl\/produkt\/bluzka-mai-nuit-noir\/#primaryimage"},"image":{"@id":"https:\/\/www.yoschimoto.com\/polish-fashion-designer\/pl\/produkt\/bluzka-mai-nuit-noir\/#primaryimage"},"thumbnailUrl":"https:\/\/www.yoschimoto.com\/polish-fashion-designer\/wp-content\/uploads\/2024\/10\/MAI-Yoru-3.jpg","datePublished":"2024-10-08T20:59:28+00:00","description":"Odkryj we\u0142nian\u0105 bluzk\u0119 Mai Nuit Noir, idealn\u0105 na wieczorne wyj\u015bcia. Ta klasyczna bluzka oversize ma subtelny wz\u00f3r w kratk\u0119 i lekko prze\u015bwituj\u0105cy materia\u0142, idealny do noszenia warstwowego lub samodzielnie. Unikalny, rozci\u0119ty dekolt i obszerne r\u0119kawy \u0142\u0105cz\u0105 w sobie elegancj\u0119 i wygod\u0119. Dost\u0119pna w rozmiarze REGULAR i PETITE na zam\u00f3wienie. Podkre\u015bl sw\u00f3j styl!","breadcrumb":{"@id":"https:\/\/www.yoschimoto.com\/polish-fashion-designer\/pl\/produkt\/bluzka-mai-nuit-noir\/#breadcrumb"},"inLanguage":"pl-PL","potentialAction":[{"@type":"ReadAction","target":["https:\/\/www.yoschimoto.com\/polish-fashion-designer\/pl\/produkt\/bluzka-mai-nuit-noir\/"]}]},{"@type":"ImageObject","inLanguage":"pl-PL","@id":"https:\/\/www.yoschimoto.com\/polish-fashion-designer\/pl\/produkt\/bluzka-mai-nuit-noir\/#primaryimage","url":"https:\/\/www.yoschimoto.com\/polish-fashion-designer\/wp-content\/uploads\/2024\/10\/MAI-Yoru-3.jpg","contentUrl":"https:\/\/www.yoschimoto.com\/polish-fashion-designer\/wp-content\/uploads\/2024\/10\/MAI-Yoru-3.jpg","width":1707,"height":2560},{"@type":"BreadcrumbList","@id":"https:\/\/www.yoschimoto.com\/polish-fashion-designer\/pl\/produkt\/bluzka-mai-nuit-noir\/#breadcrumb","itemListElement":[{"@type":"ListItem","position":1,"name":"Home","item":"https:\/\/www.yoschimoto.com\/polish-fashion-designer\/pl\/polska-projektantka-mody-od-kimona-po-wieceja\/"},{"@type":"ListItem","position":2,"name":"Sklep","item":"https:\/\/www.yoschimoto.com\/polish-fashion-designer\/pl\/sklep\/"},{"@type":"ListItem","position":3,"name":"bluzka MAI Nuit Noir"}]},{"@type":"WebSite","@id":"https:\/\/www.yoschimoto.com\/polish-fashion-designer\/pl\/#website","url":"https:\/\/www.yoschimoto.com\/polish-fashion-designer\/pl\/","name":"YOSCHIMOTO | High Fashion Store","description":"Polish Fashion Designer","publisher":{"@id":"https:\/\/www.yoschimoto.com\/polish-fashion-designer\/pl\/#organization"},"potentialAction":[{"@type":"SearchAction","target":{"@type":"EntryPoint","urlTemplate":"https:\/\/www.yoschimoto.com\/polish-fashion-designer\/pl\/?s={search_term_string}"},"query-input":{"@type":"PropertyValueSpecification","valueRequired":true,"valueName":"search_term_string"}}],"inLanguage":"pl-PL"},{"@type":"Organization","@id":"https:\/\/www.yoschimoto.com\/polish-fashion-designer\/pl\/#organization","name":"YOSCHIMOTO | High Fashion Store","url":"https:\/\/www.yoschimoto.com\/polish-fashion-designer\/pl\/","logo":{"@type":"ImageObject","inLanguage":"pl-PL","@id":"https:\/\/www.yoschimoto.com\/polish-fashion-designer\/pl\/#\/schema\/logo\/image\/","url":"https:\/\/www.yoschimoto.com\/polish-fashion-designer\/wp-content\/uploads\/2025\/03\/YOSCHIMOTO-high-fashion-clothing-store.svg","contentUrl":"https:\/\/www.yoschimoto.com\/polish-fashion-designer\/wp-content\/uploads\/2025\/03\/YOSCHIMOTO-high-fashion-clothing-store.svg","width":350,"height":100,"caption":"YOSCHIMOTO | High Fashion Store"},"image":{"@id":"https:\/\/www.yoschimoto.com\/polish-fashion-designer\/pl\/#\/schema\/logo\/image\/"}}]},"og_availability":"instock","product_availability":"instock","product_condition":"new"},"_links":{"self":[{"href":"https:\/\/www.yoschimoto.com\/polish-fashion-designer\/pl\/wp-json\/wp\/v2\/product\/992466","targetHints":{"allow":["GET"]}}],"collection":[{"href":"https:\/\/www.yoschimoto.com\/polish-fashion-designer\/pl\/wp-json\/wp\/v2\/product"}],"about":[{"href":"https:\/\/www.yoschimoto.com\/polish-fashion-designer\/pl\/wp-json\/wp\/v2\/types\/product"}],"wp:featuredmedia":[{"embeddable":true,"href":"https:\/\/www.yoschimoto.com\/polish-fashion-designer\/pl\/wp-json\/wp\/v2\/media\/990888"}],"wp:attachment":[{"href":"https:\/\/www.yoschimoto.com\/polish-fashion-designer\/pl\/wp-json\/wp\/v2\/media?parent=992466"}],"wp:term":[{"taxonomy":"product_brand","embeddable":true,"href":"https:\/\/www.yoschimoto.com\/polish-fashion-designer\/pl\/wp-json\/wp\/v2\/product_brand?post=992466"},{"taxonomy":"product_cat","embeddable":true,"href":"https:\/\/www.yoschimoto.com\/polish-fashion-designer\/pl\/wp-json\/wp\/v2\/product_cat?post=992466"},{"taxonomy":"product_tag","embeddable":true,"href":"https:\/\/www.yoschimoto.com\/polish-fashion-designer\/pl\/wp-json\/wp\/v2\/product_tag?post=992466"}],"curies":[{"name":"wp","href":"https:\/\/api.w.org\/{rel}","templated":true}]}}