{"id":992463,"date":"2024-10-08T23:06:05","date_gmt":"2024-10-08T21:06:05","guid":{"rendered":"https:\/\/www.yoschimoto.com\/polish-fashion-designer\/product\/bluzka-mai-yoru\/"},"modified":"2024-10-08T23:06:05","modified_gmt":"2024-10-08T21:06:05","slug":"bluzka-mai-yoru","status":"publish","type":"product","link":"https:\/\/www.yoschimoto.com\/polish-fashion-designer\/pl\/produkt\/bluzka-mai-yoru\/","title":{"rendered":"bluzka MAI Yoru"},"content":{"rendered":"<div class=\"vgblk-rw-wrapper limit-wrapper\">\n<p class=\"Normalny tm5\">we\u0142niana bluzka Mai Yoru<\/p>\n<p class=\"Normalny tm5\">\n<p class=\"Normalny tm5\">Przedstawiamy bluzk\u0119 Mai Yoru, idealny wyb\u00f3r na ch\u0142odniejsze dni.<\/p>\n<p class=\"Normalny tm5\">\n<p class=\"Normalny tm5\">Klasyczny kr\u00f3j oversize: Ta klasyczna bluzka MAI ma lu\u017any, oversizowy kr\u00f3j wykonany z \u017cakardowej we\u0142ny w subtelny czarno-bia\u0142y wz\u00f3r.<\/p>\n<p class=\"Normalny tm5\">\nMi\u0119kka i lekka: We\u0142na jest lekka i przyjemna w dotyku, dzi\u0119ki czemu nie podra\u017cnia sk\u00f3ry.<\/p>\n<p class=\"Normalny tm5\">\nElegancki design: Unikalny \u201erozci\u0119ty\u201d dekolt i obszerne r\u0119kawy zako\u0144czone stylowymi mankietami.<\/p>\n<p class=\"Normalny tm5\">\nRegulowane mankiety: Mankiety s\u0105 elastyczne, dzi\u0119ki czemu r\u0119kawy mog\u0105 naturalnie uk\u0142ada\u0107 si\u0119 na nadgarstkach lub wygodnie le\u017ce\u0107 na przedramionach.<\/p>\n<p class=\"Normalny tm5\">\nDopasowany kr\u00f3j: Naturalna elastyczno\u015b\u0107 materia\u0142u pomaga zachowa\u0107 kszta\u0142t bluzki, nadaj\u0105c r\u0119kawom pe\u0142niejszy kszta\u0142t.<\/p>\n<p class=\"Normalny tm5\">\n<p class=\"Normalny tm5\">Dost\u0119pne rozmiary:<\/p>\n<p class=\"Normalny tm5\">\n&#8211; REGULAR, PETITE dost\u0119pny na zam\u00f3wienie (przeznaczony dla os\u00f3b o wzro\u015bcie 160-165 cm).<\/p>\n<p class=\"Normalny tm5\">\n<p class=\"Normalny tm5\">\n<\/div>\n<p><!-- .vgblk-rw-wrapper --><\/p>\n","protected":false},"excerpt":{"rendered":"<p class=\"Normalny tm5\">Wymiary:<\/p>\n<p class=\"Normalny tm5\">\n<p class=\"Normalny tm5\">PETITE<\/p>\n<p class=\"Normalny tm5\">szeroko\u015b\u0107: 52 cm<\/p>\n<p class=\"Normalny tm5\">d\u0142ugo\u015b\u0107: 60 cm<\/p>\n<p class=\"Normalny tm5\">r\u0119kawy (z mankietami): 65 cm<\/p>\n<p class=\"Normalny tm5\">\n<p class=\"Normalny tm5\">REGULAR<\/p>\n<p class=\"Normalny tm5\">szeroko\u015b\u0107: 61 cm<\/p>\n<p class=\"Normalny tm5\">d\u0142ugo\u015b\u0107: 61 cm<\/p>\n<p class=\"Normalny tm5\">r\u0119kawy (z mankietami): 75 cm<\/p>\n<p class=\"Normalny tm5\">\n<p class=\"Normalny tm5\">\n<p class=\"Normalny tm5\">Charakterystyczny kr\u00f3j: R\u0119kawy s\u0105 celowo d\u0142u\u017csze, aby stworzy\u0107 efekt \u201epuffy\u201d przy nadgarstkach.<\/p>\n<p class=\"Normalny tm5\">\n<p class=\"Normalny tm5\">Sk\u0142ad:<\/p>\n<p class=\"Normalny tm5\">\n&#8211; 100% we\u0142na<\/p>\n<p class=\"Normalny tm5\">\n<p class=\"Normalny tm5\">Zachowaj styl i ciep\u0142o dzi\u0119ki we\u0142nianej bluzce Mai Yoru, idealnej do \u0142\u0105czenia z ulubionymi spodniami lub sp\u00f3dnicami w ch\u0142odniejsze pory roku!<\/p>\n","protected":false},"featured_media":990880,"template":"","meta":{"om_disable_all_campaigns":false,"inline_featured_image":false,"_mi_skip_tracking":false,"_monsterinsights_sitenote_active":false,"_monsterinsights_sitenote_note":"","_monsterinsights_sitenote_category":0,"_uf_show_specific_survey":0,"_uf_disable_surveys":false},"product_brand":[],"product_cat":[452,431,418,430,412],"product_tag":[455,435,467],"class_list":{"0":"post-992463","1":"product","2":"type-product","3":"status-publish","4":"has-post-thumbnail","6":"product_cat-eleganckie-koszule","7":"product_cat-koszule","8":"product_cat-koszule-i-topy","9":"product_cat-koszule-i-topy-pl","10":"product_cat-ready-to-wear-pl","11":"product_tag-elegancka-bluzka","12":"product_tag-koszula-mai","13":"product_tag-welna","15":"first","16":"instock","17":"taxable","18":"shipping-taxable","19":"purchasable","20":"product-type-variable"},"yoast_head":"<!-- This site is optimized with the Yoast SEO plugin v24.5 - https:\/\/yoast.com\/wordpress\/plugins\/seo\/ -->\n<title>bluzka MAI Yoru - YOSCHIMOTO | High Fashion Store<\/title>\n<meta name=\"description\" content=\"Odkryj we\u0142nian\u0105 bluzk\u0119 Mai Yoru, idealn\u0105 na ch\u0142odniejsze dni. Ta \u017cakardowa we\u0142niana bluzka o klasycznym kroju oversize jest mi\u0119kka, lekka i ma unikalny rozci\u0119ty dekolt oraz obszerne r\u0119kawy. Dost\u0119pna w rozmiarze REGULAR i PETITE na zam\u00f3wienie. Zachowaj styl i wygod\u0119 w tym sezonie!\" \/>\n<meta name=\"robots\" content=\"index, follow, max-snippet:-1, max-image-preview:large, max-video-preview:-1\" \/>\n<link rel=\"canonical\" href=\"https:\/\/www.yoschimoto.com\/polish-fashion-designer\/pl\/produkt\/bluzka-mai-yoru\/\" \/>\n<meta property=\"og:locale\" content=\"pl_PL\" \/>\n<meta property=\"og:type\" content=\"article\" \/>\n<meta property=\"og:title\" content=\"bluzka MAI Yoru - YOSCHIMOTO | High Fashion Store\" \/>\n<meta property=\"og:description\" content=\"Odkryj we\u0142nian\u0105 bluzk\u0119 Mai Yoru, idealn\u0105 na ch\u0142odniejsze dni. Ta \u017cakardowa we\u0142niana bluzka o klasycznym kroju oversize jest mi\u0119kka, lekka i ma unikalny rozci\u0119ty dekolt oraz obszerne r\u0119kawy. Dost\u0119pna w rozmiarze REGULAR i PETITE na zam\u00f3wienie. Zachowaj styl i wygod\u0119 w tym sezonie!\" \/>\n<meta property=\"og:url\" content=\"https:\/\/www.yoschimoto.com\/polish-fashion-designer\/pl\/produkt\/bluzka-mai-yoru\/\" \/>\n<meta property=\"og:site_name\" content=\"YOSCHIMOTO | High Fashion Store\" \/>\n<meta property=\"og:image\" content=\"https:\/\/www.yoschimoto.com\/polish-fashion-designer\/wp-content\/uploads\/2024\/10\/MAI-Yoru-1.jpg\" \/>\n\t<meta property=\"og:image:width\" content=\"1707\" \/>\n\t<meta property=\"og:image:height\" content=\"2560\" \/>\n\t<meta property=\"og:image:type\" content=\"image\/jpeg\" \/>\n<meta name=\"twitter:card\" content=\"summary_large_image\" \/>\n<meta name=\"twitter:label1\" content=\"Dost\u0119pno\u015b\u0107\" \/>\n\t<meta name=\"twitter:data1\" content=\"Dost\u0119pny\" \/>\n<script type=\"application\/ld+json\" class=\"yoast-schema-graph\">{\"@context\":\"https:\/\/schema.org\",\"@graph\":[{\"@type\":\"WebPage\",\"@id\":\"https:\/\/www.yoschimoto.com\/polish-fashion-designer\/pl\/produkt\/bluzka-mai-yoru\/\",\"url\":\"https:\/\/www.yoschimoto.com\/polish-fashion-designer\/pl\/produkt\/bluzka-mai-yoru\/\",\"name\":\"bluzka MAI Yoru - YOSCHIMOTO | High Fashion Store\",\"isPartOf\":{\"@id\":\"https:\/\/www.yoschimoto.com\/polish-fashion-designer\/pl\/#website\"},\"primaryImageOfPage\":{\"@id\":\"https:\/\/www.yoschimoto.com\/polish-fashion-designer\/pl\/produkt\/bluzka-mai-yoru\/#primaryimage\"},\"image\":{\"@id\":\"https:\/\/www.yoschimoto.com\/polish-fashion-designer\/pl\/produkt\/bluzka-mai-yoru\/#primaryimage\"},\"thumbnailUrl\":\"https:\/\/www.yoschimoto.com\/polish-fashion-designer\/wp-content\/uploads\/2024\/10\/MAI-Yoru-1.jpg\",\"datePublished\":\"2024-10-08T21:06:05+00:00\",\"description\":\"Odkryj we\u0142nian\u0105 bluzk\u0119 Mai Yoru, idealn\u0105 na ch\u0142odniejsze dni. Ta \u017cakardowa we\u0142niana bluzka o klasycznym kroju oversize jest mi\u0119kka, lekka i ma unikalny rozci\u0119ty dekolt oraz obszerne r\u0119kawy. Dost\u0119pna w rozmiarze REGULAR i PETITE na zam\u00f3wienie. Zachowaj styl i wygod\u0119 w tym sezonie!\",\"breadcrumb\":{\"@id\":\"https:\/\/www.yoschimoto.com\/polish-fashion-designer\/pl\/produkt\/bluzka-mai-yoru\/#breadcrumb\"},\"inLanguage\":\"pl-PL\",\"potentialAction\":[{\"@type\":\"ReadAction\",\"target\":[\"https:\/\/www.yoschimoto.com\/polish-fashion-designer\/pl\/produkt\/bluzka-mai-yoru\/\"]}]},{\"@type\":\"ImageObject\",\"inLanguage\":\"pl-PL\",\"@id\":\"https:\/\/www.yoschimoto.com\/polish-fashion-designer\/pl\/produkt\/bluzka-mai-yoru\/#primaryimage\",\"url\":\"https:\/\/www.yoschimoto.com\/polish-fashion-designer\/wp-content\/uploads\/2024\/10\/MAI-Yoru-1.jpg\",\"contentUrl\":\"https:\/\/www.yoschimoto.com\/polish-fashion-designer\/wp-content\/uploads\/2024\/10\/MAI-Yoru-1.jpg\",\"width\":1707,\"height\":2560},{\"@type\":\"BreadcrumbList\",\"@id\":\"https:\/\/www.yoschimoto.com\/polish-fashion-designer\/pl\/produkt\/bluzka-mai-yoru\/#breadcrumb\",\"itemListElement\":[{\"@type\":\"ListItem\",\"position\":1,\"name\":\"Home\",\"item\":\"https:\/\/www.yoschimoto.com\/polish-fashion-designer\/pl\/polska-projektantka-mody-od-kimona-po-wieceja\/\"},{\"@type\":\"ListItem\",\"position\":2,\"name\":\"Sklep\",\"item\":\"https:\/\/www.yoschimoto.com\/polish-fashion-designer\/pl\/sklep\/\"},{\"@type\":\"ListItem\",\"position\":3,\"name\":\"bluzka MAI Yoru\"}]},{\"@type\":\"WebSite\",\"@id\":\"https:\/\/www.yoschimoto.com\/polish-fashion-designer\/pl\/#website\",\"url\":\"https:\/\/www.yoschimoto.com\/polish-fashion-designer\/pl\/\",\"name\":\"YOSCHIMOTO | High Fashion Store\",\"description\":\"Polish Fashion Designer\",\"publisher\":{\"@id\":\"https:\/\/www.yoschimoto.com\/polish-fashion-designer\/pl\/#organization\"},\"potentialAction\":[{\"@type\":\"SearchAction\",\"target\":{\"@type\":\"EntryPoint\",\"urlTemplate\":\"https:\/\/www.yoschimoto.com\/polish-fashion-designer\/pl\/?s={search_term_string}\"},\"query-input\":{\"@type\":\"PropertyValueSpecification\",\"valueRequired\":true,\"valueName\":\"search_term_string\"}}],\"inLanguage\":\"pl-PL\"},{\"@type\":\"Organization\",\"@id\":\"https:\/\/www.yoschimoto.com\/polish-fashion-designer\/pl\/#organization\",\"name\":\"YOSCHIMOTO | High Fashion Store\",\"url\":\"https:\/\/www.yoschimoto.com\/polish-fashion-designer\/pl\/\",\"logo\":{\"@type\":\"ImageObject\",\"inLanguage\":\"pl-PL\",\"@id\":\"https:\/\/www.yoschimoto.com\/polish-fashion-designer\/pl\/#\/schema\/logo\/image\/\",\"url\":\"https:\/\/www.yoschimoto.com\/polish-fashion-designer\/wp-content\/uploads\/2025\/03\/YOSCHIMOTO-high-fashion-clothing-store.svg\",\"contentUrl\":\"https:\/\/www.yoschimoto.com\/polish-fashion-designer\/wp-content\/uploads\/2025\/03\/YOSCHIMOTO-high-fashion-clothing-store.svg\",\"width\":350,\"height\":100,\"caption\":\"YOSCHIMOTO | High Fashion Store\"},\"image\":{\"@id\":\"https:\/\/www.yoschimoto.com\/polish-fashion-designer\/pl\/#\/schema\/logo\/image\/\"}}]}<\/script>\n<meta property=\"og:availability\" content=\"instock\" \/>\n<meta property=\"product:availability\" content=\"instock\" \/>\n<meta property=\"product:condition\" content=\"new\" \/>\n<!-- \/ Yoast SEO plugin. -->","yoast_head_json":{"title":"bluzka MAI Yoru - YOSCHIMOTO | High Fashion Store","description":"Odkryj we\u0142nian\u0105 bluzk\u0119 Mai Yoru, idealn\u0105 na ch\u0142odniejsze dni. Ta \u017cakardowa we\u0142niana bluzka o klasycznym kroju oversize jest mi\u0119kka, lekka i ma unikalny rozci\u0119ty dekolt oraz obszerne r\u0119kawy. Dost\u0119pna w rozmiarze REGULAR i PETITE na zam\u00f3wienie. Zachowaj styl i wygod\u0119 w tym sezonie!","robots":{"index":"index","follow":"follow","max-snippet":"max-snippet:-1","max-image-preview":"max-image-preview:large","max-video-preview":"max-video-preview:-1"},"canonical":"https:\/\/www.yoschimoto.com\/polish-fashion-designer\/pl\/produkt\/bluzka-mai-yoru\/","og_locale":"pl_PL","og_type":"article","og_title":"bluzka MAI Yoru - YOSCHIMOTO | High Fashion Store","og_description":"Odkryj we\u0142nian\u0105 bluzk\u0119 Mai Yoru, idealn\u0105 na ch\u0142odniejsze dni. Ta \u017cakardowa we\u0142niana bluzka o klasycznym kroju oversize jest mi\u0119kka, lekka i ma unikalny rozci\u0119ty dekolt oraz obszerne r\u0119kawy. Dost\u0119pna w rozmiarze REGULAR i PETITE na zam\u00f3wienie. Zachowaj styl i wygod\u0119 w tym sezonie!","og_url":"https:\/\/www.yoschimoto.com\/polish-fashion-designer\/pl\/produkt\/bluzka-mai-yoru\/","og_site_name":"YOSCHIMOTO | High Fashion Store","og_image":[{"width":1707,"height":2560,"url":"https:\/\/www.yoschimoto.com\/polish-fashion-designer\/wp-content\/uploads\/2024\/10\/MAI-Yoru-1.jpg","type":"image\/jpeg"}],"twitter_card":"summary_large_image","twitter_misc":{"Dost\u0119pno\u015b\u0107":"Dost\u0119pny"},"schema":{"@context":"https:\/\/schema.org","@graph":[{"@type":"WebPage","@id":"https:\/\/www.yoschimoto.com\/polish-fashion-designer\/pl\/produkt\/bluzka-mai-yoru\/","url":"https:\/\/www.yoschimoto.com\/polish-fashion-designer\/pl\/produkt\/bluzka-mai-yoru\/","name":"bluzka MAI Yoru - YOSCHIMOTO | High Fashion Store","isPartOf":{"@id":"https:\/\/www.yoschimoto.com\/polish-fashion-designer\/pl\/#website"},"primaryImageOfPage":{"@id":"https:\/\/www.yoschimoto.com\/polish-fashion-designer\/pl\/produkt\/bluzka-mai-yoru\/#primaryimage"},"image":{"@id":"https:\/\/www.yoschimoto.com\/polish-fashion-designer\/pl\/produkt\/bluzka-mai-yoru\/#primaryimage"},"thumbnailUrl":"https:\/\/www.yoschimoto.com\/polish-fashion-designer\/wp-content\/uploads\/2024\/10\/MAI-Yoru-1.jpg","datePublished":"2024-10-08T21:06:05+00:00","description":"Odkryj we\u0142nian\u0105 bluzk\u0119 Mai Yoru, idealn\u0105 na ch\u0142odniejsze dni. Ta \u017cakardowa we\u0142niana bluzka o klasycznym kroju oversize jest mi\u0119kka, lekka i ma unikalny rozci\u0119ty dekolt oraz obszerne r\u0119kawy. Dost\u0119pna w rozmiarze REGULAR i PETITE na zam\u00f3wienie. Zachowaj styl i wygod\u0119 w tym sezonie!","breadcrumb":{"@id":"https:\/\/www.yoschimoto.com\/polish-fashion-designer\/pl\/produkt\/bluzka-mai-yoru\/#breadcrumb"},"inLanguage":"pl-PL","potentialAction":[{"@type":"ReadAction","target":["https:\/\/www.yoschimoto.com\/polish-fashion-designer\/pl\/produkt\/bluzka-mai-yoru\/"]}]},{"@type":"ImageObject","inLanguage":"pl-PL","@id":"https:\/\/www.yoschimoto.com\/polish-fashion-designer\/pl\/produkt\/bluzka-mai-yoru\/#primaryimage","url":"https:\/\/www.yoschimoto.com\/polish-fashion-designer\/wp-content\/uploads\/2024\/10\/MAI-Yoru-1.jpg","contentUrl":"https:\/\/www.yoschimoto.com\/polish-fashion-designer\/wp-content\/uploads\/2024\/10\/MAI-Yoru-1.jpg","width":1707,"height":2560},{"@type":"BreadcrumbList","@id":"https:\/\/www.yoschimoto.com\/polish-fashion-designer\/pl\/produkt\/bluzka-mai-yoru\/#breadcrumb","itemListElement":[{"@type":"ListItem","position":1,"name":"Home","item":"https:\/\/www.yoschimoto.com\/polish-fashion-designer\/pl\/polska-projektantka-mody-od-kimona-po-wieceja\/"},{"@type":"ListItem","position":2,"name":"Sklep","item":"https:\/\/www.yoschimoto.com\/polish-fashion-designer\/pl\/sklep\/"},{"@type":"ListItem","position":3,"name":"bluzka MAI Yoru"}]},{"@type":"WebSite","@id":"https:\/\/www.yoschimoto.com\/polish-fashion-designer\/pl\/#website","url":"https:\/\/www.yoschimoto.com\/polish-fashion-designer\/pl\/","name":"YOSCHIMOTO | High Fashion Store","description":"Polish Fashion Designer","publisher":{"@id":"https:\/\/www.yoschimoto.com\/polish-fashion-designer\/pl\/#organization"},"potentialAction":[{"@type":"SearchAction","target":{"@type":"EntryPoint","urlTemplate":"https:\/\/www.yoschimoto.com\/polish-fashion-designer\/pl\/?s={search_term_string}"},"query-input":{"@type":"PropertyValueSpecification","valueRequired":true,"valueName":"search_term_string"}}],"inLanguage":"pl-PL"},{"@type":"Organization","@id":"https:\/\/www.yoschimoto.com\/polish-fashion-designer\/pl\/#organization","name":"YOSCHIMOTO | High Fashion Store","url":"https:\/\/www.yoschimoto.com\/polish-fashion-designer\/pl\/","logo":{"@type":"ImageObject","inLanguage":"pl-PL","@id":"https:\/\/www.yoschimoto.com\/polish-fashion-designer\/pl\/#\/schema\/logo\/image\/","url":"https:\/\/www.yoschimoto.com\/polish-fashion-designer\/wp-content\/uploads\/2025\/03\/YOSCHIMOTO-high-fashion-clothing-store.svg","contentUrl":"https:\/\/www.yoschimoto.com\/polish-fashion-designer\/wp-content\/uploads\/2025\/03\/YOSCHIMOTO-high-fashion-clothing-store.svg","width":350,"height":100,"caption":"YOSCHIMOTO | High Fashion Store"},"image":{"@id":"https:\/\/www.yoschimoto.com\/polish-fashion-designer\/pl\/#\/schema\/logo\/image\/"}}]},"og_availability":"instock","product_availability":"instock","product_condition":"new"},"_links":{"self":[{"href":"https:\/\/www.yoschimoto.com\/polish-fashion-designer\/pl\/wp-json\/wp\/v2\/product\/992463","targetHints":{"allow":["GET"]}}],"collection":[{"href":"https:\/\/www.yoschimoto.com\/polish-fashion-designer\/pl\/wp-json\/wp\/v2\/product"}],"about":[{"href":"https:\/\/www.yoschimoto.com\/polish-fashion-designer\/pl\/wp-json\/wp\/v2\/types\/product"}],"wp:featuredmedia":[{"embeddable":true,"href":"https:\/\/www.yoschimoto.com\/polish-fashion-designer\/pl\/wp-json\/wp\/v2\/media\/990880"}],"wp:attachment":[{"href":"https:\/\/www.yoschimoto.com\/polish-fashion-designer\/pl\/wp-json\/wp\/v2\/media?parent=992463"}],"wp:term":[{"taxonomy":"product_brand","embeddable":true,"href":"https:\/\/www.yoschimoto.com\/polish-fashion-designer\/pl\/wp-json\/wp\/v2\/product_brand?post=992463"},{"taxonomy":"product_cat","embeddable":true,"href":"https:\/\/www.yoschimoto.com\/polish-fashion-designer\/pl\/wp-json\/wp\/v2\/product_cat?post=992463"},{"taxonomy":"product_tag","embeddable":true,"href":"https:\/\/www.yoschimoto.com\/polish-fashion-designer\/pl\/wp-json\/wp\/v2\/product_tag?post=992463"}],"curies":[{"name":"wp","href":"https:\/\/api.w.org\/{rel}","templated":true}]}}