{"id":992456,"date":"2024-10-19T14:11:25","date_gmt":"2024-10-19T12:11:25","guid":{"rendered":"https:\/\/www.yoschimoto.com\/polish-fashion-designer\/product\/oversizeowa-koszula-mai-lino-nero\/"},"modified":"2024-10-19T14:11:25","modified_gmt":"2024-10-19T12:11:25","slug":"oversizeowa-koszula-mai-lino-nero","status":"publish","type":"product","link":"https:\/\/www.yoschimoto.com\/polish-fashion-designer\/pl\/produkt\/oversizeowa-koszula-mai-lino-nero\/","title":{"rendered":"oversize&#8217;owa koszula MAI Lino Nero"},"content":{"rendered":"<div class=\"vgblk-rw-wrapper limit-wrapper\">\n<p class=\"Normalny tm5\">lniana bluzka Mai Lino Nero<\/p>\n<p class=\"Normalny tm5\">\n<p class=\"Normalny tm5\">Przedstawiamy bluzk\u0119 Mai Lino Nero, oversizow\u0105 bluzk\u0119 o lu\u017anym kroju, wykonan\u0105 w 100% z g\u0142adkiego lnu w grafitowo-czarnym kolorze.<\/p>\n<p class=\"Normalny tm5\">\n<p class=\"Normalny tm5\">Wytrzyma\u0142a tkanina: Wykonana ze spr\u0119\u017cystego lnu, tkanina pi\u0119knie zachowuje sw\u00f3j kszta\u0142t, zapewniaj\u0105c strukturaln\u0105 sylwetk\u0119.<\/p>\n<p class=\"Normalny tm5\">\nStylowy design: Charakterystyczny \u201erozci\u0119ty\u201d dekolt i obszerne r\u0119kawy zako\u0144czone eleganckimi mankietami.<\/p>\n<p class=\"Normalny tm5\">\nUniwersalne mankiety: Elastyczne mankiety pozwalaj\u0105 naturalnie uk\u0142ada\u0107 si\u0119 na nadgarstkach lub wygodnie spoczywa\u0107 na przedramionach.<\/p>\n<p class=\"Normalny tm5\">\nDopasowany kr\u00f3j: Naturalna sztywno\u015b\u0107 materia\u0142u pomaga zachowa\u0107 form\u0119 bluzki, podkre\u015blaj\u0105c pe\u0142ni\u0119 r\u0119kaw\u00f3w.<\/p>\n<p class=\"Normalny tm5\">\n<p class=\"Normalny tm5\">Dost\u0119pne rozmiary:<\/p>\n<p class=\"Normalny tm5\">\n&#8211; REGULAR i PETITE (przeznaczone dla os\u00f3b o wzro\u015bcie 160-165 cm).<\/p>\n<p class=\"Normalny tm5\">\n<p class=\"Normalny tm5\">\n<\/div>\n<p><!-- .vgblk-rw-wrapper --><\/p>\n","protected":false},"excerpt":{"rendered":"<p class=\"Normalny tm5\">Wymiary:<\/p>\n<p class=\"Normalny tm5\">\n<p class=\"Normalny tm5\">PETITE<\/p>\n<p class=\"Normalny tm5\">szeroko\u015b\u0107: 52 cm<\/p>\n<p class=\"Normalny tm5\">d\u0142ugo\u015b\u0107: 60 cm<\/p>\n<p class=\"Normalny tm5\">r\u0119kawy (z mankietami): 65 cm<\/p>\n<p class=\"Normalny tm5\">\n<p class=\"Normalny tm5\">REGULAR<\/p>\n<p class=\"Normalny tm5\">szeroko\u015b\u0107: 61 cm<\/p>\n<p class=\"Normalny tm5\">d\u0142ugo\u015b\u0107: 61 cm<\/p>\n<p class=\"Normalny tm5\">r\u0119kawy (z mankietami): 75 cm<\/p>\n<p class=\"Normalny tm5\">\n<p class=\"Normalny tm5\">\n<p class=\"Normalny tm5\">Charakterystyczny kr\u00f3j: R\u0119kawy s\u0105 celowo d\u0142u\u017csze, aby stworzy\u0107 efekt \u201epuffy\u201d przy nadgarstkach.<\/p>\n<p class=\"Normalny tm5\">\n<p class=\"Normalny tm5\">Sk\u0142ad:<\/p>\n<p class=\"Normalny tm5\">\n&#8211; 100% len<\/p>\n<p class=\"Normalny tm5\">\n<p class=\"Normalny tm5\">Uzupe\u0142nij swoj\u0105 garderob\u0119 o bluzk\u0119 Mai Lino Nero, idealn\u0105 do swobodnego \u0142\u0105czenia stylu z wygod\u0105.<\/p>\n","protected":false},"featured_media":990993,"template":"","meta":{"om_disable_all_campaigns":false,"inline_featured_image":false,"_mi_skip_tracking":false,"_monsterinsights_sitenote_active":false,"_monsterinsights_sitenote_note":"","_monsterinsights_sitenote_category":0,"_uf_show_specific_survey":0,"_uf_disable_surveys":false},"product_brand":[],"product_cat":[431,418,430,412],"product_tag":[440,435,437,436,450],"class_list":{"0":"post-992456","1":"product","2":"type-product","3":"status-publish","4":"has-post-thumbnail","6":"product_cat-koszule","7":"product_cat-koszule-i-topy","8":"product_cat-koszule-i-topy-pl","9":"product_cat-ready-to-wear-pl","10":"product_tag-biala-koszula","11":"product_tag-koszula-mai","12":"product_tag-koszula-na-co-dzien","13":"product_tag-koszula-oversize","14":"product_tag-wiskoza","16":"first","17":"instock","18":"taxable","19":"shipping-taxable","20":"purchasable","21":"product-type-variable","22":"has-default-attributes"},"yoast_head":"<!-- This site is optimized with the Yoast SEO plugin v24.5 - https:\/\/yoast.com\/wordpress\/plugins\/seo\/ -->\n<title>oversize&#039;owa koszula MAI Lino Nero - YOSCHIMOTO | High Fashion Store<\/title>\n<meta name=\"description\" content=\"Odkryj koszul\u0119 Mai Nero o oversize&#039;owym kroju, wykonan\u0105 z lekko sztywnego lnu dla ustrukturyzowanej sylwetki. Ta klasyczna bluzka z eleganckim, rozci\u0119tym dekoltem i obszernymi r\u0119kawami ma elastyczne mankiety, kt\u00f3re nadaj\u0105 jej uniwersalny wygl\u0105d. Dost\u0119pna w rozmiarach REGULAR i PETITE. Idealna dla ponadczasowej elegancji!\" \/>\n<meta name=\"robots\" content=\"index, follow, max-snippet:-1, max-image-preview:large, max-video-preview:-1\" \/>\n<link rel=\"canonical\" href=\"https:\/\/www.yoschimoto.com\/polish-fashion-designer\/pl\/produkt\/oversizeowa-koszula-mai-lino-nero\/\" \/>\n<meta property=\"og:locale\" content=\"pl_PL\" \/>\n<meta property=\"og:type\" content=\"article\" \/>\n<meta property=\"og:title\" content=\"oversize&#039;owa koszula MAI Lino Nero - YOSCHIMOTO | High Fashion Store\" \/>\n<meta property=\"og:description\" content=\"Odkryj koszul\u0119 Mai Nero o oversize&#039;owym kroju, wykonan\u0105 z lekko sztywnego lnu dla ustrukturyzowanej sylwetki. Ta klasyczna bluzka z eleganckim, rozci\u0119tym dekoltem i obszernymi r\u0119kawami ma elastyczne mankiety, kt\u00f3re nadaj\u0105 jej uniwersalny wygl\u0105d. Dost\u0119pna w rozmiarach REGULAR i PETITE. Idealna dla ponadczasowej elegancji!\" \/>\n<meta property=\"og:url\" content=\"https:\/\/www.yoschimoto.com\/polish-fashion-designer\/pl\/produkt\/oversizeowa-koszula-mai-lino-nero\/\" \/>\n<meta property=\"og:site_name\" content=\"YOSCHIMOTO | High Fashion Store\" \/>\n<meta property=\"og:image\" content=\"https:\/\/www.yoschimoto.com\/polish-fashion-designer\/wp-content\/uploads\/2024\/10\/MAI-Lino-Nero-2-scaled.jpg\" \/>\n\t<meta property=\"og:image:width\" content=\"1707\" \/>\n\t<meta property=\"og:image:height\" content=\"2560\" \/>\n\t<meta property=\"og:image:type\" content=\"image\/jpeg\" \/>\n<meta name=\"twitter:card\" content=\"summary_large_image\" \/>\n<meta name=\"twitter:label1\" content=\"Dost\u0119pno\u015b\u0107\" \/>\n\t<meta name=\"twitter:data1\" content=\"Dost\u0119pny\" \/>\n<script type=\"application\/ld+json\" class=\"yoast-schema-graph\">{\"@context\":\"https:\/\/schema.org\",\"@graph\":[{\"@type\":\"WebPage\",\"@id\":\"https:\/\/www.yoschimoto.com\/polish-fashion-designer\/pl\/produkt\/oversizeowa-koszula-mai-lino-nero\/\",\"url\":\"https:\/\/www.yoschimoto.com\/polish-fashion-designer\/pl\/produkt\/oversizeowa-koszula-mai-lino-nero\/\",\"name\":\"oversize'owa koszula MAI Lino Nero - YOSCHIMOTO | High Fashion Store\",\"isPartOf\":{\"@id\":\"https:\/\/www.yoschimoto.com\/polish-fashion-designer\/pl\/#website\"},\"primaryImageOfPage\":{\"@id\":\"https:\/\/www.yoschimoto.com\/polish-fashion-designer\/pl\/produkt\/oversizeowa-koszula-mai-lino-nero\/#primaryimage\"},\"image\":{\"@id\":\"https:\/\/www.yoschimoto.com\/polish-fashion-designer\/pl\/produkt\/oversizeowa-koszula-mai-lino-nero\/#primaryimage\"},\"thumbnailUrl\":\"https:\/\/www.yoschimoto.com\/polish-fashion-designer\/wp-content\/uploads\/2024\/10\/MAI-Lino-Nero-2-scaled.jpg\",\"datePublished\":\"2024-10-19T12:11:25+00:00\",\"description\":\"Odkryj koszul\u0119 Mai Nero o oversize'owym kroju, wykonan\u0105 z lekko sztywnego lnu dla ustrukturyzowanej sylwetki. Ta klasyczna bluzka z eleganckim, rozci\u0119tym dekoltem i obszernymi r\u0119kawami ma elastyczne mankiety, kt\u00f3re nadaj\u0105 jej uniwersalny wygl\u0105d. Dost\u0119pna w rozmiarach REGULAR i PETITE. Idealna dla ponadczasowej elegancji!\",\"breadcrumb\":{\"@id\":\"https:\/\/www.yoschimoto.com\/polish-fashion-designer\/pl\/produkt\/oversizeowa-koszula-mai-lino-nero\/#breadcrumb\"},\"inLanguage\":\"pl-PL\",\"potentialAction\":[{\"@type\":\"ReadAction\",\"target\":[\"https:\/\/www.yoschimoto.com\/polish-fashion-designer\/pl\/produkt\/oversizeowa-koszula-mai-lino-nero\/\"]}]},{\"@type\":\"ImageObject\",\"inLanguage\":\"pl-PL\",\"@id\":\"https:\/\/www.yoschimoto.com\/polish-fashion-designer\/pl\/produkt\/oversizeowa-koszula-mai-lino-nero\/#primaryimage\",\"url\":\"https:\/\/www.yoschimoto.com\/polish-fashion-designer\/wp-content\/uploads\/2024\/10\/MAI-Lino-Nero-2-scaled.jpg\",\"contentUrl\":\"https:\/\/www.yoschimoto.com\/polish-fashion-designer\/wp-content\/uploads\/2024\/10\/MAI-Lino-Nero-2-scaled.jpg\",\"width\":1707,\"height\":2560},{\"@type\":\"BreadcrumbList\",\"@id\":\"https:\/\/www.yoschimoto.com\/polish-fashion-designer\/pl\/produkt\/oversizeowa-koszula-mai-lino-nero\/#breadcrumb\",\"itemListElement\":[{\"@type\":\"ListItem\",\"position\":1,\"name\":\"Home\",\"item\":\"https:\/\/www.yoschimoto.com\/polish-fashion-designer\/pl\/polska-projektantka-mody-od-kimona-po-wieceja\/\"},{\"@type\":\"ListItem\",\"position\":2,\"name\":\"Sklep\",\"item\":\"https:\/\/www.yoschimoto.com\/polish-fashion-designer\/pl\/sklep\/\"},{\"@type\":\"ListItem\",\"position\":3,\"name\":\"oversize&#8217;owa koszula MAI Lino Nero\"}]},{\"@type\":\"WebSite\",\"@id\":\"https:\/\/www.yoschimoto.com\/polish-fashion-designer\/pl\/#website\",\"url\":\"https:\/\/www.yoschimoto.com\/polish-fashion-designer\/pl\/\",\"name\":\"YOSCHIMOTO | High Fashion Store\",\"description\":\"Polish Fashion Designer\",\"publisher\":{\"@id\":\"https:\/\/www.yoschimoto.com\/polish-fashion-designer\/pl\/#organization\"},\"potentialAction\":[{\"@type\":\"SearchAction\",\"target\":{\"@type\":\"EntryPoint\",\"urlTemplate\":\"https:\/\/www.yoschimoto.com\/polish-fashion-designer\/pl\/?s={search_term_string}\"},\"query-input\":{\"@type\":\"PropertyValueSpecification\",\"valueRequired\":true,\"valueName\":\"search_term_string\"}}],\"inLanguage\":\"pl-PL\"},{\"@type\":\"Organization\",\"@id\":\"https:\/\/www.yoschimoto.com\/polish-fashion-designer\/pl\/#organization\",\"name\":\"YOSCHIMOTO | High Fashion Store\",\"url\":\"https:\/\/www.yoschimoto.com\/polish-fashion-designer\/pl\/\",\"logo\":{\"@type\":\"ImageObject\",\"inLanguage\":\"pl-PL\",\"@id\":\"https:\/\/www.yoschimoto.com\/polish-fashion-designer\/pl\/#\/schema\/logo\/image\/\",\"url\":\"https:\/\/www.yoschimoto.com\/polish-fashion-designer\/wp-content\/uploads\/2025\/03\/YOSCHIMOTO-high-fashion-clothing-store.svg\",\"contentUrl\":\"https:\/\/www.yoschimoto.com\/polish-fashion-designer\/wp-content\/uploads\/2025\/03\/YOSCHIMOTO-high-fashion-clothing-store.svg\",\"width\":350,\"height\":100,\"caption\":\"YOSCHIMOTO | High Fashion Store\"},\"image\":{\"@id\":\"https:\/\/www.yoschimoto.com\/polish-fashion-designer\/pl\/#\/schema\/logo\/image\/\"}}]}<\/script>\n<meta property=\"og:availability\" content=\"instock\" \/>\n<meta property=\"product:availability\" content=\"instock\" \/>\n<meta property=\"product:condition\" content=\"new\" \/>\n<!-- \/ Yoast SEO plugin. -->","yoast_head_json":{"title":"oversize'owa koszula MAI Lino Nero - YOSCHIMOTO | High Fashion Store","description":"Odkryj koszul\u0119 Mai Nero o oversize'owym kroju, wykonan\u0105 z lekko sztywnego lnu dla ustrukturyzowanej sylwetki. Ta klasyczna bluzka z eleganckim, rozci\u0119tym dekoltem i obszernymi r\u0119kawami ma elastyczne mankiety, kt\u00f3re nadaj\u0105 jej uniwersalny wygl\u0105d. Dost\u0119pna w rozmiarach REGULAR i PETITE. Idealna dla ponadczasowej elegancji!","robots":{"index":"index","follow":"follow","max-snippet":"max-snippet:-1","max-image-preview":"max-image-preview:large","max-video-preview":"max-video-preview:-1"},"canonical":"https:\/\/www.yoschimoto.com\/polish-fashion-designer\/pl\/produkt\/oversizeowa-koszula-mai-lino-nero\/","og_locale":"pl_PL","og_type":"article","og_title":"oversize'owa koszula MAI Lino Nero - YOSCHIMOTO | High Fashion Store","og_description":"Odkryj koszul\u0119 Mai Nero o oversize'owym kroju, wykonan\u0105 z lekko sztywnego lnu dla ustrukturyzowanej sylwetki. Ta klasyczna bluzka z eleganckim, rozci\u0119tym dekoltem i obszernymi r\u0119kawami ma elastyczne mankiety, kt\u00f3re nadaj\u0105 jej uniwersalny wygl\u0105d. Dost\u0119pna w rozmiarach REGULAR i PETITE. Idealna dla ponadczasowej elegancji!","og_url":"https:\/\/www.yoschimoto.com\/polish-fashion-designer\/pl\/produkt\/oversizeowa-koszula-mai-lino-nero\/","og_site_name":"YOSCHIMOTO | High Fashion Store","og_image":[{"width":1707,"height":2560,"url":"https:\/\/www.yoschimoto.com\/polish-fashion-designer\/wp-content\/uploads\/2024\/10\/MAI-Lino-Nero-2-scaled.jpg","type":"image\/jpeg"}],"twitter_card":"summary_large_image","twitter_misc":{"Dost\u0119pno\u015b\u0107":"Dost\u0119pny"},"schema":{"@context":"https:\/\/schema.org","@graph":[{"@type":"WebPage","@id":"https:\/\/www.yoschimoto.com\/polish-fashion-designer\/pl\/produkt\/oversizeowa-koszula-mai-lino-nero\/","url":"https:\/\/www.yoschimoto.com\/polish-fashion-designer\/pl\/produkt\/oversizeowa-koszula-mai-lino-nero\/","name":"oversize'owa koszula MAI Lino Nero - YOSCHIMOTO | High Fashion Store","isPartOf":{"@id":"https:\/\/www.yoschimoto.com\/polish-fashion-designer\/pl\/#website"},"primaryImageOfPage":{"@id":"https:\/\/www.yoschimoto.com\/polish-fashion-designer\/pl\/produkt\/oversizeowa-koszula-mai-lino-nero\/#primaryimage"},"image":{"@id":"https:\/\/www.yoschimoto.com\/polish-fashion-designer\/pl\/produkt\/oversizeowa-koszula-mai-lino-nero\/#primaryimage"},"thumbnailUrl":"https:\/\/www.yoschimoto.com\/polish-fashion-designer\/wp-content\/uploads\/2024\/10\/MAI-Lino-Nero-2-scaled.jpg","datePublished":"2024-10-19T12:11:25+00:00","description":"Odkryj koszul\u0119 Mai Nero o oversize'owym kroju, wykonan\u0105 z lekko sztywnego lnu dla ustrukturyzowanej sylwetki. Ta klasyczna bluzka z eleganckim, rozci\u0119tym dekoltem i obszernymi r\u0119kawami ma elastyczne mankiety, kt\u00f3re nadaj\u0105 jej uniwersalny wygl\u0105d. Dost\u0119pna w rozmiarach REGULAR i PETITE. Idealna dla ponadczasowej elegancji!","breadcrumb":{"@id":"https:\/\/www.yoschimoto.com\/polish-fashion-designer\/pl\/produkt\/oversizeowa-koszula-mai-lino-nero\/#breadcrumb"},"inLanguage":"pl-PL","potentialAction":[{"@type":"ReadAction","target":["https:\/\/www.yoschimoto.com\/polish-fashion-designer\/pl\/produkt\/oversizeowa-koszula-mai-lino-nero\/"]}]},{"@type":"ImageObject","inLanguage":"pl-PL","@id":"https:\/\/www.yoschimoto.com\/polish-fashion-designer\/pl\/produkt\/oversizeowa-koszula-mai-lino-nero\/#primaryimage","url":"https:\/\/www.yoschimoto.com\/polish-fashion-designer\/wp-content\/uploads\/2024\/10\/MAI-Lino-Nero-2-scaled.jpg","contentUrl":"https:\/\/www.yoschimoto.com\/polish-fashion-designer\/wp-content\/uploads\/2024\/10\/MAI-Lino-Nero-2-scaled.jpg","width":1707,"height":2560},{"@type":"BreadcrumbList","@id":"https:\/\/www.yoschimoto.com\/polish-fashion-designer\/pl\/produkt\/oversizeowa-koszula-mai-lino-nero\/#breadcrumb","itemListElement":[{"@type":"ListItem","position":1,"name":"Home","item":"https:\/\/www.yoschimoto.com\/polish-fashion-designer\/pl\/polska-projektantka-mody-od-kimona-po-wieceja\/"},{"@type":"ListItem","position":2,"name":"Sklep","item":"https:\/\/www.yoschimoto.com\/polish-fashion-designer\/pl\/sklep\/"},{"@type":"ListItem","position":3,"name":"oversize&#8217;owa koszula MAI Lino Nero"}]},{"@type":"WebSite","@id":"https:\/\/www.yoschimoto.com\/polish-fashion-designer\/pl\/#website","url":"https:\/\/www.yoschimoto.com\/polish-fashion-designer\/pl\/","name":"YOSCHIMOTO | High Fashion Store","description":"Polish Fashion Designer","publisher":{"@id":"https:\/\/www.yoschimoto.com\/polish-fashion-designer\/pl\/#organization"},"potentialAction":[{"@type":"SearchAction","target":{"@type":"EntryPoint","urlTemplate":"https:\/\/www.yoschimoto.com\/polish-fashion-designer\/pl\/?s={search_term_string}"},"query-input":{"@type":"PropertyValueSpecification","valueRequired":true,"valueName":"search_term_string"}}],"inLanguage":"pl-PL"},{"@type":"Organization","@id":"https:\/\/www.yoschimoto.com\/polish-fashion-designer\/pl\/#organization","name":"YOSCHIMOTO | High Fashion Store","url":"https:\/\/www.yoschimoto.com\/polish-fashion-designer\/pl\/","logo":{"@type":"ImageObject","inLanguage":"pl-PL","@id":"https:\/\/www.yoschimoto.com\/polish-fashion-designer\/pl\/#\/schema\/logo\/image\/","url":"https:\/\/www.yoschimoto.com\/polish-fashion-designer\/wp-content\/uploads\/2025\/03\/YOSCHIMOTO-high-fashion-clothing-store.svg","contentUrl":"https:\/\/www.yoschimoto.com\/polish-fashion-designer\/wp-content\/uploads\/2025\/03\/YOSCHIMOTO-high-fashion-clothing-store.svg","width":350,"height":100,"caption":"YOSCHIMOTO | High Fashion Store"},"image":{"@id":"https:\/\/www.yoschimoto.com\/polish-fashion-designer\/pl\/#\/schema\/logo\/image\/"}}]},"og_availability":"instock","product_availability":"instock","product_condition":"new"},"_links":{"self":[{"href":"https:\/\/www.yoschimoto.com\/polish-fashion-designer\/pl\/wp-json\/wp\/v2\/product\/992456","targetHints":{"allow":["GET"]}}],"collection":[{"href":"https:\/\/www.yoschimoto.com\/polish-fashion-designer\/pl\/wp-json\/wp\/v2\/product"}],"about":[{"href":"https:\/\/www.yoschimoto.com\/polish-fashion-designer\/pl\/wp-json\/wp\/v2\/types\/product"}],"wp:featuredmedia":[{"embeddable":true,"href":"https:\/\/www.yoschimoto.com\/polish-fashion-designer\/pl\/wp-json\/wp\/v2\/media\/990993"}],"wp:attachment":[{"href":"https:\/\/www.yoschimoto.com\/polish-fashion-designer\/pl\/wp-json\/wp\/v2\/media?parent=992456"}],"wp:term":[{"taxonomy":"product_brand","embeddable":true,"href":"https:\/\/www.yoschimoto.com\/polish-fashion-designer\/pl\/wp-json\/wp\/v2\/product_brand?post=992456"},{"taxonomy":"product_cat","embeddable":true,"href":"https:\/\/www.yoschimoto.com\/polish-fashion-designer\/pl\/wp-json\/wp\/v2\/product_cat?post=992456"},{"taxonomy":"product_tag","embeddable":true,"href":"https:\/\/www.yoschimoto.com\/polish-fashion-designer\/pl\/wp-json\/wp\/v2\/product_tag?post=992456"}],"curies":[{"name":"wp","href":"https:\/\/api.w.org\/{rel}","templated":true}]}}