{"id":992452,"date":"2024-10-22T22:03:32","date_gmt":"2024-10-22T20:03:32","guid":{"rendered":"https:\/\/www.yoschimoto.com\/polish-fashion-designer\/product\/dzianinowa-bluzka-mai-beebee\/"},"modified":"2024-10-22T22:03:32","modified_gmt":"2024-10-22T20:03:32","slug":"dzianinowa-bluzka-mai-beebee","status":"publish","type":"product","link":"https:\/\/www.yoschimoto.com\/polish-fashion-designer\/pl\/produkt\/dzianinowa-bluzka-mai-beebee\/","title":{"rendered":"dzianinowa bluzka MAI BeeBee"},"content":{"rendered":"<div class=\"vgblk-rw-wrapper limit-wrapper\">\n<p class=\"Normalny tm5\">swetrowa bluzka Mai BeeBee<\/p>\n<p class=\"Normalny tm5\">\n<p class=\"Normalny tm5\">Przedstawiamy bluzk\u0119 Mai BeeBee o lu\u017anym kroju oversize, dost\u0119pn\u0105 r\u00f3wnie\u017c w wersji dzianinowej.<\/p>\n<p class=\"Normalny tm5\">\n<p class=\"Normalny tm5\">Ekskluzywny materia\u0142: Wykonana z fantastycznej, ch\u0142odnej i wytrzyma\u0142ej dzianiny wiskozowej, kt\u00f3ra jest elastyczna i pi\u0119knie podkre\u015bla model MAI.<\/p>\n<p class=\"Normalny tm5\">\nStylowy wz\u00f3r w paski: Dost\u0119pne w kolorze bia\u0142ym z efektownymi czarnymi paskami, idealne do dodania odrobiny elegancji do wiosennej garderoby.<\/p>\n<p class=\"Normalny tm5\">\nWygodna i stylowa: mi\u0119sista, ale ch\u0142odna tkanina sprawia, \u017ce jest idealna na sezon wiosenny.<\/p>\n<p class=\"Normalny tm5\">\nElegancki design: Posiada \u201erozci\u0119ty\u201d dekolt i obszerne r\u0119kawy zako\u0144czone stylowymi mankietami.<\/p>\n<p class=\"Normalny tm5\">\nWszechstronne mankiety: Elastyczne mankiety pozwalaj\u0105 r\u0119kawom naturalnie uk\u0142ada\u0107 si\u0119 na nadgarstkach lub wygodnie spoczywa\u0107 na przedramionach.<\/p>\n<p class=\"Normalny tm5\">\n<p class=\"Normalny tm5\">Dost\u0119pne rozmiary:<br \/>\n&#8211; ostatnie sztuki dost\u0119pne wy\u0142\u0105cznie w rozmiarze PETITE! (przeznaczone dla os\u00f3b o wzro\u015bcie 160-165 cm). <\/p>\n<\/div>\n<p><!-- .vgblk-rw-wrapper --><\/p>\n","protected":false},"excerpt":{"rendered":"<p class=\"Normalny tm5\">Wymiary:<\/p>\n<p class=\"Normalny tm5\">\n<p class=\"Normalny tm5\">PETITE<\/p>\n<p class=\"Normalny tm5\">szeroko\u015b\u0107: 52 cm<\/p>\n<p class=\"Normalny tm5\">d\u0142ugo\u015b\u0107: 60 cm<\/p>\n<p class=\"Normalny tm5\">r\u0119kawy (z mankietami): 65 cm<\/p>\n<p class=\"Normalny tm5\">\n<p class=\"Normalny tm5\">\n<p class=\"Normalny tm5\">Charakterystyczny kr\u00f3j: R\u0119kawy s\u0105 celowo d\u0142u\u017csze, aby stworzy\u0107 efekt \u201epuffy\u201d przy nadgarstkach.<\/p>\n<p class=\"Normalny tm5\">\n<p class=\"Normalny tm5\">Sk\u0142ad:<\/p>\n<p class=\"Normalny tm5\">\n&#8211; 100% wiskoza<\/p>\n<p class=\"Normalny tm5\">\n<p class=\"Normalny tm5\">Instrukcje dotycz\u0105ce piel\u0119gnacji: Zalecane jest pranie chemiczne.<\/p>\n<p class=\"Normalny tm5\">\n<p class=\"Normalny tm5\">Podkr\u0119\u0107 sw\u00f3j wiosenny styl dzi\u0119ki bluzce Mai BeeBee w formie swetrowej, \u0142\u0105cz\u0105cej wygod\u0119 z modnym stylem.<\/p>\n<p class=\"Normalny\">\n","protected":false},"featured_media":991299,"template":"","meta":{"om_disable_all_campaigns":false,"inline_featured_image":false,"_mi_skip_tracking":false,"_monsterinsights_sitenote_active":false,"_monsterinsights_sitenote_note":"","_monsterinsights_sitenote_category":0,"_uf_show_specific_survey":0,"_uf_disable_surveys":false},"product_brand":[],"product_cat":[431,418,430,412,463],"product_tag":[465,464,435,437,436,450],"class_list":{"0":"post-992452","1":"product","2":"type-product","3":"status-publish","4":"has-post-thumbnail","6":"product_cat-koszule","7":"product_cat-koszule-i-topy","8":"product_cat-koszule-i-topy-pl","9":"product_cat-ready-to-wear-pl","10":"product_cat-swetry","11":"product_tag-dzianina","12":"product_tag-dzianinowa-bluzka","13":"product_tag-koszula-mai","14":"product_tag-koszula-na-co-dzien","15":"product_tag-koszula-oversize","16":"product_tag-wiskoza","18":"first","19":"instock","20":"taxable","21":"shipping-taxable","22":"purchasable","23":"product-type-variable","24":"has-default-attributes"},"yoast_head":"<!-- This site is optimized with the Yoast SEO plugin v24.5 - https:\/\/yoast.com\/wordpress\/plugins\/seo\/ -->\n<title>dzianinowa bluzka MAI BeeBee - YOSCHIMOTO | High Fashion Store<\/title>\n<meta name=\"description\" content=\"Odkryj bluzk\u0119 Mai BeeBee w dzianinowym stylu, oversizowy kr\u00f3j wykonany z luksusowej dzianiny wiskozowej z eleganckimi czarnymi paskami na bia\u0142ym tle. Ten ch\u0142odny, g\u0119sty materia\u0142 jest idealny na wiosn\u0119, z rozci\u0119tym dekoltem i obszernymi r\u0119kawami z uniwersalnymi elastycznymi mankietami. Ostatnie sztuki dost\u0119pne tylko w rozmiarze PETITE!\" \/>\n<meta name=\"robots\" content=\"index, follow, max-snippet:-1, max-image-preview:large, max-video-preview:-1\" \/>\n<link rel=\"canonical\" href=\"https:\/\/www.yoschimoto.com\/polish-fashion-designer\/pl\/produkt\/dzianinowa-bluzka-mai-beebee\/\" \/>\n<meta property=\"og:locale\" content=\"pl_PL\" \/>\n<meta property=\"og:type\" content=\"article\" \/>\n<meta property=\"og:title\" content=\"dzianinowa bluzka MAI BeeBee - YOSCHIMOTO | High Fashion Store\" \/>\n<meta property=\"og:description\" content=\"Odkryj bluzk\u0119 Mai BeeBee w dzianinowym stylu, oversizowy kr\u00f3j wykonany z luksusowej dzianiny wiskozowej z eleganckimi czarnymi paskami na bia\u0142ym tle. Ten ch\u0142odny, g\u0119sty materia\u0142 jest idealny na wiosn\u0119, z rozci\u0119tym dekoltem i obszernymi r\u0119kawami z uniwersalnymi elastycznymi mankietami. Ostatnie sztuki dost\u0119pne tylko w rozmiarze PETITE!\" \/>\n<meta property=\"og:url\" content=\"https:\/\/www.yoschimoto.com\/polish-fashion-designer\/pl\/produkt\/dzianinowa-bluzka-mai-beebee\/\" \/>\n<meta property=\"og:site_name\" content=\"YOSCHIMOTO | High Fashion Store\" \/>\n<meta property=\"og:image\" content=\"https:\/\/www.yoschimoto.com\/polish-fashion-designer\/wp-content\/uploads\/2024\/10\/MAI-BeeBee-2.jpg\" \/>\n\t<meta property=\"og:image:width\" content=\"1000\" \/>\n\t<meta property=\"og:image:height\" content=\"1333\" \/>\n\t<meta property=\"og:image:type\" content=\"image\/jpeg\" \/>\n<meta name=\"twitter:card\" content=\"summary_large_image\" \/>\n<meta name=\"twitter:label1\" content=\"Dost\u0119pno\u015b\u0107\" \/>\n\t<meta name=\"twitter:data1\" content=\"Dost\u0119pny\" \/>\n<script type=\"application\/ld+json\" class=\"yoast-schema-graph\">{\"@context\":\"https:\/\/schema.org\",\"@graph\":[{\"@type\":\"WebPage\",\"@id\":\"https:\/\/www.yoschimoto.com\/polish-fashion-designer\/pl\/produkt\/dzianinowa-bluzka-mai-beebee\/\",\"url\":\"https:\/\/www.yoschimoto.com\/polish-fashion-designer\/pl\/produkt\/dzianinowa-bluzka-mai-beebee\/\",\"name\":\"dzianinowa bluzka MAI BeeBee - YOSCHIMOTO | High Fashion Store\",\"isPartOf\":{\"@id\":\"https:\/\/www.yoschimoto.com\/polish-fashion-designer\/pl\/#website\"},\"primaryImageOfPage\":{\"@id\":\"https:\/\/www.yoschimoto.com\/polish-fashion-designer\/pl\/produkt\/dzianinowa-bluzka-mai-beebee\/#primaryimage\"},\"image\":{\"@id\":\"https:\/\/www.yoschimoto.com\/polish-fashion-designer\/pl\/produkt\/dzianinowa-bluzka-mai-beebee\/#primaryimage\"},\"thumbnailUrl\":\"https:\/\/www.yoschimoto.com\/polish-fashion-designer\/wp-content\/uploads\/2024\/10\/MAI-BeeBee-2.jpg\",\"datePublished\":\"2024-10-22T20:03:32+00:00\",\"description\":\"Odkryj bluzk\u0119 Mai BeeBee w dzianinowym stylu, oversizowy kr\u00f3j wykonany z luksusowej dzianiny wiskozowej z eleganckimi czarnymi paskami na bia\u0142ym tle. Ten ch\u0142odny, g\u0119sty materia\u0142 jest idealny na wiosn\u0119, z rozci\u0119tym dekoltem i obszernymi r\u0119kawami z uniwersalnymi elastycznymi mankietami. Ostatnie sztuki dost\u0119pne tylko w rozmiarze PETITE!\",\"breadcrumb\":{\"@id\":\"https:\/\/www.yoschimoto.com\/polish-fashion-designer\/pl\/produkt\/dzianinowa-bluzka-mai-beebee\/#breadcrumb\"},\"inLanguage\":\"pl-PL\",\"potentialAction\":[{\"@type\":\"ReadAction\",\"target\":[\"https:\/\/www.yoschimoto.com\/polish-fashion-designer\/pl\/produkt\/dzianinowa-bluzka-mai-beebee\/\"]}]},{\"@type\":\"ImageObject\",\"inLanguage\":\"pl-PL\",\"@id\":\"https:\/\/www.yoschimoto.com\/polish-fashion-designer\/pl\/produkt\/dzianinowa-bluzka-mai-beebee\/#primaryimage\",\"url\":\"https:\/\/www.yoschimoto.com\/polish-fashion-designer\/wp-content\/uploads\/2024\/10\/MAI-BeeBee-2.jpg\",\"contentUrl\":\"https:\/\/www.yoschimoto.com\/polish-fashion-designer\/wp-content\/uploads\/2024\/10\/MAI-BeeBee-2.jpg\",\"width\":1000,\"height\":1333},{\"@type\":\"BreadcrumbList\",\"@id\":\"https:\/\/www.yoschimoto.com\/polish-fashion-designer\/pl\/produkt\/dzianinowa-bluzka-mai-beebee\/#breadcrumb\",\"itemListElement\":[{\"@type\":\"ListItem\",\"position\":1,\"name\":\"Home\",\"item\":\"https:\/\/www.yoschimoto.com\/polish-fashion-designer\/pl\/polska-projektantka-mody-od-kimona-po-wieceja\/\"},{\"@type\":\"ListItem\",\"position\":2,\"name\":\"Sklep\",\"item\":\"https:\/\/www.yoschimoto.com\/polish-fashion-designer\/pl\/sklep\/\"},{\"@type\":\"ListItem\",\"position\":3,\"name\":\"dzianinowa bluzka MAI BeeBee\"}]},{\"@type\":\"WebSite\",\"@id\":\"https:\/\/www.yoschimoto.com\/polish-fashion-designer\/pl\/#website\",\"url\":\"https:\/\/www.yoschimoto.com\/polish-fashion-designer\/pl\/\",\"name\":\"YOSCHIMOTO | High Fashion Store\",\"description\":\"Polish Fashion Designer\",\"publisher\":{\"@id\":\"https:\/\/www.yoschimoto.com\/polish-fashion-designer\/pl\/#organization\"},\"potentialAction\":[{\"@type\":\"SearchAction\",\"target\":{\"@type\":\"EntryPoint\",\"urlTemplate\":\"https:\/\/www.yoschimoto.com\/polish-fashion-designer\/pl\/?s={search_term_string}\"},\"query-input\":{\"@type\":\"PropertyValueSpecification\",\"valueRequired\":true,\"valueName\":\"search_term_string\"}}],\"inLanguage\":\"pl-PL\"},{\"@type\":\"Organization\",\"@id\":\"https:\/\/www.yoschimoto.com\/polish-fashion-designer\/pl\/#organization\",\"name\":\"YOSCHIMOTO | High Fashion Store\",\"url\":\"https:\/\/www.yoschimoto.com\/polish-fashion-designer\/pl\/\",\"logo\":{\"@type\":\"ImageObject\",\"inLanguage\":\"pl-PL\",\"@id\":\"https:\/\/www.yoschimoto.com\/polish-fashion-designer\/pl\/#\/schema\/logo\/image\/\",\"url\":\"https:\/\/www.yoschimoto.com\/polish-fashion-designer\/wp-content\/uploads\/2025\/03\/YOSCHIMOTO-high-fashion-clothing-store.svg\",\"contentUrl\":\"https:\/\/www.yoschimoto.com\/polish-fashion-designer\/wp-content\/uploads\/2025\/03\/YOSCHIMOTO-high-fashion-clothing-store.svg\",\"width\":350,\"height\":100,\"caption\":\"YOSCHIMOTO | High Fashion Store\"},\"image\":{\"@id\":\"https:\/\/www.yoschimoto.com\/polish-fashion-designer\/pl\/#\/schema\/logo\/image\/\"}}]}<\/script>\n<meta property=\"og:availability\" content=\"instock\" \/>\n<meta property=\"product:availability\" content=\"instock\" \/>\n<meta property=\"product:condition\" content=\"new\" \/>\n<!-- \/ Yoast SEO plugin. -->","yoast_head_json":{"title":"dzianinowa bluzka MAI BeeBee - YOSCHIMOTO | High Fashion Store","description":"Odkryj bluzk\u0119 Mai BeeBee w dzianinowym stylu, oversizowy kr\u00f3j wykonany z luksusowej dzianiny wiskozowej z eleganckimi czarnymi paskami na bia\u0142ym tle. Ten ch\u0142odny, g\u0119sty materia\u0142 jest idealny na wiosn\u0119, z rozci\u0119tym dekoltem i obszernymi r\u0119kawami z uniwersalnymi elastycznymi mankietami. Ostatnie sztuki dost\u0119pne tylko w rozmiarze PETITE!","robots":{"index":"index","follow":"follow","max-snippet":"max-snippet:-1","max-image-preview":"max-image-preview:large","max-video-preview":"max-video-preview:-1"},"canonical":"https:\/\/www.yoschimoto.com\/polish-fashion-designer\/pl\/produkt\/dzianinowa-bluzka-mai-beebee\/","og_locale":"pl_PL","og_type":"article","og_title":"dzianinowa bluzka MAI BeeBee - YOSCHIMOTO | High Fashion Store","og_description":"Odkryj bluzk\u0119 Mai BeeBee w dzianinowym stylu, oversizowy kr\u00f3j wykonany z luksusowej dzianiny wiskozowej z eleganckimi czarnymi paskami na bia\u0142ym tle. Ten ch\u0142odny, g\u0119sty materia\u0142 jest idealny na wiosn\u0119, z rozci\u0119tym dekoltem i obszernymi r\u0119kawami z uniwersalnymi elastycznymi mankietami. Ostatnie sztuki dost\u0119pne tylko w rozmiarze PETITE!","og_url":"https:\/\/www.yoschimoto.com\/polish-fashion-designer\/pl\/produkt\/dzianinowa-bluzka-mai-beebee\/","og_site_name":"YOSCHIMOTO | High Fashion Store","og_image":[{"width":1000,"height":1333,"url":"https:\/\/www.yoschimoto.com\/polish-fashion-designer\/wp-content\/uploads\/2024\/10\/MAI-BeeBee-2.jpg","type":"image\/jpeg"}],"twitter_card":"summary_large_image","twitter_misc":{"Dost\u0119pno\u015b\u0107":"Dost\u0119pny"},"schema":{"@context":"https:\/\/schema.org","@graph":[{"@type":"WebPage","@id":"https:\/\/www.yoschimoto.com\/polish-fashion-designer\/pl\/produkt\/dzianinowa-bluzka-mai-beebee\/","url":"https:\/\/www.yoschimoto.com\/polish-fashion-designer\/pl\/produkt\/dzianinowa-bluzka-mai-beebee\/","name":"dzianinowa bluzka MAI BeeBee - YOSCHIMOTO | High Fashion Store","isPartOf":{"@id":"https:\/\/www.yoschimoto.com\/polish-fashion-designer\/pl\/#website"},"primaryImageOfPage":{"@id":"https:\/\/www.yoschimoto.com\/polish-fashion-designer\/pl\/produkt\/dzianinowa-bluzka-mai-beebee\/#primaryimage"},"image":{"@id":"https:\/\/www.yoschimoto.com\/polish-fashion-designer\/pl\/produkt\/dzianinowa-bluzka-mai-beebee\/#primaryimage"},"thumbnailUrl":"https:\/\/www.yoschimoto.com\/polish-fashion-designer\/wp-content\/uploads\/2024\/10\/MAI-BeeBee-2.jpg","datePublished":"2024-10-22T20:03:32+00:00","description":"Odkryj bluzk\u0119 Mai BeeBee w dzianinowym stylu, oversizowy kr\u00f3j wykonany z luksusowej dzianiny wiskozowej z eleganckimi czarnymi paskami na bia\u0142ym tle. Ten ch\u0142odny, g\u0119sty materia\u0142 jest idealny na wiosn\u0119, z rozci\u0119tym dekoltem i obszernymi r\u0119kawami z uniwersalnymi elastycznymi mankietami. Ostatnie sztuki dost\u0119pne tylko w rozmiarze PETITE!","breadcrumb":{"@id":"https:\/\/www.yoschimoto.com\/polish-fashion-designer\/pl\/produkt\/dzianinowa-bluzka-mai-beebee\/#breadcrumb"},"inLanguage":"pl-PL","potentialAction":[{"@type":"ReadAction","target":["https:\/\/www.yoschimoto.com\/polish-fashion-designer\/pl\/produkt\/dzianinowa-bluzka-mai-beebee\/"]}]},{"@type":"ImageObject","inLanguage":"pl-PL","@id":"https:\/\/www.yoschimoto.com\/polish-fashion-designer\/pl\/produkt\/dzianinowa-bluzka-mai-beebee\/#primaryimage","url":"https:\/\/www.yoschimoto.com\/polish-fashion-designer\/wp-content\/uploads\/2024\/10\/MAI-BeeBee-2.jpg","contentUrl":"https:\/\/www.yoschimoto.com\/polish-fashion-designer\/wp-content\/uploads\/2024\/10\/MAI-BeeBee-2.jpg","width":1000,"height":1333},{"@type":"BreadcrumbList","@id":"https:\/\/www.yoschimoto.com\/polish-fashion-designer\/pl\/produkt\/dzianinowa-bluzka-mai-beebee\/#breadcrumb","itemListElement":[{"@type":"ListItem","position":1,"name":"Home","item":"https:\/\/www.yoschimoto.com\/polish-fashion-designer\/pl\/polska-projektantka-mody-od-kimona-po-wieceja\/"},{"@type":"ListItem","position":2,"name":"Sklep","item":"https:\/\/www.yoschimoto.com\/polish-fashion-designer\/pl\/sklep\/"},{"@type":"ListItem","position":3,"name":"dzianinowa bluzka MAI BeeBee"}]},{"@type":"WebSite","@id":"https:\/\/www.yoschimoto.com\/polish-fashion-designer\/pl\/#website","url":"https:\/\/www.yoschimoto.com\/polish-fashion-designer\/pl\/","name":"YOSCHIMOTO | High Fashion Store","description":"Polish Fashion Designer","publisher":{"@id":"https:\/\/www.yoschimoto.com\/polish-fashion-designer\/pl\/#organization"},"potentialAction":[{"@type":"SearchAction","target":{"@type":"EntryPoint","urlTemplate":"https:\/\/www.yoschimoto.com\/polish-fashion-designer\/pl\/?s={search_term_string}"},"query-input":{"@type":"PropertyValueSpecification","valueRequired":true,"valueName":"search_term_string"}}],"inLanguage":"pl-PL"},{"@type":"Organization","@id":"https:\/\/www.yoschimoto.com\/polish-fashion-designer\/pl\/#organization","name":"YOSCHIMOTO | High Fashion Store","url":"https:\/\/www.yoschimoto.com\/polish-fashion-designer\/pl\/","logo":{"@type":"ImageObject","inLanguage":"pl-PL","@id":"https:\/\/www.yoschimoto.com\/polish-fashion-designer\/pl\/#\/schema\/logo\/image\/","url":"https:\/\/www.yoschimoto.com\/polish-fashion-designer\/wp-content\/uploads\/2025\/03\/YOSCHIMOTO-high-fashion-clothing-store.svg","contentUrl":"https:\/\/www.yoschimoto.com\/polish-fashion-designer\/wp-content\/uploads\/2025\/03\/YOSCHIMOTO-high-fashion-clothing-store.svg","width":350,"height":100,"caption":"YOSCHIMOTO | High Fashion Store"},"image":{"@id":"https:\/\/www.yoschimoto.com\/polish-fashion-designer\/pl\/#\/schema\/logo\/image\/"}}]},"og_availability":"instock","product_availability":"instock","product_condition":"new"},"_links":{"self":[{"href":"https:\/\/www.yoschimoto.com\/polish-fashion-designer\/pl\/wp-json\/wp\/v2\/product\/992452","targetHints":{"allow":["GET"]}}],"collection":[{"href":"https:\/\/www.yoschimoto.com\/polish-fashion-designer\/pl\/wp-json\/wp\/v2\/product"}],"about":[{"href":"https:\/\/www.yoschimoto.com\/polish-fashion-designer\/pl\/wp-json\/wp\/v2\/types\/product"}],"wp:featuredmedia":[{"embeddable":true,"href":"https:\/\/www.yoschimoto.com\/polish-fashion-designer\/pl\/wp-json\/wp\/v2\/media\/991299"}],"wp:attachment":[{"href":"https:\/\/www.yoschimoto.com\/polish-fashion-designer\/pl\/wp-json\/wp\/v2\/media?parent=992452"}],"wp:term":[{"taxonomy":"product_brand","embeddable":true,"href":"https:\/\/www.yoschimoto.com\/polish-fashion-designer\/pl\/wp-json\/wp\/v2\/product_brand?post=992452"},{"taxonomy":"product_cat","embeddable":true,"href":"https:\/\/www.yoschimoto.com\/polish-fashion-designer\/pl\/wp-json\/wp\/v2\/product_cat?post=992452"},{"taxonomy":"product_tag","embeddable":true,"href":"https:\/\/www.yoschimoto.com\/polish-fashion-designer\/pl\/wp-json\/wp\/v2\/product_tag?post=992452"}],"curies":[{"name":"wp","href":"https:\/\/api.w.org\/{rel}","templated":true}]}}