{"id":992445,"date":"2024-11-04T23:42:45","date_gmt":"2024-11-04T22:42:45","guid":{"rendered":"https:\/\/www.yoschimoto.com\/polish-fashion-designer\/product\/mai-silk-stripes-navy-blue\/"},"modified":"2024-11-04T23:42:45","modified_gmt":"2024-11-04T22:42:45","slug":"mai-silk-stripes-navy-blue","status":"publish","type":"product","link":"https:\/\/www.yoschimoto.com\/polish-fashion-designer\/pl\/produkt\/mai-silk-stripes-navy-blue\/","title":{"rendered":"MAI Silk Stripes Navy Blue"},"content":{"rendered":"<div class=\"vgblk-rw-wrapper limit-wrapper\">\n<p class=\"Normalny tm5\">Mai Silk Stripes Navy Blue<\/p>\n<p class=\"Normalny tm5\">\n<p class=\"Normalny tm5\">Przedstawiamy koszul\u0119 Mai Silk Stripes, oversize&#8217;owy kr\u00f3j dost\u0119pny w limitowanej edycji.<\/p>\n<p class=\"Normalny tm5\">\n<p class=\"Normalny tm5\">Luksusowa mieszanka tkanin: Wykonana z tkaniny wiskozowo-jedwabnej z domieszk\u0105 poliamidu, zapewniaj\u0105cej elastyczno\u015b\u0107, doskona\u0142e zachowanie kszta\u0142tu i obj\u0119to\u015bci r\u0119kaw\u00f3w.<\/p>\n<p class=\"Normalny tm5\">\n<p class=\"Normalny tm5\">Stylowy design: Dost\u0119pna w bia\u0142ym kolorze z niebieskimi paskami, dodaj\u0105cymi klasycznego akcentu do garderoby.<\/p>\n<p class=\"Normalny tm5\">\n<p class=\"Normalny tm5\">Lekko transparentny materia\u0142: Tkanina jest lekko przezroczysta, przez co ciemna lub bia\u0142a bielizna mo\u017ce by\u0107 lekko widoczna.<\/p>\n<p class=\"Normalny tm5\">\n<p class=\"Normalny tm5\">Elegancki wygl\u0105d: Rozci\u0119ty dekolt i obszerne r\u0119kawy zako\u0144czone stylowymi mankietami.<\/p>\n<p class=\"Normalny tm5\">\n<p class=\"Normalny tm5\">Elastyczne mankiety: Mankiety s\u0105 elastyczne, co pozwala na naturalne uk\u0142adanie si\u0119 r\u0119kaw\u00f3w na nadgarstkach lub dopasowanie do przedramion.<\/p>\n<p class=\"Normalny tm5\">\n<p class=\"Normalny tm5\">Dost\u0119pne rozmiary: REGULAR<\/p>\n<p class=\"Normalny\">\n<\/div>\n<p><!-- .vgblk-rw-wrapper --><\/p>\n","protected":false},"excerpt":{"rendered":"<p class=\"Normalny tm5\">Wymiary:<\/p>\n<p class=\"Normalny tm5\">\n<p class=\"Normalny tm5\">REGULAR<\/p>\n<p class=\"Normalny tm5\">szeroko\u015b\u0107: 61 cm<\/p>\n<p class=\"Normalny tm5\">d\u0142ugo\u015b\u0107: 61 cm<\/p>\n<p class=\"Normalny tm5\">r\u0119kawy (z mankietami): 75 cm<\/p>\n<p class=\"Normalny tm5\">\n<p class=\"Normalny tm5\">Charakterystyczny kr\u00f3j: R\u0119kawy s\u0105 celowo d\u0142u\u017csze, aby stworzy\u0107 efekt \u201epuffy\u201d przy nadgarstkach.<\/p>\n<p class=\"Normalny tm5\">\n<p class=\"Normalny tm5\">Sk\u0142ad:<\/p>\n<p class=\"Normalny tm5\">64% wiskoza, 26% jedwab, 10% poliamid<\/p>\n<p class=\"Normalny tm5\">\n<p class=\"Normalny tm5\">Wzboga\u0107 swoj\u0105 kolekcj\u0119 o bluzk\u0119 Mai Navy Stripes, kt\u00f3ra oferuje zar\u00f3wno wyrafinowanie, jak i wygod\u0119 dzi\u0119ki unikalnemu wzornictwu.<\/p>\n","protected":false},"featured_media":991466,"template":"","meta":{"om_disable_all_campaigns":false,"inline_featured_image":false,"_mi_skip_tracking":false,"_monsterinsights_sitenote_active":false,"_monsterinsights_sitenote_note":"","_monsterinsights_sitenote_category":0,"_uf_show_specific_survey":0,"_uf_disable_surveys":false},"product_brand":[],"product_cat":[431,418,430,412],"product_tag":[460,461,435,437,436,456,450],"class_list":{"0":"post-992445","1":"product","2":"type-product","3":"status-publish","4":"has-post-thumbnail","6":"product_cat-koszule","7":"product_cat-koszule-i-topy","8":"product_cat-koszule-i-topy-pl","9":"product_cat-ready-to-wear-pl","10":"product_tag-jedwab","11":"product_tag-jedwabna-koszula","12":"product_tag-koszula-mai","13":"product_tag-koszula-na-co-dzien","14":"product_tag-koszula-oversize","15":"product_tag-paski","16":"product_tag-wiskoza","18":"first","19":"instock","20":"taxable","21":"shipping-taxable","22":"purchasable","23":"product-type-variable","24":"has-default-attributes"},"yoast_head":"<!-- This site is optimized with the Yoast SEO plugin v24.5 - https:\/\/yoast.com\/wordpress\/plugins\/seo\/ -->\n<title>MAI Silk Stripes Navy Blue - YOSCHIMOTO | High Fashion Store<\/title>\n<meta name=\"description\" content=\"Odkryj Mai Silk Stripes Navy Blue, limitowan\u0105 koszul\u0119 oversize wykonan\u0105 z luksusowej mieszanki wiskozy i jedwabiu wzbogaconych poliamidem dla elastyczno\u015bci i kszta\u0142tu. Ta stylowa koszula w kolorze bia\u0142ym z niebieskimi paskami ma lekko transparentny materia\u0142, rozci\u0119ty dekolt i obszerne r\u0119kawy z elastycznymi mankietami. Dost\u0119pna w rozmiarze REGULAR dla zapewnienia wyrafinowanego i wygodnego dopasowania.\" \/>\n<meta name=\"robots\" content=\"index, follow, max-snippet:-1, max-image-preview:large, max-video-preview:-1\" \/>\n<link rel=\"canonical\" href=\"https:\/\/www.yoschimoto.com\/polish-fashion-designer\/pl\/produkt\/mai-silk-stripes-navy-blue\/\" \/>\n<meta property=\"og:locale\" content=\"pl_PL\" \/>\n<meta property=\"og:type\" content=\"article\" \/>\n<meta property=\"og:title\" content=\"MAI Silk Stripes Navy Blue - YOSCHIMOTO | High Fashion Store\" \/>\n<meta property=\"og:description\" content=\"Odkryj Mai Silk Stripes Navy Blue, limitowan\u0105 koszul\u0119 oversize wykonan\u0105 z luksusowej mieszanki wiskozy i jedwabiu wzbogaconych poliamidem dla elastyczno\u015bci i kszta\u0142tu. Ta stylowa koszula w kolorze bia\u0142ym z niebieskimi paskami ma lekko transparentny materia\u0142, rozci\u0119ty dekolt i obszerne r\u0119kawy z elastycznymi mankietami. Dost\u0119pna w rozmiarze REGULAR dla zapewnienia wyrafinowanego i wygodnego dopasowania.\" \/>\n<meta property=\"og:url\" content=\"https:\/\/www.yoschimoto.com\/polish-fashion-designer\/pl\/produkt\/mai-silk-stripes-navy-blue\/\" \/>\n<meta property=\"og:site_name\" content=\"YOSCHIMOTO | High Fashion Store\" \/>\n<meta property=\"og:image\" content=\"https:\/\/www.yoschimoto.com\/polish-fashion-designer\/wp-content\/uploads\/2024\/11\/MAI-Silk-Stripes-Navy-Blue-7.jpg\" \/>\n\t<meta property=\"og:image:width\" content=\"1707\" \/>\n\t<meta property=\"og:image:height\" content=\"2560\" \/>\n\t<meta property=\"og:image:type\" content=\"image\/jpeg\" \/>\n<meta name=\"twitter:card\" content=\"summary_large_image\" \/>\n<meta name=\"twitter:label1\" content=\"Dost\u0119pno\u015b\u0107\" \/>\n\t<meta name=\"twitter:data1\" content=\"Dost\u0119pny\" \/>\n<script type=\"application\/ld+json\" class=\"yoast-schema-graph\">{\"@context\":\"https:\/\/schema.org\",\"@graph\":[{\"@type\":\"WebPage\",\"@id\":\"https:\/\/www.yoschimoto.com\/polish-fashion-designer\/pl\/produkt\/mai-silk-stripes-navy-blue\/\",\"url\":\"https:\/\/www.yoschimoto.com\/polish-fashion-designer\/pl\/produkt\/mai-silk-stripes-navy-blue\/\",\"name\":\"MAI Silk Stripes Navy Blue - YOSCHIMOTO | High Fashion Store\",\"isPartOf\":{\"@id\":\"https:\/\/www.yoschimoto.com\/polish-fashion-designer\/pl\/#website\"},\"primaryImageOfPage\":{\"@id\":\"https:\/\/www.yoschimoto.com\/polish-fashion-designer\/pl\/produkt\/mai-silk-stripes-navy-blue\/#primaryimage\"},\"image\":{\"@id\":\"https:\/\/www.yoschimoto.com\/polish-fashion-designer\/pl\/produkt\/mai-silk-stripes-navy-blue\/#primaryimage\"},\"thumbnailUrl\":\"https:\/\/www.yoschimoto.com\/polish-fashion-designer\/wp-content\/uploads\/2024\/11\/MAI-Silk-Stripes-Navy-Blue-7.jpg\",\"datePublished\":\"2024-11-04T22:42:45+00:00\",\"description\":\"Odkryj Mai Silk Stripes Navy Blue, limitowan\u0105 koszul\u0119 oversize wykonan\u0105 z luksusowej mieszanki wiskozy i jedwabiu wzbogaconych poliamidem dla elastyczno\u015bci i kszta\u0142tu. Ta stylowa koszula w kolorze bia\u0142ym z niebieskimi paskami ma lekko transparentny materia\u0142, rozci\u0119ty dekolt i obszerne r\u0119kawy z elastycznymi mankietami. Dost\u0119pna w rozmiarze REGULAR dla zapewnienia wyrafinowanego i wygodnego dopasowania.\",\"breadcrumb\":{\"@id\":\"https:\/\/www.yoschimoto.com\/polish-fashion-designer\/pl\/produkt\/mai-silk-stripes-navy-blue\/#breadcrumb\"},\"inLanguage\":\"pl-PL\",\"potentialAction\":[{\"@type\":\"ReadAction\",\"target\":[\"https:\/\/www.yoschimoto.com\/polish-fashion-designer\/pl\/produkt\/mai-silk-stripes-navy-blue\/\"]}]},{\"@type\":\"ImageObject\",\"inLanguage\":\"pl-PL\",\"@id\":\"https:\/\/www.yoschimoto.com\/polish-fashion-designer\/pl\/produkt\/mai-silk-stripes-navy-blue\/#primaryimage\",\"url\":\"https:\/\/www.yoschimoto.com\/polish-fashion-designer\/wp-content\/uploads\/2024\/11\/MAI-Silk-Stripes-Navy-Blue-7.jpg\",\"contentUrl\":\"https:\/\/www.yoschimoto.com\/polish-fashion-designer\/wp-content\/uploads\/2024\/11\/MAI-Silk-Stripes-Navy-Blue-7.jpg\",\"width\":1707,\"height\":2560},{\"@type\":\"BreadcrumbList\",\"@id\":\"https:\/\/www.yoschimoto.com\/polish-fashion-designer\/pl\/produkt\/mai-silk-stripes-navy-blue\/#breadcrumb\",\"itemListElement\":[{\"@type\":\"ListItem\",\"position\":1,\"name\":\"Home\",\"item\":\"https:\/\/www.yoschimoto.com\/polish-fashion-designer\/pl\/polska-projektantka-mody-od-kimona-po-wieceja\/\"},{\"@type\":\"ListItem\",\"position\":2,\"name\":\"Sklep\",\"item\":\"https:\/\/www.yoschimoto.com\/polish-fashion-designer\/pl\/sklep\/\"},{\"@type\":\"ListItem\",\"position\":3,\"name\":\"MAI Silk Stripes Navy Blue\"}]},{\"@type\":\"WebSite\",\"@id\":\"https:\/\/www.yoschimoto.com\/polish-fashion-designer\/pl\/#website\",\"url\":\"https:\/\/www.yoschimoto.com\/polish-fashion-designer\/pl\/\",\"name\":\"YOSCHIMOTO | High Fashion Store\",\"description\":\"Polish Fashion Designer\",\"publisher\":{\"@id\":\"https:\/\/www.yoschimoto.com\/polish-fashion-designer\/pl\/#organization\"},\"potentialAction\":[{\"@type\":\"SearchAction\",\"target\":{\"@type\":\"EntryPoint\",\"urlTemplate\":\"https:\/\/www.yoschimoto.com\/polish-fashion-designer\/pl\/?s={search_term_string}\"},\"query-input\":{\"@type\":\"PropertyValueSpecification\",\"valueRequired\":true,\"valueName\":\"search_term_string\"}}],\"inLanguage\":\"pl-PL\"},{\"@type\":\"Organization\",\"@id\":\"https:\/\/www.yoschimoto.com\/polish-fashion-designer\/pl\/#organization\",\"name\":\"YOSCHIMOTO | High Fashion Store\",\"url\":\"https:\/\/www.yoschimoto.com\/polish-fashion-designer\/pl\/\",\"logo\":{\"@type\":\"ImageObject\",\"inLanguage\":\"pl-PL\",\"@id\":\"https:\/\/www.yoschimoto.com\/polish-fashion-designer\/pl\/#\/schema\/logo\/image\/\",\"url\":\"https:\/\/www.yoschimoto.com\/polish-fashion-designer\/wp-content\/uploads\/2025\/03\/YOSCHIMOTO-high-fashion-clothing-store.svg\",\"contentUrl\":\"https:\/\/www.yoschimoto.com\/polish-fashion-designer\/wp-content\/uploads\/2025\/03\/YOSCHIMOTO-high-fashion-clothing-store.svg\",\"width\":350,\"height\":100,\"caption\":\"YOSCHIMOTO | High Fashion Store\"},\"image\":{\"@id\":\"https:\/\/www.yoschimoto.com\/polish-fashion-designer\/pl\/#\/schema\/logo\/image\/\"}}]}<\/script>\n<meta property=\"og:availability\" content=\"instock\" \/>\n<meta property=\"product:availability\" content=\"instock\" \/>\n<meta property=\"product:condition\" content=\"new\" \/>\n<!-- \/ Yoast SEO plugin. -->","yoast_head_json":{"title":"MAI Silk Stripes Navy Blue - YOSCHIMOTO | High Fashion Store","description":"Odkryj Mai Silk Stripes Navy Blue, limitowan\u0105 koszul\u0119 oversize wykonan\u0105 z luksusowej mieszanki wiskozy i jedwabiu wzbogaconych poliamidem dla elastyczno\u015bci i kszta\u0142tu. Ta stylowa koszula w kolorze bia\u0142ym z niebieskimi paskami ma lekko transparentny materia\u0142, rozci\u0119ty dekolt i obszerne r\u0119kawy z elastycznymi mankietami. Dost\u0119pna w rozmiarze REGULAR dla zapewnienia wyrafinowanego i wygodnego dopasowania.","robots":{"index":"index","follow":"follow","max-snippet":"max-snippet:-1","max-image-preview":"max-image-preview:large","max-video-preview":"max-video-preview:-1"},"canonical":"https:\/\/www.yoschimoto.com\/polish-fashion-designer\/pl\/produkt\/mai-silk-stripes-navy-blue\/","og_locale":"pl_PL","og_type":"article","og_title":"MAI Silk Stripes Navy Blue - YOSCHIMOTO | High Fashion Store","og_description":"Odkryj Mai Silk Stripes Navy Blue, limitowan\u0105 koszul\u0119 oversize wykonan\u0105 z luksusowej mieszanki wiskozy i jedwabiu wzbogaconych poliamidem dla elastyczno\u015bci i kszta\u0142tu. Ta stylowa koszula w kolorze bia\u0142ym z niebieskimi paskami ma lekko transparentny materia\u0142, rozci\u0119ty dekolt i obszerne r\u0119kawy z elastycznymi mankietami. Dost\u0119pna w rozmiarze REGULAR dla zapewnienia wyrafinowanego i wygodnego dopasowania.","og_url":"https:\/\/www.yoschimoto.com\/polish-fashion-designer\/pl\/produkt\/mai-silk-stripes-navy-blue\/","og_site_name":"YOSCHIMOTO | High Fashion Store","og_image":[{"width":1707,"height":2560,"url":"https:\/\/www.yoschimoto.com\/polish-fashion-designer\/wp-content\/uploads\/2024\/11\/MAI-Silk-Stripes-Navy-Blue-7.jpg","type":"image\/jpeg"}],"twitter_card":"summary_large_image","twitter_misc":{"Dost\u0119pno\u015b\u0107":"Dost\u0119pny"},"schema":{"@context":"https:\/\/schema.org","@graph":[{"@type":"WebPage","@id":"https:\/\/www.yoschimoto.com\/polish-fashion-designer\/pl\/produkt\/mai-silk-stripes-navy-blue\/","url":"https:\/\/www.yoschimoto.com\/polish-fashion-designer\/pl\/produkt\/mai-silk-stripes-navy-blue\/","name":"MAI Silk Stripes Navy Blue - YOSCHIMOTO | High Fashion Store","isPartOf":{"@id":"https:\/\/www.yoschimoto.com\/polish-fashion-designer\/pl\/#website"},"primaryImageOfPage":{"@id":"https:\/\/www.yoschimoto.com\/polish-fashion-designer\/pl\/produkt\/mai-silk-stripes-navy-blue\/#primaryimage"},"image":{"@id":"https:\/\/www.yoschimoto.com\/polish-fashion-designer\/pl\/produkt\/mai-silk-stripes-navy-blue\/#primaryimage"},"thumbnailUrl":"https:\/\/www.yoschimoto.com\/polish-fashion-designer\/wp-content\/uploads\/2024\/11\/MAI-Silk-Stripes-Navy-Blue-7.jpg","datePublished":"2024-11-04T22:42:45+00:00","description":"Odkryj Mai Silk Stripes Navy Blue, limitowan\u0105 koszul\u0119 oversize wykonan\u0105 z luksusowej mieszanki wiskozy i jedwabiu wzbogaconych poliamidem dla elastyczno\u015bci i kszta\u0142tu. Ta stylowa koszula w kolorze bia\u0142ym z niebieskimi paskami ma lekko transparentny materia\u0142, rozci\u0119ty dekolt i obszerne r\u0119kawy z elastycznymi mankietami. Dost\u0119pna w rozmiarze REGULAR dla zapewnienia wyrafinowanego i wygodnego dopasowania.","breadcrumb":{"@id":"https:\/\/www.yoschimoto.com\/polish-fashion-designer\/pl\/produkt\/mai-silk-stripes-navy-blue\/#breadcrumb"},"inLanguage":"pl-PL","potentialAction":[{"@type":"ReadAction","target":["https:\/\/www.yoschimoto.com\/polish-fashion-designer\/pl\/produkt\/mai-silk-stripes-navy-blue\/"]}]},{"@type":"ImageObject","inLanguage":"pl-PL","@id":"https:\/\/www.yoschimoto.com\/polish-fashion-designer\/pl\/produkt\/mai-silk-stripes-navy-blue\/#primaryimage","url":"https:\/\/www.yoschimoto.com\/polish-fashion-designer\/wp-content\/uploads\/2024\/11\/MAI-Silk-Stripes-Navy-Blue-7.jpg","contentUrl":"https:\/\/www.yoschimoto.com\/polish-fashion-designer\/wp-content\/uploads\/2024\/11\/MAI-Silk-Stripes-Navy-Blue-7.jpg","width":1707,"height":2560},{"@type":"BreadcrumbList","@id":"https:\/\/www.yoschimoto.com\/polish-fashion-designer\/pl\/produkt\/mai-silk-stripes-navy-blue\/#breadcrumb","itemListElement":[{"@type":"ListItem","position":1,"name":"Home","item":"https:\/\/www.yoschimoto.com\/polish-fashion-designer\/pl\/polska-projektantka-mody-od-kimona-po-wieceja\/"},{"@type":"ListItem","position":2,"name":"Sklep","item":"https:\/\/www.yoschimoto.com\/polish-fashion-designer\/pl\/sklep\/"},{"@type":"ListItem","position":3,"name":"MAI Silk Stripes Navy Blue"}]},{"@type":"WebSite","@id":"https:\/\/www.yoschimoto.com\/polish-fashion-designer\/pl\/#website","url":"https:\/\/www.yoschimoto.com\/polish-fashion-designer\/pl\/","name":"YOSCHIMOTO | High Fashion Store","description":"Polish Fashion Designer","publisher":{"@id":"https:\/\/www.yoschimoto.com\/polish-fashion-designer\/pl\/#organization"},"potentialAction":[{"@type":"SearchAction","target":{"@type":"EntryPoint","urlTemplate":"https:\/\/www.yoschimoto.com\/polish-fashion-designer\/pl\/?s={search_term_string}"},"query-input":{"@type":"PropertyValueSpecification","valueRequired":true,"valueName":"search_term_string"}}],"inLanguage":"pl-PL"},{"@type":"Organization","@id":"https:\/\/www.yoschimoto.com\/polish-fashion-designer\/pl\/#organization","name":"YOSCHIMOTO | High Fashion Store","url":"https:\/\/www.yoschimoto.com\/polish-fashion-designer\/pl\/","logo":{"@type":"ImageObject","inLanguage":"pl-PL","@id":"https:\/\/www.yoschimoto.com\/polish-fashion-designer\/pl\/#\/schema\/logo\/image\/","url":"https:\/\/www.yoschimoto.com\/polish-fashion-designer\/wp-content\/uploads\/2025\/03\/YOSCHIMOTO-high-fashion-clothing-store.svg","contentUrl":"https:\/\/www.yoschimoto.com\/polish-fashion-designer\/wp-content\/uploads\/2025\/03\/YOSCHIMOTO-high-fashion-clothing-store.svg","width":350,"height":100,"caption":"YOSCHIMOTO | High Fashion Store"},"image":{"@id":"https:\/\/www.yoschimoto.com\/polish-fashion-designer\/pl\/#\/schema\/logo\/image\/"}}]},"og_availability":"instock","product_availability":"instock","product_condition":"new"},"_links":{"self":[{"href":"https:\/\/www.yoschimoto.com\/polish-fashion-designer\/pl\/wp-json\/wp\/v2\/product\/992445","targetHints":{"allow":["GET"]}}],"collection":[{"href":"https:\/\/www.yoschimoto.com\/polish-fashion-designer\/pl\/wp-json\/wp\/v2\/product"}],"about":[{"href":"https:\/\/www.yoschimoto.com\/polish-fashion-designer\/pl\/wp-json\/wp\/v2\/types\/product"}],"wp:featuredmedia":[{"embeddable":true,"href":"https:\/\/www.yoschimoto.com\/polish-fashion-designer\/pl\/wp-json\/wp\/v2\/media\/991466"}],"wp:attachment":[{"href":"https:\/\/www.yoschimoto.com\/polish-fashion-designer\/pl\/wp-json\/wp\/v2\/media?parent=992445"}],"wp:term":[{"taxonomy":"product_brand","embeddable":true,"href":"https:\/\/www.yoschimoto.com\/polish-fashion-designer\/pl\/wp-json\/wp\/v2\/product_brand?post=992445"},{"taxonomy":"product_cat","embeddable":true,"href":"https:\/\/www.yoschimoto.com\/polish-fashion-designer\/pl\/wp-json\/wp\/v2\/product_cat?post=992445"},{"taxonomy":"product_tag","embeddable":true,"href":"https:\/\/www.yoschimoto.com\/polish-fashion-designer\/pl\/wp-json\/wp\/v2\/product_tag?post=992445"}],"curies":[{"name":"wp","href":"https:\/\/api.w.org\/{rel}","templated":true}]}}