{"id":992442,"date":"2024-11-06T22:19:11","date_gmt":"2024-11-06T21:19:11","guid":{"rendered":"https:\/\/www.yoschimoto.com\/polish-fashion-designer\/product\/koszula-mai-boho-white\/"},"modified":"2025-10-10T21:23:15","modified_gmt":"2025-10-10T19:23:15","slug":"koszula-mai-boho-white","status":"publish","type":"product","link":"https:\/\/www.yoschimoto.com\/polish-fashion-designer\/pl\/produkt\/koszula-mai-boho-white\/","title":{"rendered":"koszula MAI Boho White"},"content":{"rendered":"<div class=\"vgblk-rw-wrapper limit-wrapper\">\n<p class=\"Normalny tm5\">\u017bakardowa bluzka Mai Boho White<\/p>\n<p class=\"Normalny tm5\">\n<p class=\"Normalny tm5\">Przedstawiamy \u017cakardow\u0105 bluzk\u0119 Mai o lu\u017anym kroju oversize, zaprojektowan\u0105 dla os\u00f3b ceni\u0105cych tkaniny odporne na zagniecenia.<\/p>\n<p class=\"Normalny tm5\">\n<p class=\"Normalny tm5\">Elegancki materia\u0142: Wykonany tak, aby zachowa\u0107 sw\u00f3j kszta\u0142t, nadaj\u0105c r\u0119kawom pe\u0142niejsz\u0105 sylwetk\u0119.<\/p>\n<p class=\"Normalny tm5\">\n<p class=\"Normalny tm5\">Stylowy kr\u00f3j: Rozci\u0119ty dekolt i obszerne r\u0119kawy zako\u0144czone stylowymi mankietami.<\/p>\n<p class=\"Normalny tm5\">\n<p class=\"Normalny tm5\">Wszechstronne mankiety: Elastyczne mankiety pozwalaj\u0105 r\u0119kawom naturalnie uk\u0142ada\u0107 si\u0119 na nadgarstkach lub wygodnie spoczywa\u0107 na przedramionach.<\/p>\n<p class=\"Normalny tm5\">\n<p class=\"Normalny tm5\">Dost\u0119pne rozmiary: REGULAR i PETITE (przeznaczone dla os\u00f3b o wzro\u015bcie 160-165 cm).<\/p>\n<p class=\"Normalny tm5\">\n<p class=\"Normalny tm5\">Charakterystyczny kr\u00f3j: R\u0119kawy s\u0105 celowo d\u0142u\u017csze, aby stworzy\u0107 efekt \u201epuffy\u201d przy nadgarstkach.<\/p>\n<\/div>\n<p><!-- .vgblk-rw-wrapper --><\/p>\n","protected":false},"excerpt":{"rendered":"<p class=\"Normalny tm5\">Wymiary:<\/p>\n<p class=\"Normalny tm5\">PETITE<\/p>\n<p class=\"Normalny tm5\">szeroko\u015b\u0107: 52 cm<\/p>\n<p class=\"Normalny tm5\">d\u0142ugo\u015b\u0107: 60 cm<\/p>\n<p class=\"Normalny tm5\">r\u0119kawy (z mankietami): 65 cm<\/p>\n<p class=\"Normalny tm5\">REGULAR<\/p>\n<p class=\"Normalny tm5\">szeroko\u015b\u0107: 61 cm<\/p>\n<p class=\"Normalny tm5\">d\u0142ugo\u015b\u0107: 61 cm<\/p>\n<p class=\"Normalny tm5\">r\u0119kawy (z mankietami): 75 cm<\/p>\n<p class=\"Normalny tm5\">Sk\u0142ad: 70% wiskoza, 30% poliester<\/p>\n<p class=\"Normalny tm5\">Wzboga\u0107 swoj\u0105 garderob\u0119 o \u017cakardow\u0105 bluzk\u0119 Mai w kolorze boho white, idealn\u0105 do dodania elegancji, wygody i stylu.<\/p>\n","protected":false},"featured_media":991476,"template":"","meta":{"om_disable_all_campaigns":false,"inline_featured_image":false,"_mi_skip_tracking":false,"_monsterinsights_sitenote_active":false,"_monsterinsights_sitenote_note":"","_monsterinsights_sitenote_category":0,"_uf_show_specific_survey":0,"_uf_disable_surveys":false},"product_brand":[],"product_cat":[431,418,430,412,442],"product_tag":[459,435,437,436,450],"class_list":{"0":"post-992442","1":"product","2":"type-product","3":"status-publish","4":"has-post-thumbnail","6":"product_cat-koszule","7":"product_cat-koszule-i-topy","8":"product_cat-koszule-i-topy-pl","9":"product_cat-ready-to-wear-pl","10":"product_cat-wyprzedaz","11":"product_tag-koszula-boho","12":"product_tag-koszula-mai","13":"product_tag-koszula-na-co-dzien","14":"product_tag-koszula-oversize","15":"product_tag-wiskoza","17":"first","18":"instock","19":"sale","20":"taxable","21":"shipping-taxable","22":"purchasable","23":"product-type-variable","24":"has-default-attributes"},"yoast_head":"<!-- This site is optimized with the Yoast SEO plugin v24.5 - https:\/\/yoast.com\/wordpress\/plugins\/seo\/ -->\n<title>koszula MAI Boho White - YOSCHIMOTO | High Fashion Store<\/title>\n<meta name=\"description\" content=\"Odkryj \u017cakardow\u0105 bluzk\u0119 Boho White o lu\u017anym kroju, stworzon\u0105 dla os\u00f3b ceni\u0105cych tkaniny odporne na zagniecenia. Z rozci\u0119tym dekoltem i obszernymi r\u0119kawami z elastycznymi mankietami, ta bluzka oferuje elegancki styl i wszechstronno\u015b\u0107. Dost\u0119pna w rozmiarach REGULAR i PETITE. Dodaj wyrafinowania swojej garderobie!\" \/>\n<meta name=\"robots\" content=\"index, follow, max-snippet:-1, max-image-preview:large, max-video-preview:-1\" \/>\n<link rel=\"canonical\" href=\"https:\/\/www.yoschimoto.com\/polish-fashion-designer\/pl\/produkt\/koszula-mai-boho-white\/\" \/>\n<meta property=\"og:locale\" content=\"pl_PL\" \/>\n<meta property=\"og:type\" content=\"article\" \/>\n<meta property=\"og:title\" content=\"koszula MAI Boho White - YOSCHIMOTO | High Fashion Store\" \/>\n<meta property=\"og:description\" content=\"Odkryj \u017cakardow\u0105 bluzk\u0119 Boho White o lu\u017anym kroju, stworzon\u0105 dla os\u00f3b ceni\u0105cych tkaniny odporne na zagniecenia. Z rozci\u0119tym dekoltem i obszernymi r\u0119kawami z elastycznymi mankietami, ta bluzka oferuje elegancki styl i wszechstronno\u015b\u0107. Dost\u0119pna w rozmiarach REGULAR i PETITE. Dodaj wyrafinowania swojej garderobie!\" \/>\n<meta property=\"og:url\" content=\"https:\/\/www.yoschimoto.com\/polish-fashion-designer\/pl\/produkt\/koszula-mai-boho-white\/\" \/>\n<meta property=\"og:site_name\" content=\"YOSCHIMOTO | High Fashion Store\" \/>\n<meta property=\"article:modified_time\" content=\"2025-10-10T19:23:15+00:00\" \/>\n<meta property=\"og:image\" content=\"https:\/\/www.yoschimoto.com\/polish-fashion-designer\/wp-content\/uploads\/2024\/11\/MAI-Boho-White-1.jpg\" \/>\n\t<meta property=\"og:image:width\" content=\"1707\" \/>\n\t<meta property=\"og:image:height\" content=\"2560\" \/>\n\t<meta property=\"og:image:type\" content=\"image\/jpeg\" \/>\n<meta name=\"twitter:card\" content=\"summary_large_image\" \/>\n<meta name=\"twitter:label1\" content=\"Dost\u0119pno\u015b\u0107\" \/>\n\t<meta name=\"twitter:data1\" content=\"Dost\u0119pny\" \/>\n<script type=\"application\/ld+json\" class=\"yoast-schema-graph\">{\"@context\":\"https:\/\/schema.org\",\"@graph\":[{\"@type\":\"WebPage\",\"@id\":\"https:\/\/www.yoschimoto.com\/polish-fashion-designer\/pl\/produkt\/koszula-mai-boho-white\/\",\"url\":\"https:\/\/www.yoschimoto.com\/polish-fashion-designer\/pl\/produkt\/koszula-mai-boho-white\/\",\"name\":\"koszula MAI Boho White - YOSCHIMOTO | High Fashion Store\",\"isPartOf\":{\"@id\":\"https:\/\/www.yoschimoto.com\/polish-fashion-designer\/pl\/#website\"},\"primaryImageOfPage\":{\"@id\":\"https:\/\/www.yoschimoto.com\/polish-fashion-designer\/pl\/produkt\/koszula-mai-boho-white\/#primaryimage\"},\"image\":{\"@id\":\"https:\/\/www.yoschimoto.com\/polish-fashion-designer\/pl\/produkt\/koszula-mai-boho-white\/#primaryimage\"},\"thumbnailUrl\":\"https:\/\/www.yoschimoto.com\/polish-fashion-designer\/wp-content\/uploads\/2024\/11\/MAI-Boho-White-1.jpg\",\"datePublished\":\"2024-11-06T21:19:11+00:00\",\"dateModified\":\"2025-10-10T19:23:15+00:00\",\"description\":\"Odkryj \u017cakardow\u0105 bluzk\u0119 Boho White o lu\u017anym kroju, stworzon\u0105 dla os\u00f3b ceni\u0105cych tkaniny odporne na zagniecenia. Z rozci\u0119tym dekoltem i obszernymi r\u0119kawami z elastycznymi mankietami, ta bluzka oferuje elegancki styl i wszechstronno\u015b\u0107. Dost\u0119pna w rozmiarach REGULAR i PETITE. Dodaj wyrafinowania swojej garderobie!\",\"breadcrumb\":{\"@id\":\"https:\/\/www.yoschimoto.com\/polish-fashion-designer\/pl\/produkt\/koszula-mai-boho-white\/#breadcrumb\"},\"inLanguage\":\"pl-PL\",\"potentialAction\":[{\"@type\":\"ReadAction\",\"target\":[\"https:\/\/www.yoschimoto.com\/polish-fashion-designer\/pl\/produkt\/koszula-mai-boho-white\/\"]}]},{\"@type\":\"ImageObject\",\"inLanguage\":\"pl-PL\",\"@id\":\"https:\/\/www.yoschimoto.com\/polish-fashion-designer\/pl\/produkt\/koszula-mai-boho-white\/#primaryimage\",\"url\":\"https:\/\/www.yoschimoto.com\/polish-fashion-designer\/wp-content\/uploads\/2024\/11\/MAI-Boho-White-1.jpg\",\"contentUrl\":\"https:\/\/www.yoschimoto.com\/polish-fashion-designer\/wp-content\/uploads\/2024\/11\/MAI-Boho-White-1.jpg\",\"width\":1707,\"height\":2560},{\"@type\":\"BreadcrumbList\",\"@id\":\"https:\/\/www.yoschimoto.com\/polish-fashion-designer\/pl\/produkt\/koszula-mai-boho-white\/#breadcrumb\",\"itemListElement\":[{\"@type\":\"ListItem\",\"position\":1,\"name\":\"Home\",\"item\":\"https:\/\/www.yoschimoto.com\/polish-fashion-designer\/pl\/polska-projektantka-mody-od-kimona-po-wieceja\/\"},{\"@type\":\"ListItem\",\"position\":2,\"name\":\"Sklep\",\"item\":\"https:\/\/www.yoschimoto.com\/polish-fashion-designer\/pl\/sklep\/\"},{\"@type\":\"ListItem\",\"position\":3,\"name\":\"koszula MAI Boho White\"}]},{\"@type\":\"WebSite\",\"@id\":\"https:\/\/www.yoschimoto.com\/polish-fashion-designer\/pl\/#website\",\"url\":\"https:\/\/www.yoschimoto.com\/polish-fashion-designer\/pl\/\",\"name\":\"YOSCHIMOTO | High Fashion Store\",\"description\":\"Polish Fashion Designer\",\"publisher\":{\"@id\":\"https:\/\/www.yoschimoto.com\/polish-fashion-designer\/pl\/#organization\"},\"potentialAction\":[{\"@type\":\"SearchAction\",\"target\":{\"@type\":\"EntryPoint\",\"urlTemplate\":\"https:\/\/www.yoschimoto.com\/polish-fashion-designer\/pl\/?s={search_term_string}\"},\"query-input\":{\"@type\":\"PropertyValueSpecification\",\"valueRequired\":true,\"valueName\":\"search_term_string\"}}],\"inLanguage\":\"pl-PL\"},{\"@type\":\"Organization\",\"@id\":\"https:\/\/www.yoschimoto.com\/polish-fashion-designer\/pl\/#organization\",\"name\":\"YOSCHIMOTO | High Fashion Store\",\"url\":\"https:\/\/www.yoschimoto.com\/polish-fashion-designer\/pl\/\",\"logo\":{\"@type\":\"ImageObject\",\"inLanguage\":\"pl-PL\",\"@id\":\"https:\/\/www.yoschimoto.com\/polish-fashion-designer\/pl\/#\/schema\/logo\/image\/\",\"url\":\"https:\/\/www.yoschimoto.com\/polish-fashion-designer\/wp-content\/uploads\/2025\/03\/YOSCHIMOTO-high-fashion-clothing-store.svg\",\"contentUrl\":\"https:\/\/www.yoschimoto.com\/polish-fashion-designer\/wp-content\/uploads\/2025\/03\/YOSCHIMOTO-high-fashion-clothing-store.svg\",\"width\":350,\"height\":100,\"caption\":\"YOSCHIMOTO | High Fashion Store\"},\"image\":{\"@id\":\"https:\/\/www.yoschimoto.com\/polish-fashion-designer\/pl\/#\/schema\/logo\/image\/\"}}]}<\/script>\n<meta property=\"og:availability\" content=\"instock\" \/>\n<meta property=\"product:availability\" content=\"instock\" \/>\n<meta property=\"product:condition\" content=\"new\" \/>\n<!-- \/ Yoast SEO plugin. -->","yoast_head_json":{"title":"koszula MAI Boho White - YOSCHIMOTO | High Fashion Store","description":"Odkryj \u017cakardow\u0105 bluzk\u0119 Boho White o lu\u017anym kroju, stworzon\u0105 dla os\u00f3b ceni\u0105cych tkaniny odporne na zagniecenia. Z rozci\u0119tym dekoltem i obszernymi r\u0119kawami z elastycznymi mankietami, ta bluzka oferuje elegancki styl i wszechstronno\u015b\u0107. Dost\u0119pna w rozmiarach REGULAR i PETITE. Dodaj wyrafinowania swojej garderobie!","robots":{"index":"index","follow":"follow","max-snippet":"max-snippet:-1","max-image-preview":"max-image-preview:large","max-video-preview":"max-video-preview:-1"},"canonical":"https:\/\/www.yoschimoto.com\/polish-fashion-designer\/pl\/produkt\/koszula-mai-boho-white\/","og_locale":"pl_PL","og_type":"article","og_title":"koszula MAI Boho White - YOSCHIMOTO | High Fashion Store","og_description":"Odkryj \u017cakardow\u0105 bluzk\u0119 Boho White o lu\u017anym kroju, stworzon\u0105 dla os\u00f3b ceni\u0105cych tkaniny odporne na zagniecenia. Z rozci\u0119tym dekoltem i obszernymi r\u0119kawami z elastycznymi mankietami, ta bluzka oferuje elegancki styl i wszechstronno\u015b\u0107. Dost\u0119pna w rozmiarach REGULAR i PETITE. Dodaj wyrafinowania swojej garderobie!","og_url":"https:\/\/www.yoschimoto.com\/polish-fashion-designer\/pl\/produkt\/koszula-mai-boho-white\/","og_site_name":"YOSCHIMOTO | High Fashion Store","article_modified_time":"2025-10-10T19:23:15+00:00","og_image":[{"width":1707,"height":2560,"url":"https:\/\/www.yoschimoto.com\/polish-fashion-designer\/wp-content\/uploads\/2024\/11\/MAI-Boho-White-1.jpg","type":"image\/jpeg"}],"twitter_card":"summary_large_image","twitter_misc":{"Dost\u0119pno\u015b\u0107":"Dost\u0119pny"},"schema":{"@context":"https:\/\/schema.org","@graph":[{"@type":"WebPage","@id":"https:\/\/www.yoschimoto.com\/polish-fashion-designer\/pl\/produkt\/koszula-mai-boho-white\/","url":"https:\/\/www.yoschimoto.com\/polish-fashion-designer\/pl\/produkt\/koszula-mai-boho-white\/","name":"koszula MAI Boho White - YOSCHIMOTO | High Fashion Store","isPartOf":{"@id":"https:\/\/www.yoschimoto.com\/polish-fashion-designer\/pl\/#website"},"primaryImageOfPage":{"@id":"https:\/\/www.yoschimoto.com\/polish-fashion-designer\/pl\/produkt\/koszula-mai-boho-white\/#primaryimage"},"image":{"@id":"https:\/\/www.yoschimoto.com\/polish-fashion-designer\/pl\/produkt\/koszula-mai-boho-white\/#primaryimage"},"thumbnailUrl":"https:\/\/www.yoschimoto.com\/polish-fashion-designer\/wp-content\/uploads\/2024\/11\/MAI-Boho-White-1.jpg","datePublished":"2024-11-06T21:19:11+00:00","dateModified":"2025-10-10T19:23:15+00:00","description":"Odkryj \u017cakardow\u0105 bluzk\u0119 Boho White o lu\u017anym kroju, stworzon\u0105 dla os\u00f3b ceni\u0105cych tkaniny odporne na zagniecenia. Z rozci\u0119tym dekoltem i obszernymi r\u0119kawami z elastycznymi mankietami, ta bluzka oferuje elegancki styl i wszechstronno\u015b\u0107. Dost\u0119pna w rozmiarach REGULAR i PETITE. Dodaj wyrafinowania swojej garderobie!","breadcrumb":{"@id":"https:\/\/www.yoschimoto.com\/polish-fashion-designer\/pl\/produkt\/koszula-mai-boho-white\/#breadcrumb"},"inLanguage":"pl-PL","potentialAction":[{"@type":"ReadAction","target":["https:\/\/www.yoschimoto.com\/polish-fashion-designer\/pl\/produkt\/koszula-mai-boho-white\/"]}]},{"@type":"ImageObject","inLanguage":"pl-PL","@id":"https:\/\/www.yoschimoto.com\/polish-fashion-designer\/pl\/produkt\/koszula-mai-boho-white\/#primaryimage","url":"https:\/\/www.yoschimoto.com\/polish-fashion-designer\/wp-content\/uploads\/2024\/11\/MAI-Boho-White-1.jpg","contentUrl":"https:\/\/www.yoschimoto.com\/polish-fashion-designer\/wp-content\/uploads\/2024\/11\/MAI-Boho-White-1.jpg","width":1707,"height":2560},{"@type":"BreadcrumbList","@id":"https:\/\/www.yoschimoto.com\/polish-fashion-designer\/pl\/produkt\/koszula-mai-boho-white\/#breadcrumb","itemListElement":[{"@type":"ListItem","position":1,"name":"Home","item":"https:\/\/www.yoschimoto.com\/polish-fashion-designer\/pl\/polska-projektantka-mody-od-kimona-po-wieceja\/"},{"@type":"ListItem","position":2,"name":"Sklep","item":"https:\/\/www.yoschimoto.com\/polish-fashion-designer\/pl\/sklep\/"},{"@type":"ListItem","position":3,"name":"koszula MAI Boho White"}]},{"@type":"WebSite","@id":"https:\/\/www.yoschimoto.com\/polish-fashion-designer\/pl\/#website","url":"https:\/\/www.yoschimoto.com\/polish-fashion-designer\/pl\/","name":"YOSCHIMOTO | High Fashion Store","description":"Polish Fashion Designer","publisher":{"@id":"https:\/\/www.yoschimoto.com\/polish-fashion-designer\/pl\/#organization"},"potentialAction":[{"@type":"SearchAction","target":{"@type":"EntryPoint","urlTemplate":"https:\/\/www.yoschimoto.com\/polish-fashion-designer\/pl\/?s={search_term_string}"},"query-input":{"@type":"PropertyValueSpecification","valueRequired":true,"valueName":"search_term_string"}}],"inLanguage":"pl-PL"},{"@type":"Organization","@id":"https:\/\/www.yoschimoto.com\/polish-fashion-designer\/pl\/#organization","name":"YOSCHIMOTO | High Fashion Store","url":"https:\/\/www.yoschimoto.com\/polish-fashion-designer\/pl\/","logo":{"@type":"ImageObject","inLanguage":"pl-PL","@id":"https:\/\/www.yoschimoto.com\/polish-fashion-designer\/pl\/#\/schema\/logo\/image\/","url":"https:\/\/www.yoschimoto.com\/polish-fashion-designer\/wp-content\/uploads\/2025\/03\/YOSCHIMOTO-high-fashion-clothing-store.svg","contentUrl":"https:\/\/www.yoschimoto.com\/polish-fashion-designer\/wp-content\/uploads\/2025\/03\/YOSCHIMOTO-high-fashion-clothing-store.svg","width":350,"height":100,"caption":"YOSCHIMOTO | High Fashion Store"},"image":{"@id":"https:\/\/www.yoschimoto.com\/polish-fashion-designer\/pl\/#\/schema\/logo\/image\/"}}]},"og_availability":"instock","product_availability":"instock","product_condition":"new"},"_links":{"self":[{"href":"https:\/\/www.yoschimoto.com\/polish-fashion-designer\/pl\/wp-json\/wp\/v2\/product\/992442","targetHints":{"allow":["GET"]}}],"collection":[{"href":"https:\/\/www.yoschimoto.com\/polish-fashion-designer\/pl\/wp-json\/wp\/v2\/product"}],"about":[{"href":"https:\/\/www.yoschimoto.com\/polish-fashion-designer\/pl\/wp-json\/wp\/v2\/types\/product"}],"wp:featuredmedia":[{"embeddable":true,"href":"https:\/\/www.yoschimoto.com\/polish-fashion-designer\/pl\/wp-json\/wp\/v2\/media\/991476"}],"wp:attachment":[{"href":"https:\/\/www.yoschimoto.com\/polish-fashion-designer\/pl\/wp-json\/wp\/v2\/media?parent=992442"}],"wp:term":[{"taxonomy":"product_brand","embeddable":true,"href":"https:\/\/www.yoschimoto.com\/polish-fashion-designer\/pl\/wp-json\/wp\/v2\/product_brand?post=992442"},{"taxonomy":"product_cat","embeddable":true,"href":"https:\/\/www.yoschimoto.com\/polish-fashion-designer\/pl\/wp-json\/wp\/v2\/product_cat?post=992442"},{"taxonomy":"product_tag","embeddable":true,"href":"https:\/\/www.yoschimoto.com\/polish-fashion-designer\/pl\/wp-json\/wp\/v2\/product_tag?post=992442"}],"curies":[{"name":"wp","href":"https:\/\/api.w.org\/{rel}","templated":true}]}}