{"id":992430,"date":"2024-10-17T18:37:20","date_gmt":"2024-10-17T16:37:20","guid":{"rendered":"https:\/\/www.yoschimoto.com\/polish-fashion-designer\/product\/bawelniana-bluzka-mai-silver-stripes\/"},"modified":"2025-03-16T13:03:55","modified_gmt":"2025-03-16T12:03:55","slug":"bawelniana-bluzka-mai-silver-stripes","status":"publish","type":"product","link":"https:\/\/www.yoschimoto.com\/polish-fashion-designer\/pl\/produkt\/bawelniana-bluzka-mai-silver-stripes\/","title":{"rendered":"bawe\u0142niana bluzka MAI Silver Stripes"},"content":{"rendered":"<div class=\"vgblk-rw-wrapper limit-wrapper\">\n<p class=\"Normalny tm5\">bawe\u0142niana bluzka MAI Silver Stripes<\/p>\n<p class=\"Normalny tm5\">Udoskonal swoj\u0105 garderob\u0119 wybieraj\u0105c bluzk\u0119 Mai Silver Stripes w srebrne paski o lu\u017anym kroju oversize.<\/p>\n<p class=\"Normalny tm5\">Stylowy materia\u0142: Wykonana z lekkiej, subtelnie przezroczystej czarnej bawe\u0142ny przeplatanej metalicznymi srebrnymi nitkami dla stonowanego po\u0142ysku.<\/p>\n<p class=\"Normalny tm5\">Oddychaj\u0105ca i delikatna: Bawe\u0142niana tkanina jest lekka, mi\u0119kka i oddychaj\u0105ca, idealna do ca\u0142odziennego komfortu.<\/p>\n<p class=\"Normalny tm5\">Elegancki kr\u00f3j: Charakterystyczny \u201erozci\u0119ty\u201d dekolt i obszerne r\u0119kawy zako\u0144czone stylowymi mankietami.<\/p>\n<p class=\"Normalny tm5\">Uniwersalne mankiety: Elastyczne mankiety pozwalaj\u0105 naturalnie uk\u0142ada\u0107 si\u0119 na nadgarstkach lub wygodnie spoczywa\u0107 na przedramionach.<\/p>\n<p class=\"Normalny tm5\">Strukturalny kr\u00f3j: Naturalna sztywno\u015b\u0107 materia\u0142u pomaga zachowa\u0107 kszta\u0142t bluzki, nadaj\u0105c r\u0119kawom pe\u0142niejsz\u0105 form\u0119.<\/p>\n<p class=\"Normalny tm5\">Dost\u0119pne rozmiary:<\/p>\n<p class=\"Normalny tm5\">&#8211; REGULAR i PETITE (przeznaczone dla os\u00f3b o wzro\u015bcie 160-165 cm).<\/p>\n<p class=\"Normalny tm5\">Charakterystyczny kr\u00f3j: R\u0119kawy s\u0105 celowo d\u0142u\u017csze, aby stworzy\u0107 efekt \u201epuffy\u201d przy nadgarstkach.<\/p>\n<p class=\"Normalny\">\n<\/div>\n<p><!-- .vgblk-rw-wrapper --><\/p>\n","protected":false},"excerpt":{"rendered":"<p class=\"Normalny tm5\">Wymiary:<\/p>\n<p class=\"Normalny tm5\">PETITE<\/p>\n<p class=\"Normalny tm5\">szeroko\u015b\u0107: 52 cm<\/p>\n<p class=\"Normalny tm5\">d\u0142ugo\u015b\u0107: 60 cm<\/p>\n<p class=\"Normalny tm5\">r\u0119kawy (z mankietami): 65 cm<\/p>\n<p class=\"Normalny tm5\">REGULAR<\/p>\n<p class=\"Normalny tm5\">szeroko\u015b\u0107: 61 cm<\/p>\n<p class=\"Normalny tm5\">d\u0142ugo\u015b\u0107: 61 cm<\/p>\n<p class=\"Normalny tm5\">r\u0119kawy (z mankietami): 75 cm<\/p>\n<p class=\"Normalny tm5\">Sk\u0142ad:<br \/>\n&#8211; 100% bawe\u0142na<\/p>\n<p class=\"Normalny tm5\">Dodaj odrobin\u0119 elegancji i wyrafinowania do swojego wygl\u0105du dzi\u0119ki bluzce Mai w srebrne paski, idealnej na ka\u017cd\u0105 okazj\u0119.<\/p>\n","protected":false},"featured_media":990928,"template":"","meta":{"om_disable_all_campaigns":false,"inline_featured_image":false,"_mi_skip_tracking":false,"_monsterinsights_sitenote_active":false,"_monsterinsights_sitenote_note":"","_monsterinsights_sitenote_category":0,"_uf_show_specific_survey":0,"_uf_disable_surveys":false},"product_brand":[],"product_cat":[452,431,418,430,412,442],"product_tag":[457,455,435,456],"class_list":{"0":"post-992430","1":"product","2":"type-product","3":"status-publish","4":"has-post-thumbnail","6":"product_cat-eleganckie-koszule","7":"product_cat-koszule","8":"product_cat-koszule-i-topy","9":"product_cat-koszule-i-topy-pl","10":"product_cat-ready-to-wear-pl","11":"product_cat-wyprzedaz","12":"product_tag-bawelna","13":"product_tag-elegancka-bluzka","14":"product_tag-koszula-mai","15":"product_tag-paski","17":"first","18":"instock","19":"sale","20":"taxable","21":"shipping-taxable","22":"purchasable","23":"product-type-variable","24":"has-default-attributes"},"yoast_head":"<!-- This site is optimized with the Yoast SEO plugin v24.5 - https:\/\/yoast.com\/wordpress\/plugins\/seo\/ -->\n<title>bawe\u0142niana bluzka MAI Silver Stripes - YOSCHIMOTO | High Fashion Store<\/title>\n<meta name=\"description\" content=\"Odkryj bluzk\u0119 Mai Silver Stripes, idealn\u0105 na ka\u017cdy dzie\u0144. Ta \u017cakardowa bawe\u0142niana bluzka o klasycznym kroju oversize jest mi\u0119kka, lekka i ma unikalny, rozci\u0119ty dekolt oraz obszerne r\u0119kawy. Dost\u0119pna w rozmiarze REGULAR i PETITE na zam\u00f3wienie. Pozosta\u0144 stylowa i zawsze czuj si\u0119 komfortowo w tym sezonie!\" \/>\n<meta name=\"robots\" content=\"index, follow, max-snippet:-1, max-image-preview:large, max-video-preview:-1\" \/>\n<link rel=\"canonical\" href=\"https:\/\/www.yoschimoto.com\/polish-fashion-designer\/pl\/produkt\/bawelniana-bluzka-mai-silver-stripes\/\" \/>\n<meta property=\"og:locale\" content=\"pl_PL\" \/>\n<meta property=\"og:type\" content=\"article\" \/>\n<meta property=\"og:title\" content=\"bawe\u0142niana bluzka MAI Silver Stripes - YOSCHIMOTO | High Fashion Store\" \/>\n<meta property=\"og:description\" content=\"Odkryj bluzk\u0119 Mai Silver Stripes, idealn\u0105 na ka\u017cdy dzie\u0144. Ta \u017cakardowa bawe\u0142niana bluzka o klasycznym kroju oversize jest mi\u0119kka, lekka i ma unikalny, rozci\u0119ty dekolt oraz obszerne r\u0119kawy. Dost\u0119pna w rozmiarze REGULAR i PETITE na zam\u00f3wienie. Pozosta\u0144 stylowa i zawsze czuj si\u0119 komfortowo w tym sezonie!\" \/>\n<meta property=\"og:url\" content=\"https:\/\/www.yoschimoto.com\/polish-fashion-designer\/pl\/produkt\/bawelniana-bluzka-mai-silver-stripes\/\" \/>\n<meta property=\"og:site_name\" content=\"YOSCHIMOTO | High Fashion Store\" \/>\n<meta property=\"article:modified_time\" content=\"2025-03-16T12:03:55+00:00\" \/>\n<meta property=\"og:image\" content=\"https:\/\/www.yoschimoto.com\/polish-fashion-designer\/wp-content\/uploads\/2024\/10\/MAI-Silver-Stripes-2.jpg\" \/>\n\t<meta property=\"og:image:width\" content=\"2048\" \/>\n\t<meta property=\"og:image:height\" content=\"2560\" \/>\n\t<meta property=\"og:image:type\" content=\"image\/jpeg\" \/>\n<meta name=\"twitter:card\" content=\"summary_large_image\" \/>\n<meta name=\"twitter:label1\" content=\"Dost\u0119pno\u015b\u0107\" \/>\n\t<meta name=\"twitter:data1\" content=\"Dost\u0119pny\" \/>\n<script type=\"application\/ld+json\" class=\"yoast-schema-graph\">{\"@context\":\"https:\/\/schema.org\",\"@graph\":[{\"@type\":\"WebPage\",\"@id\":\"https:\/\/www.yoschimoto.com\/polish-fashion-designer\/pl\/produkt\/bawelniana-bluzka-mai-silver-stripes\/\",\"url\":\"https:\/\/www.yoschimoto.com\/polish-fashion-designer\/pl\/produkt\/bawelniana-bluzka-mai-silver-stripes\/\",\"name\":\"bawe\u0142niana bluzka MAI Silver Stripes - YOSCHIMOTO | High Fashion Store\",\"isPartOf\":{\"@id\":\"https:\/\/www.yoschimoto.com\/polish-fashion-designer\/pl\/#website\"},\"primaryImageOfPage\":{\"@id\":\"https:\/\/www.yoschimoto.com\/polish-fashion-designer\/pl\/produkt\/bawelniana-bluzka-mai-silver-stripes\/#primaryimage\"},\"image\":{\"@id\":\"https:\/\/www.yoschimoto.com\/polish-fashion-designer\/pl\/produkt\/bawelniana-bluzka-mai-silver-stripes\/#primaryimage\"},\"thumbnailUrl\":\"https:\/\/www.yoschimoto.com\/polish-fashion-designer\/wp-content\/uploads\/2024\/10\/MAI-Silver-Stripes-2.jpg\",\"datePublished\":\"2024-10-17T16:37:20+00:00\",\"dateModified\":\"2025-03-16T12:03:55+00:00\",\"description\":\"Odkryj bluzk\u0119 Mai Silver Stripes, idealn\u0105 na ka\u017cdy dzie\u0144. Ta \u017cakardowa bawe\u0142niana bluzka o klasycznym kroju oversize jest mi\u0119kka, lekka i ma unikalny, rozci\u0119ty dekolt oraz obszerne r\u0119kawy. Dost\u0119pna w rozmiarze REGULAR i PETITE na zam\u00f3wienie. Pozosta\u0144 stylowa i zawsze czuj si\u0119 komfortowo w tym sezonie!\",\"breadcrumb\":{\"@id\":\"https:\/\/www.yoschimoto.com\/polish-fashion-designer\/pl\/produkt\/bawelniana-bluzka-mai-silver-stripes\/#breadcrumb\"},\"inLanguage\":\"pl-PL\",\"potentialAction\":[{\"@type\":\"ReadAction\",\"target\":[\"https:\/\/www.yoschimoto.com\/polish-fashion-designer\/pl\/produkt\/bawelniana-bluzka-mai-silver-stripes\/\"]}]},{\"@type\":\"ImageObject\",\"inLanguage\":\"pl-PL\",\"@id\":\"https:\/\/www.yoschimoto.com\/polish-fashion-designer\/pl\/produkt\/bawelniana-bluzka-mai-silver-stripes\/#primaryimage\",\"url\":\"https:\/\/www.yoschimoto.com\/polish-fashion-designer\/wp-content\/uploads\/2024\/10\/MAI-Silver-Stripes-2.jpg\",\"contentUrl\":\"https:\/\/www.yoschimoto.com\/polish-fashion-designer\/wp-content\/uploads\/2024\/10\/MAI-Silver-Stripes-2.jpg\",\"width\":2048,\"height\":2560},{\"@type\":\"BreadcrumbList\",\"@id\":\"https:\/\/www.yoschimoto.com\/polish-fashion-designer\/pl\/produkt\/bawelniana-bluzka-mai-silver-stripes\/#breadcrumb\",\"itemListElement\":[{\"@type\":\"ListItem\",\"position\":1,\"name\":\"Home\",\"item\":\"https:\/\/www.yoschimoto.com\/polish-fashion-designer\/pl\/polska-projektantka-mody-od-kimona-po-wieceja\/\"},{\"@type\":\"ListItem\",\"position\":2,\"name\":\"Sklep\",\"item\":\"https:\/\/www.yoschimoto.com\/polish-fashion-designer\/pl\/sklep\/\"},{\"@type\":\"ListItem\",\"position\":3,\"name\":\"bawe\u0142niana bluzka MAI Silver Stripes\"}]},{\"@type\":\"WebSite\",\"@id\":\"https:\/\/www.yoschimoto.com\/polish-fashion-designer\/pl\/#website\",\"url\":\"https:\/\/www.yoschimoto.com\/polish-fashion-designer\/pl\/\",\"name\":\"YOSCHIMOTO | High Fashion Store\",\"description\":\"Polish Fashion Designer\",\"publisher\":{\"@id\":\"https:\/\/www.yoschimoto.com\/polish-fashion-designer\/pl\/#organization\"},\"potentialAction\":[{\"@type\":\"SearchAction\",\"target\":{\"@type\":\"EntryPoint\",\"urlTemplate\":\"https:\/\/www.yoschimoto.com\/polish-fashion-designer\/pl\/?s={search_term_string}\"},\"query-input\":{\"@type\":\"PropertyValueSpecification\",\"valueRequired\":true,\"valueName\":\"search_term_string\"}}],\"inLanguage\":\"pl-PL\"},{\"@type\":\"Organization\",\"@id\":\"https:\/\/www.yoschimoto.com\/polish-fashion-designer\/pl\/#organization\",\"name\":\"YOSCHIMOTO | High Fashion Store\",\"url\":\"https:\/\/www.yoschimoto.com\/polish-fashion-designer\/pl\/\",\"logo\":{\"@type\":\"ImageObject\",\"inLanguage\":\"pl-PL\",\"@id\":\"https:\/\/www.yoschimoto.com\/polish-fashion-designer\/pl\/#\/schema\/logo\/image\/\",\"url\":\"https:\/\/www.yoschimoto.com\/polish-fashion-designer\/wp-content\/uploads\/2025\/03\/YOSCHIMOTO-high-fashion-clothing-store.svg\",\"contentUrl\":\"https:\/\/www.yoschimoto.com\/polish-fashion-designer\/wp-content\/uploads\/2025\/03\/YOSCHIMOTO-high-fashion-clothing-store.svg\",\"width\":350,\"height\":100,\"caption\":\"YOSCHIMOTO | High Fashion Store\"},\"image\":{\"@id\":\"https:\/\/www.yoschimoto.com\/polish-fashion-designer\/pl\/#\/schema\/logo\/image\/\"}}]}<\/script>\n<meta property=\"og:availability\" content=\"instock\" \/>\n<meta property=\"product:availability\" content=\"instock\" \/>\n<meta property=\"product:condition\" content=\"new\" \/>\n<!-- \/ Yoast SEO plugin. -->","yoast_head_json":{"title":"bawe\u0142niana bluzka MAI Silver Stripes - YOSCHIMOTO | High Fashion Store","description":"Odkryj bluzk\u0119 Mai Silver Stripes, idealn\u0105 na ka\u017cdy dzie\u0144. Ta \u017cakardowa bawe\u0142niana bluzka o klasycznym kroju oversize jest mi\u0119kka, lekka i ma unikalny, rozci\u0119ty dekolt oraz obszerne r\u0119kawy. Dost\u0119pna w rozmiarze REGULAR i PETITE na zam\u00f3wienie. Pozosta\u0144 stylowa i zawsze czuj si\u0119 komfortowo w tym sezonie!","robots":{"index":"index","follow":"follow","max-snippet":"max-snippet:-1","max-image-preview":"max-image-preview:large","max-video-preview":"max-video-preview:-1"},"canonical":"https:\/\/www.yoschimoto.com\/polish-fashion-designer\/pl\/produkt\/bawelniana-bluzka-mai-silver-stripes\/","og_locale":"pl_PL","og_type":"article","og_title":"bawe\u0142niana bluzka MAI Silver Stripes - YOSCHIMOTO | High Fashion Store","og_description":"Odkryj bluzk\u0119 Mai Silver Stripes, idealn\u0105 na ka\u017cdy dzie\u0144. Ta \u017cakardowa bawe\u0142niana bluzka o klasycznym kroju oversize jest mi\u0119kka, lekka i ma unikalny, rozci\u0119ty dekolt oraz obszerne r\u0119kawy. Dost\u0119pna w rozmiarze REGULAR i PETITE na zam\u00f3wienie. Pozosta\u0144 stylowa i zawsze czuj si\u0119 komfortowo w tym sezonie!","og_url":"https:\/\/www.yoschimoto.com\/polish-fashion-designer\/pl\/produkt\/bawelniana-bluzka-mai-silver-stripes\/","og_site_name":"YOSCHIMOTO | High Fashion Store","article_modified_time":"2025-03-16T12:03:55+00:00","og_image":[{"width":2048,"height":2560,"url":"https:\/\/www.yoschimoto.com\/polish-fashion-designer\/wp-content\/uploads\/2024\/10\/MAI-Silver-Stripes-2.jpg","type":"image\/jpeg"}],"twitter_card":"summary_large_image","twitter_misc":{"Dost\u0119pno\u015b\u0107":"Dost\u0119pny"},"schema":{"@context":"https:\/\/schema.org","@graph":[{"@type":"WebPage","@id":"https:\/\/www.yoschimoto.com\/polish-fashion-designer\/pl\/produkt\/bawelniana-bluzka-mai-silver-stripes\/","url":"https:\/\/www.yoschimoto.com\/polish-fashion-designer\/pl\/produkt\/bawelniana-bluzka-mai-silver-stripes\/","name":"bawe\u0142niana bluzka MAI Silver Stripes - YOSCHIMOTO | High Fashion Store","isPartOf":{"@id":"https:\/\/www.yoschimoto.com\/polish-fashion-designer\/pl\/#website"},"primaryImageOfPage":{"@id":"https:\/\/www.yoschimoto.com\/polish-fashion-designer\/pl\/produkt\/bawelniana-bluzka-mai-silver-stripes\/#primaryimage"},"image":{"@id":"https:\/\/www.yoschimoto.com\/polish-fashion-designer\/pl\/produkt\/bawelniana-bluzka-mai-silver-stripes\/#primaryimage"},"thumbnailUrl":"https:\/\/www.yoschimoto.com\/polish-fashion-designer\/wp-content\/uploads\/2024\/10\/MAI-Silver-Stripes-2.jpg","datePublished":"2024-10-17T16:37:20+00:00","dateModified":"2025-03-16T12:03:55+00:00","description":"Odkryj bluzk\u0119 Mai Silver Stripes, idealn\u0105 na ka\u017cdy dzie\u0144. Ta \u017cakardowa bawe\u0142niana bluzka o klasycznym kroju oversize jest mi\u0119kka, lekka i ma unikalny, rozci\u0119ty dekolt oraz obszerne r\u0119kawy. Dost\u0119pna w rozmiarze REGULAR i PETITE na zam\u00f3wienie. Pozosta\u0144 stylowa i zawsze czuj si\u0119 komfortowo w tym sezonie!","breadcrumb":{"@id":"https:\/\/www.yoschimoto.com\/polish-fashion-designer\/pl\/produkt\/bawelniana-bluzka-mai-silver-stripes\/#breadcrumb"},"inLanguage":"pl-PL","potentialAction":[{"@type":"ReadAction","target":["https:\/\/www.yoschimoto.com\/polish-fashion-designer\/pl\/produkt\/bawelniana-bluzka-mai-silver-stripes\/"]}]},{"@type":"ImageObject","inLanguage":"pl-PL","@id":"https:\/\/www.yoschimoto.com\/polish-fashion-designer\/pl\/produkt\/bawelniana-bluzka-mai-silver-stripes\/#primaryimage","url":"https:\/\/www.yoschimoto.com\/polish-fashion-designer\/wp-content\/uploads\/2024\/10\/MAI-Silver-Stripes-2.jpg","contentUrl":"https:\/\/www.yoschimoto.com\/polish-fashion-designer\/wp-content\/uploads\/2024\/10\/MAI-Silver-Stripes-2.jpg","width":2048,"height":2560},{"@type":"BreadcrumbList","@id":"https:\/\/www.yoschimoto.com\/polish-fashion-designer\/pl\/produkt\/bawelniana-bluzka-mai-silver-stripes\/#breadcrumb","itemListElement":[{"@type":"ListItem","position":1,"name":"Home","item":"https:\/\/www.yoschimoto.com\/polish-fashion-designer\/pl\/polska-projektantka-mody-od-kimona-po-wieceja\/"},{"@type":"ListItem","position":2,"name":"Sklep","item":"https:\/\/www.yoschimoto.com\/polish-fashion-designer\/pl\/sklep\/"},{"@type":"ListItem","position":3,"name":"bawe\u0142niana bluzka MAI Silver Stripes"}]},{"@type":"WebSite","@id":"https:\/\/www.yoschimoto.com\/polish-fashion-designer\/pl\/#website","url":"https:\/\/www.yoschimoto.com\/polish-fashion-designer\/pl\/","name":"YOSCHIMOTO | High Fashion Store","description":"Polish Fashion Designer","publisher":{"@id":"https:\/\/www.yoschimoto.com\/polish-fashion-designer\/pl\/#organization"},"potentialAction":[{"@type":"SearchAction","target":{"@type":"EntryPoint","urlTemplate":"https:\/\/www.yoschimoto.com\/polish-fashion-designer\/pl\/?s={search_term_string}"},"query-input":{"@type":"PropertyValueSpecification","valueRequired":true,"valueName":"search_term_string"}}],"inLanguage":"pl-PL"},{"@type":"Organization","@id":"https:\/\/www.yoschimoto.com\/polish-fashion-designer\/pl\/#organization","name":"YOSCHIMOTO | High Fashion Store","url":"https:\/\/www.yoschimoto.com\/polish-fashion-designer\/pl\/","logo":{"@type":"ImageObject","inLanguage":"pl-PL","@id":"https:\/\/www.yoschimoto.com\/polish-fashion-designer\/pl\/#\/schema\/logo\/image\/","url":"https:\/\/www.yoschimoto.com\/polish-fashion-designer\/wp-content\/uploads\/2025\/03\/YOSCHIMOTO-high-fashion-clothing-store.svg","contentUrl":"https:\/\/www.yoschimoto.com\/polish-fashion-designer\/wp-content\/uploads\/2025\/03\/YOSCHIMOTO-high-fashion-clothing-store.svg","width":350,"height":100,"caption":"YOSCHIMOTO | High Fashion Store"},"image":{"@id":"https:\/\/www.yoschimoto.com\/polish-fashion-designer\/pl\/#\/schema\/logo\/image\/"}}]},"og_availability":"instock","product_availability":"instock","product_condition":"new"},"_links":{"self":[{"href":"https:\/\/www.yoschimoto.com\/polish-fashion-designer\/pl\/wp-json\/wp\/v2\/product\/992430","targetHints":{"allow":["GET"]}}],"collection":[{"href":"https:\/\/www.yoschimoto.com\/polish-fashion-designer\/pl\/wp-json\/wp\/v2\/product"}],"about":[{"href":"https:\/\/www.yoschimoto.com\/polish-fashion-designer\/pl\/wp-json\/wp\/v2\/types\/product"}],"wp:featuredmedia":[{"embeddable":true,"href":"https:\/\/www.yoschimoto.com\/polish-fashion-designer\/pl\/wp-json\/wp\/v2\/media\/990928"}],"wp:attachment":[{"href":"https:\/\/www.yoschimoto.com\/polish-fashion-designer\/pl\/wp-json\/wp\/v2\/media?parent=992430"}],"wp:term":[{"taxonomy":"product_brand","embeddable":true,"href":"https:\/\/www.yoschimoto.com\/polish-fashion-designer\/pl\/wp-json\/wp\/v2\/product_brand?post=992430"},{"taxonomy":"product_cat","embeddable":true,"href":"https:\/\/www.yoschimoto.com\/polish-fashion-designer\/pl\/wp-json\/wp\/v2\/product_cat?post=992430"},{"taxonomy":"product_tag","embeddable":true,"href":"https:\/\/www.yoschimoto.com\/polish-fashion-designer\/pl\/wp-json\/wp\/v2\/product_tag?post=992430"}],"curies":[{"name":"wp","href":"https:\/\/api.w.org\/{rel}","templated":true}]}}