{"id":992395,"date":"2024-10-05T16:59:21","date_gmt":"2024-10-05T14:59:21","guid":{"rendered":"https:\/\/www.yoschimoto.com\/polish-fashion-designer\/product\/sukienka-maiko-black-and-white\/"},"modified":"2026-03-16T14:42:53","modified_gmt":"2026-03-16T13:42:53","slug":"sukienka-maiko-black-and-white","status":"publish","type":"product","link":"https:\/\/www.yoschimoto.com\/polish-fashion-designer\/pl\/produkt\/sukienka-maiko-black-and-white\/","title":{"rendered":"sukienka MAIKO Black and White"},"content":{"rendered":"<div class=\"vgblk-rw-wrapper limit-wrapper\">\n<p class=\"Normalny tm5\">\n<p class=\"Normalny tm5\">sukienka Maiko Black and White Dress<\/p>\n<p class=\"Normalny tm5\">\n<p class=\"Normalny tm5\">Wzboga\u0107 swoj\u0105 garderob\u0119 czarno-bia\u0142\u0105 sukienk\u0105 MAIKO o stylowym fasonie oversize, wykonan\u0105 z wyj\u0105tkowo wyj\u0105tkowej tkaniny wiskozowej o subtelnym, krystalicznym po\u0142ysku.<\/p>\n<p class=\"Normalny tm5\">\n<p class=\"Normalny tm5\">Tkanina Premium: Wiskozowy materia\u0142 wzmocniony domieszk\u0105 nylonu, zapewniaj\u0105cy elastyczno\u015b\u0107, pi\u0119kn\u0105 form\u0119 sukienki i podkre\u015blaj\u0105cy awangardowe mankiety.<\/p>\n<p class=\"Normalny tm5\">\nWszechstronne opcje stylizacji: Zawiera pasek umo\u017cliwiaj\u0105cy podw\u00f3jn\u0105 stylizacj\u0119, oferuj\u0105c dwie r\u00f3\u017cne stylizacje z t\u0105 sam\u0105 sukienk\u0105, co zapewnia najwy\u017csz\u0105 wszechstronno\u015b\u0107.<\/p>\n<p class=\"Normalny tm5\">\nEleganckie elementy projektu: ma \u201erozci\u0119ty\u201d dekolt i obszerne r\u0119kawy z eleganckimi mankietami, kt\u00f3re zapewniaj\u0105 wyrafinowany dotyk.<\/p>\n<p class=\"Normalny tm5\">\nRegulowane mankiety: Elastyczne mankiety umo\u017cliwiaj\u0105 swobodne uk\u0142adanie na nadgarstkach lub mo\u017cna je dopasowa\u0107 tak, aby wygodnie spoczywa\u0142y na przedramionach.<\/p>\n<p class=\"Normalny tm5\">\nKomfort noszenia: bez podszewki dla dodatkowej oddychalno\u015bci, dzi\u0119ki czemu jest wygodny na r\u00f3\u017cne okazje.<\/p>\n<p class=\"Normalny tm5\">\nDost\u0119pne rozmiary: Oferowane w rozmiarach REGULAR i PETITE. Model z d\u0142u\u017cszymi r\u0119kawami zaprojektowanymi tak, aby stworzy\u0107 \u201ebufiasty\u201d efekt na nadgarstkach.<\/p>\n<p class=\"Normalny tm5\">\n<p class=\"Normalny tm5\">Wymiary:<\/p>\n<\/div>\n<p><!-- .vgblk-rw-wrapper --><\/p>\n","protected":false},"excerpt":{"rendered":"<p class=\"Normalny tm5\">Wymiary:<\/p>\n<p class=\"Normalny tm5\">PETITE<\/p>\n<p class=\"Normalny tm5\">szeroko\u015b\u0107: 52 cm<\/p>\n<p class=\"Normalny tm5\">d\u0142ugo\u015b\u0107: 90 cm<\/p>\n<p class=\"Normalny tm5\">r\u0119kawy (z mankietami): 65 cm<\/p>\n<p class=\"Normalny tm5\">REGULAR<\/p>\n<p class=\"Normalny tm5\">szeroko\u015b\u0107: 61 cm<\/p>\n<p class=\"Normalny tm5\">d\u0142ugo\u015b\u0107: 61 cm<\/p>\n<p class=\"Normalny tm5\">r\u0119kawy (z mankietami): 75 cm<\/p>\n<p class=\"Normalny tm5\">Sk\u0142ad:<br \/>\n&#8211; 90% wiskoza<br \/>\n&#8211; 10% nylon<\/p>\n<p class=\"Normalny tm5\">Osoba na zdj\u0119ciach nosi rozmiar 38 i ma na sobie rozmiar REGULAR i ma 173 cm wzrostu.<\/p>\n<p class=\"Normalny tm5\">Odkryj sukienk\u0119 Maiko w czerni i bieli, kt\u00f3ra b\u0119dzie eleganckim i uniwersalnym uzupe\u0142nieniem Twojej kolekcji!<\/p>\n<p class=\"Normalny\">\n","protected":false},"featured_media":990496,"template":"","meta":{"om_disable_all_campaigns":false,"inline_featured_image":false,"_mi_skip_tracking":false,"_monsterinsights_sitenote_active":false,"_monsterinsights_sitenote_note":"","_monsterinsights_sitenote_category":0,"_uf_show_specific_survey":0,"_uf_disable_surveys":false},"product_brand":[],"product_cat":[412,424,447],"product_tag":[451,449,448,450],"class_list":{"0":"post-992395","1":"product","2":"type-product","3":"status-publish","4":"has-post-thumbnail","6":"product_cat-ready-to-wear-pl","7":"product_cat-sukienki","8":"product_cat-sukienki-wieczorowe","9":"product_tag-maiko-dress-pl","10":"product_tag-sukienka-w-kwiaty","11":"product_tag-sukienki-wieczorowe","12":"product_tag-wiskoza","14":"first","15":"instock","16":"taxable","17":"shipping-taxable","18":"purchasable","19":"product-type-variable"},"yoast_head":"<!-- This site is optimized with the Yoast SEO plugin v24.5 - https:\/\/yoast.com\/wordpress\/plugins\/seo\/ -->\n<title>sukienka MAIKO Black and White - YOSCHIMOTO | High Fashion Store<\/title>\n<meta name=\"description\" content=\"Odkryj czarno-bia\u0142\u0105 sukienk\u0119 MAIKO o oversize&#039;owym kroju z wyj\u0105tkowej wiskozy o subtelnym krystalicznym po\u0142ysku. Ulepszona nylonem dla elastyczno\u015bci i stylu, zawiera uniwersalny pasek i eleganckie elementy wzornictwa. Dost\u0119pna w rozmiarach REGULAR i PETITE, aby idealnie dopasowa\u0107 si\u0119 do Ciebie.\" \/>\n<meta name=\"robots\" content=\"index, follow, max-snippet:-1, max-image-preview:large, max-video-preview:-1\" \/>\n<link rel=\"canonical\" href=\"https:\/\/www.yoschimoto.com\/polish-fashion-designer\/pl\/produkt\/sukienka-maiko-black-and-white\/\" \/>\n<meta property=\"og:locale\" content=\"pl_PL\" \/>\n<meta property=\"og:type\" content=\"article\" \/>\n<meta property=\"og:title\" content=\"sukienka MAIKO Black and White - YOSCHIMOTO | High Fashion Store\" \/>\n<meta property=\"og:description\" content=\"Odkryj czarno-bia\u0142\u0105 sukienk\u0119 MAIKO o oversize&#039;owym kroju z wyj\u0105tkowej wiskozy o subtelnym krystalicznym po\u0142ysku. Ulepszona nylonem dla elastyczno\u015bci i stylu, zawiera uniwersalny pasek i eleganckie elementy wzornictwa. Dost\u0119pna w rozmiarach REGULAR i PETITE, aby idealnie dopasowa\u0107 si\u0119 do Ciebie.\" \/>\n<meta property=\"og:url\" content=\"https:\/\/www.yoschimoto.com\/polish-fashion-designer\/pl\/produkt\/sukienka-maiko-black-and-white\/\" \/>\n<meta property=\"og:site_name\" content=\"YOSCHIMOTO | High Fashion Store\" \/>\n<meta property=\"article:modified_time\" content=\"2026-03-16T13:42:53+00:00\" \/>\n<meta property=\"og:image\" content=\"https:\/\/www.yoschimoto.com\/polish-fashion-designer\/wp-content\/uploads\/2024\/10\/MAIKO-Black-and-white-4-scaled.jpg\" \/>\n\t<meta property=\"og:image:width\" content=\"1706\" \/>\n\t<meta property=\"og:image:height\" content=\"2560\" \/>\n\t<meta property=\"og:image:type\" content=\"image\/jpeg\" \/>\n<meta name=\"twitter:card\" content=\"summary_large_image\" \/>\n<meta name=\"twitter:label1\" content=\"Dost\u0119pno\u015b\u0107\" \/>\n\t<meta name=\"twitter:data1\" content=\"Dost\u0119pny\" \/>\n<script type=\"application\/ld+json\" class=\"yoast-schema-graph\">{\"@context\":\"https:\/\/schema.org\",\"@graph\":[{\"@type\":\"WebPage\",\"@id\":\"https:\/\/www.yoschimoto.com\/polish-fashion-designer\/pl\/produkt\/sukienka-maiko-black-and-white\/\",\"url\":\"https:\/\/www.yoschimoto.com\/polish-fashion-designer\/pl\/produkt\/sukienka-maiko-black-and-white\/\",\"name\":\"sukienka MAIKO Black and White - YOSCHIMOTO | High Fashion Store\",\"isPartOf\":{\"@id\":\"https:\/\/www.yoschimoto.com\/polish-fashion-designer\/pl\/#website\"},\"primaryImageOfPage\":{\"@id\":\"https:\/\/www.yoschimoto.com\/polish-fashion-designer\/pl\/produkt\/sukienka-maiko-black-and-white\/#primaryimage\"},\"image\":{\"@id\":\"https:\/\/www.yoschimoto.com\/polish-fashion-designer\/pl\/produkt\/sukienka-maiko-black-and-white\/#primaryimage\"},\"thumbnailUrl\":\"https:\/\/www.yoschimoto.com\/polish-fashion-designer\/wp-content\/uploads\/2024\/10\/MAIKO-Black-and-white-4-scaled.jpg\",\"datePublished\":\"2024-10-05T14:59:21+00:00\",\"dateModified\":\"2026-03-16T13:42:53+00:00\",\"description\":\"Odkryj czarno-bia\u0142\u0105 sukienk\u0119 MAIKO o oversize'owym kroju z wyj\u0105tkowej wiskozy o subtelnym krystalicznym po\u0142ysku. Ulepszona nylonem dla elastyczno\u015bci i stylu, zawiera uniwersalny pasek i eleganckie elementy wzornictwa. Dost\u0119pna w rozmiarach REGULAR i PETITE, aby idealnie dopasowa\u0107 si\u0119 do Ciebie.\",\"breadcrumb\":{\"@id\":\"https:\/\/www.yoschimoto.com\/polish-fashion-designer\/pl\/produkt\/sukienka-maiko-black-and-white\/#breadcrumb\"},\"inLanguage\":\"pl-PL\",\"potentialAction\":[{\"@type\":\"ReadAction\",\"target\":[\"https:\/\/www.yoschimoto.com\/polish-fashion-designer\/pl\/produkt\/sukienka-maiko-black-and-white\/\"]}]},{\"@type\":\"ImageObject\",\"inLanguage\":\"pl-PL\",\"@id\":\"https:\/\/www.yoschimoto.com\/polish-fashion-designer\/pl\/produkt\/sukienka-maiko-black-and-white\/#primaryimage\",\"url\":\"https:\/\/www.yoschimoto.com\/polish-fashion-designer\/wp-content\/uploads\/2024\/10\/MAIKO-Black-and-white-4-scaled.jpg\",\"contentUrl\":\"https:\/\/www.yoschimoto.com\/polish-fashion-designer\/wp-content\/uploads\/2024\/10\/MAIKO-Black-and-white-4-scaled.jpg\",\"width\":1706,\"height\":2560},{\"@type\":\"BreadcrumbList\",\"@id\":\"https:\/\/www.yoschimoto.com\/polish-fashion-designer\/pl\/produkt\/sukienka-maiko-black-and-white\/#breadcrumb\",\"itemListElement\":[{\"@type\":\"ListItem\",\"position\":1,\"name\":\"Home\",\"item\":\"https:\/\/www.yoschimoto.com\/polish-fashion-designer\/pl\/polska-projektantka-mody-od-kimona-po-wieceja\/\"},{\"@type\":\"ListItem\",\"position\":2,\"name\":\"Sklep\",\"item\":\"https:\/\/www.yoschimoto.com\/polish-fashion-designer\/pl\/sklep\/\"},{\"@type\":\"ListItem\",\"position\":3,\"name\":\"sukienka MAIKO Black and White\"}]},{\"@type\":\"WebSite\",\"@id\":\"https:\/\/www.yoschimoto.com\/polish-fashion-designer\/pl\/#website\",\"url\":\"https:\/\/www.yoschimoto.com\/polish-fashion-designer\/pl\/\",\"name\":\"YOSCHIMOTO | High Fashion Store\",\"description\":\"Polish Fashion Designer\",\"publisher\":{\"@id\":\"https:\/\/www.yoschimoto.com\/polish-fashion-designer\/pl\/#organization\"},\"potentialAction\":[{\"@type\":\"SearchAction\",\"target\":{\"@type\":\"EntryPoint\",\"urlTemplate\":\"https:\/\/www.yoschimoto.com\/polish-fashion-designer\/pl\/?s={search_term_string}\"},\"query-input\":{\"@type\":\"PropertyValueSpecification\",\"valueRequired\":true,\"valueName\":\"search_term_string\"}}],\"inLanguage\":\"pl-PL\"},{\"@type\":\"Organization\",\"@id\":\"https:\/\/www.yoschimoto.com\/polish-fashion-designer\/pl\/#organization\",\"name\":\"YOSCHIMOTO | High Fashion Store\",\"url\":\"https:\/\/www.yoschimoto.com\/polish-fashion-designer\/pl\/\",\"logo\":{\"@type\":\"ImageObject\",\"inLanguage\":\"pl-PL\",\"@id\":\"https:\/\/www.yoschimoto.com\/polish-fashion-designer\/pl\/#\/schema\/logo\/image\/\",\"url\":\"https:\/\/www.yoschimoto.com\/polish-fashion-designer\/wp-content\/uploads\/2025\/03\/YOSCHIMOTO-high-fashion-clothing-store.svg\",\"contentUrl\":\"https:\/\/www.yoschimoto.com\/polish-fashion-designer\/wp-content\/uploads\/2025\/03\/YOSCHIMOTO-high-fashion-clothing-store.svg\",\"width\":350,\"height\":100,\"caption\":\"YOSCHIMOTO | High Fashion Store\"},\"image\":{\"@id\":\"https:\/\/www.yoschimoto.com\/polish-fashion-designer\/pl\/#\/schema\/logo\/image\/\"}}]}<\/script>\n<meta property=\"og:availability\" content=\"instock\" \/>\n<meta property=\"product:availability\" content=\"instock\" \/>\n<meta property=\"product:condition\" content=\"new\" \/>\n<!-- \/ Yoast SEO plugin. -->","yoast_head_json":{"title":"sukienka MAIKO Black and White - YOSCHIMOTO | High Fashion Store","description":"Odkryj czarno-bia\u0142\u0105 sukienk\u0119 MAIKO o oversize'owym kroju z wyj\u0105tkowej wiskozy o subtelnym krystalicznym po\u0142ysku. Ulepszona nylonem dla elastyczno\u015bci i stylu, zawiera uniwersalny pasek i eleganckie elementy wzornictwa. Dost\u0119pna w rozmiarach REGULAR i PETITE, aby idealnie dopasowa\u0107 si\u0119 do Ciebie.","robots":{"index":"index","follow":"follow","max-snippet":"max-snippet:-1","max-image-preview":"max-image-preview:large","max-video-preview":"max-video-preview:-1"},"canonical":"https:\/\/www.yoschimoto.com\/polish-fashion-designer\/pl\/produkt\/sukienka-maiko-black-and-white\/","og_locale":"pl_PL","og_type":"article","og_title":"sukienka MAIKO Black and White - YOSCHIMOTO | High Fashion Store","og_description":"Odkryj czarno-bia\u0142\u0105 sukienk\u0119 MAIKO o oversize'owym kroju z wyj\u0105tkowej wiskozy o subtelnym krystalicznym po\u0142ysku. Ulepszona nylonem dla elastyczno\u015bci i stylu, zawiera uniwersalny pasek i eleganckie elementy wzornictwa. Dost\u0119pna w rozmiarach REGULAR i PETITE, aby idealnie dopasowa\u0107 si\u0119 do Ciebie.","og_url":"https:\/\/www.yoschimoto.com\/polish-fashion-designer\/pl\/produkt\/sukienka-maiko-black-and-white\/","og_site_name":"YOSCHIMOTO | High Fashion Store","article_modified_time":"2026-03-16T13:42:53+00:00","og_image":[{"width":1706,"height":2560,"url":"https:\/\/www.yoschimoto.com\/polish-fashion-designer\/wp-content\/uploads\/2024\/10\/MAIKO-Black-and-white-4-scaled.jpg","type":"image\/jpeg"}],"twitter_card":"summary_large_image","twitter_misc":{"Dost\u0119pno\u015b\u0107":"Dost\u0119pny"},"schema":{"@context":"https:\/\/schema.org","@graph":[{"@type":"WebPage","@id":"https:\/\/www.yoschimoto.com\/polish-fashion-designer\/pl\/produkt\/sukienka-maiko-black-and-white\/","url":"https:\/\/www.yoschimoto.com\/polish-fashion-designer\/pl\/produkt\/sukienka-maiko-black-and-white\/","name":"sukienka MAIKO Black and White - YOSCHIMOTO | High Fashion Store","isPartOf":{"@id":"https:\/\/www.yoschimoto.com\/polish-fashion-designer\/pl\/#website"},"primaryImageOfPage":{"@id":"https:\/\/www.yoschimoto.com\/polish-fashion-designer\/pl\/produkt\/sukienka-maiko-black-and-white\/#primaryimage"},"image":{"@id":"https:\/\/www.yoschimoto.com\/polish-fashion-designer\/pl\/produkt\/sukienka-maiko-black-and-white\/#primaryimage"},"thumbnailUrl":"https:\/\/www.yoschimoto.com\/polish-fashion-designer\/wp-content\/uploads\/2024\/10\/MAIKO-Black-and-white-4-scaled.jpg","datePublished":"2024-10-05T14:59:21+00:00","dateModified":"2026-03-16T13:42:53+00:00","description":"Odkryj czarno-bia\u0142\u0105 sukienk\u0119 MAIKO o oversize'owym kroju z wyj\u0105tkowej wiskozy o subtelnym krystalicznym po\u0142ysku. Ulepszona nylonem dla elastyczno\u015bci i stylu, zawiera uniwersalny pasek i eleganckie elementy wzornictwa. Dost\u0119pna w rozmiarach REGULAR i PETITE, aby idealnie dopasowa\u0107 si\u0119 do Ciebie.","breadcrumb":{"@id":"https:\/\/www.yoschimoto.com\/polish-fashion-designer\/pl\/produkt\/sukienka-maiko-black-and-white\/#breadcrumb"},"inLanguage":"pl-PL","potentialAction":[{"@type":"ReadAction","target":["https:\/\/www.yoschimoto.com\/polish-fashion-designer\/pl\/produkt\/sukienka-maiko-black-and-white\/"]}]},{"@type":"ImageObject","inLanguage":"pl-PL","@id":"https:\/\/www.yoschimoto.com\/polish-fashion-designer\/pl\/produkt\/sukienka-maiko-black-and-white\/#primaryimage","url":"https:\/\/www.yoschimoto.com\/polish-fashion-designer\/wp-content\/uploads\/2024\/10\/MAIKO-Black-and-white-4-scaled.jpg","contentUrl":"https:\/\/www.yoschimoto.com\/polish-fashion-designer\/wp-content\/uploads\/2024\/10\/MAIKO-Black-and-white-4-scaled.jpg","width":1706,"height":2560},{"@type":"BreadcrumbList","@id":"https:\/\/www.yoschimoto.com\/polish-fashion-designer\/pl\/produkt\/sukienka-maiko-black-and-white\/#breadcrumb","itemListElement":[{"@type":"ListItem","position":1,"name":"Home","item":"https:\/\/www.yoschimoto.com\/polish-fashion-designer\/pl\/polska-projektantka-mody-od-kimona-po-wieceja\/"},{"@type":"ListItem","position":2,"name":"Sklep","item":"https:\/\/www.yoschimoto.com\/polish-fashion-designer\/pl\/sklep\/"},{"@type":"ListItem","position":3,"name":"sukienka MAIKO Black and White"}]},{"@type":"WebSite","@id":"https:\/\/www.yoschimoto.com\/polish-fashion-designer\/pl\/#website","url":"https:\/\/www.yoschimoto.com\/polish-fashion-designer\/pl\/","name":"YOSCHIMOTO | High Fashion Store","description":"Polish Fashion Designer","publisher":{"@id":"https:\/\/www.yoschimoto.com\/polish-fashion-designer\/pl\/#organization"},"potentialAction":[{"@type":"SearchAction","target":{"@type":"EntryPoint","urlTemplate":"https:\/\/www.yoschimoto.com\/polish-fashion-designer\/pl\/?s={search_term_string}"},"query-input":{"@type":"PropertyValueSpecification","valueRequired":true,"valueName":"search_term_string"}}],"inLanguage":"pl-PL"},{"@type":"Organization","@id":"https:\/\/www.yoschimoto.com\/polish-fashion-designer\/pl\/#organization","name":"YOSCHIMOTO | High Fashion Store","url":"https:\/\/www.yoschimoto.com\/polish-fashion-designer\/pl\/","logo":{"@type":"ImageObject","inLanguage":"pl-PL","@id":"https:\/\/www.yoschimoto.com\/polish-fashion-designer\/pl\/#\/schema\/logo\/image\/","url":"https:\/\/www.yoschimoto.com\/polish-fashion-designer\/wp-content\/uploads\/2025\/03\/YOSCHIMOTO-high-fashion-clothing-store.svg","contentUrl":"https:\/\/www.yoschimoto.com\/polish-fashion-designer\/wp-content\/uploads\/2025\/03\/YOSCHIMOTO-high-fashion-clothing-store.svg","width":350,"height":100,"caption":"YOSCHIMOTO | High Fashion Store"},"image":{"@id":"https:\/\/www.yoschimoto.com\/polish-fashion-designer\/pl\/#\/schema\/logo\/image\/"}}]},"og_availability":"instock","product_availability":"instock","product_condition":"new"},"_links":{"self":[{"href":"https:\/\/www.yoschimoto.com\/polish-fashion-designer\/pl\/wp-json\/wp\/v2\/product\/992395","targetHints":{"allow":["GET"]}}],"collection":[{"href":"https:\/\/www.yoschimoto.com\/polish-fashion-designer\/pl\/wp-json\/wp\/v2\/product"}],"about":[{"href":"https:\/\/www.yoschimoto.com\/polish-fashion-designer\/pl\/wp-json\/wp\/v2\/types\/product"}],"wp:featuredmedia":[{"embeddable":true,"href":"https:\/\/www.yoschimoto.com\/polish-fashion-designer\/pl\/wp-json\/wp\/v2\/media\/990496"}],"wp:attachment":[{"href":"https:\/\/www.yoschimoto.com\/polish-fashion-designer\/pl\/wp-json\/wp\/v2\/media?parent=992395"}],"wp:term":[{"taxonomy":"product_brand","embeddable":true,"href":"https:\/\/www.yoschimoto.com\/polish-fashion-designer\/pl\/wp-json\/wp\/v2\/product_brand?post=992395"},{"taxonomy":"product_cat","embeddable":true,"href":"https:\/\/www.yoschimoto.com\/polish-fashion-designer\/pl\/wp-json\/wp\/v2\/product_cat?post=992395"},{"taxonomy":"product_tag","embeddable":true,"href":"https:\/\/www.yoschimoto.com\/polish-fashion-designer\/pl\/wp-json\/wp\/v2\/product_tag?post=992395"}],"curies":[{"name":"wp","href":"https:\/\/api.w.org\/{rel}","templated":true}]}}