{"id":992391,"date":"2024-10-05T16:46:26","date_gmt":"2024-10-05T14:46:26","guid":{"rendered":"https:\/\/www.yoschimoto.com\/polish-fashion-designer\/product\/kimonowa-koszula-eri-nero\/"},"modified":"2024-10-05T16:46:26","modified_gmt":"2024-10-05T14:46:26","slug":"kimonowa-koszula-eri-nero","status":"publish","type":"product","link":"https:\/\/www.yoschimoto.com\/polish-fashion-designer\/pl\/produkt\/kimonowa-koszula-eri-nero\/","title":{"rendered":"kimonowa koszula ERI Nero"},"content":{"rendered":"<div class=\"vgblk-rw-wrapper limit-wrapper\">\n<p class=\"Normalny tm5\">kimonowa bluzka ERI Nero<\/p>\n<p class=\"Normalny tm5\">\n<p class=\"Normalny tm5\">Odkryj bestsellerow\u0105 Bluzk\u0119 Kimono Eri w klasycznej czerni!<\/p>\n<p class=\"Normalny tm5\">Ta bluzka charakteryzuje si\u0119 lu\u017anym, lekko inspirowanym kimonem krojem z kopertowym przodem, zapewniaj\u0105cym wszechstronno\u015b\u0107 noszenia.<\/p>\n<p class=\"Normalny tm5\">Wyrafinowany Design: Inspirowana tradycyjnym kimonem, ta bluzka rozwi\u0105zuje ograniczenia klasycznego stylu, szczeg\u00f3lnie dla pe\u0142niejszych biust\u00f3w. Uko\u015bne zapi\u0119cie tworzy subtelny, drapowany dekolt, kt\u00f3rego g\u0142\u0119boko\u015b\u0107 mo\u017cna regulowa\u0107, oferuj\u0105c zar\u00f3wno styl, jak i wygod\u0119.<br \/>\nWszechstronny Styl: Bez \u017cadnych zapi\u0119\u0107, t\u0119 bluzk\u0119 mo\u017cna z \u0142atwo\u015bci\u0105 wsun\u0105\u0107 w spodnie lub sp\u00f3dnic\u0119, albo zawi\u0105za\u0107 z przodu w w\u0119ze\u0142, tworz\u0105c modn\u0105 g\u00f3r\u0119.<br \/>\nLuksusowa Tkanina: Wersja Nero wykonana jest z wysokiej jako\u015bci wiskozy satynowej w kolorze czarnym z matowym wyko\u0144czeniem, co nadaje jej subtelnej elegancji.<br \/>\nDost\u0119pne Rozmiary: Oferowana zar\u00f3wno w rozmiarach STANDARD, jak i PETITE, przy czym wersja PETITE jest w\u0119\u017csza i ma kr\u00f3tsze r\u0119kawy. <\/p>\n<\/div>\n<p><!-- .vgblk-rw-wrapper --><\/p>\n","protected":false},"excerpt":{"rendered":"<p class=\"Normalny tm5\">Wymiary:<\/p>\n<p class=\"Normalny tm5\">\n<p class=\"Normalny tm5\">REGULAR<\/p>\n<p class=\"Normalny tm5\">szeroko\u015b\u0107: 59 cm<\/p>\n<p class=\"Normalny tm5\">d\u0142ugo\u015b\u0107: 61 cm<\/p>\n<p class=\"Normalny tm5\">r\u0119kaw mierzony od szyi: 75 cm<\/p>\n<p class=\"Normalny tm5\">\n<p class=\"Normalny tm5\">PETITE<\/p>\n<p class=\"Normalny tm5\">szeroko\u015b\u0107: 46 cm<\/p>\n<p class=\"Normalny tm5\">d\u0142ugo\u015b\u0107: 60 cm<\/p>\n<p class=\"Normalny tm5\">r\u0119kaw mierzony od szyi: 67 cm<\/p>\n<p class=\"Normalny tm5\">\n<p class=\"Normalny tm5\">Sk\u0142ad:<br \/>\n&#8211; 100% wiskoza<\/p>\n<p class=\"Normalny tm5\">\n<p class=\"Normalny tm5\">Modelka nosi rozmiar M\/38 (173 cm wzrostu) i ma na sobie rozmiar REGULAR<\/p>\n<p class=\"Normalny tm5\">\n<p class=\"Normalny tm5\">Uzupe\u0142nij swoj\u0105 garderob\u0119 o bluzk\u0119 kimono Eri, idealn\u0105 na ka\u017cd\u0105 okazj\u0119 dzi\u0119ki ponadczasowej elegancji.<\/p>\n","protected":false},"featured_media":990470,"template":"","meta":{"om_disable_all_campaigns":false,"inline_featured_image":false,"_mi_skip_tracking":false,"_monsterinsights_sitenote_active":false,"_monsterinsights_sitenote_note":"","_monsterinsights_sitenote_category":0,"_uf_show_specific_survey":0,"_uf_disable_surveys":false},"product_brand":[],"product_cat":[418,430,417,412],"product_tag":[445,446,420,419,423],"class_list":{"0":"post-992391","1":"product","2":"type-product","3":"status-publish","4":"has-post-thumbnail","6":"product_cat-koszule-i-topy","7":"product_cat-koszule-i-topy-pl","8":"product_cat-koszule-kimonowe","9":"product_cat-ready-to-wear-pl","10":"product_tag-czarna-koszula","11":"product_tag-czarny-look","12":"product_tag-kimonowa-bluzka","13":"product_tag-koszula-casualowa","14":"product_tag-luzna-bluzka","16":"first","17":"instock","18":"taxable","19":"shipping-taxable","20":"purchasable","21":"product-type-variable","22":"has-default-attributes"},"yoast_head":"<!-- This site is optimized with the Yoast SEO plugin v24.5 - https:\/\/yoast.com\/wordpress\/plugins\/seo\/ -->\n<title>kimonowa koszula ERI Nero - YOSCHIMOTO | High Fashion Store<\/title>\n<meta name=\"description\" content=\"Odkryj bluzk\u0119 kimono ERI Nero w klasycznej czerni, o swobodnym, kopertowym kroju inspirowanym tradycyjnymi kimonami. Wykonana z wysokiej jako\u015bci, matowej satyny wiskozowej, oferuje wszechstronne mo\u017cliwo\u015bci stylizacji na ka\u017cd\u0105 okazj\u0119. Dost\u0119pna w rozmiarach STANDARD i PETITE. Idealna dla ponadczasowej elegancji!\" \/>\n<meta name=\"robots\" content=\"index, follow, max-snippet:-1, max-image-preview:large, max-video-preview:-1\" \/>\n<link rel=\"canonical\" href=\"https:\/\/www.yoschimoto.com\/polish-fashion-designer\/pl\/produkt\/kimonowa-koszula-eri-nero\/\" \/>\n<meta property=\"og:locale\" content=\"pl_PL\" \/>\n<meta property=\"og:type\" content=\"article\" \/>\n<meta property=\"og:title\" content=\"kimonowa koszula ERI Nero - YOSCHIMOTO | High Fashion Store\" \/>\n<meta property=\"og:description\" content=\"Odkryj bluzk\u0119 kimono ERI Nero w klasycznej czerni, o swobodnym, kopertowym kroju inspirowanym tradycyjnymi kimonami. Wykonana z wysokiej jako\u015bci, matowej satyny wiskozowej, oferuje wszechstronne mo\u017cliwo\u015bci stylizacji na ka\u017cd\u0105 okazj\u0119. Dost\u0119pna w rozmiarach STANDARD i PETITE. Idealna dla ponadczasowej elegancji!\" \/>\n<meta property=\"og:url\" content=\"https:\/\/www.yoschimoto.com\/polish-fashion-designer\/pl\/produkt\/kimonowa-koszula-eri-nero\/\" \/>\n<meta property=\"og:site_name\" content=\"YOSCHIMOTO | High Fashion Store\" \/>\n<meta property=\"og:image\" content=\"https:\/\/www.yoschimoto.com\/polish-fashion-designer\/wp-content\/uploads\/2024\/10\/ERI-Nero-3-scaled.jpg\" \/>\n\t<meta property=\"og:image:width\" content=\"1706\" \/>\n\t<meta property=\"og:image:height\" content=\"2560\" \/>\n\t<meta property=\"og:image:type\" content=\"image\/jpeg\" \/>\n<meta name=\"twitter:card\" content=\"summary_large_image\" \/>\n<meta name=\"twitter:label1\" content=\"Dost\u0119pno\u015b\u0107\" \/>\n\t<meta name=\"twitter:data1\" content=\"Dost\u0119pny\" \/>\n<script type=\"application\/ld+json\" class=\"yoast-schema-graph\">{\"@context\":\"https:\/\/schema.org\",\"@graph\":[{\"@type\":\"WebPage\",\"@id\":\"https:\/\/www.yoschimoto.com\/polish-fashion-designer\/pl\/produkt\/kimonowa-koszula-eri-nero\/\",\"url\":\"https:\/\/www.yoschimoto.com\/polish-fashion-designer\/pl\/produkt\/kimonowa-koszula-eri-nero\/\",\"name\":\"kimonowa koszula ERI Nero - YOSCHIMOTO | High Fashion Store\",\"isPartOf\":{\"@id\":\"https:\/\/www.yoschimoto.com\/polish-fashion-designer\/pl\/#website\"},\"primaryImageOfPage\":{\"@id\":\"https:\/\/www.yoschimoto.com\/polish-fashion-designer\/pl\/produkt\/kimonowa-koszula-eri-nero\/#primaryimage\"},\"image\":{\"@id\":\"https:\/\/www.yoschimoto.com\/polish-fashion-designer\/pl\/produkt\/kimonowa-koszula-eri-nero\/#primaryimage\"},\"thumbnailUrl\":\"https:\/\/www.yoschimoto.com\/polish-fashion-designer\/wp-content\/uploads\/2024\/10\/ERI-Nero-3-scaled.jpg\",\"datePublished\":\"2024-10-05T14:46:26+00:00\",\"description\":\"Odkryj bluzk\u0119 kimono ERI Nero w klasycznej czerni, o swobodnym, kopertowym kroju inspirowanym tradycyjnymi kimonami. Wykonana z wysokiej jako\u015bci, matowej satyny wiskozowej, oferuje wszechstronne mo\u017cliwo\u015bci stylizacji na ka\u017cd\u0105 okazj\u0119. Dost\u0119pna w rozmiarach STANDARD i PETITE. Idealna dla ponadczasowej elegancji!\",\"breadcrumb\":{\"@id\":\"https:\/\/www.yoschimoto.com\/polish-fashion-designer\/pl\/produkt\/kimonowa-koszula-eri-nero\/#breadcrumb\"},\"inLanguage\":\"pl-PL\",\"potentialAction\":[{\"@type\":\"ReadAction\",\"target\":[\"https:\/\/www.yoschimoto.com\/polish-fashion-designer\/pl\/produkt\/kimonowa-koszula-eri-nero\/\"]}]},{\"@type\":\"ImageObject\",\"inLanguage\":\"pl-PL\",\"@id\":\"https:\/\/www.yoschimoto.com\/polish-fashion-designer\/pl\/produkt\/kimonowa-koszula-eri-nero\/#primaryimage\",\"url\":\"https:\/\/www.yoschimoto.com\/polish-fashion-designer\/wp-content\/uploads\/2024\/10\/ERI-Nero-3-scaled.jpg\",\"contentUrl\":\"https:\/\/www.yoschimoto.com\/polish-fashion-designer\/wp-content\/uploads\/2024\/10\/ERI-Nero-3-scaled.jpg\",\"width\":1706,\"height\":2560},{\"@type\":\"BreadcrumbList\",\"@id\":\"https:\/\/www.yoschimoto.com\/polish-fashion-designer\/pl\/produkt\/kimonowa-koszula-eri-nero\/#breadcrumb\",\"itemListElement\":[{\"@type\":\"ListItem\",\"position\":1,\"name\":\"Home\",\"item\":\"https:\/\/www.yoschimoto.com\/polish-fashion-designer\/pl\/polska-projektantka-mody-od-kimona-po-wieceja\/\"},{\"@type\":\"ListItem\",\"position\":2,\"name\":\"Sklep\",\"item\":\"https:\/\/www.yoschimoto.com\/polish-fashion-designer\/pl\/sklep\/\"},{\"@type\":\"ListItem\",\"position\":3,\"name\":\"kimonowa koszula ERI Nero\"}]},{\"@type\":\"WebSite\",\"@id\":\"https:\/\/www.yoschimoto.com\/polish-fashion-designer\/pl\/#website\",\"url\":\"https:\/\/www.yoschimoto.com\/polish-fashion-designer\/pl\/\",\"name\":\"YOSCHIMOTO | High Fashion Store\",\"description\":\"Polish Fashion Designer\",\"publisher\":{\"@id\":\"https:\/\/www.yoschimoto.com\/polish-fashion-designer\/pl\/#organization\"},\"potentialAction\":[{\"@type\":\"SearchAction\",\"target\":{\"@type\":\"EntryPoint\",\"urlTemplate\":\"https:\/\/www.yoschimoto.com\/polish-fashion-designer\/pl\/?s={search_term_string}\"},\"query-input\":{\"@type\":\"PropertyValueSpecification\",\"valueRequired\":true,\"valueName\":\"search_term_string\"}}],\"inLanguage\":\"pl-PL\"},{\"@type\":\"Organization\",\"@id\":\"https:\/\/www.yoschimoto.com\/polish-fashion-designer\/pl\/#organization\",\"name\":\"YOSCHIMOTO | High Fashion Store\",\"url\":\"https:\/\/www.yoschimoto.com\/polish-fashion-designer\/pl\/\",\"logo\":{\"@type\":\"ImageObject\",\"inLanguage\":\"pl-PL\",\"@id\":\"https:\/\/www.yoschimoto.com\/polish-fashion-designer\/pl\/#\/schema\/logo\/image\/\",\"url\":\"https:\/\/www.yoschimoto.com\/polish-fashion-designer\/wp-content\/uploads\/2025\/03\/YOSCHIMOTO-high-fashion-clothing-store.svg\",\"contentUrl\":\"https:\/\/www.yoschimoto.com\/polish-fashion-designer\/wp-content\/uploads\/2025\/03\/YOSCHIMOTO-high-fashion-clothing-store.svg\",\"width\":350,\"height\":100,\"caption\":\"YOSCHIMOTO | High Fashion Store\"},\"image\":{\"@id\":\"https:\/\/www.yoschimoto.com\/polish-fashion-designer\/pl\/#\/schema\/logo\/image\/\"}}]}<\/script>\n<meta property=\"og:availability\" content=\"instock\" \/>\n<meta property=\"product:availability\" content=\"instock\" \/>\n<meta property=\"product:condition\" content=\"new\" \/>\n<!-- \/ Yoast SEO plugin. -->","yoast_head_json":{"title":"kimonowa koszula ERI Nero - YOSCHIMOTO | High Fashion Store","description":"Odkryj bluzk\u0119 kimono ERI Nero w klasycznej czerni, o swobodnym, kopertowym kroju inspirowanym tradycyjnymi kimonami. Wykonana z wysokiej jako\u015bci, matowej satyny wiskozowej, oferuje wszechstronne mo\u017cliwo\u015bci stylizacji na ka\u017cd\u0105 okazj\u0119. Dost\u0119pna w rozmiarach STANDARD i PETITE. Idealna dla ponadczasowej elegancji!","robots":{"index":"index","follow":"follow","max-snippet":"max-snippet:-1","max-image-preview":"max-image-preview:large","max-video-preview":"max-video-preview:-1"},"canonical":"https:\/\/www.yoschimoto.com\/polish-fashion-designer\/pl\/produkt\/kimonowa-koszula-eri-nero\/","og_locale":"pl_PL","og_type":"article","og_title":"kimonowa koszula ERI Nero - YOSCHIMOTO | High Fashion Store","og_description":"Odkryj bluzk\u0119 kimono ERI Nero w klasycznej czerni, o swobodnym, kopertowym kroju inspirowanym tradycyjnymi kimonami. Wykonana z wysokiej jako\u015bci, matowej satyny wiskozowej, oferuje wszechstronne mo\u017cliwo\u015bci stylizacji na ka\u017cd\u0105 okazj\u0119. Dost\u0119pna w rozmiarach STANDARD i PETITE. Idealna dla ponadczasowej elegancji!","og_url":"https:\/\/www.yoschimoto.com\/polish-fashion-designer\/pl\/produkt\/kimonowa-koszula-eri-nero\/","og_site_name":"YOSCHIMOTO | High Fashion Store","og_image":[{"width":1706,"height":2560,"url":"https:\/\/www.yoschimoto.com\/polish-fashion-designer\/wp-content\/uploads\/2024\/10\/ERI-Nero-3-scaled.jpg","type":"image\/jpeg"}],"twitter_card":"summary_large_image","twitter_misc":{"Dost\u0119pno\u015b\u0107":"Dost\u0119pny"},"schema":{"@context":"https:\/\/schema.org","@graph":[{"@type":"WebPage","@id":"https:\/\/www.yoschimoto.com\/polish-fashion-designer\/pl\/produkt\/kimonowa-koszula-eri-nero\/","url":"https:\/\/www.yoschimoto.com\/polish-fashion-designer\/pl\/produkt\/kimonowa-koszula-eri-nero\/","name":"kimonowa koszula ERI Nero - YOSCHIMOTO | High Fashion Store","isPartOf":{"@id":"https:\/\/www.yoschimoto.com\/polish-fashion-designer\/pl\/#website"},"primaryImageOfPage":{"@id":"https:\/\/www.yoschimoto.com\/polish-fashion-designer\/pl\/produkt\/kimonowa-koszula-eri-nero\/#primaryimage"},"image":{"@id":"https:\/\/www.yoschimoto.com\/polish-fashion-designer\/pl\/produkt\/kimonowa-koszula-eri-nero\/#primaryimage"},"thumbnailUrl":"https:\/\/www.yoschimoto.com\/polish-fashion-designer\/wp-content\/uploads\/2024\/10\/ERI-Nero-3-scaled.jpg","datePublished":"2024-10-05T14:46:26+00:00","description":"Odkryj bluzk\u0119 kimono ERI Nero w klasycznej czerni, o swobodnym, kopertowym kroju inspirowanym tradycyjnymi kimonami. Wykonana z wysokiej jako\u015bci, matowej satyny wiskozowej, oferuje wszechstronne mo\u017cliwo\u015bci stylizacji na ka\u017cd\u0105 okazj\u0119. Dost\u0119pna w rozmiarach STANDARD i PETITE. Idealna dla ponadczasowej elegancji!","breadcrumb":{"@id":"https:\/\/www.yoschimoto.com\/polish-fashion-designer\/pl\/produkt\/kimonowa-koszula-eri-nero\/#breadcrumb"},"inLanguage":"pl-PL","potentialAction":[{"@type":"ReadAction","target":["https:\/\/www.yoschimoto.com\/polish-fashion-designer\/pl\/produkt\/kimonowa-koszula-eri-nero\/"]}]},{"@type":"ImageObject","inLanguage":"pl-PL","@id":"https:\/\/www.yoschimoto.com\/polish-fashion-designer\/pl\/produkt\/kimonowa-koszula-eri-nero\/#primaryimage","url":"https:\/\/www.yoschimoto.com\/polish-fashion-designer\/wp-content\/uploads\/2024\/10\/ERI-Nero-3-scaled.jpg","contentUrl":"https:\/\/www.yoschimoto.com\/polish-fashion-designer\/wp-content\/uploads\/2024\/10\/ERI-Nero-3-scaled.jpg","width":1706,"height":2560},{"@type":"BreadcrumbList","@id":"https:\/\/www.yoschimoto.com\/polish-fashion-designer\/pl\/produkt\/kimonowa-koszula-eri-nero\/#breadcrumb","itemListElement":[{"@type":"ListItem","position":1,"name":"Home","item":"https:\/\/www.yoschimoto.com\/polish-fashion-designer\/pl\/polska-projektantka-mody-od-kimona-po-wieceja\/"},{"@type":"ListItem","position":2,"name":"Sklep","item":"https:\/\/www.yoschimoto.com\/polish-fashion-designer\/pl\/sklep\/"},{"@type":"ListItem","position":3,"name":"kimonowa koszula ERI Nero"}]},{"@type":"WebSite","@id":"https:\/\/www.yoschimoto.com\/polish-fashion-designer\/pl\/#website","url":"https:\/\/www.yoschimoto.com\/polish-fashion-designer\/pl\/","name":"YOSCHIMOTO | High Fashion Store","description":"Polish Fashion Designer","publisher":{"@id":"https:\/\/www.yoschimoto.com\/polish-fashion-designer\/pl\/#organization"},"potentialAction":[{"@type":"SearchAction","target":{"@type":"EntryPoint","urlTemplate":"https:\/\/www.yoschimoto.com\/polish-fashion-designer\/pl\/?s={search_term_string}"},"query-input":{"@type":"PropertyValueSpecification","valueRequired":true,"valueName":"search_term_string"}}],"inLanguage":"pl-PL"},{"@type":"Organization","@id":"https:\/\/www.yoschimoto.com\/polish-fashion-designer\/pl\/#organization","name":"YOSCHIMOTO | High Fashion Store","url":"https:\/\/www.yoschimoto.com\/polish-fashion-designer\/pl\/","logo":{"@type":"ImageObject","inLanguage":"pl-PL","@id":"https:\/\/www.yoschimoto.com\/polish-fashion-designer\/pl\/#\/schema\/logo\/image\/","url":"https:\/\/www.yoschimoto.com\/polish-fashion-designer\/wp-content\/uploads\/2025\/03\/YOSCHIMOTO-high-fashion-clothing-store.svg","contentUrl":"https:\/\/www.yoschimoto.com\/polish-fashion-designer\/wp-content\/uploads\/2025\/03\/YOSCHIMOTO-high-fashion-clothing-store.svg","width":350,"height":100,"caption":"YOSCHIMOTO | High Fashion Store"},"image":{"@id":"https:\/\/www.yoschimoto.com\/polish-fashion-designer\/pl\/#\/schema\/logo\/image\/"}}]},"og_availability":"instock","product_availability":"instock","product_condition":"new"},"_links":{"self":[{"href":"https:\/\/www.yoschimoto.com\/polish-fashion-designer\/pl\/wp-json\/wp\/v2\/product\/992391","targetHints":{"allow":["GET"]}}],"collection":[{"href":"https:\/\/www.yoschimoto.com\/polish-fashion-designer\/pl\/wp-json\/wp\/v2\/product"}],"about":[{"href":"https:\/\/www.yoschimoto.com\/polish-fashion-designer\/pl\/wp-json\/wp\/v2\/types\/product"}],"wp:featuredmedia":[{"embeddable":true,"href":"https:\/\/www.yoschimoto.com\/polish-fashion-designer\/pl\/wp-json\/wp\/v2\/media\/990470"}],"wp:attachment":[{"href":"https:\/\/www.yoschimoto.com\/polish-fashion-designer\/pl\/wp-json\/wp\/v2\/media?parent=992391"}],"wp:term":[{"taxonomy":"product_brand","embeddable":true,"href":"https:\/\/www.yoschimoto.com\/polish-fashion-designer\/pl\/wp-json\/wp\/v2\/product_brand?post=992391"},{"taxonomy":"product_cat","embeddable":true,"href":"https:\/\/www.yoschimoto.com\/polish-fashion-designer\/pl\/wp-json\/wp\/v2\/product_cat?post=992391"},{"taxonomy":"product_tag","embeddable":true,"href":"https:\/\/www.yoschimoto.com\/polish-fashion-designer\/pl\/wp-json\/wp\/v2\/product_tag?post=992391"}],"curies":[{"name":"wp","href":"https:\/\/api.w.org\/{rel}","templated":true}]}}