{"id":992365,"date":"2024-10-05T16:04:29","date_gmt":"2024-10-05T14:04:29","guid":{"rendered":"https:\/\/www.yoschimoto.com\/polish-fashion-designer\/product\/lniana-koszula-mai-denim-blue\/"},"modified":"2024-10-05T16:04:29","modified_gmt":"2024-10-05T14:04:29","slug":"lniana-koszula-mai-denim-blue","status":"publish","type":"product","link":"https:\/\/www.yoschimoto.com\/polish-fashion-designer\/pl\/produkt\/lniana-koszula-mai-denim-blue\/","title":{"rendered":"lniana koszula MAI Denim Blue"},"content":{"rendered":"<div class=\"vgblk-rw-wrapper limit-wrapper\">\n<p class=\"Normalny tm5\">lniana bluzka Mai Denim Blue<\/p>\n<p class=\"Normalny tm5\">\n<p class=\"Normalny tm5\">Odkryj lnian\u0105 bluzk\u0119 MAI Denim Blue z limitowanej edycji o lu\u017anym, oversizowym kroju.<\/p>\n<p class=\"Normalny tm5\">Wykonana z grubszego \u017cakardowego lnu o wyj\u0105tkowej i efektownej fakturze, ta bluzka zapewnia zar\u00f3wno elegancj\u0119, jak i wyrafinowanie.<\/p>\n<p class=\"Normalny tm5\">\n<p class=\"Normalny tm5\">Najwy\u017cszej jako\u015bci materia\u0142: Spr\u0119\u017cysty len pi\u0119knie si\u0119 uk\u0142ada, podkre\u015blaj\u0105c atuty bluzki, a wz\u00f3r tkaniny dodaje jej subtelnego blasku. Stylowe detale: Charakterystyczny \u201erozci\u0119ty\u201d dekolt i obszerne r\u0119kawy z eleganckimi mankietami zapewniaj\u0105 elegancki wygl\u0105d.<\/p>\n<p class=\"Normalny tm5\">\nUniwersalne mankiety: R\u0119kawy maj\u0105 elastyczne mankiety, kt\u00f3re mog\u0105 naturalnie uk\u0142ada\u0107 si\u0119 na nadgarstkach lub by\u0107 lekko podci\u0105gni\u0119te na przedramiona w celu indywidualnego dopasowania.<br \/>\nWyd\u0142u\u017cone r\u0119kawy: D\u0142u\u017csze r\u0119kawy s\u0105 zaprojektowane tak, aby przylega\u0142y do nadgarstk\u00f3w, tworz\u0105c efekt \u201epuffy\u201d.<br \/>\nDopasowane rozmiary: Dost\u0119pne w rozmiarach REGULAR i PETITE, z wersj\u0105 petite dostosowan\u0105 do mniejszych ram (wzrost 160-165 cm).<\/p>\n<p class=\"Normalny\">\n<\/div>\n<p><!-- .vgblk-rw-wrapper --><\/p>\n","protected":false},"excerpt":{"rendered":"<p class=\"Normalny tm5\">Wymiary:<\/p>\n<p class=\"Normalny tm5\">\n<p class=\"Normalny tm5\">PETITE<\/p>\n<p class=\"Normalny tm5\">szeroko\u015b\u0107: 52 cm<\/p>\n<p class=\"Normalny tm5\">d\u0142ugo\u015b\u0107: 60 cm<\/p>\n<p class=\"Normalny tm5\">r\u0119kawy (z mankietami): 65 cm<\/p>\n<p class=\"Normalny tm5\">\n<p class=\"Normalny tm5\">REGULAR<\/p>\n<p class=\"Normalny tm5\">szeroko\u015b\u0107: 61 cm<\/p>\n<p class=\"Normalny tm5\">d\u0142ugo\u015b\u0107: 61 cm<\/p>\n<p class=\"Normalny tm5\">r\u0119kawy (z mankietami): 75 cm<\/p>\n<p class=\"Normalny tm5\">\n<p class=\"Normalny tm5\">R\u0119kawy s\u0105 d\u0142u\u017csze k\u0142ad\u0105c si\u0119 nadgarstkach, co daje efekt \u201ebufki&#8221;<\/p>\n<p class=\"Normalny tm5\">\n<p class=\"Normalny tm5\">Sk\u0142ad:<br \/>\n&#8211; 100% len<\/p>\n<p class=\"Normalny tm5\">\n<p class=\"Normalny tm5\">\n<p class=\"Normalny tm5\">Wzboga\u0107 swoj\u0105 garderob\u0119 o lnian\u0105 bluzk\u0119 Mai Denim Blue, \u0142\u0105cz\u0105c\u0105 wygod\u0119 i elegancj\u0119 w pi\u0119knie wykonanym modelu idealnym na ka\u017cd\u0105 okazj\u0119!<\/p>\n","protected":false},"featured_media":990432,"template":"","meta":{"om_disable_all_campaigns":false,"inline_featured_image":false,"_mi_skip_tracking":false,"_monsterinsights_sitenote_active":false,"_monsterinsights_sitenote_note":"","_monsterinsights_sitenote_category":0,"_uf_show_specific_survey":0,"_uf_disable_surveys":false},"product_brand":[],"product_cat":[431,551,418,430,412,442],"product_tag":[444,435,437,436,439,443],"class_list":{"0":"post-992365","1":"product","2":"type-product","3":"status-publish","4":"has-post-thumbnail","6":"product_cat-koszule","7":"product_cat-koszule-i-topy-pl-2","8":"product_cat-koszule-i-topy","9":"product_cat-koszule-i-topy-pl","10":"product_cat-ready-to-wear-pl","11":"product_cat-wyprzedaz","12":"product_tag-jeansowy-niebieski","13":"product_tag-koszula-mai","14":"product_tag-koszula-na-co-dzien","15":"product_tag-koszula-oversize","16":"product_tag-lniana-koszula","17":"product_tag-niebieska-koszula","19":"first","20":"instock","21":"sale","22":"taxable","23":"shipping-taxable","24":"purchasable","25":"product-type-variable","26":"has-default-attributes"},"yoast_head":"<!-- This site is optimized with the Yoast SEO plugin v24.5 - https:\/\/yoast.com\/wordpress\/plugins\/seo\/ -->\n<title>lniana koszula MAI Denim Blue - YOSCHIMOTO | High Fashion Store<\/title>\n<meta name=\"description\" content=\"Odkryj MAI Denim Blue Oversize lnian\u0105 koszul\u0119, wykonan\u0105 w 100% z \u017cakardowego lnu z rozci\u0119tym dekoltem i obszernymi r\u0119kawami. Stylowa, oddychaj\u0105ca i uniwersalna koszula \u0142\u0105czy ponadczasowy styl z nowoczesn\u0105 wygod\u0105.\" \/>\n<meta name=\"robots\" content=\"index, follow, max-snippet:-1, max-image-preview:large, max-video-preview:-1\" \/>\n<link rel=\"canonical\" href=\"https:\/\/www.yoschimoto.com\/polish-fashion-designer\/pl\/produkt\/lniana-koszula-mai-denim-blue\/\" \/>\n<meta property=\"og:locale\" content=\"pl_PL\" \/>\n<meta property=\"og:type\" content=\"article\" \/>\n<meta property=\"og:title\" content=\"lniana koszula MAI Denim Blue - YOSCHIMOTO | High Fashion Store\" \/>\n<meta property=\"og:description\" content=\"Odkryj MAI Denim Blue Oversize lnian\u0105 koszul\u0119, wykonan\u0105 w 100% z \u017cakardowego lnu z rozci\u0119tym dekoltem i obszernymi r\u0119kawami. Stylowa, oddychaj\u0105ca i uniwersalna koszula \u0142\u0105czy ponadczasowy styl z nowoczesn\u0105 wygod\u0105.\" \/>\n<meta property=\"og:url\" content=\"https:\/\/www.yoschimoto.com\/polish-fashion-designer\/pl\/produkt\/lniana-koszula-mai-denim-blue\/\" \/>\n<meta property=\"og:site_name\" content=\"YOSCHIMOTO | High Fashion Store\" \/>\n<meta property=\"og:image\" content=\"https:\/\/www.yoschimoto.com\/polish-fashion-designer\/wp-content\/uploads\/2024\/10\/MAI-Denim-Blue-2-scaled.jpg\" \/>\n\t<meta property=\"og:image:width\" content=\"1706\" \/>\n\t<meta property=\"og:image:height\" content=\"2560\" \/>\n\t<meta property=\"og:image:type\" content=\"image\/jpeg\" \/>\n<meta name=\"twitter:card\" content=\"summary_large_image\" \/>\n<meta name=\"twitter:label1\" content=\"Dost\u0119pno\u015b\u0107\" \/>\n\t<meta name=\"twitter:data1\" content=\"Dost\u0119pny\" \/>\n<script type=\"application\/ld+json\" class=\"yoast-schema-graph\">{\"@context\":\"https:\/\/schema.org\",\"@graph\":[{\"@type\":\"WebPage\",\"@id\":\"https:\/\/www.yoschimoto.com\/polish-fashion-designer\/pl\/produkt\/lniana-koszula-mai-denim-blue\/\",\"url\":\"https:\/\/www.yoschimoto.com\/polish-fashion-designer\/pl\/produkt\/lniana-koszula-mai-denim-blue\/\",\"name\":\"lniana koszula MAI Denim Blue - YOSCHIMOTO | High Fashion Store\",\"isPartOf\":{\"@id\":\"https:\/\/www.yoschimoto.com\/polish-fashion-designer\/pl\/#website\"},\"primaryImageOfPage\":{\"@id\":\"https:\/\/www.yoschimoto.com\/polish-fashion-designer\/pl\/produkt\/lniana-koszula-mai-denim-blue\/#primaryimage\"},\"image\":{\"@id\":\"https:\/\/www.yoschimoto.com\/polish-fashion-designer\/pl\/produkt\/lniana-koszula-mai-denim-blue\/#primaryimage\"},\"thumbnailUrl\":\"https:\/\/www.yoschimoto.com\/polish-fashion-designer\/wp-content\/uploads\/2024\/10\/MAI-Denim-Blue-2-scaled.jpg\",\"datePublished\":\"2024-10-05T14:04:29+00:00\",\"description\":\"Odkryj MAI Denim Blue Oversize lnian\u0105 koszul\u0119, wykonan\u0105 w 100% z \u017cakardowego lnu z rozci\u0119tym dekoltem i obszernymi r\u0119kawami. Stylowa, oddychaj\u0105ca i uniwersalna koszula \u0142\u0105czy ponadczasowy styl z nowoczesn\u0105 wygod\u0105.\",\"breadcrumb\":{\"@id\":\"https:\/\/www.yoschimoto.com\/polish-fashion-designer\/pl\/produkt\/lniana-koszula-mai-denim-blue\/#breadcrumb\"},\"inLanguage\":\"pl-PL\",\"potentialAction\":[{\"@type\":\"ReadAction\",\"target\":[\"https:\/\/www.yoschimoto.com\/polish-fashion-designer\/pl\/produkt\/lniana-koszula-mai-denim-blue\/\"]}]},{\"@type\":\"ImageObject\",\"inLanguage\":\"pl-PL\",\"@id\":\"https:\/\/www.yoschimoto.com\/polish-fashion-designer\/pl\/produkt\/lniana-koszula-mai-denim-blue\/#primaryimage\",\"url\":\"https:\/\/www.yoschimoto.com\/polish-fashion-designer\/wp-content\/uploads\/2024\/10\/MAI-Denim-Blue-2-scaled.jpg\",\"contentUrl\":\"https:\/\/www.yoschimoto.com\/polish-fashion-designer\/wp-content\/uploads\/2024\/10\/MAI-Denim-Blue-2-scaled.jpg\",\"width\":1706,\"height\":2560},{\"@type\":\"BreadcrumbList\",\"@id\":\"https:\/\/www.yoschimoto.com\/polish-fashion-designer\/pl\/produkt\/lniana-koszula-mai-denim-blue\/#breadcrumb\",\"itemListElement\":[{\"@type\":\"ListItem\",\"position\":1,\"name\":\"Home\",\"item\":\"https:\/\/www.yoschimoto.com\/polish-fashion-designer\/pl\/polska-projektantka-mody-od-kimona-po-wieceja\/\"},{\"@type\":\"ListItem\",\"position\":2,\"name\":\"Sklep\",\"item\":\"https:\/\/www.yoschimoto.com\/polish-fashion-designer\/pl\/sklep\/\"},{\"@type\":\"ListItem\",\"position\":3,\"name\":\"lniana koszula MAI Denim Blue\"}]},{\"@type\":\"WebSite\",\"@id\":\"https:\/\/www.yoschimoto.com\/polish-fashion-designer\/pl\/#website\",\"url\":\"https:\/\/www.yoschimoto.com\/polish-fashion-designer\/pl\/\",\"name\":\"YOSCHIMOTO | High Fashion Store\",\"description\":\"Polish Fashion Designer\",\"publisher\":{\"@id\":\"https:\/\/www.yoschimoto.com\/polish-fashion-designer\/pl\/#organization\"},\"potentialAction\":[{\"@type\":\"SearchAction\",\"target\":{\"@type\":\"EntryPoint\",\"urlTemplate\":\"https:\/\/www.yoschimoto.com\/polish-fashion-designer\/pl\/?s={search_term_string}\"},\"query-input\":{\"@type\":\"PropertyValueSpecification\",\"valueRequired\":true,\"valueName\":\"search_term_string\"}}],\"inLanguage\":\"pl-PL\"},{\"@type\":\"Organization\",\"@id\":\"https:\/\/www.yoschimoto.com\/polish-fashion-designer\/pl\/#organization\",\"name\":\"YOSCHIMOTO | High Fashion Store\",\"url\":\"https:\/\/www.yoschimoto.com\/polish-fashion-designer\/pl\/\",\"logo\":{\"@type\":\"ImageObject\",\"inLanguage\":\"pl-PL\",\"@id\":\"https:\/\/www.yoschimoto.com\/polish-fashion-designer\/pl\/#\/schema\/logo\/image\/\",\"url\":\"https:\/\/www.yoschimoto.com\/polish-fashion-designer\/wp-content\/uploads\/2025\/03\/YOSCHIMOTO-high-fashion-clothing-store.svg\",\"contentUrl\":\"https:\/\/www.yoschimoto.com\/polish-fashion-designer\/wp-content\/uploads\/2025\/03\/YOSCHIMOTO-high-fashion-clothing-store.svg\",\"width\":350,\"height\":100,\"caption\":\"YOSCHIMOTO | High Fashion Store\"},\"image\":{\"@id\":\"https:\/\/www.yoschimoto.com\/polish-fashion-designer\/pl\/#\/schema\/logo\/image\/\"}}]}<\/script>\n<meta property=\"og:availability\" content=\"instock\" \/>\n<meta property=\"product:availability\" content=\"instock\" \/>\n<meta property=\"product:condition\" content=\"new\" \/>\n<!-- \/ Yoast SEO plugin. -->","yoast_head_json":{"title":"lniana koszula MAI Denim Blue - YOSCHIMOTO | High Fashion Store","description":"Odkryj MAI Denim Blue Oversize lnian\u0105 koszul\u0119, wykonan\u0105 w 100% z \u017cakardowego lnu z rozci\u0119tym dekoltem i obszernymi r\u0119kawami. Stylowa, oddychaj\u0105ca i uniwersalna koszula \u0142\u0105czy ponadczasowy styl z nowoczesn\u0105 wygod\u0105.","robots":{"index":"index","follow":"follow","max-snippet":"max-snippet:-1","max-image-preview":"max-image-preview:large","max-video-preview":"max-video-preview:-1"},"canonical":"https:\/\/www.yoschimoto.com\/polish-fashion-designer\/pl\/produkt\/lniana-koszula-mai-denim-blue\/","og_locale":"pl_PL","og_type":"article","og_title":"lniana koszula MAI Denim Blue - YOSCHIMOTO | High Fashion Store","og_description":"Odkryj MAI Denim Blue Oversize lnian\u0105 koszul\u0119, wykonan\u0105 w 100% z \u017cakardowego lnu z rozci\u0119tym dekoltem i obszernymi r\u0119kawami. Stylowa, oddychaj\u0105ca i uniwersalna koszula \u0142\u0105czy ponadczasowy styl z nowoczesn\u0105 wygod\u0105.","og_url":"https:\/\/www.yoschimoto.com\/polish-fashion-designer\/pl\/produkt\/lniana-koszula-mai-denim-blue\/","og_site_name":"YOSCHIMOTO | High Fashion Store","og_image":[{"width":1706,"height":2560,"url":"https:\/\/www.yoschimoto.com\/polish-fashion-designer\/wp-content\/uploads\/2024\/10\/MAI-Denim-Blue-2-scaled.jpg","type":"image\/jpeg"}],"twitter_card":"summary_large_image","twitter_misc":{"Dost\u0119pno\u015b\u0107":"Dost\u0119pny"},"schema":{"@context":"https:\/\/schema.org","@graph":[{"@type":"WebPage","@id":"https:\/\/www.yoschimoto.com\/polish-fashion-designer\/pl\/produkt\/lniana-koszula-mai-denim-blue\/","url":"https:\/\/www.yoschimoto.com\/polish-fashion-designer\/pl\/produkt\/lniana-koszula-mai-denim-blue\/","name":"lniana koszula MAI Denim Blue - YOSCHIMOTO | High Fashion Store","isPartOf":{"@id":"https:\/\/www.yoschimoto.com\/polish-fashion-designer\/pl\/#website"},"primaryImageOfPage":{"@id":"https:\/\/www.yoschimoto.com\/polish-fashion-designer\/pl\/produkt\/lniana-koszula-mai-denim-blue\/#primaryimage"},"image":{"@id":"https:\/\/www.yoschimoto.com\/polish-fashion-designer\/pl\/produkt\/lniana-koszula-mai-denim-blue\/#primaryimage"},"thumbnailUrl":"https:\/\/www.yoschimoto.com\/polish-fashion-designer\/wp-content\/uploads\/2024\/10\/MAI-Denim-Blue-2-scaled.jpg","datePublished":"2024-10-05T14:04:29+00:00","description":"Odkryj MAI Denim Blue Oversize lnian\u0105 koszul\u0119, wykonan\u0105 w 100% z \u017cakardowego lnu z rozci\u0119tym dekoltem i obszernymi r\u0119kawami. Stylowa, oddychaj\u0105ca i uniwersalna koszula \u0142\u0105czy ponadczasowy styl z nowoczesn\u0105 wygod\u0105.","breadcrumb":{"@id":"https:\/\/www.yoschimoto.com\/polish-fashion-designer\/pl\/produkt\/lniana-koszula-mai-denim-blue\/#breadcrumb"},"inLanguage":"pl-PL","potentialAction":[{"@type":"ReadAction","target":["https:\/\/www.yoschimoto.com\/polish-fashion-designer\/pl\/produkt\/lniana-koszula-mai-denim-blue\/"]}]},{"@type":"ImageObject","inLanguage":"pl-PL","@id":"https:\/\/www.yoschimoto.com\/polish-fashion-designer\/pl\/produkt\/lniana-koszula-mai-denim-blue\/#primaryimage","url":"https:\/\/www.yoschimoto.com\/polish-fashion-designer\/wp-content\/uploads\/2024\/10\/MAI-Denim-Blue-2-scaled.jpg","contentUrl":"https:\/\/www.yoschimoto.com\/polish-fashion-designer\/wp-content\/uploads\/2024\/10\/MAI-Denim-Blue-2-scaled.jpg","width":1706,"height":2560},{"@type":"BreadcrumbList","@id":"https:\/\/www.yoschimoto.com\/polish-fashion-designer\/pl\/produkt\/lniana-koszula-mai-denim-blue\/#breadcrumb","itemListElement":[{"@type":"ListItem","position":1,"name":"Home","item":"https:\/\/www.yoschimoto.com\/polish-fashion-designer\/pl\/polska-projektantka-mody-od-kimona-po-wieceja\/"},{"@type":"ListItem","position":2,"name":"Sklep","item":"https:\/\/www.yoschimoto.com\/polish-fashion-designer\/pl\/sklep\/"},{"@type":"ListItem","position":3,"name":"lniana koszula MAI Denim Blue"}]},{"@type":"WebSite","@id":"https:\/\/www.yoschimoto.com\/polish-fashion-designer\/pl\/#website","url":"https:\/\/www.yoschimoto.com\/polish-fashion-designer\/pl\/","name":"YOSCHIMOTO | High Fashion Store","description":"Polish Fashion Designer","publisher":{"@id":"https:\/\/www.yoschimoto.com\/polish-fashion-designer\/pl\/#organization"},"potentialAction":[{"@type":"SearchAction","target":{"@type":"EntryPoint","urlTemplate":"https:\/\/www.yoschimoto.com\/polish-fashion-designer\/pl\/?s={search_term_string}"},"query-input":{"@type":"PropertyValueSpecification","valueRequired":true,"valueName":"search_term_string"}}],"inLanguage":"pl-PL"},{"@type":"Organization","@id":"https:\/\/www.yoschimoto.com\/polish-fashion-designer\/pl\/#organization","name":"YOSCHIMOTO | High Fashion Store","url":"https:\/\/www.yoschimoto.com\/polish-fashion-designer\/pl\/","logo":{"@type":"ImageObject","inLanguage":"pl-PL","@id":"https:\/\/www.yoschimoto.com\/polish-fashion-designer\/pl\/#\/schema\/logo\/image\/","url":"https:\/\/www.yoschimoto.com\/polish-fashion-designer\/wp-content\/uploads\/2025\/03\/YOSCHIMOTO-high-fashion-clothing-store.svg","contentUrl":"https:\/\/www.yoschimoto.com\/polish-fashion-designer\/wp-content\/uploads\/2025\/03\/YOSCHIMOTO-high-fashion-clothing-store.svg","width":350,"height":100,"caption":"YOSCHIMOTO | High Fashion Store"},"image":{"@id":"https:\/\/www.yoschimoto.com\/polish-fashion-designer\/pl\/#\/schema\/logo\/image\/"}}]},"og_availability":"instock","product_availability":"instock","product_condition":"new"},"_links":{"self":[{"href":"https:\/\/www.yoschimoto.com\/polish-fashion-designer\/pl\/wp-json\/wp\/v2\/product\/992365","targetHints":{"allow":["GET"]}}],"collection":[{"href":"https:\/\/www.yoschimoto.com\/polish-fashion-designer\/pl\/wp-json\/wp\/v2\/product"}],"about":[{"href":"https:\/\/www.yoschimoto.com\/polish-fashion-designer\/pl\/wp-json\/wp\/v2\/types\/product"}],"wp:featuredmedia":[{"embeddable":true,"href":"https:\/\/www.yoschimoto.com\/polish-fashion-designer\/pl\/wp-json\/wp\/v2\/media\/990432"}],"wp:attachment":[{"href":"https:\/\/www.yoschimoto.com\/polish-fashion-designer\/pl\/wp-json\/wp\/v2\/media?parent=992365"}],"wp:term":[{"taxonomy":"product_brand","embeddable":true,"href":"https:\/\/www.yoschimoto.com\/polish-fashion-designer\/pl\/wp-json\/wp\/v2\/product_brand?post=992365"},{"taxonomy":"product_cat","embeddable":true,"href":"https:\/\/www.yoschimoto.com\/polish-fashion-designer\/pl\/wp-json\/wp\/v2\/product_cat?post=992365"},{"taxonomy":"product_tag","embeddable":true,"href":"https:\/\/www.yoschimoto.com\/polish-fashion-designer\/pl\/wp-json\/wp\/v2\/product_tag?post=992365"}],"curies":[{"name":"wp","href":"https:\/\/api.w.org\/{rel}","templated":true}]}}