{"id":992361,"date":"2024-10-05T15:41:17","date_gmt":"2024-10-05T13:41:17","guid":{"rendered":"https:\/\/www.yoschimoto.com\/polish-fashion-designer\/product\/sukienka-maiko-sandstorm\/"},"modified":"2024-10-05T15:41:17","modified_gmt":"2024-10-05T13:41:17","slug":"sukienka-maiko-sandstorm","status":"publish","type":"product","link":"https:\/\/www.yoschimoto.com\/polish-fashion-designer\/pl\/produkt\/sukienka-maiko-sandstorm\/","title":{"rendered":"sukienka MAIKO Sandstorm"},"content":{"rendered":"<div class=\"vgblk-rw-wrapper limit-wrapper\">\n<p class=\"Normalny tm5\">sukienka Maiko Sandstorm<\/p>\n<p class=\"Normalny tm5\">\n<p class=\"Normalny tm5\">Przedstawiamy sukienk\u0119 MAIKO Sandstorm, oversize&#8217;owy, swobodny i stylowy model wykonany z naturalnego lnu z abstrakcyjnym, flokowanym wzorem.<\/p>\n<p class=\"Normalny tm5\">Strukturalna elegancja: Naturalna sztywno\u015b\u0107 tkaniny pi\u0119knie utrzymuje kszta\u0142t, podkre\u015blaj\u0105c efektowne mankiety.<br \/>\nDwie opcje stylizacji: Dzi\u0119ki lu\u017anemu krojowi i do\u0142\u0105czonemu paskowi mo\u017cna j\u0105 nosi\u0107 na dwa r\u00f3\u017cne sposoby, zmieniaj\u0105c jej wygl\u0105d za ka\u017cdym razem.<br \/>\nCharakterystyczny design: Wyr\u00f3\u017cnia si\u0119 wyj\u0105tkowym, \u201erozci\u0119tym\u201d dekoltem i obszernymi r\u0119kawami z eleganckimi mankietami.<br \/>\nWygodny i wszechstronny: mankiety s\u0105 elastyczne, dzi\u0119ki czemu mo\u017cna je naturalnie uk\u0142ada\u0107 na nadgarstkach lub \u015bci\u015ble dopasowa\u0107 do przedramion.<br \/>\nOddychaj\u0105cy i komfortowy: Bez podszewki dla maksymalnego przep\u0142ywu powietrza, dzi\u0119ki czemu idealnie nadaje si\u0119 na ciep\u0142e dni.<br \/>\nIdealne dopasowanie: Dost\u0119pne w rozmiarach REGULAR i PETITE, aby dostosowa\u0107 si\u0119 do Twoich potrzeb.<\/p>\n<p class=\"Normalny tm5\">Wzboga\u0107 swoj\u0105 garderob\u0119 o sukienk\u0119 Maiko Sandstorm, idealne po\u0142\u0105czenie wygody i stylu na ka\u017cd\u0105 okazj\u0119!<\/p>\n<\/div>\n<p><!-- .vgblk-rw-wrapper --><\/p>\n","protected":false},"excerpt":{"rendered":"<p class=\"Normalny tm5\">Wymiary:<\/p>\n<p class=\"Normalny tm5\">\n<p class=\"Normalny tm5\">PETITE<\/p>\n<p class=\"Normalny tm5\">szeroko\u015b\u0107: 52 cm<\/p>\n<p class=\"Normalny tm5\">d\u0142ugo\u015b\u0107: 90 cm<\/p>\n<p class=\"Normalny tm5\">r\u0119kawy (z mankietami): 65 cm<\/p>\n<p class=\"Normalny tm5\">\n<p class=\"Normalny tm5\">REGULAR<\/p>\n<p class=\"Normalny tm5\">szeroko\u015b\u0107: 61 cm<\/p>\n<p class=\"Normalny tm5\">d\u0142ugo\u015b\u0107: 61 cm<\/p>\n<p class=\"Normalny tm5\">r\u0119kawy (z mankietami): 75 cm<\/p>\n<p class=\"Normalny tm5\">\n<p class=\"Normalny tm5\">Sk\u0142ad:<\/p>\n<p class=\"Normalny tm5\">100% len<\/p>\n","protected":false},"featured_media":990421,"template":"","meta":{"om_disable_all_campaigns":false,"inline_featured_image":false,"_mi_skip_tracking":false,"_monsterinsights_sitenote_active":false,"_monsterinsights_sitenote_note":"","_monsterinsights_sitenote_category":0,"_uf_show_specific_survey":0,"_uf_disable_surveys":false},"product_brand":[],"product_cat":[412,424,441,442],"product_tag":[],"class_list":{"0":"post-992361","1":"product","2":"type-product","3":"status-publish","4":"has-post-thumbnail","6":"product_cat-ready-to-wear-pl","7":"product_cat-sukienki","8":"product_cat-sukienki-letnie","9":"product_cat-wyprzedaz","11":"first","12":"instock","13":"sale","14":"taxable","15":"shipping-taxable","16":"purchasable","17":"product-type-variable","18":"has-default-attributes"},"yoast_head":"<!-- This site is optimized with the Yoast SEO plugin v24.5 - https:\/\/yoast.com\/wordpress\/plugins\/seo\/ -->\n<title>sukienka MAIKO Sandstorm - YOSCHIMOTO | High Fashion Store<\/title>\n<meta name=\"description\" content=\"Odkryj sukienk\u0119 Maiko Sandstorm, elegancki oversizowy lniany model z abstrakcyjnym flokowanym wzorem. Dzi\u0119ki dopasowanemu krojowi i stylowym detalom, takim jak dzielony dekolt i uniwersalne elastyczne mankiety, ta sukienka bez podszewki oferuje przewiewno\u015b\u0107 i podw\u00f3jne opcje stylizacji. Dost\u0119pna w rozmiarach REGULAR i PETITE. Idealna, by wzbogaci\u0107 swoj\u0105 garderob\u0119!\" \/>\n<meta name=\"robots\" content=\"index, follow, max-snippet:-1, max-image-preview:large, max-video-preview:-1\" \/>\n<link rel=\"canonical\" href=\"https:\/\/www.yoschimoto.com\/polish-fashion-designer\/pl\/produkt\/sukienka-maiko-sandstorm\/\" \/>\n<meta property=\"og:locale\" content=\"pl_PL\" \/>\n<meta property=\"og:type\" content=\"article\" \/>\n<meta property=\"og:title\" content=\"sukienka MAIKO Sandstorm - YOSCHIMOTO | High Fashion Store\" \/>\n<meta property=\"og:description\" content=\"Odkryj sukienk\u0119 Maiko Sandstorm, elegancki oversizowy lniany model z abstrakcyjnym flokowanym wzorem. Dzi\u0119ki dopasowanemu krojowi i stylowym detalom, takim jak dzielony dekolt i uniwersalne elastyczne mankiety, ta sukienka bez podszewki oferuje przewiewno\u015b\u0107 i podw\u00f3jne opcje stylizacji. Dost\u0119pna w rozmiarach REGULAR i PETITE. Idealna, by wzbogaci\u0107 swoj\u0105 garderob\u0119!\" \/>\n<meta property=\"og:url\" content=\"https:\/\/www.yoschimoto.com\/polish-fashion-designer\/pl\/produkt\/sukienka-maiko-sandstorm\/\" \/>\n<meta property=\"og:site_name\" content=\"YOSCHIMOTO | High Fashion Store\" \/>\n<meta property=\"og:image\" content=\"https:\/\/www.yoschimoto.com\/polish-fashion-designer\/wp-content\/uploads\/2024\/10\/MAIKO-Sandstorm-7-scaled.jpg\" \/>\n\t<meta property=\"og:image:width\" content=\"1707\" \/>\n\t<meta property=\"og:image:height\" content=\"2560\" \/>\n\t<meta property=\"og:image:type\" content=\"image\/jpeg\" \/>\n<meta name=\"twitter:card\" content=\"summary_large_image\" \/>\n<meta name=\"twitter:label1\" content=\"Dost\u0119pno\u015b\u0107\" \/>\n\t<meta name=\"twitter:data1\" content=\"Dost\u0119pny\" \/>\n<script type=\"application\/ld+json\" class=\"yoast-schema-graph\">{\"@context\":\"https:\/\/schema.org\",\"@graph\":[{\"@type\":\"WebPage\",\"@id\":\"https:\/\/www.yoschimoto.com\/polish-fashion-designer\/pl\/produkt\/sukienka-maiko-sandstorm\/\",\"url\":\"https:\/\/www.yoschimoto.com\/polish-fashion-designer\/pl\/produkt\/sukienka-maiko-sandstorm\/\",\"name\":\"sukienka MAIKO Sandstorm - YOSCHIMOTO | High Fashion Store\",\"isPartOf\":{\"@id\":\"https:\/\/www.yoschimoto.com\/polish-fashion-designer\/pl\/#website\"},\"primaryImageOfPage\":{\"@id\":\"https:\/\/www.yoschimoto.com\/polish-fashion-designer\/pl\/produkt\/sukienka-maiko-sandstorm\/#primaryimage\"},\"image\":{\"@id\":\"https:\/\/www.yoschimoto.com\/polish-fashion-designer\/pl\/produkt\/sukienka-maiko-sandstorm\/#primaryimage\"},\"thumbnailUrl\":\"https:\/\/www.yoschimoto.com\/polish-fashion-designer\/wp-content\/uploads\/2024\/10\/MAIKO-Sandstorm-7-scaled.jpg\",\"datePublished\":\"2024-10-05T13:41:17+00:00\",\"description\":\"Odkryj sukienk\u0119 Maiko Sandstorm, elegancki oversizowy lniany model z abstrakcyjnym flokowanym wzorem. Dzi\u0119ki dopasowanemu krojowi i stylowym detalom, takim jak dzielony dekolt i uniwersalne elastyczne mankiety, ta sukienka bez podszewki oferuje przewiewno\u015b\u0107 i podw\u00f3jne opcje stylizacji. Dost\u0119pna w rozmiarach REGULAR i PETITE. Idealna, by wzbogaci\u0107 swoj\u0105 garderob\u0119!\",\"breadcrumb\":{\"@id\":\"https:\/\/www.yoschimoto.com\/polish-fashion-designer\/pl\/produkt\/sukienka-maiko-sandstorm\/#breadcrumb\"},\"inLanguage\":\"pl-PL\",\"potentialAction\":[{\"@type\":\"ReadAction\",\"target\":[\"https:\/\/www.yoschimoto.com\/polish-fashion-designer\/pl\/produkt\/sukienka-maiko-sandstorm\/\"]}]},{\"@type\":\"ImageObject\",\"inLanguage\":\"pl-PL\",\"@id\":\"https:\/\/www.yoschimoto.com\/polish-fashion-designer\/pl\/produkt\/sukienka-maiko-sandstorm\/#primaryimage\",\"url\":\"https:\/\/www.yoschimoto.com\/polish-fashion-designer\/wp-content\/uploads\/2024\/10\/MAIKO-Sandstorm-7-scaled.jpg\",\"contentUrl\":\"https:\/\/www.yoschimoto.com\/polish-fashion-designer\/wp-content\/uploads\/2024\/10\/MAIKO-Sandstorm-7-scaled.jpg\",\"width\":1707,\"height\":2560},{\"@type\":\"BreadcrumbList\",\"@id\":\"https:\/\/www.yoschimoto.com\/polish-fashion-designer\/pl\/produkt\/sukienka-maiko-sandstorm\/#breadcrumb\",\"itemListElement\":[{\"@type\":\"ListItem\",\"position\":1,\"name\":\"Home\",\"item\":\"https:\/\/www.yoschimoto.com\/polish-fashion-designer\/pl\/polska-projektantka-mody-od-kimona-po-wieceja\/\"},{\"@type\":\"ListItem\",\"position\":2,\"name\":\"Sklep\",\"item\":\"https:\/\/www.yoschimoto.com\/polish-fashion-designer\/pl\/sklep\/\"},{\"@type\":\"ListItem\",\"position\":3,\"name\":\"sukienka MAIKO Sandstorm\"}]},{\"@type\":\"WebSite\",\"@id\":\"https:\/\/www.yoschimoto.com\/polish-fashion-designer\/pl\/#website\",\"url\":\"https:\/\/www.yoschimoto.com\/polish-fashion-designer\/pl\/\",\"name\":\"YOSCHIMOTO | High Fashion Store\",\"description\":\"Polish Fashion Designer\",\"publisher\":{\"@id\":\"https:\/\/www.yoschimoto.com\/polish-fashion-designer\/pl\/#organization\"},\"potentialAction\":[{\"@type\":\"SearchAction\",\"target\":{\"@type\":\"EntryPoint\",\"urlTemplate\":\"https:\/\/www.yoschimoto.com\/polish-fashion-designer\/pl\/?s={search_term_string}\"},\"query-input\":{\"@type\":\"PropertyValueSpecification\",\"valueRequired\":true,\"valueName\":\"search_term_string\"}}],\"inLanguage\":\"pl-PL\"},{\"@type\":\"Organization\",\"@id\":\"https:\/\/www.yoschimoto.com\/polish-fashion-designer\/pl\/#organization\",\"name\":\"YOSCHIMOTO | High Fashion Store\",\"url\":\"https:\/\/www.yoschimoto.com\/polish-fashion-designer\/pl\/\",\"logo\":{\"@type\":\"ImageObject\",\"inLanguage\":\"pl-PL\",\"@id\":\"https:\/\/www.yoschimoto.com\/polish-fashion-designer\/pl\/#\/schema\/logo\/image\/\",\"url\":\"https:\/\/www.yoschimoto.com\/polish-fashion-designer\/wp-content\/uploads\/2025\/03\/YOSCHIMOTO-high-fashion-clothing-store.svg\",\"contentUrl\":\"https:\/\/www.yoschimoto.com\/polish-fashion-designer\/wp-content\/uploads\/2025\/03\/YOSCHIMOTO-high-fashion-clothing-store.svg\",\"width\":350,\"height\":100,\"caption\":\"YOSCHIMOTO | High Fashion Store\"},\"image\":{\"@id\":\"https:\/\/www.yoschimoto.com\/polish-fashion-designer\/pl\/#\/schema\/logo\/image\/\"}}]}<\/script>\n<meta property=\"og:availability\" content=\"instock\" \/>\n<meta property=\"product:availability\" content=\"instock\" \/>\n<meta property=\"product:condition\" content=\"new\" \/>\n<!-- \/ Yoast SEO plugin. -->","yoast_head_json":{"title":"sukienka MAIKO Sandstorm - YOSCHIMOTO | High Fashion Store","description":"Odkryj sukienk\u0119 Maiko Sandstorm, elegancki oversizowy lniany model z abstrakcyjnym flokowanym wzorem. Dzi\u0119ki dopasowanemu krojowi i stylowym detalom, takim jak dzielony dekolt i uniwersalne elastyczne mankiety, ta sukienka bez podszewki oferuje przewiewno\u015b\u0107 i podw\u00f3jne opcje stylizacji. Dost\u0119pna w rozmiarach REGULAR i PETITE. Idealna, by wzbogaci\u0107 swoj\u0105 garderob\u0119!","robots":{"index":"index","follow":"follow","max-snippet":"max-snippet:-1","max-image-preview":"max-image-preview:large","max-video-preview":"max-video-preview:-1"},"canonical":"https:\/\/www.yoschimoto.com\/polish-fashion-designer\/pl\/produkt\/sukienka-maiko-sandstorm\/","og_locale":"pl_PL","og_type":"article","og_title":"sukienka MAIKO Sandstorm - YOSCHIMOTO | High Fashion Store","og_description":"Odkryj sukienk\u0119 Maiko Sandstorm, elegancki oversizowy lniany model z abstrakcyjnym flokowanym wzorem. Dzi\u0119ki dopasowanemu krojowi i stylowym detalom, takim jak dzielony dekolt i uniwersalne elastyczne mankiety, ta sukienka bez podszewki oferuje przewiewno\u015b\u0107 i podw\u00f3jne opcje stylizacji. Dost\u0119pna w rozmiarach REGULAR i PETITE. Idealna, by wzbogaci\u0107 swoj\u0105 garderob\u0119!","og_url":"https:\/\/www.yoschimoto.com\/polish-fashion-designer\/pl\/produkt\/sukienka-maiko-sandstorm\/","og_site_name":"YOSCHIMOTO | High Fashion Store","og_image":[{"width":1707,"height":2560,"url":"https:\/\/www.yoschimoto.com\/polish-fashion-designer\/wp-content\/uploads\/2024\/10\/MAIKO-Sandstorm-7-scaled.jpg","type":"image\/jpeg"}],"twitter_card":"summary_large_image","twitter_misc":{"Dost\u0119pno\u015b\u0107":"Dost\u0119pny"},"schema":{"@context":"https:\/\/schema.org","@graph":[{"@type":"WebPage","@id":"https:\/\/www.yoschimoto.com\/polish-fashion-designer\/pl\/produkt\/sukienka-maiko-sandstorm\/","url":"https:\/\/www.yoschimoto.com\/polish-fashion-designer\/pl\/produkt\/sukienka-maiko-sandstorm\/","name":"sukienka MAIKO Sandstorm - YOSCHIMOTO | High Fashion Store","isPartOf":{"@id":"https:\/\/www.yoschimoto.com\/polish-fashion-designer\/pl\/#website"},"primaryImageOfPage":{"@id":"https:\/\/www.yoschimoto.com\/polish-fashion-designer\/pl\/produkt\/sukienka-maiko-sandstorm\/#primaryimage"},"image":{"@id":"https:\/\/www.yoschimoto.com\/polish-fashion-designer\/pl\/produkt\/sukienka-maiko-sandstorm\/#primaryimage"},"thumbnailUrl":"https:\/\/www.yoschimoto.com\/polish-fashion-designer\/wp-content\/uploads\/2024\/10\/MAIKO-Sandstorm-7-scaled.jpg","datePublished":"2024-10-05T13:41:17+00:00","description":"Odkryj sukienk\u0119 Maiko Sandstorm, elegancki oversizowy lniany model z abstrakcyjnym flokowanym wzorem. Dzi\u0119ki dopasowanemu krojowi i stylowym detalom, takim jak dzielony dekolt i uniwersalne elastyczne mankiety, ta sukienka bez podszewki oferuje przewiewno\u015b\u0107 i podw\u00f3jne opcje stylizacji. Dost\u0119pna w rozmiarach REGULAR i PETITE. Idealna, by wzbogaci\u0107 swoj\u0105 garderob\u0119!","breadcrumb":{"@id":"https:\/\/www.yoschimoto.com\/polish-fashion-designer\/pl\/produkt\/sukienka-maiko-sandstorm\/#breadcrumb"},"inLanguage":"pl-PL","potentialAction":[{"@type":"ReadAction","target":["https:\/\/www.yoschimoto.com\/polish-fashion-designer\/pl\/produkt\/sukienka-maiko-sandstorm\/"]}]},{"@type":"ImageObject","inLanguage":"pl-PL","@id":"https:\/\/www.yoschimoto.com\/polish-fashion-designer\/pl\/produkt\/sukienka-maiko-sandstorm\/#primaryimage","url":"https:\/\/www.yoschimoto.com\/polish-fashion-designer\/wp-content\/uploads\/2024\/10\/MAIKO-Sandstorm-7-scaled.jpg","contentUrl":"https:\/\/www.yoschimoto.com\/polish-fashion-designer\/wp-content\/uploads\/2024\/10\/MAIKO-Sandstorm-7-scaled.jpg","width":1707,"height":2560},{"@type":"BreadcrumbList","@id":"https:\/\/www.yoschimoto.com\/polish-fashion-designer\/pl\/produkt\/sukienka-maiko-sandstorm\/#breadcrumb","itemListElement":[{"@type":"ListItem","position":1,"name":"Home","item":"https:\/\/www.yoschimoto.com\/polish-fashion-designer\/pl\/polska-projektantka-mody-od-kimona-po-wieceja\/"},{"@type":"ListItem","position":2,"name":"Sklep","item":"https:\/\/www.yoschimoto.com\/polish-fashion-designer\/pl\/sklep\/"},{"@type":"ListItem","position":3,"name":"sukienka MAIKO Sandstorm"}]},{"@type":"WebSite","@id":"https:\/\/www.yoschimoto.com\/polish-fashion-designer\/pl\/#website","url":"https:\/\/www.yoschimoto.com\/polish-fashion-designer\/pl\/","name":"YOSCHIMOTO | High Fashion Store","description":"Polish Fashion Designer","publisher":{"@id":"https:\/\/www.yoschimoto.com\/polish-fashion-designer\/pl\/#organization"},"potentialAction":[{"@type":"SearchAction","target":{"@type":"EntryPoint","urlTemplate":"https:\/\/www.yoschimoto.com\/polish-fashion-designer\/pl\/?s={search_term_string}"},"query-input":{"@type":"PropertyValueSpecification","valueRequired":true,"valueName":"search_term_string"}}],"inLanguage":"pl-PL"},{"@type":"Organization","@id":"https:\/\/www.yoschimoto.com\/polish-fashion-designer\/pl\/#organization","name":"YOSCHIMOTO | High Fashion Store","url":"https:\/\/www.yoschimoto.com\/polish-fashion-designer\/pl\/","logo":{"@type":"ImageObject","inLanguage":"pl-PL","@id":"https:\/\/www.yoschimoto.com\/polish-fashion-designer\/pl\/#\/schema\/logo\/image\/","url":"https:\/\/www.yoschimoto.com\/polish-fashion-designer\/wp-content\/uploads\/2025\/03\/YOSCHIMOTO-high-fashion-clothing-store.svg","contentUrl":"https:\/\/www.yoschimoto.com\/polish-fashion-designer\/wp-content\/uploads\/2025\/03\/YOSCHIMOTO-high-fashion-clothing-store.svg","width":350,"height":100,"caption":"YOSCHIMOTO | High Fashion Store"},"image":{"@id":"https:\/\/www.yoschimoto.com\/polish-fashion-designer\/pl\/#\/schema\/logo\/image\/"}}]},"og_availability":"instock","product_availability":"instock","product_condition":"new"},"_links":{"self":[{"href":"https:\/\/www.yoschimoto.com\/polish-fashion-designer\/pl\/wp-json\/wp\/v2\/product\/992361","targetHints":{"allow":["GET"]}}],"collection":[{"href":"https:\/\/www.yoschimoto.com\/polish-fashion-designer\/pl\/wp-json\/wp\/v2\/product"}],"about":[{"href":"https:\/\/www.yoschimoto.com\/polish-fashion-designer\/pl\/wp-json\/wp\/v2\/types\/product"}],"wp:featuredmedia":[{"embeddable":true,"href":"https:\/\/www.yoschimoto.com\/polish-fashion-designer\/pl\/wp-json\/wp\/v2\/media\/990421"}],"wp:attachment":[{"href":"https:\/\/www.yoschimoto.com\/polish-fashion-designer\/pl\/wp-json\/wp\/v2\/media?parent=992361"}],"wp:term":[{"taxonomy":"product_brand","embeddable":true,"href":"https:\/\/www.yoschimoto.com\/polish-fashion-designer\/pl\/wp-json\/wp\/v2\/product_brand?post=992361"},{"taxonomy":"product_cat","embeddable":true,"href":"https:\/\/www.yoschimoto.com\/polish-fashion-designer\/pl\/wp-json\/wp\/v2\/product_cat?post=992361"},{"taxonomy":"product_tag","embeddable":true,"href":"https:\/\/www.yoschimoto.com\/polish-fashion-designer\/pl\/wp-json\/wp\/v2\/product_tag?post=992361"}],"curies":[{"name":"wp","href":"https:\/\/api.w.org\/{rel}","templated":true}]}}