{"id":992355,"date":"2024-10-02T23:40:20","date_gmt":"2024-10-02T21:40:20","guid":{"rendered":"https:\/\/www.yoschimoto.com\/polish-fashion-designer\/product\/sukienka-maiko-sand-dunes\/"},"modified":"2026-03-16T14:42:53","modified_gmt":"2026-03-16T13:42:53","slug":"sukienka-maiko-sand-dunes","status":"publish","type":"product","link":"https:\/\/www.yoschimoto.com\/polish-fashion-designer\/pl\/produkt\/sukienka-maiko-sand-dunes\/","title":{"rendered":"sukienka MAIKO Sand Dunes"},"content":{"rendered":"<div class=\"vgblk-rw-wrapper limit-wrapper\">\n<p class=\"Normalny tm5\">MAIKO Sand Dunes<\/p>\n<p class=\"Normalny tm5\">\n<p class=\"Normalny tm5\">Podkre\u015bl sw\u00f3j styl dzi\u0119ki sukience MAIKO Sand Dunes, pi\u0119knemu oversize&#8217;owemu modelowi wykonanemu ze spr\u0119\u017cystej \u017cakardowej wiskozy z abstrakcyjnym wzorem przypominaj\u0105cym piaszczyste wydmy.<\/p>\n<p class=\"Normalny tm5\">-Unikalny materia\u0142: Domieszka nylonu tworzy subteln\u0105 faktur\u0119 krepy, dodaj\u0105c tkaninie elastyczno\u015bci i atrakcyjno\u015bci wizualnej.<br \/>\nUniwersalny fason: Lu\u017any kr\u00f3j z paskiem umo\u017cliwia stylizacj\u0119 na dwa r\u00f3\u017cne sposoby. Ka\u017cda stylizacja przekszta\u0142ca sukienk\u0119 w zupe\u0142nie nowy element.<br \/>\nStylowe detale: Charakterystyczny \u201erozci\u0119ty\u201d dekolt i obszerne r\u0119kawy z eleganckimi mankietami.<br \/>\nWygodne dopasowanie: Mankiety maj\u0105 wbudowan\u0105 gumk\u0119, kt\u00f3r\u0105 mo\u017cna lu\u017ano owin\u0105\u0107 wok\u00f3\u0142 nadgarstk\u00f3w lub podci\u0105gn\u0105\u0107, aby dobrze przylega\u0142y do przedramion.<br \/>\nOddychaj\u0105ca konstrukcja: Bez podszewki dla maksymalnego przepuszczania powietrza, idealna na ciep\u0142e dni.<br \/>\nDost\u0119pne rozmiary: Wersja Sand Dunes jest dost\u0119pna wy\u0142\u0105cznie w rozmiarze REGULAR.<\/p>\n<p class=\"Normalny tm5\">Dodaj sukienk\u0119 Maiko Sand Dunes do swojej kolekcji, aby uzyska\u0107 nut\u0119 stylu i uniwersalno\u015bci, idealn\u0105 na ka\u017cd\u0105 okazj\u0119!<\/p>\n<p class=\"Normalny\">\n<\/div>\n<p><!-- .vgblk-rw-wrapper --><\/p>\n","protected":false},"excerpt":{"rendered":"<p class=\"Normalny tm5\">Wymiary:<\/p>\n<p class=\"Normalny tm5\">\n<p class=\"Normalny tm5\">PETITE<\/p>\n<p class=\"Normalny tm5\">szeroko\u015b\u0107: 52 cm<\/p>\n<p class=\"Normalny tm5\">d\u0142ugo\u015b\u0107: 90 cm<\/p>\n<p class=\"Normalny tm5\">r\u0119kawy (z mankietami): 65 cm<\/p>\n<p class=\"Normalny tm5\">\n<p class=\"Normalny tm5\">REGULAR<\/p>\n<p class=\"Normalny tm5\">szeroko\u015b\u0107: 61 cm<\/p>\n<p class=\"Normalny tm5\">d\u0142ugo\u015b\u0107: 61 cm<\/p>\n<p class=\"Normalny tm5\">r\u0119kawy (z mankietami): 75 cm<\/p>\n<p class=\"Normalny tm5\">\n<p class=\"Normalny tm5\">Sk\u0142ad:<\/p>\n<p class=\"Normalny tm5\">100% wiskoza<\/p>\n","protected":false},"featured_media":990383,"template":"","meta":{"om_disable_all_campaigns":false,"inline_featured_image":false,"_mi_skip_tracking":false,"_monsterinsights_sitenote_active":false,"_monsterinsights_sitenote_note":"","_monsterinsights_sitenote_category":0,"_uf_show_specific_survey":0,"_uf_disable_surveys":false},"product_brand":[],"product_cat":[412,424,441],"product_tag":[],"class_list":{"0":"post-992355","1":"product","2":"type-product","3":"status-publish","4":"has-post-thumbnail","6":"product_cat-ready-to-wear-pl","7":"product_cat-sukienki","8":"product_cat-sukienki-letnie","10":"first","11":"instock","12":"taxable","13":"shipping-taxable","14":"purchasable","15":"product-type-variable"},"yoast_head":"<!-- This site is optimized with the Yoast SEO plugin v24.5 - https:\/\/yoast.com\/wordpress\/plugins\/seo\/ -->\n<title>sukienka MAIKO Sand Dunes - YOSCHIMOTO | High Fashion Store<\/title>\n<meta name=\"description\" content=\"Odkryj MAIKO Sand Dunes Dress, oversize&#039;owe arcydzie\u0142o z \u017cakardowej wiskozy z wzorem inspirowanym piaszczystymi wydmami. Ta sukienka bez podszewki z rozci\u0119tym dekoltem, obszernymi r\u0119kawami i uniwersalnym paskiem zapewnia wygod\u0119 i styl. Dost\u0119pna wy\u0142\u0105cznie w rozmiarze REGULAR. Idealna do ka\u017cdej modnej garderoby!\" \/>\n<meta name=\"robots\" content=\"index, follow, max-snippet:-1, max-image-preview:large, max-video-preview:-1\" \/>\n<link rel=\"canonical\" href=\"https:\/\/www.yoschimoto.com\/polish-fashion-designer\/pl\/produkt\/sukienka-maiko-sand-dunes\/\" \/>\n<meta property=\"og:locale\" content=\"pl_PL\" \/>\n<meta property=\"og:type\" content=\"article\" \/>\n<meta property=\"og:title\" content=\"sukienka MAIKO Sand Dunes - YOSCHIMOTO | High Fashion Store\" \/>\n<meta property=\"og:description\" content=\"Odkryj MAIKO Sand Dunes Dress, oversize&#039;owe arcydzie\u0142o z \u017cakardowej wiskozy z wzorem inspirowanym piaszczystymi wydmami. Ta sukienka bez podszewki z rozci\u0119tym dekoltem, obszernymi r\u0119kawami i uniwersalnym paskiem zapewnia wygod\u0119 i styl. Dost\u0119pna wy\u0142\u0105cznie w rozmiarze REGULAR. Idealna do ka\u017cdej modnej garderoby!\" \/>\n<meta property=\"og:url\" content=\"https:\/\/www.yoschimoto.com\/polish-fashion-designer\/pl\/produkt\/sukienka-maiko-sand-dunes\/\" \/>\n<meta property=\"og:site_name\" content=\"YOSCHIMOTO | High Fashion Store\" \/>\n<meta property=\"article:modified_time\" content=\"2026-03-16T13:42:53+00:00\" \/>\n<meta property=\"og:image\" content=\"https:\/\/www.yoschimoto.com\/polish-fashion-designer\/wp-content\/uploads\/2024\/10\/MAIKO-Sand-Dunes-5-scaled.jpg\" \/>\n\t<meta property=\"og:image:width\" content=\"1707\" \/>\n\t<meta property=\"og:image:height\" content=\"2560\" \/>\n\t<meta property=\"og:image:type\" content=\"image\/jpeg\" \/>\n<meta name=\"twitter:card\" content=\"summary_large_image\" \/>\n<meta name=\"twitter:label1\" content=\"Dost\u0119pno\u015b\u0107\" \/>\n\t<meta name=\"twitter:data1\" content=\"Dost\u0119pny\" \/>\n<script type=\"application\/ld+json\" class=\"yoast-schema-graph\">{\"@context\":\"https:\/\/schema.org\",\"@graph\":[{\"@type\":\"WebPage\",\"@id\":\"https:\/\/www.yoschimoto.com\/polish-fashion-designer\/pl\/produkt\/sukienka-maiko-sand-dunes\/\",\"url\":\"https:\/\/www.yoschimoto.com\/polish-fashion-designer\/pl\/produkt\/sukienka-maiko-sand-dunes\/\",\"name\":\"sukienka MAIKO Sand Dunes - YOSCHIMOTO | High Fashion Store\",\"isPartOf\":{\"@id\":\"https:\/\/www.yoschimoto.com\/polish-fashion-designer\/pl\/#website\"},\"primaryImageOfPage\":{\"@id\":\"https:\/\/www.yoschimoto.com\/polish-fashion-designer\/pl\/produkt\/sukienka-maiko-sand-dunes\/#primaryimage\"},\"image\":{\"@id\":\"https:\/\/www.yoschimoto.com\/polish-fashion-designer\/pl\/produkt\/sukienka-maiko-sand-dunes\/#primaryimage\"},\"thumbnailUrl\":\"https:\/\/www.yoschimoto.com\/polish-fashion-designer\/wp-content\/uploads\/2024\/10\/MAIKO-Sand-Dunes-5-scaled.jpg\",\"datePublished\":\"2024-10-02T21:40:20+00:00\",\"dateModified\":\"2026-03-16T13:42:53+00:00\",\"description\":\"Odkryj MAIKO Sand Dunes Dress, oversize'owe arcydzie\u0142o z \u017cakardowej wiskozy z wzorem inspirowanym piaszczystymi wydmami. Ta sukienka bez podszewki z rozci\u0119tym dekoltem, obszernymi r\u0119kawami i uniwersalnym paskiem zapewnia wygod\u0119 i styl. Dost\u0119pna wy\u0142\u0105cznie w rozmiarze REGULAR. Idealna do ka\u017cdej modnej garderoby!\",\"breadcrumb\":{\"@id\":\"https:\/\/www.yoschimoto.com\/polish-fashion-designer\/pl\/produkt\/sukienka-maiko-sand-dunes\/#breadcrumb\"},\"inLanguage\":\"pl-PL\",\"potentialAction\":[{\"@type\":\"ReadAction\",\"target\":[\"https:\/\/www.yoschimoto.com\/polish-fashion-designer\/pl\/produkt\/sukienka-maiko-sand-dunes\/\"]}]},{\"@type\":\"ImageObject\",\"inLanguage\":\"pl-PL\",\"@id\":\"https:\/\/www.yoschimoto.com\/polish-fashion-designer\/pl\/produkt\/sukienka-maiko-sand-dunes\/#primaryimage\",\"url\":\"https:\/\/www.yoschimoto.com\/polish-fashion-designer\/wp-content\/uploads\/2024\/10\/MAIKO-Sand-Dunes-5-scaled.jpg\",\"contentUrl\":\"https:\/\/www.yoschimoto.com\/polish-fashion-designer\/wp-content\/uploads\/2024\/10\/MAIKO-Sand-Dunes-5-scaled.jpg\",\"width\":1707,\"height\":2560},{\"@type\":\"BreadcrumbList\",\"@id\":\"https:\/\/www.yoschimoto.com\/polish-fashion-designer\/pl\/produkt\/sukienka-maiko-sand-dunes\/#breadcrumb\",\"itemListElement\":[{\"@type\":\"ListItem\",\"position\":1,\"name\":\"Home\",\"item\":\"https:\/\/www.yoschimoto.com\/polish-fashion-designer\/pl\/polska-projektantka-mody-od-kimona-po-wieceja\/\"},{\"@type\":\"ListItem\",\"position\":2,\"name\":\"Sklep\",\"item\":\"https:\/\/www.yoschimoto.com\/polish-fashion-designer\/pl\/sklep\/\"},{\"@type\":\"ListItem\",\"position\":3,\"name\":\"sukienka MAIKO Sand Dunes\"}]},{\"@type\":\"WebSite\",\"@id\":\"https:\/\/www.yoschimoto.com\/polish-fashion-designer\/pl\/#website\",\"url\":\"https:\/\/www.yoschimoto.com\/polish-fashion-designer\/pl\/\",\"name\":\"YOSCHIMOTO | High Fashion Store\",\"description\":\"Polish Fashion Designer\",\"publisher\":{\"@id\":\"https:\/\/www.yoschimoto.com\/polish-fashion-designer\/pl\/#organization\"},\"potentialAction\":[{\"@type\":\"SearchAction\",\"target\":{\"@type\":\"EntryPoint\",\"urlTemplate\":\"https:\/\/www.yoschimoto.com\/polish-fashion-designer\/pl\/?s={search_term_string}\"},\"query-input\":{\"@type\":\"PropertyValueSpecification\",\"valueRequired\":true,\"valueName\":\"search_term_string\"}}],\"inLanguage\":\"pl-PL\"},{\"@type\":\"Organization\",\"@id\":\"https:\/\/www.yoschimoto.com\/polish-fashion-designer\/pl\/#organization\",\"name\":\"YOSCHIMOTO | High Fashion Store\",\"url\":\"https:\/\/www.yoschimoto.com\/polish-fashion-designer\/pl\/\",\"logo\":{\"@type\":\"ImageObject\",\"inLanguage\":\"pl-PL\",\"@id\":\"https:\/\/www.yoschimoto.com\/polish-fashion-designer\/pl\/#\/schema\/logo\/image\/\",\"url\":\"https:\/\/www.yoschimoto.com\/polish-fashion-designer\/wp-content\/uploads\/2025\/03\/YOSCHIMOTO-high-fashion-clothing-store.svg\",\"contentUrl\":\"https:\/\/www.yoschimoto.com\/polish-fashion-designer\/wp-content\/uploads\/2025\/03\/YOSCHIMOTO-high-fashion-clothing-store.svg\",\"width\":350,\"height\":100,\"caption\":\"YOSCHIMOTO | High Fashion Store\"},\"image\":{\"@id\":\"https:\/\/www.yoschimoto.com\/polish-fashion-designer\/pl\/#\/schema\/logo\/image\/\"}}]}<\/script>\n<meta property=\"og:availability\" content=\"instock\" \/>\n<meta property=\"product:availability\" content=\"instock\" \/>\n<meta property=\"product:condition\" content=\"new\" \/>\n<!-- \/ Yoast SEO plugin. -->","yoast_head_json":{"title":"sukienka MAIKO Sand Dunes - YOSCHIMOTO | High Fashion Store","description":"Odkryj MAIKO Sand Dunes Dress, oversize'owe arcydzie\u0142o z \u017cakardowej wiskozy z wzorem inspirowanym piaszczystymi wydmami. Ta sukienka bez podszewki z rozci\u0119tym dekoltem, obszernymi r\u0119kawami i uniwersalnym paskiem zapewnia wygod\u0119 i styl. Dost\u0119pna wy\u0142\u0105cznie w rozmiarze REGULAR. Idealna do ka\u017cdej modnej garderoby!","robots":{"index":"index","follow":"follow","max-snippet":"max-snippet:-1","max-image-preview":"max-image-preview:large","max-video-preview":"max-video-preview:-1"},"canonical":"https:\/\/www.yoschimoto.com\/polish-fashion-designer\/pl\/produkt\/sukienka-maiko-sand-dunes\/","og_locale":"pl_PL","og_type":"article","og_title":"sukienka MAIKO Sand Dunes - YOSCHIMOTO | High Fashion Store","og_description":"Odkryj MAIKO Sand Dunes Dress, oversize'owe arcydzie\u0142o z \u017cakardowej wiskozy z wzorem inspirowanym piaszczystymi wydmami. Ta sukienka bez podszewki z rozci\u0119tym dekoltem, obszernymi r\u0119kawami i uniwersalnym paskiem zapewnia wygod\u0119 i styl. Dost\u0119pna wy\u0142\u0105cznie w rozmiarze REGULAR. Idealna do ka\u017cdej modnej garderoby!","og_url":"https:\/\/www.yoschimoto.com\/polish-fashion-designer\/pl\/produkt\/sukienka-maiko-sand-dunes\/","og_site_name":"YOSCHIMOTO | High Fashion Store","article_modified_time":"2026-03-16T13:42:53+00:00","og_image":[{"width":1707,"height":2560,"url":"https:\/\/www.yoschimoto.com\/polish-fashion-designer\/wp-content\/uploads\/2024\/10\/MAIKO-Sand-Dunes-5-scaled.jpg","type":"image\/jpeg"}],"twitter_card":"summary_large_image","twitter_misc":{"Dost\u0119pno\u015b\u0107":"Dost\u0119pny"},"schema":{"@context":"https:\/\/schema.org","@graph":[{"@type":"WebPage","@id":"https:\/\/www.yoschimoto.com\/polish-fashion-designer\/pl\/produkt\/sukienka-maiko-sand-dunes\/","url":"https:\/\/www.yoschimoto.com\/polish-fashion-designer\/pl\/produkt\/sukienka-maiko-sand-dunes\/","name":"sukienka MAIKO Sand Dunes - YOSCHIMOTO | High Fashion Store","isPartOf":{"@id":"https:\/\/www.yoschimoto.com\/polish-fashion-designer\/pl\/#website"},"primaryImageOfPage":{"@id":"https:\/\/www.yoschimoto.com\/polish-fashion-designer\/pl\/produkt\/sukienka-maiko-sand-dunes\/#primaryimage"},"image":{"@id":"https:\/\/www.yoschimoto.com\/polish-fashion-designer\/pl\/produkt\/sukienka-maiko-sand-dunes\/#primaryimage"},"thumbnailUrl":"https:\/\/www.yoschimoto.com\/polish-fashion-designer\/wp-content\/uploads\/2024\/10\/MAIKO-Sand-Dunes-5-scaled.jpg","datePublished":"2024-10-02T21:40:20+00:00","dateModified":"2026-03-16T13:42:53+00:00","description":"Odkryj MAIKO Sand Dunes Dress, oversize'owe arcydzie\u0142o z \u017cakardowej wiskozy z wzorem inspirowanym piaszczystymi wydmami. Ta sukienka bez podszewki z rozci\u0119tym dekoltem, obszernymi r\u0119kawami i uniwersalnym paskiem zapewnia wygod\u0119 i styl. Dost\u0119pna wy\u0142\u0105cznie w rozmiarze REGULAR. Idealna do ka\u017cdej modnej garderoby!","breadcrumb":{"@id":"https:\/\/www.yoschimoto.com\/polish-fashion-designer\/pl\/produkt\/sukienka-maiko-sand-dunes\/#breadcrumb"},"inLanguage":"pl-PL","potentialAction":[{"@type":"ReadAction","target":["https:\/\/www.yoschimoto.com\/polish-fashion-designer\/pl\/produkt\/sukienka-maiko-sand-dunes\/"]}]},{"@type":"ImageObject","inLanguage":"pl-PL","@id":"https:\/\/www.yoschimoto.com\/polish-fashion-designer\/pl\/produkt\/sukienka-maiko-sand-dunes\/#primaryimage","url":"https:\/\/www.yoschimoto.com\/polish-fashion-designer\/wp-content\/uploads\/2024\/10\/MAIKO-Sand-Dunes-5-scaled.jpg","contentUrl":"https:\/\/www.yoschimoto.com\/polish-fashion-designer\/wp-content\/uploads\/2024\/10\/MAIKO-Sand-Dunes-5-scaled.jpg","width":1707,"height":2560},{"@type":"BreadcrumbList","@id":"https:\/\/www.yoschimoto.com\/polish-fashion-designer\/pl\/produkt\/sukienka-maiko-sand-dunes\/#breadcrumb","itemListElement":[{"@type":"ListItem","position":1,"name":"Home","item":"https:\/\/www.yoschimoto.com\/polish-fashion-designer\/pl\/polska-projektantka-mody-od-kimona-po-wieceja\/"},{"@type":"ListItem","position":2,"name":"Sklep","item":"https:\/\/www.yoschimoto.com\/polish-fashion-designer\/pl\/sklep\/"},{"@type":"ListItem","position":3,"name":"sukienka MAIKO Sand Dunes"}]},{"@type":"WebSite","@id":"https:\/\/www.yoschimoto.com\/polish-fashion-designer\/pl\/#website","url":"https:\/\/www.yoschimoto.com\/polish-fashion-designer\/pl\/","name":"YOSCHIMOTO | High Fashion Store","description":"Polish Fashion Designer","publisher":{"@id":"https:\/\/www.yoschimoto.com\/polish-fashion-designer\/pl\/#organization"},"potentialAction":[{"@type":"SearchAction","target":{"@type":"EntryPoint","urlTemplate":"https:\/\/www.yoschimoto.com\/polish-fashion-designer\/pl\/?s={search_term_string}"},"query-input":{"@type":"PropertyValueSpecification","valueRequired":true,"valueName":"search_term_string"}}],"inLanguage":"pl-PL"},{"@type":"Organization","@id":"https:\/\/www.yoschimoto.com\/polish-fashion-designer\/pl\/#organization","name":"YOSCHIMOTO | High Fashion Store","url":"https:\/\/www.yoschimoto.com\/polish-fashion-designer\/pl\/","logo":{"@type":"ImageObject","inLanguage":"pl-PL","@id":"https:\/\/www.yoschimoto.com\/polish-fashion-designer\/pl\/#\/schema\/logo\/image\/","url":"https:\/\/www.yoschimoto.com\/polish-fashion-designer\/wp-content\/uploads\/2025\/03\/YOSCHIMOTO-high-fashion-clothing-store.svg","contentUrl":"https:\/\/www.yoschimoto.com\/polish-fashion-designer\/wp-content\/uploads\/2025\/03\/YOSCHIMOTO-high-fashion-clothing-store.svg","width":350,"height":100,"caption":"YOSCHIMOTO | High Fashion Store"},"image":{"@id":"https:\/\/www.yoschimoto.com\/polish-fashion-designer\/pl\/#\/schema\/logo\/image\/"}}]},"og_availability":"instock","product_availability":"instock","product_condition":"new"},"_links":{"self":[{"href":"https:\/\/www.yoschimoto.com\/polish-fashion-designer\/pl\/wp-json\/wp\/v2\/product\/992355","targetHints":{"allow":["GET"]}}],"collection":[{"href":"https:\/\/www.yoschimoto.com\/polish-fashion-designer\/pl\/wp-json\/wp\/v2\/product"}],"about":[{"href":"https:\/\/www.yoschimoto.com\/polish-fashion-designer\/pl\/wp-json\/wp\/v2\/types\/product"}],"wp:featuredmedia":[{"embeddable":true,"href":"https:\/\/www.yoschimoto.com\/polish-fashion-designer\/pl\/wp-json\/wp\/v2\/media\/990383"}],"wp:attachment":[{"href":"https:\/\/www.yoschimoto.com\/polish-fashion-designer\/pl\/wp-json\/wp\/v2\/media?parent=992355"}],"wp:term":[{"taxonomy":"product_brand","embeddable":true,"href":"https:\/\/www.yoschimoto.com\/polish-fashion-designer\/pl\/wp-json\/wp\/v2\/product_brand?post=992355"},{"taxonomy":"product_cat","embeddable":true,"href":"https:\/\/www.yoschimoto.com\/polish-fashion-designer\/pl\/wp-json\/wp\/v2\/product_cat?post=992355"},{"taxonomy":"product_tag","embeddable":true,"href":"https:\/\/www.yoschimoto.com\/polish-fashion-designer\/pl\/wp-json\/wp\/v2\/product_tag?post=992355"}],"curies":[{"name":"wp","href":"https:\/\/api.w.org\/{rel}","templated":true}]}}