{"id":992342,"date":"2024-09-12T09:22:07","date_gmt":"2024-09-12T07:22:07","guid":{"rendered":"https:\/\/www.yoschimoto.com\/polish-fashion-designer\/product\/oversizeowa-lniana-koszula-mai-pure-white\/"},"modified":"2024-09-12T09:22:07","modified_gmt":"2024-09-12T07:22:07","slug":"oversizeowa-lniana-koszula-mai-pure-white","status":"publish","type":"product","link":"https:\/\/www.yoschimoto.com\/polish-fashion-designer\/pl\/produkt\/oversizeowa-lniana-koszula-mai-pure-white\/","title":{"rendered":"Oversize&#8217;owa lniana koszula MAI Pure White"},"content":{"rendered":"<div class=\"vgblk-rw-wrapper limit-wrapper\">\n<p class=\"Normalny tm5\">MAI Pure White<\/p>\n<p class=\"Normalny tm5\">\n<p class=\"Normalny tm5\">Lniana bluzka MAI o oversize&#8217;owym, lu\u017anym kroju<\/p>\n<p class=\"Normalny tm5\">Wersja Pure White jest wykonana z lej\u0105cego, pr\u0105\u017ckowanego lnu o teksturowanej, marszczonej strukturze!<\/p>\n<p class=\"Normalny tm5\">Bluzka ma charakterystyczny \u201erozci\u0119ty\u201d dekolt i obszerne r\u0119kawy zako\u0144czone eleganckimi mankietami.<\/p>\n<p class=\"Normalny tm5\">Mankiety przy nadgarstkach maj\u0105 wszyt\u0105 gumk\u0119, dzi\u0119ki czemu mog\u0105 swobodnie uk\u0142ada\u0107 si\u0119 na kostkach nadgarstk\u00f3w lub, gdy s\u0105 lekko podci\u0105gni\u0119te, delikatnie opiera\u0107 si\u0119 na przedramionach.<\/p>\n<p class=\"Normalny tm5\">Dzi\u0119ki mi\u0119kko\u015bci materia\u0142u bluzka pi\u0119knie uk\u0142ada si\u0119 na ciele, nadaj\u0105c r\u0119kawom bardziej op\u0142ywow\u0105, drapowan\u0105 sylwetk\u0119 w por\u00f3wnaniu z wersjami wykonanymi z \u201etradycyjnego\u201d lnu.<\/p>\n<p class=\"Normalny tm5\">Bluzka jest dost\u0119pna w rozmiarach REGULAR i PETITE (dla wzrostu ok. 160-165 cm), dzi\u0119ki czemu jest uniwersalna dla r\u00f3\u017cnych typ\u00f3w sylwetki. Lekki materia\u0142 i przewiewny kr\u00f3j sprawiaj\u0105, \u017ce jest ona idealna zar\u00f3wno do noszenia na co dzie\u0144, jak i na bardziej wyrafinowane okazje, oferuj\u0105c zar\u00f3wno wygod\u0119, jak i styl. Oversizowy kr\u00f3j zapewnia nowoczesny, szykowny wygl\u0105d, idealny dla tych, kt\u00f3rzy kochaj\u0105 swobodn\u0105, ale eleganck\u0105 estetyk\u0119.  <\/p>\n<p class=\"Normalny tm5\">To wszechstronna bawe\u0142niana koszula, idealna do \u0142\u0105czenia ze wszystkim, od swobodnych d\u017cins\u00f3w po dopasowane spodnie, jest nieodzownym elementem garderoby, kt\u00f3ry uosabia swobodny styl z odrobin\u0105 finezji.<\/p>\n<\/div>\n<p><!-- .vgblk-rw-wrapper --><\/p>\n","protected":false},"excerpt":{"rendered":"<p class=\"Normalny tm5\">Wymiary:<\/p>\n<p class=\"Normalny tm5\">\n<p class=\"Normalny tm5\">PETITE<\/p>\n<p class=\"Normalny tm5\">szeroko\u015b\u0107: 52 cm<\/p>\n<p class=\"Normalny tm5\">d\u0142ugo\u015b\u0107: 60 cm<\/p>\n<p class=\"Normalny tm5\">r\u0119kawy (z mankietami): 65 cm<\/p>\n<p class=\"Normalny tm5\">\n<p class=\"Normalny tm5\">REGULAR<\/p>\n<p class=\"Normalny tm5\">szeroko\u015b\u0107: 61 cm<\/p>\n<p class=\"Normalny tm5\">d\u0142ugo\u015b\u0107: 61 cm<\/p>\n<p class=\"Normalny tm5\">r\u0119kawy (z mankietami): 75 cm<\/p>\n<p class=\"Normalny tm5\">\n<p class=\"Normalny tm5\">R\u0119kawy s\u0105 d\u0142u\u017csze k\u0142ad\u0105c si\u0119 nadgarstkach, co daje efekt \u201ebufki&#8221;<\/p>\n<p class=\"Normalny tm5\">\n<p class=\"Normalny tm5\">Sk\u0142ad:<\/p>\n<p class=\"Normalny tm5\">100% len<\/p>\n","protected":false},"featured_media":990212,"template":"","meta":{"om_disable_all_campaigns":false,"inline_featured_image":false,"_mi_skip_tracking":false,"_monsterinsights_sitenote_active":false,"_monsterinsights_sitenote_note":"","_monsterinsights_sitenote_category":0,"_uf_show_specific_survey":0,"_uf_disable_surveys":false},"product_brand":[],"product_cat":[431,418,430,412],"product_tag":[440,435,437,436,439],"class_list":{"0":"post-992342","1":"product","2":"type-product","3":"status-publish","4":"has-post-thumbnail","6":"product_cat-koszule","7":"product_cat-koszule-i-topy","8":"product_cat-koszule-i-topy-pl","9":"product_cat-ready-to-wear-pl","10":"product_tag-biala-koszula","11":"product_tag-koszula-mai","12":"product_tag-koszula-na-co-dzien","13":"product_tag-koszula-oversize","14":"product_tag-lniana-koszula","16":"first","17":"instock","18":"taxable","19":"shipping-taxable","20":"purchasable","21":"product-type-variable"},"yoast_head":"<!-- This site is optimized with the Yoast SEO plugin v24.5 - https:\/\/yoast.com\/wordpress\/plugins\/seo\/ -->\n<title>Oversize&#039;owa lniana koszula MAI Pure White - YOSCHIMOTO | High Fashion Store<\/title>\n<meta name=\"description\" content=\"Odkryj lnian\u0105 koszul\u0119 MAI Pure White, wykonan\u0105 w 100% z lej\u0105cego lnu w paski, z rozci\u0119tym dekoltem i obszernymi r\u0119kawami. Stylowa, przewiewna i uniwersalna koszula \u0142\u0105czy ponadczasowy szyk z nowoczesnym komfortem.\" \/>\n<meta name=\"robots\" content=\"index, follow, max-snippet:-1, max-image-preview:large, max-video-preview:-1\" \/>\n<link rel=\"canonical\" href=\"https:\/\/www.yoschimoto.com\/polish-fashion-designer\/pl\/produkt\/oversizeowa-lniana-koszula-mai-pure-white\/\" \/>\n<meta property=\"og:locale\" content=\"pl_PL\" \/>\n<meta property=\"og:type\" content=\"article\" \/>\n<meta property=\"og:title\" content=\"Oversize&#039;owa lniana koszula MAI Pure White - YOSCHIMOTO | High Fashion Store\" \/>\n<meta property=\"og:description\" content=\"Odkryj lnian\u0105 koszul\u0119 MAI Pure White, wykonan\u0105 w 100% z lej\u0105cego lnu w paski, z rozci\u0119tym dekoltem i obszernymi r\u0119kawami. Stylowa, przewiewna i uniwersalna koszula \u0142\u0105czy ponadczasowy szyk z nowoczesnym komfortem.\" \/>\n<meta property=\"og:url\" content=\"https:\/\/www.yoschimoto.com\/polish-fashion-designer\/pl\/produkt\/oversizeowa-lniana-koszula-mai-pure-white\/\" \/>\n<meta property=\"og:site_name\" content=\"YOSCHIMOTO | High Fashion Store\" \/>\n<meta property=\"og:image\" content=\"https:\/\/www.yoschimoto.com\/polish-fashion-designer\/wp-content\/uploads\/2024\/09\/MAI-Pure-White-4-scaled.jpg\" \/>\n\t<meta property=\"og:image:width\" content=\"1707\" \/>\n\t<meta property=\"og:image:height\" content=\"2560\" \/>\n\t<meta property=\"og:image:type\" content=\"image\/jpeg\" \/>\n<meta name=\"twitter:card\" content=\"summary_large_image\" \/>\n<meta name=\"twitter:label1\" content=\"Dost\u0119pno\u015b\u0107\" \/>\n\t<meta name=\"twitter:data1\" content=\"Dost\u0119pny\" \/>\n<script type=\"application\/ld+json\" class=\"yoast-schema-graph\">{\"@context\":\"https:\/\/schema.org\",\"@graph\":[{\"@type\":\"WebPage\",\"@id\":\"https:\/\/www.yoschimoto.com\/polish-fashion-designer\/pl\/produkt\/oversizeowa-lniana-koszula-mai-pure-white\/\",\"url\":\"https:\/\/www.yoschimoto.com\/polish-fashion-designer\/pl\/produkt\/oversizeowa-lniana-koszula-mai-pure-white\/\",\"name\":\"Oversize'owa lniana koszula MAI Pure White - YOSCHIMOTO | High Fashion Store\",\"isPartOf\":{\"@id\":\"https:\/\/www.yoschimoto.com\/polish-fashion-designer\/pl\/#website\"},\"primaryImageOfPage\":{\"@id\":\"https:\/\/www.yoschimoto.com\/polish-fashion-designer\/pl\/produkt\/oversizeowa-lniana-koszula-mai-pure-white\/#primaryimage\"},\"image\":{\"@id\":\"https:\/\/www.yoschimoto.com\/polish-fashion-designer\/pl\/produkt\/oversizeowa-lniana-koszula-mai-pure-white\/#primaryimage\"},\"thumbnailUrl\":\"https:\/\/www.yoschimoto.com\/polish-fashion-designer\/wp-content\/uploads\/2024\/09\/MAI-Pure-White-4-scaled.jpg\",\"datePublished\":\"2024-09-12T07:22:07+00:00\",\"description\":\"Odkryj lnian\u0105 koszul\u0119 MAI Pure White, wykonan\u0105 w 100% z lej\u0105cego lnu w paski, z rozci\u0119tym dekoltem i obszernymi r\u0119kawami. Stylowa, przewiewna i uniwersalna koszula \u0142\u0105czy ponadczasowy szyk z nowoczesnym komfortem.\",\"breadcrumb\":{\"@id\":\"https:\/\/www.yoschimoto.com\/polish-fashion-designer\/pl\/produkt\/oversizeowa-lniana-koszula-mai-pure-white\/#breadcrumb\"},\"inLanguage\":\"pl-PL\",\"potentialAction\":[{\"@type\":\"ReadAction\",\"target\":[\"https:\/\/www.yoschimoto.com\/polish-fashion-designer\/pl\/produkt\/oversizeowa-lniana-koszula-mai-pure-white\/\"]}]},{\"@type\":\"ImageObject\",\"inLanguage\":\"pl-PL\",\"@id\":\"https:\/\/www.yoschimoto.com\/polish-fashion-designer\/pl\/produkt\/oversizeowa-lniana-koszula-mai-pure-white\/#primaryimage\",\"url\":\"https:\/\/www.yoschimoto.com\/polish-fashion-designer\/wp-content\/uploads\/2024\/09\/MAI-Pure-White-4-scaled.jpg\",\"contentUrl\":\"https:\/\/www.yoschimoto.com\/polish-fashion-designer\/wp-content\/uploads\/2024\/09\/MAI-Pure-White-4-scaled.jpg\",\"width\":1707,\"height\":2560},{\"@type\":\"BreadcrumbList\",\"@id\":\"https:\/\/www.yoschimoto.com\/polish-fashion-designer\/pl\/produkt\/oversizeowa-lniana-koszula-mai-pure-white\/#breadcrumb\",\"itemListElement\":[{\"@type\":\"ListItem\",\"position\":1,\"name\":\"Home\",\"item\":\"https:\/\/www.yoschimoto.com\/polish-fashion-designer\/pl\/polska-projektantka-mody-od-kimona-po-wieceja\/\"},{\"@type\":\"ListItem\",\"position\":2,\"name\":\"Sklep\",\"item\":\"https:\/\/www.yoschimoto.com\/polish-fashion-designer\/pl\/sklep\/\"},{\"@type\":\"ListItem\",\"position\":3,\"name\":\"Oversize&#8217;owa lniana koszula MAI Pure White\"}]},{\"@type\":\"WebSite\",\"@id\":\"https:\/\/www.yoschimoto.com\/polish-fashion-designer\/pl\/#website\",\"url\":\"https:\/\/www.yoschimoto.com\/polish-fashion-designer\/pl\/\",\"name\":\"YOSCHIMOTO | High Fashion Store\",\"description\":\"Polish Fashion Designer\",\"publisher\":{\"@id\":\"https:\/\/www.yoschimoto.com\/polish-fashion-designer\/pl\/#organization\"},\"potentialAction\":[{\"@type\":\"SearchAction\",\"target\":{\"@type\":\"EntryPoint\",\"urlTemplate\":\"https:\/\/www.yoschimoto.com\/polish-fashion-designer\/pl\/?s={search_term_string}\"},\"query-input\":{\"@type\":\"PropertyValueSpecification\",\"valueRequired\":true,\"valueName\":\"search_term_string\"}}],\"inLanguage\":\"pl-PL\"},{\"@type\":\"Organization\",\"@id\":\"https:\/\/www.yoschimoto.com\/polish-fashion-designer\/pl\/#organization\",\"name\":\"YOSCHIMOTO | High Fashion Store\",\"url\":\"https:\/\/www.yoschimoto.com\/polish-fashion-designer\/pl\/\",\"logo\":{\"@type\":\"ImageObject\",\"inLanguage\":\"pl-PL\",\"@id\":\"https:\/\/www.yoschimoto.com\/polish-fashion-designer\/pl\/#\/schema\/logo\/image\/\",\"url\":\"https:\/\/www.yoschimoto.com\/polish-fashion-designer\/wp-content\/uploads\/2025\/03\/YOSCHIMOTO-high-fashion-clothing-store.svg\",\"contentUrl\":\"https:\/\/www.yoschimoto.com\/polish-fashion-designer\/wp-content\/uploads\/2025\/03\/YOSCHIMOTO-high-fashion-clothing-store.svg\",\"width\":350,\"height\":100,\"caption\":\"YOSCHIMOTO | High Fashion Store\"},\"image\":{\"@id\":\"https:\/\/www.yoschimoto.com\/polish-fashion-designer\/pl\/#\/schema\/logo\/image\/\"}}]}<\/script>\n<meta property=\"og:availability\" content=\"instock\" \/>\n<meta property=\"product:availability\" content=\"instock\" \/>\n<meta property=\"product:condition\" content=\"new\" \/>\n<!-- \/ Yoast SEO plugin. -->","yoast_head_json":{"title":"Oversize'owa lniana koszula MAI Pure White - YOSCHIMOTO | High Fashion Store","description":"Odkryj lnian\u0105 koszul\u0119 MAI Pure White, wykonan\u0105 w 100% z lej\u0105cego lnu w paski, z rozci\u0119tym dekoltem i obszernymi r\u0119kawami. Stylowa, przewiewna i uniwersalna koszula \u0142\u0105czy ponadczasowy szyk z nowoczesnym komfortem.","robots":{"index":"index","follow":"follow","max-snippet":"max-snippet:-1","max-image-preview":"max-image-preview:large","max-video-preview":"max-video-preview:-1"},"canonical":"https:\/\/www.yoschimoto.com\/polish-fashion-designer\/pl\/produkt\/oversizeowa-lniana-koszula-mai-pure-white\/","og_locale":"pl_PL","og_type":"article","og_title":"Oversize'owa lniana koszula MAI Pure White - YOSCHIMOTO | High Fashion Store","og_description":"Odkryj lnian\u0105 koszul\u0119 MAI Pure White, wykonan\u0105 w 100% z lej\u0105cego lnu w paski, z rozci\u0119tym dekoltem i obszernymi r\u0119kawami. Stylowa, przewiewna i uniwersalna koszula \u0142\u0105czy ponadczasowy szyk z nowoczesnym komfortem.","og_url":"https:\/\/www.yoschimoto.com\/polish-fashion-designer\/pl\/produkt\/oversizeowa-lniana-koszula-mai-pure-white\/","og_site_name":"YOSCHIMOTO | High Fashion Store","og_image":[{"width":1707,"height":2560,"url":"https:\/\/www.yoschimoto.com\/polish-fashion-designer\/wp-content\/uploads\/2024\/09\/MAI-Pure-White-4-scaled.jpg","type":"image\/jpeg"}],"twitter_card":"summary_large_image","twitter_misc":{"Dost\u0119pno\u015b\u0107":"Dost\u0119pny"},"schema":{"@context":"https:\/\/schema.org","@graph":[{"@type":"WebPage","@id":"https:\/\/www.yoschimoto.com\/polish-fashion-designer\/pl\/produkt\/oversizeowa-lniana-koszula-mai-pure-white\/","url":"https:\/\/www.yoschimoto.com\/polish-fashion-designer\/pl\/produkt\/oversizeowa-lniana-koszula-mai-pure-white\/","name":"Oversize'owa lniana koszula MAI Pure White - YOSCHIMOTO | High Fashion Store","isPartOf":{"@id":"https:\/\/www.yoschimoto.com\/polish-fashion-designer\/pl\/#website"},"primaryImageOfPage":{"@id":"https:\/\/www.yoschimoto.com\/polish-fashion-designer\/pl\/produkt\/oversizeowa-lniana-koszula-mai-pure-white\/#primaryimage"},"image":{"@id":"https:\/\/www.yoschimoto.com\/polish-fashion-designer\/pl\/produkt\/oversizeowa-lniana-koszula-mai-pure-white\/#primaryimage"},"thumbnailUrl":"https:\/\/www.yoschimoto.com\/polish-fashion-designer\/wp-content\/uploads\/2024\/09\/MAI-Pure-White-4-scaled.jpg","datePublished":"2024-09-12T07:22:07+00:00","description":"Odkryj lnian\u0105 koszul\u0119 MAI Pure White, wykonan\u0105 w 100% z lej\u0105cego lnu w paski, z rozci\u0119tym dekoltem i obszernymi r\u0119kawami. Stylowa, przewiewna i uniwersalna koszula \u0142\u0105czy ponadczasowy szyk z nowoczesnym komfortem.","breadcrumb":{"@id":"https:\/\/www.yoschimoto.com\/polish-fashion-designer\/pl\/produkt\/oversizeowa-lniana-koszula-mai-pure-white\/#breadcrumb"},"inLanguage":"pl-PL","potentialAction":[{"@type":"ReadAction","target":["https:\/\/www.yoschimoto.com\/polish-fashion-designer\/pl\/produkt\/oversizeowa-lniana-koszula-mai-pure-white\/"]}]},{"@type":"ImageObject","inLanguage":"pl-PL","@id":"https:\/\/www.yoschimoto.com\/polish-fashion-designer\/pl\/produkt\/oversizeowa-lniana-koszula-mai-pure-white\/#primaryimage","url":"https:\/\/www.yoschimoto.com\/polish-fashion-designer\/wp-content\/uploads\/2024\/09\/MAI-Pure-White-4-scaled.jpg","contentUrl":"https:\/\/www.yoschimoto.com\/polish-fashion-designer\/wp-content\/uploads\/2024\/09\/MAI-Pure-White-4-scaled.jpg","width":1707,"height":2560},{"@type":"BreadcrumbList","@id":"https:\/\/www.yoschimoto.com\/polish-fashion-designer\/pl\/produkt\/oversizeowa-lniana-koszula-mai-pure-white\/#breadcrumb","itemListElement":[{"@type":"ListItem","position":1,"name":"Home","item":"https:\/\/www.yoschimoto.com\/polish-fashion-designer\/pl\/polska-projektantka-mody-od-kimona-po-wieceja\/"},{"@type":"ListItem","position":2,"name":"Sklep","item":"https:\/\/www.yoschimoto.com\/polish-fashion-designer\/pl\/sklep\/"},{"@type":"ListItem","position":3,"name":"Oversize&#8217;owa lniana koszula MAI Pure White"}]},{"@type":"WebSite","@id":"https:\/\/www.yoschimoto.com\/polish-fashion-designer\/pl\/#website","url":"https:\/\/www.yoschimoto.com\/polish-fashion-designer\/pl\/","name":"YOSCHIMOTO | High Fashion Store","description":"Polish Fashion Designer","publisher":{"@id":"https:\/\/www.yoschimoto.com\/polish-fashion-designer\/pl\/#organization"},"potentialAction":[{"@type":"SearchAction","target":{"@type":"EntryPoint","urlTemplate":"https:\/\/www.yoschimoto.com\/polish-fashion-designer\/pl\/?s={search_term_string}"},"query-input":{"@type":"PropertyValueSpecification","valueRequired":true,"valueName":"search_term_string"}}],"inLanguage":"pl-PL"},{"@type":"Organization","@id":"https:\/\/www.yoschimoto.com\/polish-fashion-designer\/pl\/#organization","name":"YOSCHIMOTO | High Fashion Store","url":"https:\/\/www.yoschimoto.com\/polish-fashion-designer\/pl\/","logo":{"@type":"ImageObject","inLanguage":"pl-PL","@id":"https:\/\/www.yoschimoto.com\/polish-fashion-designer\/pl\/#\/schema\/logo\/image\/","url":"https:\/\/www.yoschimoto.com\/polish-fashion-designer\/wp-content\/uploads\/2025\/03\/YOSCHIMOTO-high-fashion-clothing-store.svg","contentUrl":"https:\/\/www.yoschimoto.com\/polish-fashion-designer\/wp-content\/uploads\/2025\/03\/YOSCHIMOTO-high-fashion-clothing-store.svg","width":350,"height":100,"caption":"YOSCHIMOTO | High Fashion Store"},"image":{"@id":"https:\/\/www.yoschimoto.com\/polish-fashion-designer\/pl\/#\/schema\/logo\/image\/"}}]},"og_availability":"instock","product_availability":"instock","product_condition":"new"},"_links":{"self":[{"href":"https:\/\/www.yoschimoto.com\/polish-fashion-designer\/pl\/wp-json\/wp\/v2\/product\/992342","targetHints":{"allow":["GET"]}}],"collection":[{"href":"https:\/\/www.yoschimoto.com\/polish-fashion-designer\/pl\/wp-json\/wp\/v2\/product"}],"about":[{"href":"https:\/\/www.yoschimoto.com\/polish-fashion-designer\/pl\/wp-json\/wp\/v2\/types\/product"}],"wp:featuredmedia":[{"embeddable":true,"href":"https:\/\/www.yoschimoto.com\/polish-fashion-designer\/pl\/wp-json\/wp\/v2\/media\/990212"}],"wp:attachment":[{"href":"https:\/\/www.yoschimoto.com\/polish-fashion-designer\/pl\/wp-json\/wp\/v2\/media?parent=992342"}],"wp:term":[{"taxonomy":"product_brand","embeddable":true,"href":"https:\/\/www.yoschimoto.com\/polish-fashion-designer\/pl\/wp-json\/wp\/v2\/product_brand?post=992342"},{"taxonomy":"product_cat","embeddable":true,"href":"https:\/\/www.yoschimoto.com\/polish-fashion-designer\/pl\/wp-json\/wp\/v2\/product_cat?post=992342"},{"taxonomy":"product_tag","embeddable":true,"href":"https:\/\/www.yoschimoto.com\/polish-fashion-designer\/pl\/wp-json\/wp\/v2\/product_tag?post=992342"}],"curies":[{"name":"wp","href":"https:\/\/api.w.org\/{rel}","templated":true}]}}