{"id":992325,"date":"2024-09-10T23:25:16","date_gmt":"2024-09-10T21:25:16","guid":{"rendered":"https:\/\/www.yoschimoto.com\/polish-fashion-designer\/product\/kimonowa-bluzka-eri-khaki\/"},"modified":"2025-10-10T21:23:15","modified_gmt":"2025-10-10T19:23:15","slug":"kimonowa-bluzka-eri-khaki","status":"publish","type":"product","link":"https:\/\/www.yoschimoto.com\/polish-fashion-designer\/pl\/produkt\/kimonowa-bluzka-eri-khaki\/","title":{"rendered":"kimonowa bluzka ERI Khaki"},"content":{"rendered":"<div class=\"vgblk-rw-wrapper limit-wrapper\">\n<p class=\"Normalny tm5\">KIMONOWA BLUZKA ERI KHAKI<\/p>\n<p class=\"Normalny tm5\">\n<p class=\"Normalny tm5\">Kimonowa bluzka Eri jest wykonana z wysokiej jako\u015bci, spr\u0119\u017cystego \u017cakardu wiskozowego, \u0142\u0105cz\u0105cego unikaln\u0105 tekstur\u0119 z p\u0142ynnym, matowym wyko\u0144czeniem.<\/p>\n<p class=\"Normalny tm5\">Tkanina jest mi\u0119kka w dotyku i przypomina w\u0142\u00f3kno miedziowe cupro, zapewniaj\u0105c wyrafinowany, elegancki efekt przy jednoczesnym zachowaniu komfortu i oddychalno\u015bci.<\/p>\n<p class=\"Normalny tm5\">G\u0142\u0119boki odcie\u0144 khaki dodaje jej g\u0142\u0119bi i wszechstronno\u015bci, dzi\u0119ki czemu jest idealnym dodatkiem do ka\u017cdej garderoby, pasuj\u0105cym zar\u00f3wno do codziennych, jak i bardziej formalnych stylizacji.<\/p>\n<p class=\"Normalny tm5\">Koszulka ma lu\u017any, lekko oversize&#8217;owy kr\u00f3j inspirowany kimonem, dzi\u0119ki czemu stanowi nowoczesne podej\u015bcie do klasycznego kimonowego topu.<\/p>\n<p class=\"Normalny tm5\">Jego otulaj\u0105ca konstrukcja pozwala koszuli swobodnie uk\u0142ada\u0107 si\u0119 na ciele, zapewniaj\u0105c elegancki i regulowany dekolt w kszta\u0142cie litery V.<\/p>\n<p class=\"Normalny tm5\">Lekkie, uk\u0142adaj\u0105ce si\u0119 kaskadowo linie zapewniaj\u0105 subtelny, elegancki wygl\u0105d, a kr\u00f3j kopertowy zapewnia idealne dopasowanie do r\u00f3\u017cnych typ\u00f3w sylwetki, szczeg\u00f3lnie dla os\u00f3b z pe\u0142niejszym biustem, dla kt\u00f3rych tradycyjne bluzki kimono mog\u0105 by\u0107 mniej dopasowane.<\/p>\n<p class=\"Normalny tm5\">Jednym z kluczowych atut\u00f3w tej koszuli jest jej wszechstronno\u015b\u0107 w stylizacji.<\/p>\n<p class=\"Normalny tm5\">Brak zapi\u0119\u0107 pozwala na swobod\u0119 w jej noszeniu. Mo\u017cna j\u0105 swobodnie w\u0142o\u017cy\u0107 do spodni z wysokim stanem lub sp\u00f3dnicy, aby uzyska\u0107 elegancki, swobodny look, lub zawi\u0105za\u0107 z przodu na supe\u0142, przekszta\u0142caj\u0105c j\u0105 w stylow\u0105, skr\u00f3con\u0105 bluzk\u0119. <\/p>\n<p class=\"Normalny tm5\">Ta uniwersalna konstrukcja pozwala eksperymentowa\u0107 z r\u00f3\u017cnymi stylami, w zale\u017cno\u015bci od okazji lub osobistych preferencji.<\/p>\n<p class=\"Normalny tm5\">Dost\u0119pna zar\u00f3wno w wersji standardowej, jak i petite, koszula Eri jest dostosowana do r\u00f3\u017cnych kszta\u0142t\u00f3w i rozmiar\u00f3w cia\u0142a.<\/p>\n<p class=\"Normalny tm5\">Wersja petite ma w\u0119\u017cszy kr\u00f3j i kr\u00f3tsze r\u0119kawy, dzi\u0119ki czemu proporcje s\u0105 odpowiednie dla tych, kt\u00f3rzy preferuj\u0105 bardziej dopasowany wygl\u0105d.<\/p>\n<p class=\"Normalny tm5\">Niezale\u017cnie od tego, czy nosisz j\u0105 na co dzie\u0144, czy zak\u0142adasz j\u0105 na wieczorn\u0105 okazj\u0119, koszula kimonowa Eri zapewnia zar\u00f3wno wygod\u0119, jak i elegancj\u0119 w jednym ponadczasowym egzemplarzu.<\/p>\n<p class=\"Normalny tm5\">\n<p class=\"Normalny tm5\">\n<p class=\"Normalny tm5\">Dost\u0119pne rozmiary: REGULAR i PETITE<\/p>\n<\/div>\n<p><!-- .vgblk-rw-wrapper --><\/p>\n","protected":false},"excerpt":{"rendered":"<p class=\"Normalny tm5\">Wymiary:<\/p>\n<p class=\"Normalny tm5\">\n<p class=\"Normalny tm5\">REGULAR<\/p>\n<p class=\"Normalny tm5\">szeroko\u015b\u0107: 59 cm<\/p>\n<p class=\"Normalny tm5\">d\u0142ugo\u015b\u0107: 61 cm<\/p>\n<p class=\"Normalny tm5\">r\u0119kaw mierzony od szyi: 75 cm<\/p>\n<p class=\"Normalny tm5\">\n<p class=\"Normalny tm5\">PETITE<\/p>\n<p class=\"Normalny tm5\">szeroko\u015b\u0107: 46 cm<\/p>\n<p class=\"Normalny tm5\">d\u0142ugo\u015b\u0107: 60 cm<\/p>\n<p class=\"Normalny tm5\">r\u0119kaw mierzony od szyi: 67 cm<\/p>\n<p class=\"Normalny tm5\">\n<p class=\"Normalny tm5\">\n<p class=\"Normalny tm5\">\n<p class=\"Normalny tm5\">Osoba na zdj\u0119ciu nosi rozmiar M\/38 (173 cm wzrostu) i ma na sobie wersj\u0119 REGULAR.<\/p>\n<p class=\"Normalny tm5\">\n<p class=\"Normalny tm5\">Sk\u0142ad:<\/p>\n<p class=\"Normalny tm5\">100% wiskoza<\/p>\n<p class=\"Normalny\">\n","protected":false},"featured_media":990090,"template":"","meta":{"om_disable_all_campaigns":false,"inline_featured_image":false,"_mi_skip_tracking":false,"_monsterinsights_sitenote_active":false,"_monsterinsights_sitenote_note":"","_monsterinsights_sitenote_category":0,"_uf_show_specific_survey":0,"_uf_disable_surveys":false},"product_brand":[],"product_cat":[418,417,412,442],"product_tag":[421,420,419,423,422],"class_list":{"0":"post-992325","1":"product","2":"type-product","3":"status-publish","4":"has-post-thumbnail","6":"product_cat-koszule-i-topy","7":"product_cat-koszule-kimonowe","8":"product_cat-ready-to-wear-pl","9":"product_cat-wyprzedaz","10":"product_tag-cupro-pl","11":"product_tag-kimonowa-bluzka","12":"product_tag-koszula-casualowa","13":"product_tag-luzna-bluzka","14":"product_tag-zakard","16":"first","17":"instock","18":"sale","19":"taxable","20":"shipping-taxable","21":"purchasable","22":"product-type-variable","23":"has-default-attributes"},"yoast_head":"<!-- This site is optimized with the Yoast SEO plugin v24.5 - https:\/\/yoast.com\/wordpress\/plugins\/seo\/ -->\n<title>kimonowa bluzka ERI Khaki - YOSCHIMOTO | High Fashion Store<\/title>\n<meta name=\"description\" content=\"Odkryj kimonow\u0105 koszul\u0119 ERI Khaki wykonan\u0105 ze spr\u0119\u017cystego wiskozowego \u017cakardu o lej\u0105cym, matowym wyko\u0144czeniu. Posiada kopertowy kr\u00f3j, jest wszechstronna, elegancka i dost\u0119pna w kolorze khaki w rozmiarach standardowym i petite.\" \/>\n<meta name=\"robots\" content=\"index, follow, max-snippet:-1, max-image-preview:large, max-video-preview:-1\" \/>\n<link rel=\"canonical\" href=\"https:\/\/www.yoschimoto.com\/polish-fashion-designer\/pl\/produkt\/kimonowa-bluzka-eri-khaki\/\" \/>\n<meta property=\"og:locale\" content=\"pl_PL\" \/>\n<meta property=\"og:type\" content=\"article\" \/>\n<meta property=\"og:title\" content=\"kimonowa bluzka ERI Khaki - YOSCHIMOTO | High Fashion Store\" \/>\n<meta property=\"og:description\" content=\"Odkryj kimonow\u0105 koszul\u0119 ERI Khaki wykonan\u0105 ze spr\u0119\u017cystego wiskozowego \u017cakardu o lej\u0105cym, matowym wyko\u0144czeniu. Posiada kopertowy kr\u00f3j, jest wszechstronna, elegancka i dost\u0119pna w kolorze khaki w rozmiarach standardowym i petite.\" \/>\n<meta property=\"og:url\" content=\"https:\/\/www.yoschimoto.com\/polish-fashion-designer\/pl\/produkt\/kimonowa-bluzka-eri-khaki\/\" \/>\n<meta property=\"og:site_name\" content=\"YOSCHIMOTO | High Fashion Store\" \/>\n<meta property=\"article:modified_time\" content=\"2025-10-10T19:23:15+00:00\" \/>\n<meta property=\"og:image\" content=\"https:\/\/www.yoschimoto.com\/polish-fashion-designer\/wp-content\/uploads\/2024\/09\/ERI-Khaki-1-scaled.jpg\" \/>\n\t<meta property=\"og:image:width\" content=\"1707\" \/>\n\t<meta property=\"og:image:height\" content=\"2560\" \/>\n\t<meta property=\"og:image:type\" content=\"image\/jpeg\" \/>\n<meta name=\"twitter:card\" content=\"summary_large_image\" \/>\n<meta name=\"twitter:label1\" content=\"Dost\u0119pno\u015b\u0107\" \/>\n\t<meta name=\"twitter:data1\" content=\"Dost\u0119pny\" \/>\n<script type=\"application\/ld+json\" class=\"yoast-schema-graph\">{\"@context\":\"https:\/\/schema.org\",\"@graph\":[{\"@type\":\"WebPage\",\"@id\":\"https:\/\/www.yoschimoto.com\/polish-fashion-designer\/pl\/produkt\/kimonowa-bluzka-eri-khaki\/\",\"url\":\"https:\/\/www.yoschimoto.com\/polish-fashion-designer\/pl\/produkt\/kimonowa-bluzka-eri-khaki\/\",\"name\":\"kimonowa bluzka ERI Khaki - YOSCHIMOTO | High Fashion Store\",\"isPartOf\":{\"@id\":\"https:\/\/www.yoschimoto.com\/polish-fashion-designer\/pl\/#website\"},\"primaryImageOfPage\":{\"@id\":\"https:\/\/www.yoschimoto.com\/polish-fashion-designer\/pl\/produkt\/kimonowa-bluzka-eri-khaki\/#primaryimage\"},\"image\":{\"@id\":\"https:\/\/www.yoschimoto.com\/polish-fashion-designer\/pl\/produkt\/kimonowa-bluzka-eri-khaki\/#primaryimage\"},\"thumbnailUrl\":\"https:\/\/www.yoschimoto.com\/polish-fashion-designer\/wp-content\/uploads\/2024\/09\/ERI-Khaki-1-scaled.jpg\",\"datePublished\":\"2024-09-10T21:25:16+00:00\",\"dateModified\":\"2025-10-10T19:23:15+00:00\",\"description\":\"Odkryj kimonow\u0105 koszul\u0119 ERI Khaki wykonan\u0105 ze spr\u0119\u017cystego wiskozowego \u017cakardu o lej\u0105cym, matowym wyko\u0144czeniu. Posiada kopertowy kr\u00f3j, jest wszechstronna, elegancka i dost\u0119pna w kolorze khaki w rozmiarach standardowym i petite.\",\"breadcrumb\":{\"@id\":\"https:\/\/www.yoschimoto.com\/polish-fashion-designer\/pl\/produkt\/kimonowa-bluzka-eri-khaki\/#breadcrumb\"},\"inLanguage\":\"pl-PL\",\"potentialAction\":[{\"@type\":\"ReadAction\",\"target\":[\"https:\/\/www.yoschimoto.com\/polish-fashion-designer\/pl\/produkt\/kimonowa-bluzka-eri-khaki\/\"]}]},{\"@type\":\"ImageObject\",\"inLanguage\":\"pl-PL\",\"@id\":\"https:\/\/www.yoschimoto.com\/polish-fashion-designer\/pl\/produkt\/kimonowa-bluzka-eri-khaki\/#primaryimage\",\"url\":\"https:\/\/www.yoschimoto.com\/polish-fashion-designer\/wp-content\/uploads\/2024\/09\/ERI-Khaki-1-scaled.jpg\",\"contentUrl\":\"https:\/\/www.yoschimoto.com\/polish-fashion-designer\/wp-content\/uploads\/2024\/09\/ERI-Khaki-1-scaled.jpg\",\"width\":1707,\"height\":2560},{\"@type\":\"BreadcrumbList\",\"@id\":\"https:\/\/www.yoschimoto.com\/polish-fashion-designer\/pl\/produkt\/kimonowa-bluzka-eri-khaki\/#breadcrumb\",\"itemListElement\":[{\"@type\":\"ListItem\",\"position\":1,\"name\":\"Home\",\"item\":\"https:\/\/www.yoschimoto.com\/polish-fashion-designer\/pl\/polska-projektantka-mody-od-kimona-po-wieceja\/\"},{\"@type\":\"ListItem\",\"position\":2,\"name\":\"Sklep\",\"item\":\"https:\/\/www.yoschimoto.com\/polish-fashion-designer\/pl\/sklep\/\"},{\"@type\":\"ListItem\",\"position\":3,\"name\":\"kimonowa bluzka ERI Khaki\"}]},{\"@type\":\"WebSite\",\"@id\":\"https:\/\/www.yoschimoto.com\/polish-fashion-designer\/pl\/#website\",\"url\":\"https:\/\/www.yoschimoto.com\/polish-fashion-designer\/pl\/\",\"name\":\"YOSCHIMOTO | High Fashion Store\",\"description\":\"Polish Fashion Designer\",\"publisher\":{\"@id\":\"https:\/\/www.yoschimoto.com\/polish-fashion-designer\/pl\/#organization\"},\"potentialAction\":[{\"@type\":\"SearchAction\",\"target\":{\"@type\":\"EntryPoint\",\"urlTemplate\":\"https:\/\/www.yoschimoto.com\/polish-fashion-designer\/pl\/?s={search_term_string}\"},\"query-input\":{\"@type\":\"PropertyValueSpecification\",\"valueRequired\":true,\"valueName\":\"search_term_string\"}}],\"inLanguage\":\"pl-PL\"},{\"@type\":\"Organization\",\"@id\":\"https:\/\/www.yoschimoto.com\/polish-fashion-designer\/pl\/#organization\",\"name\":\"YOSCHIMOTO | High Fashion Store\",\"url\":\"https:\/\/www.yoschimoto.com\/polish-fashion-designer\/pl\/\",\"logo\":{\"@type\":\"ImageObject\",\"inLanguage\":\"pl-PL\",\"@id\":\"https:\/\/www.yoschimoto.com\/polish-fashion-designer\/pl\/#\/schema\/logo\/image\/\",\"url\":\"https:\/\/www.yoschimoto.com\/polish-fashion-designer\/wp-content\/uploads\/2025\/03\/YOSCHIMOTO-high-fashion-clothing-store.svg\",\"contentUrl\":\"https:\/\/www.yoschimoto.com\/polish-fashion-designer\/wp-content\/uploads\/2025\/03\/YOSCHIMOTO-high-fashion-clothing-store.svg\",\"width\":350,\"height\":100,\"caption\":\"YOSCHIMOTO | High Fashion Store\"},\"image\":{\"@id\":\"https:\/\/www.yoschimoto.com\/polish-fashion-designer\/pl\/#\/schema\/logo\/image\/\"}}]}<\/script>\n<meta property=\"og:availability\" content=\"instock\" \/>\n<meta property=\"product:availability\" content=\"instock\" \/>\n<meta property=\"product:condition\" content=\"new\" \/>\n<!-- \/ Yoast SEO plugin. -->","yoast_head_json":{"title":"kimonowa bluzka ERI Khaki - YOSCHIMOTO | High Fashion Store","description":"Odkryj kimonow\u0105 koszul\u0119 ERI Khaki wykonan\u0105 ze spr\u0119\u017cystego wiskozowego \u017cakardu o lej\u0105cym, matowym wyko\u0144czeniu. Posiada kopertowy kr\u00f3j, jest wszechstronna, elegancka i dost\u0119pna w kolorze khaki w rozmiarach standardowym i petite.","robots":{"index":"index","follow":"follow","max-snippet":"max-snippet:-1","max-image-preview":"max-image-preview:large","max-video-preview":"max-video-preview:-1"},"canonical":"https:\/\/www.yoschimoto.com\/polish-fashion-designer\/pl\/produkt\/kimonowa-bluzka-eri-khaki\/","og_locale":"pl_PL","og_type":"article","og_title":"kimonowa bluzka ERI Khaki - YOSCHIMOTO | High Fashion Store","og_description":"Odkryj kimonow\u0105 koszul\u0119 ERI Khaki wykonan\u0105 ze spr\u0119\u017cystego wiskozowego \u017cakardu o lej\u0105cym, matowym wyko\u0144czeniu. Posiada kopertowy kr\u00f3j, jest wszechstronna, elegancka i dost\u0119pna w kolorze khaki w rozmiarach standardowym i petite.","og_url":"https:\/\/www.yoschimoto.com\/polish-fashion-designer\/pl\/produkt\/kimonowa-bluzka-eri-khaki\/","og_site_name":"YOSCHIMOTO | High Fashion Store","article_modified_time":"2025-10-10T19:23:15+00:00","og_image":[{"width":1707,"height":2560,"url":"https:\/\/www.yoschimoto.com\/polish-fashion-designer\/wp-content\/uploads\/2024\/09\/ERI-Khaki-1-scaled.jpg","type":"image\/jpeg"}],"twitter_card":"summary_large_image","twitter_misc":{"Dost\u0119pno\u015b\u0107":"Dost\u0119pny"},"schema":{"@context":"https:\/\/schema.org","@graph":[{"@type":"WebPage","@id":"https:\/\/www.yoschimoto.com\/polish-fashion-designer\/pl\/produkt\/kimonowa-bluzka-eri-khaki\/","url":"https:\/\/www.yoschimoto.com\/polish-fashion-designer\/pl\/produkt\/kimonowa-bluzka-eri-khaki\/","name":"kimonowa bluzka ERI Khaki - YOSCHIMOTO | High Fashion Store","isPartOf":{"@id":"https:\/\/www.yoschimoto.com\/polish-fashion-designer\/pl\/#website"},"primaryImageOfPage":{"@id":"https:\/\/www.yoschimoto.com\/polish-fashion-designer\/pl\/produkt\/kimonowa-bluzka-eri-khaki\/#primaryimage"},"image":{"@id":"https:\/\/www.yoschimoto.com\/polish-fashion-designer\/pl\/produkt\/kimonowa-bluzka-eri-khaki\/#primaryimage"},"thumbnailUrl":"https:\/\/www.yoschimoto.com\/polish-fashion-designer\/wp-content\/uploads\/2024\/09\/ERI-Khaki-1-scaled.jpg","datePublished":"2024-09-10T21:25:16+00:00","dateModified":"2025-10-10T19:23:15+00:00","description":"Odkryj kimonow\u0105 koszul\u0119 ERI Khaki wykonan\u0105 ze spr\u0119\u017cystego wiskozowego \u017cakardu o lej\u0105cym, matowym wyko\u0144czeniu. Posiada kopertowy kr\u00f3j, jest wszechstronna, elegancka i dost\u0119pna w kolorze khaki w rozmiarach standardowym i petite.","breadcrumb":{"@id":"https:\/\/www.yoschimoto.com\/polish-fashion-designer\/pl\/produkt\/kimonowa-bluzka-eri-khaki\/#breadcrumb"},"inLanguage":"pl-PL","potentialAction":[{"@type":"ReadAction","target":["https:\/\/www.yoschimoto.com\/polish-fashion-designer\/pl\/produkt\/kimonowa-bluzka-eri-khaki\/"]}]},{"@type":"ImageObject","inLanguage":"pl-PL","@id":"https:\/\/www.yoschimoto.com\/polish-fashion-designer\/pl\/produkt\/kimonowa-bluzka-eri-khaki\/#primaryimage","url":"https:\/\/www.yoschimoto.com\/polish-fashion-designer\/wp-content\/uploads\/2024\/09\/ERI-Khaki-1-scaled.jpg","contentUrl":"https:\/\/www.yoschimoto.com\/polish-fashion-designer\/wp-content\/uploads\/2024\/09\/ERI-Khaki-1-scaled.jpg","width":1707,"height":2560},{"@type":"BreadcrumbList","@id":"https:\/\/www.yoschimoto.com\/polish-fashion-designer\/pl\/produkt\/kimonowa-bluzka-eri-khaki\/#breadcrumb","itemListElement":[{"@type":"ListItem","position":1,"name":"Home","item":"https:\/\/www.yoschimoto.com\/polish-fashion-designer\/pl\/polska-projektantka-mody-od-kimona-po-wieceja\/"},{"@type":"ListItem","position":2,"name":"Sklep","item":"https:\/\/www.yoschimoto.com\/polish-fashion-designer\/pl\/sklep\/"},{"@type":"ListItem","position":3,"name":"kimonowa bluzka ERI Khaki"}]},{"@type":"WebSite","@id":"https:\/\/www.yoschimoto.com\/polish-fashion-designer\/pl\/#website","url":"https:\/\/www.yoschimoto.com\/polish-fashion-designer\/pl\/","name":"YOSCHIMOTO | High Fashion Store","description":"Polish Fashion Designer","publisher":{"@id":"https:\/\/www.yoschimoto.com\/polish-fashion-designer\/pl\/#organization"},"potentialAction":[{"@type":"SearchAction","target":{"@type":"EntryPoint","urlTemplate":"https:\/\/www.yoschimoto.com\/polish-fashion-designer\/pl\/?s={search_term_string}"},"query-input":{"@type":"PropertyValueSpecification","valueRequired":true,"valueName":"search_term_string"}}],"inLanguage":"pl-PL"},{"@type":"Organization","@id":"https:\/\/www.yoschimoto.com\/polish-fashion-designer\/pl\/#organization","name":"YOSCHIMOTO | High Fashion Store","url":"https:\/\/www.yoschimoto.com\/polish-fashion-designer\/pl\/","logo":{"@type":"ImageObject","inLanguage":"pl-PL","@id":"https:\/\/www.yoschimoto.com\/polish-fashion-designer\/pl\/#\/schema\/logo\/image\/","url":"https:\/\/www.yoschimoto.com\/polish-fashion-designer\/wp-content\/uploads\/2025\/03\/YOSCHIMOTO-high-fashion-clothing-store.svg","contentUrl":"https:\/\/www.yoschimoto.com\/polish-fashion-designer\/wp-content\/uploads\/2025\/03\/YOSCHIMOTO-high-fashion-clothing-store.svg","width":350,"height":100,"caption":"YOSCHIMOTO | High Fashion Store"},"image":{"@id":"https:\/\/www.yoschimoto.com\/polish-fashion-designer\/pl\/#\/schema\/logo\/image\/"}}]},"og_availability":"instock","product_availability":"instock","product_condition":"new"},"_links":{"self":[{"href":"https:\/\/www.yoschimoto.com\/polish-fashion-designer\/pl\/wp-json\/wp\/v2\/product\/992325","targetHints":{"allow":["GET"]}}],"collection":[{"href":"https:\/\/www.yoschimoto.com\/polish-fashion-designer\/pl\/wp-json\/wp\/v2\/product"}],"about":[{"href":"https:\/\/www.yoschimoto.com\/polish-fashion-designer\/pl\/wp-json\/wp\/v2\/types\/product"}],"wp:featuredmedia":[{"embeddable":true,"href":"https:\/\/www.yoschimoto.com\/polish-fashion-designer\/pl\/wp-json\/wp\/v2\/media\/990090"}],"wp:attachment":[{"href":"https:\/\/www.yoschimoto.com\/polish-fashion-designer\/pl\/wp-json\/wp\/v2\/media?parent=992325"}],"wp:term":[{"taxonomy":"product_brand","embeddable":true,"href":"https:\/\/www.yoschimoto.com\/polish-fashion-designer\/pl\/wp-json\/wp\/v2\/product_brand?post=992325"},{"taxonomy":"product_cat","embeddable":true,"href":"https:\/\/www.yoschimoto.com\/polish-fashion-designer\/pl\/wp-json\/wp\/v2\/product_cat?post=992325"},{"taxonomy":"product_tag","embeddable":true,"href":"https:\/\/www.yoschimoto.com\/polish-fashion-designer\/pl\/wp-json\/wp\/v2\/product_tag?post=992325"}],"curies":[{"name":"wp","href":"https:\/\/api.w.org\/{rel}","templated":true}]}}