{"id":992597,"date":"2023-12-29T09:26:27","date_gmt":"2023-12-29T08:26:27","guid":{"rendered":"https:\/\/www.yoschimoto.com\/polish-fashion-designer\/status-zamowienia\/"},"modified":"2025-03-19T14:41:58","modified_gmt":"2025-03-19T13:41:58","slug":"status-zamowienia","status":"publish","type":"page","link":"https:\/\/www.yoschimoto.com\/polish-fashion-designer\/pl\/status-zamowienia\/","title":{"rendered":"Status zam\u00f3wienia"},"content":{"rendered":"\t\t<div data-elementor-type=\"wp-page\" data-elementor-id=\"992597\" class=\"elementor elementor-992597 elementor-732\" data-elementor-post-type=\"page\">\n\t\t\t\t<div class=\"elementor-element elementor-element-43c5ee3 e-flex e-con-boxed e-con e-parent\" data-id=\"43c5ee3\" data-element_type=\"container\">\n\t\t\t\t\t<div class=\"e-con-inner\">\n\t\t\t\t<div class=\"elementor-element elementor-element-a96a90d elementor-widget elementor-widget-text-editor\" data-id=\"a96a90d\" data-element_type=\"widget\" data-widget_type=\"text-editor.default\">\n\t\t\t\t<div class=\"elementor-widget-container\">\n\t\t\t\t\t\t\t\t\t<p>Chcesz \u015bledzi\u0107 lub anulowa\u0107 zam\u00f3wienie? Wprowad\u017a numer zam\u00f3wienia i adres e-mail u\u017cyty do zam\u00f3wienia, kt\u00f3re chcesz \u015bledzi\u0107 lub anulowa\u0107. Je\u015bli nie up\u0142yn\u0105\u0142 jeszcze 30-minutowy okres wyrzut\u00f3w sumienia, wybierz opcj\u0119 \u201eAnuluj zam\u00f3wienie\u201d po przekierowaniu na stron\u0119 \u015bledzenia.<\/p>\t\t\t\t\t\t\t\t<\/div>\n\t\t\t\t<\/div>\n\t\t\t\t<div class=\"vamtam-has-theme-widget-styles elementor-element elementor-element-0508bce elementor-widget__width-initial elementor-widget-mobile__width-inherit elementor-widget elementor-widget-wc-elements\" data-id=\"0508bce\" data-element_type=\"widget\" data-widget_type=\"wc-elements.default\">\n\t\t\t\t<div class=\"elementor-widget-container\">\n\t\t\t\t\t<div class=\"woocommerce\"><\/div>\t\t\t\t<\/div>\n\t\t\t\t<\/div>\n\t\t\t\t\t<\/div>\n\t\t\t\t<\/div>\n\t\t\t\t<\/div>\n\t\t","protected":false},"excerpt":{"rendered":"<p>\u015aledzenie zam\u00f3wienia<\/p>\n","protected":false},"author":1,"featured_media":0,"parent":0,"menu_order":0,"comment_status":"closed","ping_status":"closed","template":"","meta":{"om_disable_all_campaigns":false,"inline_featured_image":false,"_mi_skip_tracking":false,"_monsterinsights_sitenote_active":false,"_monsterinsights_sitenote_note":"","_monsterinsights_sitenote_category":0,"_uf_show_specific_survey":0,"_uf_disable_surveys":false,"footnotes":""},"class_list":["post-992597","page","type-page","status-publish","hentry"],"yoast_head":"<!-- This site is optimized with the Yoast SEO plugin v24.5 - https:\/\/yoast.com\/wordpress\/plugins\/seo\/ -->\n<title>Status zam\u00f3wienia - YOSCHIMOTO | High Fashion Store<\/title>\n<meta name=\"robots\" content=\"index, follow, max-snippet:-1, max-image-preview:large, max-video-preview:-1\" \/>\n<link rel=\"canonical\" href=\"https:\/\/www.yoschimoto.com\/polish-fashion-designer\/pl\/status-zamowienia\/\" \/>\n<meta property=\"og:locale\" content=\"pl_PL\" \/>\n<meta property=\"og:type\" content=\"article\" \/>\n<meta property=\"og:title\" content=\"Status zam\u00f3wienia - YOSCHIMOTO | High Fashion Store\" \/>\n<meta property=\"og:description\" content=\"\u015aledzenie zam\u00f3wienia\" \/>\n<meta property=\"og:url\" content=\"https:\/\/www.yoschimoto.com\/polish-fashion-designer\/pl\/status-zamowienia\/\" \/>\n<meta property=\"og:site_name\" content=\"YOSCHIMOTO | High Fashion Store\" \/>\n<meta property=\"article:modified_time\" content=\"2025-03-19T13:41:58+00:00\" \/>\n<meta name=\"twitter:card\" content=\"summary_large_image\" \/>\n<script type=\"application\/ld+json\" class=\"yoast-schema-graph\">{\"@context\":\"https:\/\/schema.org\",\"@graph\":[{\"@type\":\"WebPage\",\"@id\":\"https:\/\/www.yoschimoto.com\/polish-fashion-designer\/pl\/status-zamowienia\/\",\"url\":\"https:\/\/www.yoschimoto.com\/polish-fashion-designer\/pl\/status-zamowienia\/\",\"name\":\"Status zam\u00f3wienia - YOSCHIMOTO | High Fashion Store\",\"isPartOf\":{\"@id\":\"https:\/\/www.yoschimoto.com\/polish-fashion-designer\/pl\/#website\"},\"datePublished\":\"2023-12-29T08:26:27+00:00\",\"dateModified\":\"2025-03-19T13:41:58+00:00\",\"breadcrumb\":{\"@id\":\"https:\/\/www.yoschimoto.com\/polish-fashion-designer\/pl\/status-zamowienia\/#breadcrumb\"},\"inLanguage\":\"pl-PL\",\"potentialAction\":[{\"@type\":\"ReadAction\",\"target\":[\"https:\/\/www.yoschimoto.com\/polish-fashion-designer\/pl\/status-zamowienia\/\"]}]},{\"@type\":\"BreadcrumbList\",\"@id\":\"https:\/\/www.yoschimoto.com\/polish-fashion-designer\/pl\/status-zamowienia\/#breadcrumb\",\"itemListElement\":[{\"@type\":\"ListItem\",\"position\":1,\"name\":\"Home\",\"item\":\"https:\/\/www.yoschimoto.com\/polish-fashion-designer\/pl\/polska-projektantka-mody-od-kimona-po-wieceja\/\"},{\"@type\":\"ListItem\",\"position\":2,\"name\":\"Status zam\u00f3wienia\"}]},{\"@type\":\"WebSite\",\"@id\":\"https:\/\/www.yoschimoto.com\/polish-fashion-designer\/pl\/#website\",\"url\":\"https:\/\/www.yoschimoto.com\/polish-fashion-designer\/pl\/\",\"name\":\"YOSCHIMOTO | High Fashion Store\",\"description\":\"Polish Fashion Designer\",\"publisher\":{\"@id\":\"https:\/\/www.yoschimoto.com\/polish-fashion-designer\/pl\/#organization\"},\"potentialAction\":[{\"@type\":\"SearchAction\",\"target\":{\"@type\":\"EntryPoint\",\"urlTemplate\":\"https:\/\/www.yoschimoto.com\/polish-fashion-designer\/pl\/?s={search_term_string}\"},\"query-input\":{\"@type\":\"PropertyValueSpecification\",\"valueRequired\":true,\"valueName\":\"search_term_string\"}}],\"inLanguage\":\"pl-PL\"},{\"@type\":\"Organization\",\"@id\":\"https:\/\/www.yoschimoto.com\/polish-fashion-designer\/pl\/#organization\",\"name\":\"YOSCHIMOTO | High Fashion Store\",\"url\":\"https:\/\/www.yoschimoto.com\/polish-fashion-designer\/pl\/\",\"logo\":{\"@type\":\"ImageObject\",\"inLanguage\":\"pl-PL\",\"@id\":\"https:\/\/www.yoschimoto.com\/polish-fashion-designer\/pl\/#\/schema\/logo\/image\/\",\"url\":\"https:\/\/www.yoschimoto.com\/polish-fashion-designer\/wp-content\/uploads\/2025\/03\/YOSCHIMOTO-high-fashion-clothing-store.svg\",\"contentUrl\":\"https:\/\/www.yoschimoto.com\/polish-fashion-designer\/wp-content\/uploads\/2025\/03\/YOSCHIMOTO-high-fashion-clothing-store.svg\",\"width\":350,\"height\":100,\"caption\":\"YOSCHIMOTO | High Fashion Store\"},\"image\":{\"@id\":\"https:\/\/www.yoschimoto.com\/polish-fashion-designer\/pl\/#\/schema\/logo\/image\/\"}}]}<\/script>\n<!-- \/ Yoast SEO plugin. -->","yoast_head_json":{"title":"Status zam\u00f3wienia - YOSCHIMOTO | High Fashion Store","robots":{"index":"index","follow":"follow","max-snippet":"max-snippet:-1","max-image-preview":"max-image-preview:large","max-video-preview":"max-video-preview:-1"},"canonical":"https:\/\/www.yoschimoto.com\/polish-fashion-designer\/pl\/status-zamowienia\/","og_locale":"pl_PL","og_type":"article","og_title":"Status zam\u00f3wienia - YOSCHIMOTO | High Fashion Store","og_description":"\u015aledzenie zam\u00f3wienia","og_url":"https:\/\/www.yoschimoto.com\/polish-fashion-designer\/pl\/status-zamowienia\/","og_site_name":"YOSCHIMOTO | High Fashion Store","article_modified_time":"2025-03-19T13:41:58+00:00","twitter_card":"summary_large_image","schema":{"@context":"https:\/\/schema.org","@graph":[{"@type":"WebPage","@id":"https:\/\/www.yoschimoto.com\/polish-fashion-designer\/pl\/status-zamowienia\/","url":"https:\/\/www.yoschimoto.com\/polish-fashion-designer\/pl\/status-zamowienia\/","name":"Status zam\u00f3wienia - YOSCHIMOTO | High Fashion Store","isPartOf":{"@id":"https:\/\/www.yoschimoto.com\/polish-fashion-designer\/pl\/#website"},"datePublished":"2023-12-29T08:26:27+00:00","dateModified":"2025-03-19T13:41:58+00:00","breadcrumb":{"@id":"https:\/\/www.yoschimoto.com\/polish-fashion-designer\/pl\/status-zamowienia\/#breadcrumb"},"inLanguage":"pl-PL","potentialAction":[{"@type":"ReadAction","target":["https:\/\/www.yoschimoto.com\/polish-fashion-designer\/pl\/status-zamowienia\/"]}]},{"@type":"BreadcrumbList","@id":"https:\/\/www.yoschimoto.com\/polish-fashion-designer\/pl\/status-zamowienia\/#breadcrumb","itemListElement":[{"@type":"ListItem","position":1,"name":"Home","item":"https:\/\/www.yoschimoto.com\/polish-fashion-designer\/pl\/polska-projektantka-mody-od-kimona-po-wieceja\/"},{"@type":"ListItem","position":2,"name":"Status zam\u00f3wienia"}]},{"@type":"WebSite","@id":"https:\/\/www.yoschimoto.com\/polish-fashion-designer\/pl\/#website","url":"https:\/\/www.yoschimoto.com\/polish-fashion-designer\/pl\/","name":"YOSCHIMOTO | High Fashion Store","description":"Polish Fashion Designer","publisher":{"@id":"https:\/\/www.yoschimoto.com\/polish-fashion-designer\/pl\/#organization"},"potentialAction":[{"@type":"SearchAction","target":{"@type":"EntryPoint","urlTemplate":"https:\/\/www.yoschimoto.com\/polish-fashion-designer\/pl\/?s={search_term_string}"},"query-input":{"@type":"PropertyValueSpecification","valueRequired":true,"valueName":"search_term_string"}}],"inLanguage":"pl-PL"},{"@type":"Organization","@id":"https:\/\/www.yoschimoto.com\/polish-fashion-designer\/pl\/#organization","name":"YOSCHIMOTO | High Fashion Store","url":"https:\/\/www.yoschimoto.com\/polish-fashion-designer\/pl\/","logo":{"@type":"ImageObject","inLanguage":"pl-PL","@id":"https:\/\/www.yoschimoto.com\/polish-fashion-designer\/pl\/#\/schema\/logo\/image\/","url":"https:\/\/www.yoschimoto.com\/polish-fashion-designer\/wp-content\/uploads\/2025\/03\/YOSCHIMOTO-high-fashion-clothing-store.svg","contentUrl":"https:\/\/www.yoschimoto.com\/polish-fashion-designer\/wp-content\/uploads\/2025\/03\/YOSCHIMOTO-high-fashion-clothing-store.svg","width":350,"height":100,"caption":"YOSCHIMOTO | High Fashion Store"},"image":{"@id":"https:\/\/www.yoschimoto.com\/polish-fashion-designer\/pl\/#\/schema\/logo\/image\/"}}]}},"_links":{"self":[{"href":"https:\/\/www.yoschimoto.com\/polish-fashion-designer\/pl\/wp-json\/wp\/v2\/pages\/992597","targetHints":{"allow":["GET"]}}],"collection":[{"href":"https:\/\/www.yoschimoto.com\/polish-fashion-designer\/pl\/wp-json\/wp\/v2\/pages"}],"about":[{"href":"https:\/\/www.yoschimoto.com\/polish-fashion-designer\/pl\/wp-json\/wp\/v2\/types\/page"}],"author":[{"embeddable":true,"href":"https:\/\/www.yoschimoto.com\/polish-fashion-designer\/pl\/wp-json\/wp\/v2\/users\/1"}],"replies":[{"embeddable":true,"href":"https:\/\/www.yoschimoto.com\/polish-fashion-designer\/pl\/wp-json\/wp\/v2\/comments?post=992597"}],"version-history":[{"count":1,"href":"https:\/\/www.yoschimoto.com\/polish-fashion-designer\/pl\/wp-json\/wp\/v2\/pages\/992597\/revisions"}],"predecessor-version":[{"id":992598,"href":"https:\/\/www.yoschimoto.com\/polish-fashion-designer\/pl\/wp-json\/wp\/v2\/pages\/992597\/revisions\/992598"}],"wp:attachment":[{"href":"https:\/\/www.yoschimoto.com\/polish-fashion-designer\/pl\/wp-json\/wp\/v2\/media?parent=992597"}],"curies":[{"name":"wp","href":"https:\/\/api.w.org\/{rel}","templated":true}]}}