{"id":992410,"date":"2023-12-29T09:28:14","date_gmt":"2023-12-29T08:28:14","guid":{"rendered":"https:\/\/www.yoschimoto.com\/polish-fashion-designer\/polityka-prywatnosci\/"},"modified":"2025-03-21T14:40:44","modified_gmt":"2025-03-21T13:40:44","slug":"polityka-prywatnosci","status":"publish","type":"page","link":"https:\/\/www.yoschimoto.com\/polish-fashion-designer\/pl\/polityka-prywatnosci\/","title":{"rendered":"Polityka Prywatno\u015bci"},"content":{"rendered":"\t\t<div data-elementor-type=\"wp-page\" data-elementor-id=\"992410\" class=\"elementor elementor-992410 elementor-739\" data-elementor-post-type=\"page\">\n\t\t\t\t<div class=\"elementor-element elementor-element-3f39572 e-flex e-con-boxed e-con e-parent\" data-id=\"3f39572\" data-element_type=\"container\">\n\t\t\t\t\t<div class=\"e-con-inner\">\n\t\t\t\t<div class=\"elementor-element elementor-element-bdecf19 elementor-widget elementor-widget-heading\" data-id=\"bdecf19\" data-element_type=\"widget\" data-widget_type=\"heading.default\">\n\t\t\t\t<div class=\"elementor-widget-container\">\n\t\t\t\t\t<h3 class=\"elementor-heading-title elementor-size-default\">Polityka Prywatno\u015bciPrivacy Policy<\/h3>\t\t\t\t<\/div>\n\t\t\t\t<\/div>\n\t\t\t\t<div class=\"elementor-element elementor-element-7ef883f elementor-widget elementor-widget-text-editor\" data-id=\"7ef883f\" data-element_type=\"widget\" data-widget_type=\"text-editor.default\">\n\t\t\t\t<div class=\"elementor-widget-container\">\n\t\t\t\t\t\t\t\t\t<p><strong>Administrator Danych Osobowych<\/strong><br \/>Administratorem Twoich danych osobowych jest YOSCHIMOTO Joanna Czajgucka-Terlecka, z siedzib\u0105 przy ul. Nowy \u015awiat 33\/13, 00-029 Warszawa, NIP: 8992443962, REGON: 362839305.<\/p><p><strong>Zbierane Informacje<\/strong><br \/>Zbieramy dane osobowe, gdy anga\u017cujesz si\u0119 w nasze dzia\u0142ania. Mog\u0105 to by\u0107 Twoje imi\u0119 i nazwisko, adres, adres e-mail, numery telefon\u00f3w oraz, w stosownych przypadkach, data urodzenia.<\/p><p><strong>Metody Zbierania Informacji<\/strong><br \/>Dane s\u0105 zbierane podczas Twoich interakcji z nami. Mo\u017ce si\u0119 to zdarzy\u0107, gdy kontaktujesz si\u0119 z nami w sprawie naszych dzia\u0142a\u0144, rejestrujesz si\u0119 jako zwolennik, wysy\u0142asz lub odbierasz informacje lub podpisujesz petycj\u0119. W takim przypadku dobrowolnie podajesz nam swoje dane osobowe. Dodatkowo mo\u017cemy uzyskiwa\u0107 informacje od stron trzecich, o ile wyrazi\u0142e\u015b zgod\u0119 na ich udost\u0119pnienie.<\/p><p><strong>Zapewnienie Poufno\u015bci<\/strong><br \/>Informujemy, \u017ce nie mo\u017cemy gwarantowa\u0107 prywatno\u015bci danych zbieranych przez zewn\u0119trzne strony internetowe, kt\u00f3re nie s\u0105 przez nas obs\u0142ugiwane, w tym te, kt\u00f3re s\u0105 powi\u0105zane z nasz\u0105 stron\u0105.\u00a0<\/p><p><strong>Prawo do Skargi<\/strong><br \/>Je\u015bli nie jeste\u015b zadowolony z naszej odpowiedzi, prosimy o kontakt z nami drog\u0105 e-mailow\u0105. Ocenimy Twoj\u0105 skarg\u0119 i ustalimy, czy zosta\u0142y zastosowane prawid\u0142owe procedury, a nast\u0119pnie odpowiednio zareagujemy. Naszym celem jest rozwi\u0105zanie skarg w ci\u0105gu 14 dni od ich otrzymania. Niemniej jednak w niekt\u00f3rych przypadkach proces mo\u017ce zaj\u0105\u0107 wi\u0119cej czasu. Je\u015bli po naszej odpowiedzi nadal b\u0119dziesz niezadowolony, zach\u0119camy do ponownego skontaktowania si\u0119 z nami.<\/p><p><strong>Prawa U\u017cytkownik\u00f3w<\/strong><br \/>Masz prawo do dost\u0119pu do swoich danych osobowych, ich sprostowania, usuni\u0119cia, ograniczenia przetwarzania oraz prawo do przenoszenia danych. Masz tak\u017ce prawo do wniesienia skargi do organu nadzorczego, je\u015bli uwa\u017casz, \u017ce przetwarzanie twoich danych osobowych narusza prawo.<\/p><p><strong>Okres Przechowywania Danych<\/strong><br \/>Twoje dane osobowe b\u0119d\u0105 przetwarzane przez okres niezb\u0119dny do realizacji cel\u00f3w, dla kt\u00f3rych zosta\u0142y zebrane oraz przez okres, w kt\u00f3rym b\u0119dziemy zobowi\u0105zani do ich przechowywania zgodnie z obowi\u0105zuj\u0105cym prawem.<\/p><p><strong>Cookies<\/strong><br \/>Nasza strona internetowa mo\u017ce wykorzystywa\u0107 pliki cookies w celu poprawy jako\u015bci us\u0142ug. U\u017cytkownik ma mo\u017cliwo\u015b\u0107 zarz\u0105dzania ustawieniami cookies bezpo\u015brednio w swojej przegl\u0105darce.<\/p><p><strong>Zmiany w Polityce Prywatno\u015bci<\/strong><br \/>Zastrzegamy sobie prawo do wprowadzania zmian w powy\u017cszej polityce prywatno\u015bci. O wszelkich zmianach poinformujemy u\u017cytkownik\u00f3w na naszej stronie internetowej.<\/p>\t\t\t\t\t\t\t\t<\/div>\n\t\t\t\t<\/div>\n\t\t\t\t<div class=\"elementor-element elementor-element-8ce0d40 elementor-widget-divider--view-line elementor-widget elementor-widget-divider\" data-id=\"8ce0d40\" data-element_type=\"widget\" data-widget_type=\"divider.default\">\n\t\t\t\t<div class=\"elementor-widget-container\">\n\t\t\t\t\t\t\t<div class=\"elementor-divider\">\n\t\t\t<span class=\"elementor-divider-separator\">\n\t\t\t\t\t\t<\/span>\n\t\t<\/div>\n\t\t\t\t\t\t<\/div>\n\t\t\t\t<\/div>\n\t\t\t\t\t<\/div>\n\t\t\t\t<\/div>\n\t\t\t\t<\/div>\n\t\t","protected":false},"excerpt":{"rendered":"<p>Polityka Prywatno\u015bci YOSCHIMOTO.COM<\/p>\n","protected":false},"author":1,"featured_media":0,"parent":0,"menu_order":0,"comment_status":"closed","ping_status":"closed","template":"","meta":{"om_disable_all_campaigns":false,"inline_featured_image":false,"_mi_skip_tracking":false,"_monsterinsights_sitenote_active":false,"_monsterinsights_sitenote_note":"","_monsterinsights_sitenote_category":0,"_uf_show_specific_survey":0,"_uf_disable_surveys":false,"footnotes":""},"class_list":["post-992410","page","type-page","status-publish","hentry"],"yoast_head":"<!-- This site is optimized with the Yoast SEO plugin v24.5 - https:\/\/yoast.com\/wordpress\/plugins\/seo\/ -->\n<title>Polityka Prywatno\u015bci - YOSCHIMOTO | High Fashion Store<\/title>\n<meta name=\"robots\" content=\"index, follow, max-snippet:-1, max-image-preview:large, max-video-preview:-1\" \/>\n<link rel=\"canonical\" href=\"https:\/\/www.yoschimoto.com\/polish-fashion-designer\/pl\/polityka-prywatnosci\/\" \/>\n<meta property=\"og:locale\" content=\"pl_PL\" \/>\n<meta property=\"og:type\" content=\"article\" \/>\n<meta property=\"og:title\" content=\"Polityka Prywatno\u015bci - YOSCHIMOTO | High Fashion Store\" \/>\n<meta property=\"og:description\" content=\"Polityka Prywatno\u015bci YOSCHIMOTO.COM\" \/>\n<meta property=\"og:url\" content=\"https:\/\/www.yoschimoto.com\/polish-fashion-designer\/pl\/polityka-prywatnosci\/\" \/>\n<meta property=\"og:site_name\" content=\"YOSCHIMOTO | High Fashion Store\" \/>\n<meta property=\"article:modified_time\" content=\"2025-03-21T13:40:44+00:00\" \/>\n<meta name=\"twitter:card\" content=\"summary_large_image\" \/>\n<meta name=\"twitter:label1\" content=\"Szacowany czas czytania\" \/>\n\t<meta name=\"twitter:data1\" content=\"2 minuty\" \/>\n<script type=\"application\/ld+json\" class=\"yoast-schema-graph\">{\"@context\":\"https:\/\/schema.org\",\"@graph\":[{\"@type\":\"WebPage\",\"@id\":\"https:\/\/www.yoschimoto.com\/polish-fashion-designer\/pl\/polityka-prywatnosci\/\",\"url\":\"https:\/\/www.yoschimoto.com\/polish-fashion-designer\/pl\/polityka-prywatnosci\/\",\"name\":\"Polityka Prywatno\u015bci - YOSCHIMOTO | High Fashion Store\",\"isPartOf\":{\"@id\":\"https:\/\/www.yoschimoto.com\/polish-fashion-designer\/pl\/#website\"},\"datePublished\":\"2023-12-29T08:28:14+00:00\",\"dateModified\":\"2025-03-21T13:40:44+00:00\",\"breadcrumb\":{\"@id\":\"https:\/\/www.yoschimoto.com\/polish-fashion-designer\/pl\/polityka-prywatnosci\/#breadcrumb\"},\"inLanguage\":\"pl-PL\",\"potentialAction\":[{\"@type\":\"ReadAction\",\"target\":[\"https:\/\/www.yoschimoto.com\/polish-fashion-designer\/pl\/polityka-prywatnosci\/\"]}]},{\"@type\":\"BreadcrumbList\",\"@id\":\"https:\/\/www.yoschimoto.com\/polish-fashion-designer\/pl\/polityka-prywatnosci\/#breadcrumb\",\"itemListElement\":[{\"@type\":\"ListItem\",\"position\":1,\"name\":\"Home\",\"item\":\"https:\/\/www.yoschimoto.com\/polish-fashion-designer\/pl\/polska-projektantka-mody-od-kimona-po-wieceja\/\"},{\"@type\":\"ListItem\",\"position\":2,\"name\":\"Polityka Prywatno\u015bci\"}]},{\"@type\":\"WebSite\",\"@id\":\"https:\/\/www.yoschimoto.com\/polish-fashion-designer\/pl\/#website\",\"url\":\"https:\/\/www.yoschimoto.com\/polish-fashion-designer\/pl\/\",\"name\":\"YOSCHIMOTO | High Fashion Store\",\"description\":\"Polish Fashion Designer\",\"publisher\":{\"@id\":\"https:\/\/www.yoschimoto.com\/polish-fashion-designer\/pl\/#organization\"},\"potentialAction\":[{\"@type\":\"SearchAction\",\"target\":{\"@type\":\"EntryPoint\",\"urlTemplate\":\"https:\/\/www.yoschimoto.com\/polish-fashion-designer\/pl\/?s={search_term_string}\"},\"query-input\":{\"@type\":\"PropertyValueSpecification\",\"valueRequired\":true,\"valueName\":\"search_term_string\"}}],\"inLanguage\":\"pl-PL\"},{\"@type\":\"Organization\",\"@id\":\"https:\/\/www.yoschimoto.com\/polish-fashion-designer\/pl\/#organization\",\"name\":\"YOSCHIMOTO | High Fashion Store\",\"url\":\"https:\/\/www.yoschimoto.com\/polish-fashion-designer\/pl\/\",\"logo\":{\"@type\":\"ImageObject\",\"inLanguage\":\"pl-PL\",\"@id\":\"https:\/\/www.yoschimoto.com\/polish-fashion-designer\/pl\/#\/schema\/logo\/image\/\",\"url\":\"https:\/\/www.yoschimoto.com\/polish-fashion-designer\/wp-content\/uploads\/2025\/03\/YOSCHIMOTO-high-fashion-clothing-store.svg\",\"contentUrl\":\"https:\/\/www.yoschimoto.com\/polish-fashion-designer\/wp-content\/uploads\/2025\/03\/YOSCHIMOTO-high-fashion-clothing-store.svg\",\"width\":350,\"height\":100,\"caption\":\"YOSCHIMOTO | High Fashion Store\"},\"image\":{\"@id\":\"https:\/\/www.yoschimoto.com\/polish-fashion-designer\/pl\/#\/schema\/logo\/image\/\"}}]}<\/script>\n<!-- \/ Yoast SEO plugin. -->","yoast_head_json":{"title":"Polityka Prywatno\u015bci - YOSCHIMOTO | High Fashion Store","robots":{"index":"index","follow":"follow","max-snippet":"max-snippet:-1","max-image-preview":"max-image-preview:large","max-video-preview":"max-video-preview:-1"},"canonical":"https:\/\/www.yoschimoto.com\/polish-fashion-designer\/pl\/polityka-prywatnosci\/","og_locale":"pl_PL","og_type":"article","og_title":"Polityka Prywatno\u015bci - YOSCHIMOTO | High Fashion Store","og_description":"Polityka Prywatno\u015bci YOSCHIMOTO.COM","og_url":"https:\/\/www.yoschimoto.com\/polish-fashion-designer\/pl\/polityka-prywatnosci\/","og_site_name":"YOSCHIMOTO | High Fashion Store","article_modified_time":"2025-03-21T13:40:44+00:00","twitter_card":"summary_large_image","twitter_misc":{"Szacowany czas czytania":"2 minuty"},"schema":{"@context":"https:\/\/schema.org","@graph":[{"@type":"WebPage","@id":"https:\/\/www.yoschimoto.com\/polish-fashion-designer\/pl\/polityka-prywatnosci\/","url":"https:\/\/www.yoschimoto.com\/polish-fashion-designer\/pl\/polityka-prywatnosci\/","name":"Polityka Prywatno\u015bci - YOSCHIMOTO | High Fashion Store","isPartOf":{"@id":"https:\/\/www.yoschimoto.com\/polish-fashion-designer\/pl\/#website"},"datePublished":"2023-12-29T08:28:14+00:00","dateModified":"2025-03-21T13:40:44+00:00","breadcrumb":{"@id":"https:\/\/www.yoschimoto.com\/polish-fashion-designer\/pl\/polityka-prywatnosci\/#breadcrumb"},"inLanguage":"pl-PL","potentialAction":[{"@type":"ReadAction","target":["https:\/\/www.yoschimoto.com\/polish-fashion-designer\/pl\/polityka-prywatnosci\/"]}]},{"@type":"BreadcrumbList","@id":"https:\/\/www.yoschimoto.com\/polish-fashion-designer\/pl\/polityka-prywatnosci\/#breadcrumb","itemListElement":[{"@type":"ListItem","position":1,"name":"Home","item":"https:\/\/www.yoschimoto.com\/polish-fashion-designer\/pl\/polska-projektantka-mody-od-kimona-po-wieceja\/"},{"@type":"ListItem","position":2,"name":"Polityka Prywatno\u015bci"}]},{"@type":"WebSite","@id":"https:\/\/www.yoschimoto.com\/polish-fashion-designer\/pl\/#website","url":"https:\/\/www.yoschimoto.com\/polish-fashion-designer\/pl\/","name":"YOSCHIMOTO | High Fashion Store","description":"Polish Fashion Designer","publisher":{"@id":"https:\/\/www.yoschimoto.com\/polish-fashion-designer\/pl\/#organization"},"potentialAction":[{"@type":"SearchAction","target":{"@type":"EntryPoint","urlTemplate":"https:\/\/www.yoschimoto.com\/polish-fashion-designer\/pl\/?s={search_term_string}"},"query-input":{"@type":"PropertyValueSpecification","valueRequired":true,"valueName":"search_term_string"}}],"inLanguage":"pl-PL"},{"@type":"Organization","@id":"https:\/\/www.yoschimoto.com\/polish-fashion-designer\/pl\/#organization","name":"YOSCHIMOTO | High Fashion Store","url":"https:\/\/www.yoschimoto.com\/polish-fashion-designer\/pl\/","logo":{"@type":"ImageObject","inLanguage":"pl-PL","@id":"https:\/\/www.yoschimoto.com\/polish-fashion-designer\/pl\/#\/schema\/logo\/image\/","url":"https:\/\/www.yoschimoto.com\/polish-fashion-designer\/wp-content\/uploads\/2025\/03\/YOSCHIMOTO-high-fashion-clothing-store.svg","contentUrl":"https:\/\/www.yoschimoto.com\/polish-fashion-designer\/wp-content\/uploads\/2025\/03\/YOSCHIMOTO-high-fashion-clothing-store.svg","width":350,"height":100,"caption":"YOSCHIMOTO | High Fashion Store"},"image":{"@id":"https:\/\/www.yoschimoto.com\/polish-fashion-designer\/pl\/#\/schema\/logo\/image\/"}}]}},"_links":{"self":[{"href":"https:\/\/www.yoschimoto.com\/polish-fashion-designer\/pl\/wp-json\/wp\/v2\/pages\/992410","targetHints":{"allow":["GET"]}}],"collection":[{"href":"https:\/\/www.yoschimoto.com\/polish-fashion-designer\/pl\/wp-json\/wp\/v2\/pages"}],"about":[{"href":"https:\/\/www.yoschimoto.com\/polish-fashion-designer\/pl\/wp-json\/wp\/v2\/types\/page"}],"author":[{"embeddable":true,"href":"https:\/\/www.yoschimoto.com\/polish-fashion-designer\/pl\/wp-json\/wp\/v2\/users\/1"}],"replies":[{"embeddable":true,"href":"https:\/\/www.yoschimoto.com\/polish-fashion-designer\/pl\/wp-json\/wp\/v2\/comments?post=992410"}],"version-history":[{"count":7,"href":"https:\/\/www.yoschimoto.com\/polish-fashion-designer\/pl\/wp-json\/wp\/v2\/pages\/992410\/revisions"}],"predecessor-version":[{"id":992774,"href":"https:\/\/www.yoschimoto.com\/polish-fashion-designer\/pl\/wp-json\/wp\/v2\/pages\/992410\/revisions\/992774"}],"wp:attachment":[{"href":"https:\/\/www.yoschimoto.com\/polish-fashion-designer\/pl\/wp-json\/wp\/v2\/media?parent=992410"}],"curies":[{"name":"wp","href":"https:\/\/api.w.org\/{rel}","templated":true}]}}