{"id":992013,"date":"2023-12-29T09:27:18","date_gmt":"2023-12-29T08:27:18","guid":{"rendered":"https:\/\/www.yoschimoto.com\/polish-fashion-designer\/delivery-and-returns\/"},"modified":"2025-03-19T13:22:50","modified_gmt":"2025-03-19T12:22:50","slug":"delivery-and-returnsz","status":"publish","type":"page","link":"https:\/\/www.yoschimoto.com\/polish-fashion-designer\/pl\/delivery-and-returnsz\/","title":{"rendered":"Dostawa oraz zwroty"},"content":{"rendered":"\t\t<div data-elementor-type=\"wp-page\" data-elementor-id=\"992013\" class=\"elementor elementor-992013 elementor-736\" data-elementor-post-type=\"page\">\n\t\t\t\t<div class=\"elementor-element elementor-element-29533e4 e-flex e-con-boxed e-con e-parent\" data-id=\"29533e4\" data-element_type=\"container\">\n\t\t\t\t\t<div class=\"e-con-inner\">\n\t\t\t\t<div class=\"elementor-element elementor-element-ba8f743 elementor-widget elementor-widget-heading\" data-id=\"ba8f743\" data-element_type=\"widget\" data-widget_type=\"heading.default\">\n\t\t\t\t<div class=\"elementor-widget-container\">\n\t\t\t\t\t<h5 class=\"elementor-heading-title elementor-size-default\">Informacje o dostawie<\/h5>\t\t\t\t<\/div>\n\t\t\t\t<\/div>\n\t\t\t\t<div class=\"elementor-element elementor-element-fb69d2f elementor-widget elementor-widget-text-editor\" data-id=\"fb69d2f\" data-element_type=\"widget\" data-widget_type=\"text-editor.default\">\n\t\t\t\t<div class=\"elementor-widget-container\">\n\t\t\t\t\t\t\t\t\t<p style=\"font-weight: 400;\"><strong>Zam\u00f3wienia<\/strong> z\u0142o\u017cone przed <u>14:30<\/u> s\u0105 zazwyczaj wysy\u0142ane w ci\u0105gu <strong>1-2 dni roboczych<\/strong> z <u>Warszawy<\/u>. <br>Bezp\u0142atna standardowa wysy\u0142ka jest oferowana dla:<\/p><ul style=\"font-weight: 400;\"><li><strong>ZAM\u00d3WIENIA<\/strong> KRAJOWE powy\u017cej <strong>400<\/strong> <strong>PLN<\/strong><\/li><li><strong>ZAM\u00d3WIENIA<\/strong> MI\u0118DZYNARODOWE powy\u017cej <strong>200<\/strong> <strong>EUR<br><br><\/strong><\/li><\/ul><p style=\"font-weight: 400;\">Czas dostawy jest szacowany i liczony od daty wysy\u0142ki. Nale\u017cy pami\u0119ta\u0107, \u017ce w niekt\u00f3rych regionach zakres us\u0142ug dostawy mo\u017ce by\u0107 ograniczony i nie ponosimy odpowiedzialno\u015bci za op\u00f3\u017anienia spowodowane przez wybranego przewo\u017anika. Dok\u0142adamy wszelkich stara\u0144, aby wysy\u0142a\u0107 zam\u00f3wienia tak szybko, jak to mo\u017cliwe, ale nale\u017cy pami\u0119ta\u0107, \u017ce w okresach szczytowych (wyprzeda\u017ce, \u015bwi\u0119ta i promocje) mo\u017ce wyst\u0105pi\u0107 niewielkie op\u00f3\u017anienie w przetwarzaniu zam\u00f3wie\u0144 i zwrot\u00f3w.  <\/p><p style=\"font-weight: 400;\">Przesy\u0142ki s\u0105 wysy\u0142ane osobi\u015bcie na dane podane w zam\u00f3wieniu. Dlatego nie ponosimy odpowiedzialno\u015bci za zgubione lub brakuj\u0105ce zam\u00f3wienia podpisane w budynku, takim jak adres biura, przez osob\u0119 inn\u0105 ni\u017c osoba, kt\u00f3ra z\u0142o\u017cy\u0142a zam\u00f3wienie. <\/p><p style=\"font-weight: 400;\">Dok\u0142adamy wszelkich stara\u0144, aby Twoje zam\u00f3wienie dotar\u0142o starannie zapakowane. Produkty s\u0105 owini\u0119te w bibu\u0142k\u0119 i dostarczane w 100% nadaj\u0105cym si\u0119 do recyklingu, nieoznakowanym pude\u0142ku. Nale\u017cy jednak pami\u0119ta\u0107, \u017ce w okresie wyprzeda\u017cy Twoje zam\u00f3wienie mo\u017ce zosta\u0107 wys\u0142ane w ekologicznej kopercie. Niestety nie dostarczamy ani nie sprzedajemy opakowa\u0144 prezentowych.   <\/p><p><span style=\"font-weight: 400;\">W okresie wyprzeda\u017cy realizacja zam\u00f3wie\u0144 mo\u017ce by\u0107 nieco op\u00f3\u017aniona, ale do\u0142o\u017cymy wszelkich stara\u0144, aby wysy\u0142ka nast\u0105pi\u0142a nie p\u00f3\u017aniej ni\u017c w ci\u0105gu<strong> 7 dni roboczych<\/strong>.<\/span><\/p>\t\t\t\t\t\t\t\t<\/div>\n\t\t\t\t<\/div>\n\t\t\t\t<div class=\"elementor-element elementor-element-208632c elementor-widget-divider--view-line elementor-widget elementor-widget-divider\" data-id=\"208632c\" data-element_type=\"widget\" data-widget_type=\"divider.default\">\n\t\t\t\t<div class=\"elementor-widget-container\">\n\t\t\t\t\t\t\t<div class=\"elementor-divider\">\n\t\t\t<span class=\"elementor-divider-separator\">\n\t\t\t\t\t\t<\/span>\n\t\t<\/div>\n\t\t\t\t\t\t<\/div>\n\t\t\t\t<\/div>\n\t\t\t\t<div class=\"elementor-element elementor-element-f9e830c elementor-widget elementor-widget-heading\" data-id=\"f9e830c\" data-element_type=\"widget\" data-widget_type=\"heading.default\">\n\t\t\t\t<div class=\"elementor-widget-container\">\n\t\t\t\t\t<h5 class=\"elementor-heading-title elementor-size-default\">ZAM\u00d3WIENIA MI\u0118DZYNARODOWE<\/h5>\t\t\t\t<\/div>\n\t\t\t\t<\/div>\n\t\t\t\t<div class=\"elementor-element elementor-element-eb9fbaa elementor-widget elementor-widget-text-editor\" data-id=\"eb9fbaa\" data-element_type=\"widget\" data-widget_type=\"text-editor.default\">\n\t\t\t\t<div class=\"elementor-widget-container\">\n\t\t\t\t\t\t\t\t\t<div><p>YOSCHIMOTO oferuje<span class=\"apple-converted-space\"> <\/span><strong>wysy\u0142ka na ca\u0142y \u015bwiat.<\/strong> Poza granicami Polski wszystkie przesy\u0142ki s\u0105 DDU (Delivery Duties Unpaid). Zam\u00f3wienia mog\u0105 podlega\u0107 podatkom importowym, op\u0142atom i c\u0142om, kt\u00f3re s\u0105 pobierane, gdy przesy\u0142ka dotrze do kraju u\u017cytkownika.  <\/p><\/div><div><p>Klienci s\u0105 odpowiedzialni za wszelkie op\u0142aty celne i lokalne op\u0142aty importowe (c\u0142o, podatek itp.).<span class=\"apple-converted-space\"> <\/span><br>Przed dokonaniem zakupu nale\u017cy sprawdzi\u0107 w lokalnym urz\u0119dzie celnym, poniewa\u017c zasady celne s\u0105 bardzo r\u00f3\u017cne. Je\u015bli paczka nie mo\u017ce zosta\u0107 dostarczona i zostanie zwr\u00f3cona, klient b\u0119dzie odpowiedzialny za wszystkie koszty wysy\u0142ki zwrotnej. Nale\u017cy pami\u0119ta\u0107, \u017ce przesy\u0142ki mi\u0119dzynarodowe mog\u0105 zosta\u0107 otwarte i sprawdzone przez organy celne.  <\/p><\/div>\t\t\t\t\t\t\t\t<\/div>\n\t\t\t\t<\/div>\n\t\t\t\t<div class=\"elementor-element elementor-element-e512018 elementor-widget-divider--view-line elementor-widget elementor-widget-divider\" data-id=\"e512018\" data-element_type=\"widget\" data-widget_type=\"divider.default\">\n\t\t\t\t<div class=\"elementor-widget-container\">\n\t\t\t\t\t\t\t<div class=\"elementor-divider\">\n\t\t\t<span class=\"elementor-divider-separator\">\n\t\t\t\t\t\t<\/span>\n\t\t<\/div>\n\t\t\t\t\t\t<\/div>\n\t\t\t\t<\/div>\n\t\t\t\t<div class=\"elementor-element elementor-element-db323fb elementor-widget elementor-widget-heading\" data-id=\"db323fb\" data-element_type=\"widget\" data-widget_type=\"heading.default\">\n\t\t\t\t<div class=\"elementor-widget-container\">\n\t\t\t\t\t<h5 class=\"elementor-heading-title elementor-size-default\">POLITYKA ZWROT\u00d3W<\/h5>\t\t\t\t<\/div>\n\t\t\t\t<\/div>\n\t\t\t\t<div class=\"elementor-element elementor-element-34fe13d elementor-widget elementor-widget-text-editor\" data-id=\"34fe13d\" data-element_type=\"widget\" data-widget_type=\"text-editor.default\">\n\t\t\t\t<div class=\"elementor-widget-container\">\n\t\t\t\t\t\t\t\t\t<div><p><strong>Zwroty<\/strong><span class=\"apple-converted-space\"> <\/span>i<span class=\"apple-converted-space\"> <\/span><strong>wymiany<\/strong><span class=\"apple-converted-space\"> <\/span>s\u0105 akceptowane w przypadku nienoszonych przedmiot\u00f3w w ci\u0105gu<span class=\"apple-converted-space\"> <\/span><strong>14 dni<\/strong><span class=\"apple-converted-space\"> <\/span>od otrzymania zam\u00f3wienia.<span class=\"apple-converted-space\"> <\/span><br>Zwroty i wymiany s\u0105 akceptowane w przypadku nienoszonych przedmiot\u00f3w w ci\u0105gu 14 dni od otrzymania zam\u00f3wienia. Przedmioty nale\u017cy zwr\u00f3ci\u0107 w stanie nienaruszonym, z kompletem metek, wype\u0142nionym formularzem oraz paragonem lub jego kopi\u0105 w przypadku zwrotu cz\u0119\u015bci zam\u00f3wienia.<\/p><\/div><div><p>Formularz<span class=\"apple-converted-space\"> <\/span><a href=\"https:\/\/www.yoschimoto.com\/polish-fashion-designer\/wp-content\/uploads\/2025\/03\/YOSCHIMOTO-Fashion-Designer-PL_formularz_zwrotu_towaru.pdf\" target=\"_blank\" rel=\"noopener\" data-wplink-edit=\"true\"><strong>Formularz zwrotu<\/strong><\/a><span class=\"apple-converted-space\"> <\/span>(wersja po angielsku)<span class=\"apple-converted-space\"> <\/span><a href=\"https:\/\/www.yoschimoto.com\/polish-fashion-designer\/wp-content\/uploads\/2025\/03\/YOSCHIMOTO-Fashion-Designer-PL_formularz_zwrotu_towaru.pdf\" target=\"_blank\" rel=\"noopener\"><strong>formularz zwrotu<\/strong><\/a><span class=\"apple-converted-space\"> <\/span>do\u0142\u0105czony jest do przesy\u0142ki, ale w razie potrzeby mo\u017cemy go dostarczy\u0107 ponownie drog\u0105 mailowa,<br>prosimy w tym przypadku o kontakt mailowy:<\/p><\/div><div><p>Adres email<span class=\"apple-converted-space\">:<\/span> <strong>returns@yoschimoto.com<\/strong><\/p><\/div><div><p>W godzinach pracy, pro\u015bby mailowe s\u0105 przetwarzane zazwyczaj tego samego dnia.<br>Je\u015bli z jakiego\u015b powodu nie otrzymasz odpowiedzi na czas, prosimy o kontakt telefoniczny.<\/p><\/div><div><p>Po wype\u0142nieni<span class=\"apple-converted-space\">u<\/span><strong> formularza<\/strong> zwrotu nale\u017cy bezpiecznie zapakowa\u0107 przedmioty i wys\u0142a\u0107 je za po\u015brednictwem ubezpieczonej firmy kurierskiej na adres:<\/p><\/div><div><p>YOSCHIMOTO Joanna Czajgucka-Terlecka<\/p><\/div><div><p>Nowy \u015awiat 33 lok. 13 <\/p><\/div><div><p>00-029 Warszawa<\/p><\/div><div><p>Telefon: +48 501 487 903<\/p><\/div><div><p>Email<span class=\"apple-converted-space\">:<\/span> <strong>returns@yoschimoto.com<\/strong><\/p><\/div>\t\t\t\t\t\t\t\t<\/div>\n\t\t\t\t<\/div>\n\t\t\t\t<div class=\"elementor-element elementor-element-d20e53f elementor-widget-divider--view-line elementor-widget elementor-widget-divider\" data-id=\"d20e53f\" data-element_type=\"widget\" data-widget_type=\"divider.default\">\n\t\t\t\t<div class=\"elementor-widget-container\">\n\t\t\t\t\t\t\t<div class=\"elementor-divider\">\n\t\t\t<span class=\"elementor-divider-separator\">\n\t\t\t\t\t\t<\/span>\n\t\t<\/div>\n\t\t\t\t\t\t<\/div>\n\t\t\t\t<\/div>\n\t\t\t\t<div class=\"elementor-element elementor-element-f64e558 elementor-widget elementor-widget-heading\" data-id=\"f64e558\" data-element_type=\"widget\" data-widget_type=\"heading.default\">\n\t\t\t\t<div class=\"elementor-widget-container\">\n\t\t\t\t\t<h5 class=\"elementor-heading-title elementor-size-default\">WARUNKI ZWROTU<\/h5>\t\t\t\t<\/div>\n\t\t\t\t<\/div>\n\t\t\t\t<div class=\"elementor-element elementor-element-50f0578 elementor-widget elementor-widget-text-editor\" data-id=\"50f0578\" data-element_type=\"widget\" data-widget_type=\"text-editor.default\">\n\t\t\t\t<div class=\"elementor-widget-container\">\n\t\t\t\t\t\t\t\t\t<div><p><strong>Zam\u00f3wienia<\/strong><span class=\"apple-converted-space\"> <\/span>mog\u0105 by\u0107<span class=\"apple-converted-space\"> <\/span><strong>zwr\u00f3cone<\/strong><span class=\"apple-converted-space\"> <\/span>w ci\u0105gu<span class=\"apple-converted-space\"> <\/span><strong>14 dni<\/strong><span class=\"apple-converted-space\"> <\/span>je\u015bli nie spe\u0142niaj\u0105 one oczekiwa\u0144 u\u017cytkownika. Je\u015bli chcesz zwr\u00f3ci\u0107 przedmiot, pami\u0119taj, \u017ce wszystkie przedmioty musz\u0105 zosta\u0107 zwr\u00f3cone w stanie, w jakim zosta\u0142y otrzymane: <span class=\"apple-converted-space\"> <\/span><strong>nienoszone, niezmienione, nieprane, z do\u0142\u0105czonymi metkami.<\/strong> Klienci otrzymaj\u0105 <span class=\"apple-converted-space\"> <\/span><strong>pe\u0142ny zwrot pieni\u0119dzy<\/strong><span class=\"apple-converted-space\"> <\/span>ceny zakupu. Towary zwr\u00f3cone bez oryginalnych metek nie zostan\u0105 zwr\u00f3cone. <\/p><\/div><div><p><strong>Bezp\u0142atny zwrot<\/strong><span class=\"apple-converted-space\"> <\/span>Wysy\u0142ka jest zapewniana w przypadku wadliwych lub nieprawid\u0142owo wys\u0142anych produkt\u00f3w. We wszystkich innych przypadkach klient jest odpowiedzialny za koszty wysy\u0142ki zwrotnej. Towary zwracane za pobraniem nie b\u0119d\u0105 przyjmowane.  <\/p><\/div><div><p>Po otrzymaniu zwrotu (w okre\u015blonym czasie)<span class=\"apple-converted-space\"> <\/span><strong>zwroty<\/strong><span class=\"apple-converted-space\"> <\/span>zostan\u0105 przetworzone w ci\u0105gu<span class=\"apple-converted-space\"> <\/span><strong>2-3 dni robocze<\/strong>. Klienci zostan\u0105 powiadomieni e-mailem o zako\u0144czeniu zwrotu. Nale\u017cy pami\u0119ta\u0107, \u017ce instytucja bankowa mo\u017ce potrzebowa\u0107 dodatkowych dni na przetworzenie i zaksi\u0119gowanie transakcji.  <\/p><\/div>\t\t\t\t\t\t\t\t<\/div>\n\t\t\t\t<\/div>\n\t\t\t\t<div class=\"elementor-element elementor-element-2a445a9 elementor-widget-divider--view-line elementor-widget elementor-widget-divider\" data-id=\"2a445a9\" data-element_type=\"widget\" data-widget_type=\"divider.default\">\n\t\t\t\t<div class=\"elementor-widget-container\">\n\t\t\t\t\t\t\t<div class=\"elementor-divider\">\n\t\t\t<span class=\"elementor-divider-separator\">\n\t\t\t\t\t\t<\/span>\n\t\t<\/div>\n\t\t\t\t\t\t<\/div>\n\t\t\t\t<\/div>\n\t\t\t\t<div class=\"elementor-element elementor-element-e08af05 elementor-widget elementor-widget-heading\" data-id=\"e08af05\" data-element_type=\"widget\" data-widget_type=\"heading.default\">\n\t\t\t\t<div class=\"elementor-widget-container\">\n\t\t\t\t\t<h5 class=\"elementor-heading-title elementor-size-default\">ZAM\u00d3WIENIA MI\u0118DZYNARODOWE<\/h5>\t\t\t\t<\/div>\n\t\t\t\t<\/div>\n\t\t\t\t<div class=\"elementor-element elementor-element-9cd6c24 elementor-widget elementor-widget-text-editor\" data-id=\"9cd6c24\" data-element_type=\"widget\" data-widget_type=\"text-editor.default\">\n\t\t\t\t<div class=\"elementor-widget-container\">\n\t\t\t\t\t\t\t\t\t<p><strong>Wysy\u0142amy<\/strong> zam\u00f3wienia na <strong>ca\u0142ym \u015bwiecie<\/strong> do kraj\u00f3w obs\u0142ugiwanych przez naszych lokalnych przewo\u017anik\u00f3w. Poza granicami Polski wszystkie przesy\u0142ki s\u0105 DDU (Delivery Duties Unpaid). Zam\u00f3wienia mog\u0105 podlega\u0107 podatkom importowym, op\u0142atom i c\u0142om, kt\u00f3re s\u0105 pobierane, gdy przesy\u0142ka dotrze do Twojego kraju.   Klienci s\u0105 odpowiedzialni za wszelkie op\u0142aty celne i lokalne op\u0142aty importowe (c\u0142o, podatek itp.). <strong>Przed dokonaniem<\/strong> zakupu nale\u017cy skontaktowa\u0107 si\u0119 z lokalnym<strong> urz\u0119dem celnym<\/strong>, poniewa\u017c polityka celna jest bardzo zr\u00f3\u017cnicowana. Je\u015bli paczka nie zostanie dostarczona i zostanie zwr\u00f3cona, klient b\u0119dzie odpowiedzialny za wszystkie koszty wysy\u0142ki zwrotnej. Nale\u017cy pami\u0119ta\u0107, \u017ce przesy\u0142ki mi\u0119dzynarodowe mog\u0105 zosta\u0107 otwarte i sprawdzone przez organy celne.  <\/p>\t\t\t\t\t\t\t\t<\/div>\n\t\t\t\t<\/div>\n\t\t\t\t\t<\/div>\n\t\t\t\t<\/div>\n\t\t\t\t<\/div>\n\t\t","protected":false},"excerpt":{"rendered":"<p>Informacje<\/p>\n","protected":false},"author":1,"featured_media":0,"parent":0,"menu_order":0,"comment_status":"closed","ping_status":"closed","template":"","meta":{"om_disable_all_campaigns":false,"inline_featured_image":false,"_mi_skip_tracking":false,"_monsterinsights_sitenote_active":false,"_monsterinsights_sitenote_note":"","_monsterinsights_sitenote_category":0,"_uf_show_specific_survey":0,"_uf_disable_surveys":false,"footnotes":""},"class_list":["post-992013","page","type-page","status-publish","hentry"],"yoast_head":"<!-- This site is optimized with the Yoast SEO plugin v24.5 - https:\/\/yoast.com\/wordpress\/plugins\/seo\/ -->\n<title>Dostawa oraz zwroty - YOSCHIMOTO | High Fashion Store<\/title>\n<meta name=\"robots\" content=\"index, follow, max-snippet:-1, max-image-preview:large, max-video-preview:-1\" \/>\n<link rel=\"canonical\" href=\"https:\/\/www.yoschimoto.com\/polish-fashion-designer\/pl\/delivery-and-returnsz\/\" \/>\n<meta property=\"og:locale\" content=\"pl_PL\" \/>\n<meta property=\"og:type\" content=\"article\" \/>\n<meta property=\"og:title\" content=\"Dostawa oraz zwroty - YOSCHIMOTO | High Fashion Store\" \/>\n<meta property=\"og:description\" content=\"Informacje\" \/>\n<meta property=\"og:url\" content=\"https:\/\/www.yoschimoto.com\/polish-fashion-designer\/pl\/delivery-and-returnsz\/\" \/>\n<meta property=\"og:site_name\" content=\"YOSCHIMOTO | High Fashion Store\" \/>\n<meta property=\"article:modified_time\" content=\"2025-03-19T12:22:50+00:00\" \/>\n<meta name=\"twitter:card\" content=\"summary_large_image\" \/>\n<meta name=\"twitter:label1\" content=\"Szacowany czas czytania\" \/>\n\t<meta name=\"twitter:data1\" content=\"4 minuty\" \/>\n<script type=\"application\/ld+json\" class=\"yoast-schema-graph\">{\"@context\":\"https:\/\/schema.org\",\"@graph\":[{\"@type\":\"WebPage\",\"@id\":\"https:\/\/www.yoschimoto.com\/polish-fashion-designer\/pl\/delivery-and-returnsz\/\",\"url\":\"https:\/\/www.yoschimoto.com\/polish-fashion-designer\/pl\/delivery-and-returnsz\/\",\"name\":\"Dostawa oraz zwroty - YOSCHIMOTO | High Fashion Store\",\"isPartOf\":{\"@id\":\"https:\/\/www.yoschimoto.com\/polish-fashion-designer\/pl\/#website\"},\"datePublished\":\"2023-12-29T08:27:18+00:00\",\"dateModified\":\"2025-03-19T12:22:50+00:00\",\"breadcrumb\":{\"@id\":\"https:\/\/www.yoschimoto.com\/polish-fashion-designer\/pl\/delivery-and-returnsz\/#breadcrumb\"},\"inLanguage\":\"pl-PL\",\"potentialAction\":[{\"@type\":\"ReadAction\",\"target\":[\"https:\/\/www.yoschimoto.com\/polish-fashion-designer\/pl\/delivery-and-returnsz\/\"]}]},{\"@type\":\"BreadcrumbList\",\"@id\":\"https:\/\/www.yoschimoto.com\/polish-fashion-designer\/pl\/delivery-and-returnsz\/#breadcrumb\",\"itemListElement\":[{\"@type\":\"ListItem\",\"position\":1,\"name\":\"Home\",\"item\":\"https:\/\/www.yoschimoto.com\/polish-fashion-designer\/pl\/polska-projektantka-mody-od-kimona-po-wieceja\/\"},{\"@type\":\"ListItem\",\"position\":2,\"name\":\"Delivery and returns\"}]},{\"@type\":\"WebSite\",\"@id\":\"https:\/\/www.yoschimoto.com\/polish-fashion-designer\/pl\/#website\",\"url\":\"https:\/\/www.yoschimoto.com\/polish-fashion-designer\/pl\/\",\"name\":\"YOSCHIMOTO | High Fashion Store\",\"description\":\"Polish Fashion Designer\",\"publisher\":{\"@id\":\"https:\/\/www.yoschimoto.com\/polish-fashion-designer\/pl\/#organization\"},\"potentialAction\":[{\"@type\":\"SearchAction\",\"target\":{\"@type\":\"EntryPoint\",\"urlTemplate\":\"https:\/\/www.yoschimoto.com\/polish-fashion-designer\/pl\/?s={search_term_string}\"},\"query-input\":{\"@type\":\"PropertyValueSpecification\",\"valueRequired\":true,\"valueName\":\"search_term_string\"}}],\"inLanguage\":\"pl-PL\"},{\"@type\":\"Organization\",\"@id\":\"https:\/\/www.yoschimoto.com\/polish-fashion-designer\/pl\/#organization\",\"name\":\"YOSCHIMOTO | High Fashion Store\",\"url\":\"https:\/\/www.yoschimoto.com\/polish-fashion-designer\/pl\/\",\"logo\":{\"@type\":\"ImageObject\",\"inLanguage\":\"pl-PL\",\"@id\":\"https:\/\/www.yoschimoto.com\/polish-fashion-designer\/pl\/#\/schema\/logo\/image\/\",\"url\":\"https:\/\/www.yoschimoto.com\/polish-fashion-designer\/wp-content\/uploads\/2025\/03\/YOSCHIMOTO-high-fashion-clothing-store.svg\",\"contentUrl\":\"https:\/\/www.yoschimoto.com\/polish-fashion-designer\/wp-content\/uploads\/2025\/03\/YOSCHIMOTO-high-fashion-clothing-store.svg\",\"width\":350,\"height\":100,\"caption\":\"YOSCHIMOTO | High Fashion Store\"},\"image\":{\"@id\":\"https:\/\/www.yoschimoto.com\/polish-fashion-designer\/pl\/#\/schema\/logo\/image\/\"}}]}<\/script>\n<!-- \/ Yoast SEO plugin. -->","yoast_head_json":{"title":"Dostawa oraz zwroty - YOSCHIMOTO | High Fashion Store","robots":{"index":"index","follow":"follow","max-snippet":"max-snippet:-1","max-image-preview":"max-image-preview:large","max-video-preview":"max-video-preview:-1"},"canonical":"https:\/\/www.yoschimoto.com\/polish-fashion-designer\/pl\/delivery-and-returnsz\/","og_locale":"pl_PL","og_type":"article","og_title":"Dostawa oraz zwroty - YOSCHIMOTO | High Fashion Store","og_description":"Informacje","og_url":"https:\/\/www.yoschimoto.com\/polish-fashion-designer\/pl\/delivery-and-returnsz\/","og_site_name":"YOSCHIMOTO | High Fashion Store","article_modified_time":"2025-03-19T12:22:50+00:00","twitter_card":"summary_large_image","twitter_misc":{"Szacowany czas czytania":"4 minuty"},"schema":{"@context":"https:\/\/schema.org","@graph":[{"@type":"WebPage","@id":"https:\/\/www.yoschimoto.com\/polish-fashion-designer\/pl\/delivery-and-returnsz\/","url":"https:\/\/www.yoschimoto.com\/polish-fashion-designer\/pl\/delivery-and-returnsz\/","name":"Dostawa oraz zwroty - YOSCHIMOTO | High Fashion Store","isPartOf":{"@id":"https:\/\/www.yoschimoto.com\/polish-fashion-designer\/pl\/#website"},"datePublished":"2023-12-29T08:27:18+00:00","dateModified":"2025-03-19T12:22:50+00:00","breadcrumb":{"@id":"https:\/\/www.yoschimoto.com\/polish-fashion-designer\/pl\/delivery-and-returnsz\/#breadcrumb"},"inLanguage":"pl-PL","potentialAction":[{"@type":"ReadAction","target":["https:\/\/www.yoschimoto.com\/polish-fashion-designer\/pl\/delivery-and-returnsz\/"]}]},{"@type":"BreadcrumbList","@id":"https:\/\/www.yoschimoto.com\/polish-fashion-designer\/pl\/delivery-and-returnsz\/#breadcrumb","itemListElement":[{"@type":"ListItem","position":1,"name":"Home","item":"https:\/\/www.yoschimoto.com\/polish-fashion-designer\/pl\/polska-projektantka-mody-od-kimona-po-wieceja\/"},{"@type":"ListItem","position":2,"name":"Delivery and returns"}]},{"@type":"WebSite","@id":"https:\/\/www.yoschimoto.com\/polish-fashion-designer\/pl\/#website","url":"https:\/\/www.yoschimoto.com\/polish-fashion-designer\/pl\/","name":"YOSCHIMOTO | High Fashion Store","description":"Polish Fashion Designer","publisher":{"@id":"https:\/\/www.yoschimoto.com\/polish-fashion-designer\/pl\/#organization"},"potentialAction":[{"@type":"SearchAction","target":{"@type":"EntryPoint","urlTemplate":"https:\/\/www.yoschimoto.com\/polish-fashion-designer\/pl\/?s={search_term_string}"},"query-input":{"@type":"PropertyValueSpecification","valueRequired":true,"valueName":"search_term_string"}}],"inLanguage":"pl-PL"},{"@type":"Organization","@id":"https:\/\/www.yoschimoto.com\/polish-fashion-designer\/pl\/#organization","name":"YOSCHIMOTO | High Fashion Store","url":"https:\/\/www.yoschimoto.com\/polish-fashion-designer\/pl\/","logo":{"@type":"ImageObject","inLanguage":"pl-PL","@id":"https:\/\/www.yoschimoto.com\/polish-fashion-designer\/pl\/#\/schema\/logo\/image\/","url":"https:\/\/www.yoschimoto.com\/polish-fashion-designer\/wp-content\/uploads\/2025\/03\/YOSCHIMOTO-high-fashion-clothing-store.svg","contentUrl":"https:\/\/www.yoschimoto.com\/polish-fashion-designer\/wp-content\/uploads\/2025\/03\/YOSCHIMOTO-high-fashion-clothing-store.svg","width":350,"height":100,"caption":"YOSCHIMOTO | High Fashion Store"},"image":{"@id":"https:\/\/www.yoschimoto.com\/polish-fashion-designer\/pl\/#\/schema\/logo\/image\/"}}]}},"_links":{"self":[{"href":"https:\/\/www.yoschimoto.com\/polish-fashion-designer\/pl\/wp-json\/wp\/v2\/pages\/992013","targetHints":{"allow":["GET"]}}],"collection":[{"href":"https:\/\/www.yoschimoto.com\/polish-fashion-designer\/pl\/wp-json\/wp\/v2\/pages"}],"about":[{"href":"https:\/\/www.yoschimoto.com\/polish-fashion-designer\/pl\/wp-json\/wp\/v2\/types\/page"}],"author":[{"embeddable":true,"href":"https:\/\/www.yoschimoto.com\/polish-fashion-designer\/pl\/wp-json\/wp\/v2\/users\/1"}],"replies":[{"embeddable":true,"href":"https:\/\/www.yoschimoto.com\/polish-fashion-designer\/pl\/wp-json\/wp\/v2\/comments?post=992013"}],"version-history":[{"count":24,"href":"https:\/\/www.yoschimoto.com\/polish-fashion-designer\/pl\/wp-json\/wp\/v2\/pages\/992013\/revisions"}],"predecessor-version":[{"id":992583,"href":"https:\/\/www.yoschimoto.com\/polish-fashion-designer\/pl\/wp-json\/wp\/v2\/pages\/992013\/revisions\/992583"}],"wp:attachment":[{"href":"https:\/\/www.yoschimoto.com\/polish-fashion-designer\/pl\/wp-json\/wp\/v2\/media?parent=992013"}],"curies":[{"name":"wp","href":"https:\/\/api.w.org\/{rel}","templated":true}]}}